{"id":875,"date":"2025-04-13T14:23:08","date_gmt":"2025-04-13T12:23:08","guid":{"rendered":"https:\/\/www.tornadopuff.de\/?post_type=product&#038;p=875"},"modified":"2025-06-22T16:01:04","modified_gmt":"2025-06-22T14:01:04","slug":"fumot-12000-blue-razz-lemonade","status":"publish","type":"product","link":"https:\/\/www.tornadopuff.de\/fr\/product\/fumot-12000-blue-razz-lemonade\/","title":{"rendered":"Blue Razz Lemonade Fumot 12000 Vape"},"content":{"rendered":"<h2 class=\"ace-line heading-h1\" dir=\"auto\" data-node=\"true\"><span data-leaf=\"true\"><span class=\"lb\">Blue Razz Lemonade <a href=\"https:\/\/www.tornadopuff.de\/fr\/product-category\/fumot-digital-box-12000\/\">Fumot 12000<\/a> Vape : Un couronnement de fruits rafra\u00eechissant pour tes sens<\/span><\/span><span data-string=\"true\" data-enter=\"true\" data-leaf=\"true\">\u200b<\/span><\/h2>\n<div class=\"ace-line\" dir=\"auto\" data-node=\"true\"><span data-leaf=\"true\"><span class=\"lb\">Tu cherches un go\u00fbt de vape qui combine le fruit\u00e9 intense des myrtilles et des framboises avec la fra\u00eecheur rafra\u00eechissante de la limonade ? La Blue Razz Lemonade Vape est le choix ultime. Dans les moteurs de recherche comme Google, les recherches sur \"Blue Razz Lemonade Vape\" ne cessent d'augmenter. Cela s'explique par sa capacit\u00e9 unique \u00e0 combiner des ar\u00f4mes naturels en une explosion spectaculaire du palais et \u00e0 cr\u00e9er une exp\u00e9rience de d\u00e9gustation incomparable. \u00c0 chaque bouff\u00e9e, il te transporte dans un monde de fruits juteux et de limonade p\u00e9tillante.<\/span><\/span><span data-string=\"true\" data-enter=\"true\" data-leaf=\"true\">\u200b<\/span><\/div>\n<h3 class=\"ace-line heading-h2\" dir=\"auto\" data-node=\"true\"><span data-leaf=\"true\"><span class=\"lb\">Le go\u00fbt : un feu d'artifice de douceur et d'acidit\u00e9<\/span><\/span><span data-string=\"true\" data-enter=\"true\" data-leaf=\"true\">\u200b<\/span><\/h3>\n<div class=\"ace-line\" dir=\"auto\" data-node=\"true\"><span data-leaf=\"true\"><span class=\"lb\">D\u00e8s que tu go\u00fbtes \u00e0 la Blue Razz Lemonade Vape, ton palais est submerg\u00e9 par une vague d'ar\u00f4mes intenses. Tu seras d'abord frapp\u00e9 par la douceur noire et pulpeuse des myrtilles, suivie par la note juteuse et \u00e2pre des framboises. Elles rappellent les chaudes journ\u00e9es d'\u00e9t\u00e9 o\u00f9 l'on cueille des baies fra\u00eeches directement sur le buisson. Vient ensuite l'acidit\u00e9 fra\u00eeche et d\u00e9licate de la limonade, qui rehausse le go\u00fbt d'une fra\u00eecheur rafra\u00eechissante. La combinaison des myrtilles, des framboises et de la limonade est comme un feu d'artifice parfait sur ton palais, o\u00f9 chaque saveur rehausse l'autre note. Les fines particules d'ar\u00f4mes de fruits conf\u00e8rent au m\u00e9lange une texture naturelle, tandis que le parfum te transporte dans un jardin rempli de buissons de baies en fleurs et dans une boutique de glacier o\u00f9 l'on sert de la limonade fra\u00eechement pr\u00e9par\u00e9e.<\/span><\/span><span data-string=\"true\" data-enter=\"true\" data-leaf=\"true\">\u200b<\/span><\/div>\n<h3 class=\"ace-line heading-h2\" dir=\"auto\" data-node=\"true\"><span data-leaf=\"true\"><span class=\"lb\">L'exp\u00e9rience de la respiration : douce, r\u00e9guli\u00e8re et de longue dur\u00e9e<\/span><\/span><span data-string=\"true\" data-enter=\"true\" data-leaf=\"true\">\u200b<\/span><\/h3>\n<div class=\"ace-line\" dir=\"auto\" data-node=\"true\"><span data-leaf=\"true\"><span class=\"lb\">Blue Razz Lemonade Vape ne s\u00e9duit pas seulement par son go\u00fbt, mais aussi par son excellente exp\u00e9rience respiratoire. Le d\u00e9gagement de vapeur est doux et d\u00e9licat, sans \u00eatre trop fum\u00e9 ou trop fort. \u00c0 chaque bouff\u00e9e, le parfum de myrtilles fra\u00eeches, de framboises et de limonade s'\u00e9chappe et reste longtemps en bouche apr\u00e8s l'expiration. Que tu tires de mani\u00e8re d\u00e9tendue ou que tu fasses des bouff\u00e9es plus rapides, la Blue Razz Lemonade Vape d\u00e9livre une note fruit\u00e9e et acide constante et intense qui interpelle tes sens d'une mani\u00e8re particuli\u00e8re. La perception continue des ar\u00f4mes te permet de savourer lentement le plaisir et de d\u00e9couvrir la diversit\u00e9 des ar\u00f4mes.<\/span><\/span><span data-string=\"true\" data-enter=\"true\" data-leaf=\"true\">\u200b<\/span><\/div>\n<h4 class=\"ace-line heading-h2\" dir=\"auto\" data-node=\"true\"><span data-leaf=\"true\"><span class=\"lb\">Un multitalent pour toutes les occasions<\/span><\/span><span data-string=\"true\" data-enter=\"true\" data-leaf=\"true\">\u200b<\/span><\/h4>\n<div class=\"ace-line\" dir=\"auto\" data-node=\"true\"><span data-leaf=\"true\"><span class=\"lb\">Blue Razz Lemonade Vape convient parfaitement \u00e0 diff\u00e9rentes situations de la vie :<\/span><\/span><span data-string=\"true\" data-enter=\"true\" data-leaf=\"true\">\u200b<\/span><\/div>\n<div class=\"ace-line list-div\" dir=\"auto\" data-node=\"true\">\n<ul class=\"list-bullet1 r-list r-list-bullet\">\n<li><span data-leaf=\"true\"><span class=\"lb\">Pour le plaisir du matin<\/span><\/span><span data-leaf=\"true\"><span class=\"lb\">Quelques bouff\u00e9es le matin r\u00e9veillent tes sens et t'apportent une vague d'\u00e9nergie fruit\u00e9e pour te pr\u00e9parer au mieux \u00e0 la journ\u00e9e.<\/span><\/span><span data-string=\"true\" data-enter=\"true\" data-leaf=\"true\">\u200b<\/span><\/li>\n<\/ul>\n<\/div>\n<div class=\"ace-line list-div\" dir=\"auto\" data-node=\"true\">\n<ul class=\"list-bullet1 r-list r-list-bullet\">\n<li><span data-leaf=\"true\"><span class=\"lb\">Apr\u00e8s l'entra\u00eenement<\/span><\/span><span data-leaf=\"true\"><span class=\"lb\">Avec sa note fruit\u00e9e rafra\u00eechissante, il t'aide \u00e0 r\u00e9cup\u00e9rer et te fortifie apr\u00e8s des activit\u00e9s fatigantes.<\/span><\/span><span data-string=\"true\" data-enter=\"true\" data-leaf=\"true\">\u200b<\/span><\/li>\n<\/ul>\n<\/div>\n<div class=\"ace-line list-div\" dir=\"auto\" data-node=\"true\">\n<ul class=\"list-bullet1 r-list r-list-bullet\">\n<li><span data-leaf=\"true\"><span class=\"lb\">Lors de f\u00eates et d'\u00e9v\u00e9nements<\/span><\/span><span data-leaf=\"true\"><span class=\"lb\">Le parfum all\u00e9chant fascine tous les regards et peut donner lieu \u00e0 des conversations passionnantes sur les go\u00fbts de la vape.<\/span><\/span><span data-string=\"true\" data-enter=\"true\" data-leaf=\"true\">\u200b<\/span><\/li>\n<\/ul>\n<\/div>\n<div class=\"ace-line list-div\" dir=\"auto\" data-node=\"true\">\n<ul class=\"list-bullet1 r-list r-list-bullet\">\n<li><span data-leaf=\"true\"><span class=\"lb\">En guise d'en-cas<\/span><\/span><span data-leaf=\"true\"><span class=\"lb\">: Dans les moments de stress, il dispense une petite vague de douceur fruit\u00e9e et d'acidit\u00e9 rafra\u00eechissante qui te booste et t'apaise.<\/span><\/span><\/li>\n<\/ul>\n<\/div>","protected":false},"excerpt":{"rendered":"<p>Blue Razz Lemonade Fumot 12000 Vape : une couronne de fruits rafra\u00eechissante pour tes sens Tu cherches un go\u00fbt de vape qui combine le fruit\u00e9 intense des myrtilles et des framboises avec la fra\u00eecheur rafra\u00eechissante de la limonade ? La Blue Razz Lemonade Vape est le choix ultime. Dans les moteurs de recherche comme Google, les recherches sur \"Blue Razz Lemonade Vape\" ne cessent d'augmenter. Ceci [...]","protected":false},"featured_media":880,"comment_status":"open","ping_status":"closed","template":"","meta":[],"product_brand":[],"product_cat":[77],"product_tag":[84],"class_list":{"0":"post-875","1":"product","2":"type-product","3":"status-publish","4":"has-post-thumbnail","6":"product_cat-fumot-digital-box-12000","7":"product_tag-puff-12k","9":"first","10":"instock","11":"shipping-taxable","12":"purchasable","13":"product-type-variable"},"yoast_head":"<!-- This site is optimized with the Yoast SEO Premium plugin v24.4 (Yoast SEO v24.8.1) - https:\/\/yoast.com\/wordpress\/plugins\/seo\/ -->\n<title>Blue Razz Lemonade Fumot 12000 Vape - Tornado Puff<\/title>\n<meta name=\"description\" content=\"Entdecke Blue Razz Lemonade Fumot 12000 Vape Einweg Vape im Tornado Puff und genie\u00dfe hochwertiges Vape-Erlebnis, eine Auswahl an Nikotin und eine Vielzahl von Geschmacksrichtungen, um deine Vape-Anpassungsreise zu beginnen.\" \/>\n<meta name=\"robots\" content=\"index, follow, max-snippet:-1, max-image-preview:large, max-video-preview:-1\" \/>\n<link rel=\"canonical\" href=\"https:\/\/www.tornadopuff.de\/fr\/product\/fumot-12000-blue-razz-lemonade\/\" \/>\n<meta property=\"og:locale\" content=\"fr_FR\" \/>\n<meta property=\"og:type\" content=\"article\" \/>\n<meta property=\"og:title\" content=\"Blue Razz Lemonade Fumot 12000 Vape\" \/>\n<meta property=\"og:description\" content=\"Entdecke Blue Razz Lemonade Fumot 12000 Vape Einweg Vape im Tornado Puff und genie\u00dfe hochwertiges Vape-Erlebnis, eine Auswahl an Nikotin und eine Vielzahl von Geschmacksrichtungen, um deine Vape-Anpassungsreise zu beginnen.\" \/>\n<meta property=\"og:url\" content=\"https:\/\/www.tornadopuff.de\/fr\/product\/fumot-12000-blue-razz-lemonade\/\" \/>\n<meta property=\"og:site_name\" content=\"Tornado Puff\" \/>\n<meta property=\"article:modified_time\" content=\"2025-06-22T14:01:04+00:00\" \/>\n<meta property=\"og:image\" content=\"https:\/\/www.tornadopuff.de\/wp-content\/uploads\/2025\/04\/Fumot-Digital-Box-12000-Blue-Razz-Lemonade-scaled.jpg\" \/>\n\t<meta property=\"og:image:width\" content=\"2560\" \/>\n\t<meta property=\"og:image:height\" content=\"2560\" \/>\n\t<meta property=\"og:image:type\" content=\"image\/jpeg\" \/>\n<meta name=\"twitter:card\" content=\"summary_large_image\" \/>\n<meta name=\"twitter:label1\" content=\"Disponibilit\u00e9\" \/>\n\t<meta name=\"twitter:data1\" content=\"En stock\" \/>\n<script type=\"application\/ld+json\" class=\"yoast-schema-graph\">{\"@context\":\"https:\/\/schema.org\",\"@graph\":[{\"@type\":\"WebPage\",\"@id\":\"https:\/\/www.tornadopuff.de\/product\/fumot-12000-blue-razz-lemonade\/\",\"url\":\"https:\/\/www.tornadopuff.de\/product\/fumot-12000-blue-razz-lemonade\/\",\"name\":\"Blue Razz Lemonade Fumot 12000 Vape - Tornado Puff\",\"isPartOf\":{\"@id\":\"https:\/\/www.tornadopuff.de\/#website\"},\"primaryImageOfPage\":{\"@id\":\"https:\/\/www.tornadopuff.de\/product\/fumot-12000-blue-razz-lemonade\/#primaryimage\"},\"image\":{\"@id\":\"https:\/\/www.tornadopuff.de\/product\/fumot-12000-blue-razz-lemonade\/#primaryimage\"},\"thumbnailUrl\":\"https:\/\/www.tornadopuff.de\/wp-content\/uploads\/2025\/04\/Fumot-Digital-Box-12000-Blue-Razz-Lemonade-scaled.jpg\",\"datePublished\":\"2025-04-13T12:23:08+00:00\",\"dateModified\":\"2025-06-22T14:01:04+00:00\",\"description\":\"Entdecke Blue Razz Lemonade Fumot 12000 Vape Einweg Vape im Tornado Puff und genie\u00dfe hochwertiges Vape-Erlebnis, eine Auswahl an Nikotin und eine Vielzahl von Geschmacksrichtungen, um deine Vape-Anpassungsreise zu beginnen.\",\"breadcrumb\":{\"@id\":\"https:\/\/www.tornadopuff.de\/product\/fumot-12000-blue-razz-lemonade\/#breadcrumb\"},\"inLanguage\":\"fr-FR\",\"potentialAction\":[{\"@type\":\"ReadAction\",\"target\":[\"https:\/\/www.tornadopuff.de\/product\/fumot-12000-blue-razz-lemonade\/\"]}]},{\"@type\":\"ImageObject\",\"inLanguage\":\"fr-FR\",\"@id\":\"https:\/\/www.tornadopuff.de\/product\/fumot-12000-blue-razz-lemonade\/#primaryimage\",\"url\":\"https:\/\/www.tornadopuff.de\/wp-content\/uploads\/2025\/04\/Fumot-Digital-Box-12000-Blue-Razz-Lemonade-scaled.jpg\",\"contentUrl\":\"https:\/\/www.tornadopuff.de\/wp-content\/uploads\/2025\/04\/Fumot-Digital-Box-12000-Blue-Razz-Lemonade-scaled.jpg\",\"width\":2560,\"height\":2560,\"caption\":\"Fumot Digital Box 12000 Blue Razz Lemonade\"},{\"@type\":\"BreadcrumbList\",\"@id\":\"https:\/\/www.tornadopuff.de\/product\/fumot-12000-blue-razz-lemonade\/#breadcrumb\",\"itemListElement\":[{\"@type\":\"ListItem\",\"position\":1,\"name\":\"\u9996\u9875\",\"item\":\"https:\/\/www.tornadopuff.de\/\"},{\"@type\":\"ListItem\",\"position\":2,\"name\":\"Shop\",\"item\":\"https:\/\/www.tornadopuff.de\/shop\/\"},{\"@type\":\"ListItem\",\"position\":3,\"name\":\"Blue Razz Lemonade Fumot 12000 Vape\"}]},{\"@type\":\"WebSite\",\"@id\":\"https:\/\/www.tornadopuff.de\/#website\",\"url\":\"https:\/\/www.tornadopuff.de\/\",\"name\":\"Tornado Puff\",\"description\":\"Tornado Puff\",\"potentialAction\":[{\"@type\":\"SearchAction\",\"target\":{\"@type\":\"EntryPoint\",\"urlTemplate\":\"https:\/\/www.tornadopuff.de\/?s={search_term_string}\"},\"query-input\":{\"@type\":\"PropertyValueSpecification\",\"valueRequired\":true,\"valueName\":\"search_term_string\"}}],\"inLanguage\":\"fr-FR\"}]}<\/script>\n<meta property=\"og:availability\" content=\"instock\" \/>\n<meta property=\"product:availability\" content=\"instock\" \/>\n<meta property=\"product:retailer_item_id\" content=\"Fumot 12000 Blue Razz Lemonade\" \/>\n<meta property=\"product:condition\" content=\"new\" \/>\n<!-- \/ Yoast SEO Premium plugin. -->","yoast_head_json":{"title":"Blue Razz Lemonade Fumot 12000 Vape - Tornado Puff","description":"Entdecke Blue Razz Lemonade Fumot 12000 Vape Einweg Vape im Tornado Puff und genie\u00dfe hochwertiges Vape-Erlebnis, eine Auswahl an Nikotin und eine Vielzahl von Geschmacksrichtungen, um deine Vape-Anpassungsreise zu beginnen.","robots":{"index":"index","follow":"follow","max-snippet":"max-snippet:-1","max-image-preview":"max-image-preview:large","max-video-preview":"max-video-preview:-1"},"canonical":"https:\/\/www.tornadopuff.de\/fr\/product\/fumot-12000-blue-razz-lemonade\/","og_locale":"fr_FR","og_type":"article","og_title":"Blue Razz Lemonade Fumot 12000 Vape","og_description":"Entdecke Blue Razz Lemonade Fumot 12000 Vape Einweg Vape im Tornado Puff und genie\u00dfe hochwertiges Vape-Erlebnis, eine Auswahl an Nikotin und eine Vielzahl von Geschmacksrichtungen, um deine Vape-Anpassungsreise zu beginnen.","og_url":"https:\/\/www.tornadopuff.de\/fr\/product\/fumot-12000-blue-razz-lemonade\/","og_site_name":"Tornado Puff","article_modified_time":"2025-06-22T14:01:04+00:00","og_image":[{"width":2560,"height":2560,"url":"https:\/\/www.tornadopuff.de\/wp-content\/uploads\/2025\/04\/Fumot-Digital-Box-12000-Blue-Razz-Lemonade-scaled.jpg","type":"image\/jpeg"}],"twitter_card":"summary_large_image","twitter_misc":{"Disponibilit\u00e9":"En stock"},"schema":{"@context":"https:\/\/schema.org","@graph":[{"@type":"WebPage","@id":"https:\/\/www.tornadopuff.de\/product\/fumot-12000-blue-razz-lemonade\/","url":"https:\/\/www.tornadopuff.de\/product\/fumot-12000-blue-razz-lemonade\/","name":"Blue Razz Lemonade Fumot 12000 Vape - Tornado Puff","isPartOf":{"@id":"https:\/\/www.tornadopuff.de\/#website"},"primaryImageOfPage":{"@id":"https:\/\/www.tornadopuff.de\/product\/fumot-12000-blue-razz-lemonade\/#primaryimage"},"image":{"@id":"https:\/\/www.tornadopuff.de\/product\/fumot-12000-blue-razz-lemonade\/#primaryimage"},"thumbnailUrl":"https:\/\/www.tornadopuff.de\/wp-content\/uploads\/2025\/04\/Fumot-Digital-Box-12000-Blue-Razz-Lemonade-scaled.jpg","datePublished":"2025-04-13T12:23:08+00:00","dateModified":"2025-06-22T14:01:04+00:00","description":"Entdecke Blue Razz Lemonade Fumot 12000 Vape Einweg Vape im Tornado Puff und genie\u00dfe hochwertiges Vape-Erlebnis, eine Auswahl an Nikotin und eine Vielzahl von Geschmacksrichtungen, um deine Vape-Anpassungsreise zu beginnen.","breadcrumb":{"@id":"https:\/\/www.tornadopuff.de\/product\/fumot-12000-blue-razz-lemonade\/#breadcrumb"},"inLanguage":"fr-FR","potentialAction":[{"@type":"ReadAction","target":["https:\/\/www.tornadopuff.de\/product\/fumot-12000-blue-razz-lemonade\/"]}]},{"@type":"ImageObject","inLanguage":"fr-FR","@id":"https:\/\/www.tornadopuff.de\/product\/fumot-12000-blue-razz-lemonade\/#primaryimage","url":"https:\/\/www.tornadopuff.de\/wp-content\/uploads\/2025\/04\/Fumot-Digital-Box-12000-Blue-Razz-Lemonade-scaled.jpg","contentUrl":"https:\/\/www.tornadopuff.de\/wp-content\/uploads\/2025\/04\/Fumot-Digital-Box-12000-Blue-Razz-Lemonade-scaled.jpg","width":2560,"height":2560,"caption":"Fumot Digital Box 12000 Blue Razz Lemonade"},{"@type":"BreadcrumbList","@id":"https:\/\/www.tornadopuff.de\/product\/fumot-12000-blue-razz-lemonade\/#breadcrumb","itemListElement":[{"@type":"ListItem","position":1,"name":"\u9996\u9875","item":"https:\/\/www.tornadopuff.de\/"},{"@type":"ListItem","position":2,"name":"Shop","item":"https:\/\/www.tornadopuff.de\/shop\/"},{"@type":"ListItem","position":3,"name":"Blue Razz Lemonade Fumot 12000 Vape"}]},{"@type":"WebSite","@id":"https:\/\/www.tornadopuff.de\/#website","url":"https:\/\/www.tornadopuff.de\/","name":"Tornado Puff","description":"Tornado Puff","potentialAction":[{"@type":"SearchAction","target":{"@type":"EntryPoint","urlTemplate":"https:\/\/www.tornadopuff.de\/?s={search_term_string}"},"query-input":{"@type":"PropertyValueSpecification","valueRequired":true,"valueName":"search_term_string"}}],"inLanguage":"fr-FR"}]},"og_availability":"instock","product_availability":"instock","product_retailer_item_id":"Fumot 12000 Blue Razz Lemonade","product_condition":"new"},"_links":{"self":[{"href":"https:\/\/www.tornadopuff.de\/fr\/wp-json\/wp\/v2\/product\/875","targetHints":{"allow":["GET"]}}],"collection":[{"href":"https:\/\/www.tornadopuff.de\/fr\/wp-json\/wp\/v2\/product"}],"about":[{"href":"https:\/\/www.tornadopuff.de\/fr\/wp-json\/wp\/v2\/types\/product"}],"replies":[{"embeddable":true,"href":"https:\/\/www.tornadopuff.de\/fr\/wp-json\/wp\/v2\/comments?post=875"}],"wp:featuredmedia":[{"embeddable":true,"href":"https:\/\/www.tornadopuff.de\/fr\/wp-json\/wp\/v2\/media\/880"}],"wp:attachment":[{"href":"https:\/\/www.tornadopuff.de\/fr\/wp-json\/wp\/v2\/media?parent=875"}],"wp:term":[{"taxonomy":"product_brand","embeddable":true,"href":"https:\/\/www.tornadopuff.de\/fr\/wp-json\/wp\/v2\/product_brand?post=875"},{"taxonomy":"product_cat","embeddable":true,"href":"https:\/\/www.tornadopuff.de\/fr\/wp-json\/wp\/v2\/product_cat?post=875"},{"taxonomy":"product_tag","embeddable":true,"href":"https:\/\/www.tornadopuff.de\/fr\/wp-json\/wp\/v2\/product_tag?post=875"}],"curies":[{"name":"wp","href":"https:\/\/api.w.org\/{rel}","templated":true}]}}