{"id":847,"date":"2025-04-13T11:16:21","date_gmt":"2025-04-13T09:16:21","guid":{"rendered":"https:\/\/www.tornadopuff.de\/?post_type=product&#038;p=847"},"modified":"2025-06-22T16:01:07","modified_gmt":"2025-06-22T14:01:07","slug":"fumot-12000-peach-ice","status":"publish","type":"product","link":"https:\/\/www.tornadopuff.de\/fr\/product\/fumot-12000-peach-ice\/","title":{"rendered":"Peach Ice Fumot Digital Box 12000 Puffs Vape"},"content":{"rendered":"<h2 class=\"ace-line heading-h1\" dir=\"auto\" data-node=\"true\"><span data-leaf=\"true\"><span class=\"lb\">Glace \u00e0 la p\u00eache <a href=\"https:\/\/www.tornadopuff.de\/fr\/product-category\/fumot-digital-box-12000\/\">Fumot Digital Box 12000<\/a> Puffs Vape : ton compagnon culinaire de l'\u00e9t\u00e9<\/span><\/span><span data-string=\"true\" data-enter=\"true\" data-leaf=\"true\">\u200b<\/span><\/h2>\n<div class=\"ace-line\" dir=\"auto\" data-node=\"true\"><span data-leaf=\"true\"><span class=\"lb\">Si, par une chaude journ\u00e9e d'\u00e9t\u00e9, tu meurs d'envie de profiter d'un rafra\u00eechissement sans perdre le go\u00fbt des fruits, Peach Ice est la solution que tu cherches. Cette boisson allie l'ar\u00f4me sucr\u00e9 des p\u00eaches m\u00fbres \u00e0 un froid rafra\u00eechissant et t'offre une exp\u00e9rience gustative incomparable.<\/span><\/span><span data-string=\"true\" data-enter=\"true\" data-leaf=\"true\">\u200b<\/span><\/div>\n<h4 class=\"ace-line heading-h2\" dir=\"auto\" data-node=\"true\"><span data-leaf=\"true\"><span class=\"lb\">Une bouch\u00e9e de p\u00eache d'\u00e9t\u00e9<\/span><\/span><span data-string=\"true\" data-enter=\"true\" data-leaf=\"true\">\u200b<\/span><\/h4>\n<div class=\"ace-line\" dir=\"auto\" data-node=\"true\"><span data-leaf=\"true\"><span class=\"lb\">D\u00e8s que tu ouvres Peach Ice et que tu en bois la premi\u00e8re gorg\u00e9e, le parfum intense des p\u00eaches se d\u00e9ploie dans ta bouche. Le go\u00fbt sucr\u00e9 est comme une morsure dans une p\u00eache m\u00fbre br\u00fbl\u00e9e par le soleil. Le fruit est doux et juteux, la douceur n'est pas exag\u00e9r\u00e9e. Ce parfum n'est pas l'odeur piquante des ar\u00f4mes artificiels, mais il reproduit le parfum naturel et frais des p\u00eaches qui m\u00fbrissent dans les vergers allemands. \u00c0 chaque gorg\u00e9e, tu sens la fine texture des p\u00eaches, comme si tu m\u00e2chais de la chair fra\u00eeche.<\/span><\/span><span data-string=\"true\" data-enter=\"true\" data-leaf=\"true\">\u200b<\/span><\/div>\n<h4 class=\"ace-line heading-h2\" dir=\"auto\" data-node=\"true\"><span data-leaf=\"true\"><span class=\"lb\">L'\u00e9quilibre parfait entre le froid et la douceur<\/span><\/span><span data-string=\"true\" data-enter=\"true\" data-leaf=\"true\">\u200b<\/span><\/h4>\n<div class=\"ace-line\" dir=\"auto\" data-node=\"true\"><span data-leaf=\"true\"><span class=\"lb\">Ensuite, la fra\u00eecheur rafra\u00eechissante t'envahit. Contrairement \u00e0 une simple eau glac\u00e9e, la Peach Ice a une froideur li\u00e9e \u00e0 la douceur des p\u00eaches. Par temps chaud, elle donne l'impression d'un vent rafra\u00eechissant qui chasse la chaleur. Les petits cristaux de glace se brisent d\u00e9licatement dans ta bouche, te donnant une sensation de fra\u00eecheur sans pour autant masquer la note intense de la p\u00eache. Au lieu de cela, ils enrichissent le go\u00fbt et le rendent encore plus vari\u00e9.<\/span><\/span><span data-string=\"true\" data-enter=\"true\" data-leaf=\"true\">\u200b<\/span><\/div>\n<h4 class=\"ace-line heading-h2\" dir=\"auto\" data-node=\"true\"><span data-leaf=\"true\"><span class=\"lb\">Un produit polyvalent au quotidien<\/span><\/span><span data-string=\"true\" data-enter=\"true\" data-leaf=\"true\">\u200b<\/span><\/h4>\n<div class=\"ace-line\" dir=\"auto\" data-node=\"true\"><span data-leaf=\"true\"><span class=\"lb\">Que tu fasses une pause dans le rythme effr\u00e9n\u00e9 du travail et que tu aies besoin d'une boisson pour retrouver la forme, ou que tu bavardes avec des amis lors d'un week-end d\u00e9tendu, ou encore que tu aies besoin de recharger tes batteries en eau et en \u00e9nergie apr\u00e8s une rencontre sportive, Peach Ice r\u00e9pond \u00e0 tous tes besoins. Ce n'est pas seulement une boisson, c'est aussi un petit moment de bonheur qui rend la vie plus belle. Pour les passionn\u00e9s des m\u00e9dias sociaux, sa d\u00e9licate couleur rose attire \u00e9galement l'attention sur Instagram.<\/span><\/span><\/div>","protected":false},"excerpt":{"rendered":"<p>Peach Ice Fumot Digital Box 12000 Puffs Vape : Ton compagnon culinaire de l'\u00e9t\u00e9 Si, par une chaude journ\u00e9e d'\u00e9t\u00e9, tu meurs d'envie de profiter d'un rafra\u00eechissement sans perdre le go\u00fbt des fruits, Peach Ice est la solution que tu cherches. Cette boisson allie l'ar\u00f4me sucr\u00e9 des p\u00eaches m\u00fbres \u00e0 un froid rafra\u00eechissant et offre [...].","protected":false},"featured_media":852,"comment_status":"open","ping_status":"closed","template":"","meta":[],"product_brand":[],"product_cat":[77],"product_tag":[84],"class_list":{"0":"post-847","1":"product","2":"type-product","3":"status-publish","4":"has-post-thumbnail","6":"product_cat-fumot-digital-box-12000","7":"product_tag-puff-12k","9":"first","10":"instock","11":"shipping-taxable","12":"purchasable","13":"product-type-variable"},"yoast_head":"<!-- This site is optimized with the Yoast SEO Premium plugin v24.4 (Yoast SEO v24.8.1) - https:\/\/yoast.com\/wordpress\/plugins\/seo\/ -->\n<title>Peach Ice Fumot Digital Box 12000 Puffs Vape - Tornado Puff<\/title>\n<meta name=\"description\" content=\"Entdecke Peach Ice Fumot Digital Box 12000 Puffs Vape Einweg Vape im Tornado Puff und genie\u00dfe hochwertiges Vape-Erlebnis, eine Auswahl an Nikotin und eine Vielzahl von Geschmacksrichtungen, um deine Vape-Anpassungsreise zu beginnen.\" \/>\n<meta name=\"robots\" content=\"index, follow, max-snippet:-1, max-image-preview:large, max-video-preview:-1\" \/>\n<link rel=\"canonical\" href=\"https:\/\/www.tornadopuff.de\/fr\/product\/fumot-12000-peach-ice\/\" \/>\n<meta property=\"og:locale\" content=\"fr_FR\" \/>\n<meta property=\"og:type\" content=\"article\" \/>\n<meta property=\"og:title\" content=\"Peach Ice Fumot Digital Box 12000 Puffs Vape\" \/>\n<meta property=\"og:description\" content=\"Entdecke Peach Ice Fumot Digital Box 12000 Puffs Vape Einweg Vape im Tornado Puff und genie\u00dfe hochwertiges Vape-Erlebnis, eine Auswahl an Nikotin und eine Vielzahl von Geschmacksrichtungen, um deine Vape-Anpassungsreise zu beginnen.\" \/>\n<meta property=\"og:url\" content=\"https:\/\/www.tornadopuff.de\/fr\/product\/fumot-12000-peach-ice\/\" \/>\n<meta property=\"og:site_name\" content=\"Tornado Puff\" \/>\n<meta property=\"article:modified_time\" content=\"2025-06-22T14:01:07+00:00\" \/>\n<meta property=\"og:image\" content=\"https:\/\/www.tornadopuff.de\/wp-content\/uploads\/2025\/04\/Fumot-Digital-Box-12000-Peach-ice-scaled.jpg\" \/>\n\t<meta property=\"og:image:width\" content=\"2560\" \/>\n\t<meta property=\"og:image:height\" content=\"2560\" \/>\n\t<meta property=\"og:image:type\" content=\"image\/jpeg\" \/>\n<meta name=\"twitter:card\" content=\"summary_large_image\" \/>\n<meta name=\"twitter:label1\" content=\"Disponibilit\u00e9\" \/>\n\t<meta name=\"twitter:data1\" content=\"En stock\" \/>\n<script type=\"application\/ld+json\" class=\"yoast-schema-graph\">{\"@context\":\"https:\/\/schema.org\",\"@graph\":[{\"@type\":\"WebPage\",\"@id\":\"https:\/\/www.tornadopuff.de\/product\/fumot-12000-peach-ice\/\",\"url\":\"https:\/\/www.tornadopuff.de\/product\/fumot-12000-peach-ice\/\",\"name\":\"Peach Ice Fumot Digital Box 12000 Puffs Vape - Tornado Puff\",\"isPartOf\":{\"@id\":\"https:\/\/www.tornadopuff.de\/#website\"},\"primaryImageOfPage\":{\"@id\":\"https:\/\/www.tornadopuff.de\/product\/fumot-12000-peach-ice\/#primaryimage\"},\"image\":{\"@id\":\"https:\/\/www.tornadopuff.de\/product\/fumot-12000-peach-ice\/#primaryimage\"},\"thumbnailUrl\":\"https:\/\/www.tornadopuff.de\/wp-content\/uploads\/2025\/04\/Fumot-Digital-Box-12000-Peach-ice-scaled.jpg\",\"datePublished\":\"2025-04-13T09:16:21+00:00\",\"dateModified\":\"2025-06-22T14:01:07+00:00\",\"description\":\"Entdecke Peach Ice Fumot Digital Box 12000 Puffs Vape Einweg Vape im Tornado Puff und genie\u00dfe hochwertiges Vape-Erlebnis, eine Auswahl an Nikotin und eine Vielzahl von Geschmacksrichtungen, um deine Vape-Anpassungsreise zu beginnen.\",\"breadcrumb\":{\"@id\":\"https:\/\/www.tornadopuff.de\/product\/fumot-12000-peach-ice\/#breadcrumb\"},\"inLanguage\":\"fr-FR\",\"potentialAction\":[{\"@type\":\"ReadAction\",\"target\":[\"https:\/\/www.tornadopuff.de\/product\/fumot-12000-peach-ice\/\"]}]},{\"@type\":\"ImageObject\",\"inLanguage\":\"fr-FR\",\"@id\":\"https:\/\/www.tornadopuff.de\/product\/fumot-12000-peach-ice\/#primaryimage\",\"url\":\"https:\/\/www.tornadopuff.de\/wp-content\/uploads\/2025\/04\/Fumot-Digital-Box-12000-Peach-ice-scaled.jpg\",\"contentUrl\":\"https:\/\/www.tornadopuff.de\/wp-content\/uploads\/2025\/04\/Fumot-Digital-Box-12000-Peach-ice-scaled.jpg\",\"width\":2560,\"height\":2560,\"caption\":\"Fumot Digital Box 12000 Peach Ice\"},{\"@type\":\"BreadcrumbList\",\"@id\":\"https:\/\/www.tornadopuff.de\/product\/fumot-12000-peach-ice\/#breadcrumb\",\"itemListElement\":[{\"@type\":\"ListItem\",\"position\":1,\"name\":\"\u9996\u9875\",\"item\":\"https:\/\/www.tornadopuff.de\/\"},{\"@type\":\"ListItem\",\"position\":2,\"name\":\"Shop\",\"item\":\"https:\/\/www.tornadopuff.de\/shop\/\"},{\"@type\":\"ListItem\",\"position\":3,\"name\":\"Peach Ice Fumot Digital Box 12000 Puffs Vape\"}]},{\"@type\":\"WebSite\",\"@id\":\"https:\/\/www.tornadopuff.de\/#website\",\"url\":\"https:\/\/www.tornadopuff.de\/\",\"name\":\"Tornado Puff\",\"description\":\"Tornado Puff\",\"potentialAction\":[{\"@type\":\"SearchAction\",\"target\":{\"@type\":\"EntryPoint\",\"urlTemplate\":\"https:\/\/www.tornadopuff.de\/?s={search_term_string}\"},\"query-input\":{\"@type\":\"PropertyValueSpecification\",\"valueRequired\":true,\"valueName\":\"search_term_string\"}}],\"inLanguage\":\"fr-FR\"}]}<\/script>\n<meta property=\"og:availability\" content=\"instock\" \/>\n<meta property=\"product:availability\" content=\"instock\" \/>\n<meta property=\"product:retailer_item_id\" content=\"Fumot 12000 Peach Ice\" \/>\n<meta property=\"product:condition\" content=\"new\" \/>\n<!-- \/ Yoast SEO Premium plugin. -->","yoast_head_json":{"title":"Peach Ice Fumot Digital Box 12000 Puffs Vape - Tornado Puff","description":"Entdecke Peach Ice Fumot Digital Box 12000 Puffs Vape Einweg Vape im Tornado Puff und genie\u00dfe hochwertiges Vape-Erlebnis, eine Auswahl an Nikotin und eine Vielzahl von Geschmacksrichtungen, um deine Vape-Anpassungsreise zu beginnen.","robots":{"index":"index","follow":"follow","max-snippet":"max-snippet:-1","max-image-preview":"max-image-preview:large","max-video-preview":"max-video-preview:-1"},"canonical":"https:\/\/www.tornadopuff.de\/fr\/product\/fumot-12000-peach-ice\/","og_locale":"fr_FR","og_type":"article","og_title":"Peach Ice Fumot Digital Box 12000 Puffs Vape","og_description":"Entdecke Peach Ice Fumot Digital Box 12000 Puffs Vape Einweg Vape im Tornado Puff und genie\u00dfe hochwertiges Vape-Erlebnis, eine Auswahl an Nikotin und eine Vielzahl von Geschmacksrichtungen, um deine Vape-Anpassungsreise zu beginnen.","og_url":"https:\/\/www.tornadopuff.de\/fr\/product\/fumot-12000-peach-ice\/","og_site_name":"Tornado Puff","article_modified_time":"2025-06-22T14:01:07+00:00","og_image":[{"width":2560,"height":2560,"url":"https:\/\/www.tornadopuff.de\/wp-content\/uploads\/2025\/04\/Fumot-Digital-Box-12000-Peach-ice-scaled.jpg","type":"image\/jpeg"}],"twitter_card":"summary_large_image","twitter_misc":{"Disponibilit\u00e9":"En stock"},"schema":{"@context":"https:\/\/schema.org","@graph":[{"@type":"WebPage","@id":"https:\/\/www.tornadopuff.de\/product\/fumot-12000-peach-ice\/","url":"https:\/\/www.tornadopuff.de\/product\/fumot-12000-peach-ice\/","name":"Peach Ice Fumot Digital Box 12000 Puffs Vape - Tornado Puff","isPartOf":{"@id":"https:\/\/www.tornadopuff.de\/#website"},"primaryImageOfPage":{"@id":"https:\/\/www.tornadopuff.de\/product\/fumot-12000-peach-ice\/#primaryimage"},"image":{"@id":"https:\/\/www.tornadopuff.de\/product\/fumot-12000-peach-ice\/#primaryimage"},"thumbnailUrl":"https:\/\/www.tornadopuff.de\/wp-content\/uploads\/2025\/04\/Fumot-Digital-Box-12000-Peach-ice-scaled.jpg","datePublished":"2025-04-13T09:16:21+00:00","dateModified":"2025-06-22T14:01:07+00:00","description":"Entdecke Peach Ice Fumot Digital Box 12000 Puffs Vape Einweg Vape im Tornado Puff und genie\u00dfe hochwertiges Vape-Erlebnis, eine Auswahl an Nikotin und eine Vielzahl von Geschmacksrichtungen, um deine Vape-Anpassungsreise zu beginnen.","breadcrumb":{"@id":"https:\/\/www.tornadopuff.de\/product\/fumot-12000-peach-ice\/#breadcrumb"},"inLanguage":"fr-FR","potentialAction":[{"@type":"ReadAction","target":["https:\/\/www.tornadopuff.de\/product\/fumot-12000-peach-ice\/"]}]},{"@type":"ImageObject","inLanguage":"fr-FR","@id":"https:\/\/www.tornadopuff.de\/product\/fumot-12000-peach-ice\/#primaryimage","url":"https:\/\/www.tornadopuff.de\/wp-content\/uploads\/2025\/04\/Fumot-Digital-Box-12000-Peach-ice-scaled.jpg","contentUrl":"https:\/\/www.tornadopuff.de\/wp-content\/uploads\/2025\/04\/Fumot-Digital-Box-12000-Peach-ice-scaled.jpg","width":2560,"height":2560,"caption":"Fumot Digital Box 12000 Peach Ice"},{"@type":"BreadcrumbList","@id":"https:\/\/www.tornadopuff.de\/product\/fumot-12000-peach-ice\/#breadcrumb","itemListElement":[{"@type":"ListItem","position":1,"name":"\u9996\u9875","item":"https:\/\/www.tornadopuff.de\/"},{"@type":"ListItem","position":2,"name":"Shop","item":"https:\/\/www.tornadopuff.de\/shop\/"},{"@type":"ListItem","position":3,"name":"Peach Ice Fumot Digital Box 12000 Puffs Vape"}]},{"@type":"WebSite","@id":"https:\/\/www.tornadopuff.de\/#website","url":"https:\/\/www.tornadopuff.de\/","name":"Tornado Puff","description":"Tornado Puff","potentialAction":[{"@type":"SearchAction","target":{"@type":"EntryPoint","urlTemplate":"https:\/\/www.tornadopuff.de\/?s={search_term_string}"},"query-input":{"@type":"PropertyValueSpecification","valueRequired":true,"valueName":"search_term_string"}}],"inLanguage":"fr-FR"}]},"og_availability":"instock","product_availability":"instock","product_retailer_item_id":"Fumot 12000 Peach Ice","product_condition":"new"},"_links":{"self":[{"href":"https:\/\/www.tornadopuff.de\/fr\/wp-json\/wp\/v2\/product\/847","targetHints":{"allow":["GET"]}}],"collection":[{"href":"https:\/\/www.tornadopuff.de\/fr\/wp-json\/wp\/v2\/product"}],"about":[{"href":"https:\/\/www.tornadopuff.de\/fr\/wp-json\/wp\/v2\/types\/product"}],"replies":[{"embeddable":true,"href":"https:\/\/www.tornadopuff.de\/fr\/wp-json\/wp\/v2\/comments?post=847"}],"wp:featuredmedia":[{"embeddable":true,"href":"https:\/\/www.tornadopuff.de\/fr\/wp-json\/wp\/v2\/media\/852"}],"wp:attachment":[{"href":"https:\/\/www.tornadopuff.de\/fr\/wp-json\/wp\/v2\/media?parent=847"}],"wp:term":[{"taxonomy":"product_brand","embeddable":true,"href":"https:\/\/www.tornadopuff.de\/fr\/wp-json\/wp\/v2\/product_brand?post=847"},{"taxonomy":"product_cat","embeddable":true,"href":"https:\/\/www.tornadopuff.de\/fr\/wp-json\/wp\/v2\/product_cat?post=847"},{"taxonomy":"product_tag","embeddable":true,"href":"https:\/\/www.tornadopuff.de\/fr\/wp-json\/wp\/v2\/product_tag?post=847"}],"curies":[{"name":"wp","href":"https:\/\/api.w.org\/{rel}","templated":true}]}}