{"id":791,"date":"2025-04-13T11:00:44","date_gmt":"2025-04-13T09:00:44","guid":{"rendered":"https:\/\/www.tornadopuff.de\/?post_type=product&#038;p=791"},"modified":"2025-06-22T16:01:13","modified_gmt":"2025-06-22T14:01:13","slug":"fumot-12000-strawberry-donut","status":"publish","type":"product","link":"https:\/\/www.tornadopuff.de\/fr\/product\/fumot-12000-strawberry-donut\/","title":{"rendered":"Strawberry Donut Fumot Vape 12000"},"content":{"rendered":"<h2 class=\"ace-line heading-h1\" dir=\"auto\" data-node=\"true\"><span data-leaf=\"true\"><span class=\"lb\">Donut \u00e0 la fraise <a href=\"https:\/\/www.tornadopuff.de\/fr\/product-category\/fumot-digital-box-12000\/\">Fumot Vape 12000<\/a>Un plaisir divin pour les desserts.<\/span><\/span><span data-string=\"true\" data-enter=\"true\" data-leaf=\"true\">\u200b<\/span><\/h2>\n<div class=\"ace-line\" dir=\"auto\" data-node=\"true\"><span data-leaf=\"true\"><span class=\"lb\">Si tu es \u00e0 la recherche d'un dessert qui allie la douceur fruit\u00e9e des fraises \u00e0 la d\u00e9licieuse gourmandise d'un donut, le Strawberry Donut est ton plaisir id\u00e9al. Ce d\u00e9licieux snack allie la d\u00e9licatesse d'un donut a\u00e9rien \u00e0 l'ar\u00f4me intense des fraises fra\u00eeches pour cr\u00e9er une exp\u00e9rience gustative inoubliable.<\/span><\/span><span data-string=\"true\" data-enter=\"true\" data-leaf=\"true\">\u200b<\/span><\/div>\n<h3 class=\"ace-line heading-h2\" dir=\"auto\" data-node=\"true\"><span data-leaf=\"true\"><span class=\"lb\">La texture : a\u00e9rienne et duveteuse<\/span><\/span><span data-string=\"true\" data-enter=\"true\" data-leaf=\"true\">\u200b<\/span><\/h3>\n<div class=\"ace-line\" dir=\"auto\" data-node=\"true\"><span data-leaf=\"true\"><span class=\"lb\">Le Strawberry Donut s\u00e9duit par sa texture parfaite. \u00c0 l'ext\u00e9rieur, il est l\u00e9g\u00e8rement croustillant et forme une cro\u00fbte d\u00e9licate qui devient yielding lorsqu'on le croque. Mais \u00e0 l'int\u00e9rieur, il est incroyablement a\u00e9r\u00e9 et moelleux, presque comme un coussin de p\u00e2te. Sa texture rappelle la sensation que l'on a quand on s'endort dans un lit chaud et moelleux - un vrai plaisir pour tous les sens.<\/span><\/span><span data-string=\"true\" data-enter=\"true\" data-leaf=\"true\">\u200b<\/span><\/div>\n<h4 class=\"ace-line heading-h2\" dir=\"auto\" data-node=\"true\"><span data-leaf=\"true\"><span class=\"lb\">Le go\u00fbt : un d\u00e9fil\u00e9 de fraises<\/span><\/span><span data-string=\"true\" data-enter=\"true\" data-leaf=\"true\">\u200b<\/span><\/h4>\n<div class=\"ace-line\" dir=\"auto\" data-node=\"true\"><span data-leaf=\"true\"><span class=\"lb\">D\u00e8s que tu croques dans le Strawberry Donut, ton palais est envahi par l'ar\u00f4me intense des fraises fra\u00eeches. La douceur juteuse des fraises se m\u00eale \u00e0 la douceur sucr\u00e9e du donut pour cr\u00e9er une exp\u00e9rience gustative harmonieuse. Les fines particules de fraise dans la ganache ou le gla\u00e7age conf\u00e8rent au donut une authentique note fruit\u00e9e, tandis que l'acidit\u00e9 subtile des fraises \u00e9quilibre parfaitement le go\u00fbt et l'emp\u00eache de devenir trop sucr\u00e9.<\/span><\/span><span data-string=\"true\" data-enter=\"true\" data-leaf=\"true\">\u200b<\/span><\/div>\n<h4 class=\"ace-line heading-h2\" dir=\"auto\" data-node=\"true\"><span data-leaf=\"true\"><span class=\"lb\">Un plaisir pour chaque occasion<\/span><\/span><span data-string=\"true\" data-enter=\"true\" data-leaf=\"true\">\u200b<\/span><\/h4>\n<div class=\"ace-line\" dir=\"auto\" data-node=\"true\"><span data-leaf=\"true\"><span class=\"lb\">Le Strawberry Donut est le dessert id\u00e9al pour toutes les occasions. En compl\u00e9ment du petit-d\u00e9jeuner, il permet de bien commencer la journ\u00e9e, tandis que l'apr\u00e8s-midi, il apaise la faim en tant que petit en-cas. Lors d'une f\u00eate ou d'un rendez-vous caf\u00e9 avec des amis, il attirera tous les regards. M\u00eame lors d'une journ\u00e9e pluvieuse, il peut t'\u00e9gayer avec sa note chaude et fruit\u00e9e et te mettre dans une humeur positive.<\/span><\/span><\/div>\n<div dir=\"auto\" data-node=\"true\">\n<div class=\"ace-line heading-h2\" dir=\"auto\" data-node=\"true\"><\/div>\n<div class=\"ace-line\" dir=\"auto\" data-node=\"true\"><span data-leaf=\"true\"><span class=\"lb\">Pourquoi attendre encore ? D\u00e9couvre le mariage divin de la douceur de la fraise et de la gourmandise du donut. Essaie notre Strawberry Donut et laisse-toi s\u00e9duire par son d\u00e9licieux ar\u00f4me et sa texture parfaite. Je suis s\u00fbr qu'il deviendra bient\u00f4t l'un de tes desserts pr\u00e9f\u00e9r\u00e9s !<\/span><\/span><\/div>\n<\/div>","protected":false},"excerpt":{"rendered":"<p>Strawberry Donut Fumot Vape 12000 : un plaisir divin pour le dessert Si tu es \u00e0 la recherche d'un dessert qui allie la douceur fruit\u00e9e des fraises \u00e0 la d\u00e9licieuse gourmandise d'un donut, le Strawberry Donut est ton plaisir id\u00e9al. Ce d\u00e9licieux snack allie la d\u00e9licatesse d'un donut a\u00e9rien \u00e0 l'ar\u00f4me intense des fraises fra\u00eeches, [...].","protected":false},"featured_media":796,"comment_status":"open","ping_status":"closed","template":"","meta":[],"product_brand":[],"product_cat":[77],"product_tag":[84],"class_list":{"0":"post-791","1":"product","2":"type-product","3":"status-publish","4":"has-post-thumbnail","6":"product_cat-fumot-digital-box-12000","7":"product_tag-puff-12k","9":"first","10":"instock","11":"shipping-taxable","12":"purchasable","13":"product-type-variable"},"yoast_head":"<!-- This site is optimized with the Yoast SEO Premium plugin v24.4 (Yoast SEO v24.8.1) - https:\/\/yoast.com\/wordpress\/plugins\/seo\/ -->\n<title>Strawberry\u00a0Donut Fumot Vape 12000 - Tornado Puff<\/title>\n<meta name=\"description\" content=\"Entdecke Strawberry\u00a0Donut Fumot Vape 12000 Einweg Vape im Tornado Puff und genie\u00dfe hochwertiges Vape-Erlebnis, eine Auswahl an Nikotin und eine Vielzahl von Geschmacksrichtungen, um deine Vape-Anpassungsreise zu beginnen.\" \/>\n<meta name=\"robots\" content=\"index, follow, max-snippet:-1, max-image-preview:large, max-video-preview:-1\" \/>\n<link rel=\"canonical\" href=\"https:\/\/www.tornadopuff.de\/fr\/product\/fumot-12000-strawberry-donut\/\" \/>\n<meta property=\"og:locale\" content=\"fr_FR\" \/>\n<meta property=\"og:type\" content=\"article\" \/>\n<meta property=\"og:title\" content=\"Strawberry\u00a0Donut Fumot Vape 12000\" \/>\n<meta property=\"og:description\" content=\"Entdecke Strawberry\u00a0Donut Fumot Vape 12000 Einweg Vape im Tornado Puff und genie\u00dfe hochwertiges Vape-Erlebnis, eine Auswahl an Nikotin und eine Vielzahl von Geschmacksrichtungen, um deine Vape-Anpassungsreise zu beginnen.\" \/>\n<meta property=\"og:url\" content=\"https:\/\/www.tornadopuff.de\/fr\/product\/fumot-12000-strawberry-donut\/\" \/>\n<meta property=\"og:site_name\" content=\"Tornado Puff\" \/>\n<meta property=\"article:modified_time\" content=\"2025-06-22T14:01:13+00:00\" \/>\n<meta property=\"og:image\" content=\"https:\/\/www.tornadopuff.de\/wp-content\/uploads\/2025\/04\/Fumot-Digital-Box-12000-Strawberry-Donut.jpg\" \/>\n\t<meta property=\"og:image:width\" content=\"2000\" \/>\n\t<meta property=\"og:image:height\" content=\"2000\" \/>\n\t<meta property=\"og:image:type\" content=\"image\/jpeg\" \/>\n<meta name=\"twitter:card\" content=\"summary_large_image\" \/>\n<meta name=\"twitter:label1\" content=\"Disponibilit\u00e9\" \/>\n\t<meta name=\"twitter:data1\" content=\"En stock\" \/>\n<script type=\"application\/ld+json\" class=\"yoast-schema-graph\">{\"@context\":\"https:\/\/schema.org\",\"@graph\":[{\"@type\":\"WebPage\",\"@id\":\"https:\/\/www.tornadopuff.de\/product\/fumot-12000-strawberry-donut\/\",\"url\":\"https:\/\/www.tornadopuff.de\/product\/fumot-12000-strawberry-donut\/\",\"name\":\"Strawberry\u00a0Donut Fumot Vape 12000 - Tornado Puff\",\"isPartOf\":{\"@id\":\"https:\/\/www.tornadopuff.de\/#website\"},\"primaryImageOfPage\":{\"@id\":\"https:\/\/www.tornadopuff.de\/product\/fumot-12000-strawberry-donut\/#primaryimage\"},\"image\":{\"@id\":\"https:\/\/www.tornadopuff.de\/product\/fumot-12000-strawberry-donut\/#primaryimage\"},\"thumbnailUrl\":\"https:\/\/www.tornadopuff.de\/wp-content\/uploads\/2025\/04\/Fumot-Digital-Box-12000-Strawberry-Donut.jpg\",\"datePublished\":\"2025-04-13T09:00:44+00:00\",\"dateModified\":\"2025-06-22T14:01:13+00:00\",\"description\":\"Entdecke Strawberry\u00a0Donut Fumot Vape 12000 Einweg Vape im Tornado Puff und genie\u00dfe hochwertiges Vape-Erlebnis, eine Auswahl an Nikotin und eine Vielzahl von Geschmacksrichtungen, um deine Vape-Anpassungsreise zu beginnen.\",\"breadcrumb\":{\"@id\":\"https:\/\/www.tornadopuff.de\/product\/fumot-12000-strawberry-donut\/#breadcrumb\"},\"inLanguage\":\"fr-FR\",\"potentialAction\":[{\"@type\":\"ReadAction\",\"target\":[\"https:\/\/www.tornadopuff.de\/product\/fumot-12000-strawberry-donut\/\"]}]},{\"@type\":\"ImageObject\",\"inLanguage\":\"fr-FR\",\"@id\":\"https:\/\/www.tornadopuff.de\/product\/fumot-12000-strawberry-donut\/#primaryimage\",\"url\":\"https:\/\/www.tornadopuff.de\/wp-content\/uploads\/2025\/04\/Fumot-Digital-Box-12000-Strawberry-Donut.jpg\",\"contentUrl\":\"https:\/\/www.tornadopuff.de\/wp-content\/uploads\/2025\/04\/Fumot-Digital-Box-12000-Strawberry-Donut.jpg\",\"width\":2000,\"height\":2000,\"caption\":\"Fumot Digital Box 12000 Strawberry\u00a0donut\"},{\"@type\":\"BreadcrumbList\",\"@id\":\"https:\/\/www.tornadopuff.de\/product\/fumot-12000-strawberry-donut\/#breadcrumb\",\"itemListElement\":[{\"@type\":\"ListItem\",\"position\":1,\"name\":\"\u9996\u9875\",\"item\":\"https:\/\/www.tornadopuff.de\/\"},{\"@type\":\"ListItem\",\"position\":2,\"name\":\"Shop\",\"item\":\"https:\/\/www.tornadopuff.de\/shop\/\"},{\"@type\":\"ListItem\",\"position\":3,\"name\":\"Strawberry\u00a0Donut Fumot Vape 12000\"}]},{\"@type\":\"WebSite\",\"@id\":\"https:\/\/www.tornadopuff.de\/#website\",\"url\":\"https:\/\/www.tornadopuff.de\/\",\"name\":\"Tornado Puff\",\"description\":\"Tornado Puff\",\"potentialAction\":[{\"@type\":\"SearchAction\",\"target\":{\"@type\":\"EntryPoint\",\"urlTemplate\":\"https:\/\/www.tornadopuff.de\/?s={search_term_string}\"},\"query-input\":{\"@type\":\"PropertyValueSpecification\",\"valueRequired\":true,\"valueName\":\"search_term_string\"}}],\"inLanguage\":\"fr-FR\"}]}<\/script>\n<meta property=\"og:availability\" content=\"instock\" \/>\n<meta property=\"product:availability\" content=\"instock\" \/>\n<meta property=\"product:retailer_item_id\" content=\"Fumot 12000 Strawberry\u00a0Donut\" \/>\n<meta property=\"product:condition\" content=\"new\" \/>\n<!-- \/ Yoast SEO Premium plugin. -->","yoast_head_json":{"title":"Strawberry\u00a0Donut Fumot Vape 12000 - Tornado Puff","description":"Entdecke Strawberry\u00a0Donut Fumot Vape 12000 Einweg Vape im Tornado Puff und genie\u00dfe hochwertiges Vape-Erlebnis, eine Auswahl an Nikotin und eine Vielzahl von Geschmacksrichtungen, um deine Vape-Anpassungsreise zu beginnen.","robots":{"index":"index","follow":"follow","max-snippet":"max-snippet:-1","max-image-preview":"max-image-preview:large","max-video-preview":"max-video-preview:-1"},"canonical":"https:\/\/www.tornadopuff.de\/fr\/product\/fumot-12000-strawberry-donut\/","og_locale":"fr_FR","og_type":"article","og_title":"Strawberry\u00a0Donut Fumot Vape 12000","og_description":"Entdecke Strawberry\u00a0Donut Fumot Vape 12000 Einweg Vape im Tornado Puff und genie\u00dfe hochwertiges Vape-Erlebnis, eine Auswahl an Nikotin und eine Vielzahl von Geschmacksrichtungen, um deine Vape-Anpassungsreise zu beginnen.","og_url":"https:\/\/www.tornadopuff.de\/fr\/product\/fumot-12000-strawberry-donut\/","og_site_name":"Tornado Puff","article_modified_time":"2025-06-22T14:01:13+00:00","og_image":[{"width":2000,"height":2000,"url":"https:\/\/www.tornadopuff.de\/wp-content\/uploads\/2025\/04\/Fumot-Digital-Box-12000-Strawberry-Donut.jpg","type":"image\/jpeg"}],"twitter_card":"summary_large_image","twitter_misc":{"Disponibilit\u00e9":"En stock"},"schema":{"@context":"https:\/\/schema.org","@graph":[{"@type":"WebPage","@id":"https:\/\/www.tornadopuff.de\/product\/fumot-12000-strawberry-donut\/","url":"https:\/\/www.tornadopuff.de\/product\/fumot-12000-strawberry-donut\/","name":"Strawberry\u00a0Donut Fumot Vape 12000 - Tornado Puff","isPartOf":{"@id":"https:\/\/www.tornadopuff.de\/#website"},"primaryImageOfPage":{"@id":"https:\/\/www.tornadopuff.de\/product\/fumot-12000-strawberry-donut\/#primaryimage"},"image":{"@id":"https:\/\/www.tornadopuff.de\/product\/fumot-12000-strawberry-donut\/#primaryimage"},"thumbnailUrl":"https:\/\/www.tornadopuff.de\/wp-content\/uploads\/2025\/04\/Fumot-Digital-Box-12000-Strawberry-Donut.jpg","datePublished":"2025-04-13T09:00:44+00:00","dateModified":"2025-06-22T14:01:13+00:00","description":"Entdecke Strawberry\u00a0Donut Fumot Vape 12000 Einweg Vape im Tornado Puff und genie\u00dfe hochwertiges Vape-Erlebnis, eine Auswahl an Nikotin und eine Vielzahl von Geschmacksrichtungen, um deine Vape-Anpassungsreise zu beginnen.","breadcrumb":{"@id":"https:\/\/www.tornadopuff.de\/product\/fumot-12000-strawberry-donut\/#breadcrumb"},"inLanguage":"fr-FR","potentialAction":[{"@type":"ReadAction","target":["https:\/\/www.tornadopuff.de\/product\/fumot-12000-strawberry-donut\/"]}]},{"@type":"ImageObject","inLanguage":"fr-FR","@id":"https:\/\/www.tornadopuff.de\/product\/fumot-12000-strawberry-donut\/#primaryimage","url":"https:\/\/www.tornadopuff.de\/wp-content\/uploads\/2025\/04\/Fumot-Digital-Box-12000-Strawberry-Donut.jpg","contentUrl":"https:\/\/www.tornadopuff.de\/wp-content\/uploads\/2025\/04\/Fumot-Digital-Box-12000-Strawberry-Donut.jpg","width":2000,"height":2000,"caption":"Fumot Digital Box 12000 Strawberry\u00a0donut"},{"@type":"BreadcrumbList","@id":"https:\/\/www.tornadopuff.de\/product\/fumot-12000-strawberry-donut\/#breadcrumb","itemListElement":[{"@type":"ListItem","position":1,"name":"\u9996\u9875","item":"https:\/\/www.tornadopuff.de\/"},{"@type":"ListItem","position":2,"name":"Shop","item":"https:\/\/www.tornadopuff.de\/shop\/"},{"@type":"ListItem","position":3,"name":"Strawberry\u00a0Donut Fumot Vape 12000"}]},{"@type":"WebSite","@id":"https:\/\/www.tornadopuff.de\/#website","url":"https:\/\/www.tornadopuff.de\/","name":"Tornado Puff","description":"Tornado Puff","potentialAction":[{"@type":"SearchAction","target":{"@type":"EntryPoint","urlTemplate":"https:\/\/www.tornadopuff.de\/?s={search_term_string}"},"query-input":{"@type":"PropertyValueSpecification","valueRequired":true,"valueName":"search_term_string"}}],"inLanguage":"fr-FR"}]},"og_availability":"instock","product_availability":"instock","product_retailer_item_id":"Fumot 12000 Strawberry\u00a0Donut","product_condition":"new"},"_links":{"self":[{"href":"https:\/\/www.tornadopuff.de\/fr\/wp-json\/wp\/v2\/product\/791","targetHints":{"allow":["GET"]}}],"collection":[{"href":"https:\/\/www.tornadopuff.de\/fr\/wp-json\/wp\/v2\/product"}],"about":[{"href":"https:\/\/www.tornadopuff.de\/fr\/wp-json\/wp\/v2\/types\/product"}],"replies":[{"embeddable":true,"href":"https:\/\/www.tornadopuff.de\/fr\/wp-json\/wp\/v2\/comments?post=791"}],"wp:featuredmedia":[{"embeddable":true,"href":"https:\/\/www.tornadopuff.de\/fr\/wp-json\/wp\/v2\/media\/796"}],"wp:attachment":[{"href":"https:\/\/www.tornadopuff.de\/fr\/wp-json\/wp\/v2\/media?parent=791"}],"wp:term":[{"taxonomy":"product_brand","embeddable":true,"href":"https:\/\/www.tornadopuff.de\/fr\/wp-json\/wp\/v2\/product_brand?post=791"},{"taxonomy":"product_cat","embeddable":true,"href":"https:\/\/www.tornadopuff.de\/fr\/wp-json\/wp\/v2\/product_cat?post=791"},{"taxonomy":"product_tag","embeddable":true,"href":"https:\/\/www.tornadopuff.de\/fr\/wp-json\/wp\/v2\/product_tag?post=791"}],"curies":[{"name":"wp","href":"https:\/\/api.w.org\/{rel}","templated":true}]}}