{"id":784,"date":"2025-04-13T10:59:01","date_gmt":"2025-04-13T08:59:01","guid":{"rendered":"https:\/\/www.tornadopuff.de\/?post_type=product&#038;p=784"},"modified":"2025-06-22T16:01:13","modified_gmt":"2025-06-22T14:01:13","slug":"fumot-12000-mixed-berries","status":"publish","type":"product","link":"https:\/\/www.tornadopuff.de\/fr\/product\/fumot-12000-mixed-berries\/","title":{"rendered":"Mixed Berries Fumot Digital Box 12000 Puffs Vape"},"content":{"rendered":"<div class=\"ace-line heading-h1\" dir=\"auto\" data-node=\"true\">\n<h2 class=\"ace-line heading-h1\" dir=\"auto\" data-node=\"true\"><span data-leaf=\"true\"><span class=\"lb\">M\u00e9lange de baies <a href=\"https:\/\/www.tornadopuff.de\/fr\/product-category\/fumot-digital-box-12000\/\">Fumot Digital Box 12000<\/a> Puffs Vape : une diversit\u00e9 fruit\u00e9e dans un seul verre<\/span><\/span><span data-string=\"true\" data-enter=\"true\" data-leaf=\"true\">\u200b<\/span><\/h2>\n<div class=\"ace-line\" dir=\"auto\" data-node=\"true\"><span data-leaf=\"true\"><span class=\"lb\">Si tu es \u00e0 la recherche d'une boisson ou d'un snack qui r\u00e9unit la diversit\u00e9 du monde des baies, les Mixed Berries sont exactement ce qu'il te faut. Ce m\u00e9lange divin de fraises, de framboises, de m\u00fbres et de groseilles apporte \u00e0 ton palais une vari\u00e9t\u00e9 d'ar\u00f4mes et de saveurs qui te plongera dans une merveille fruit\u00e9e.<\/span><\/span><span data-string=\"true\" data-enter=\"true\" data-leaf=\"true\">\u200b<\/span><\/div>\n<h3 class=\"ace-line heading-h2\" dir=\"auto\" data-node=\"true\"><span data-leaf=\"true\"><span class=\"lb\">L'Atelier du Go\u00fbt : un voyage \u00e0 travers les royaumes<\/span><\/span><span data-string=\"true\" data-enter=\"true\" data-leaf=\"true\">\u200b<\/span><\/h3>\n<div class=\"ace-line\" dir=\"auto\" data-node=\"true\"><span data-leaf=\"true\"><span class=\"lb\">D\u00e8s la premi\u00e8re d\u00e9gustation de Mixed Berries, ton palais est accueilli par la douceur intense des fraises fra\u00eeches. Les fruits rouges juteux donnent un coup de fouet fruit\u00e9 et rappellent les journ\u00e9es d'\u00e9t\u00e9 ensoleill\u00e9es. Vient ensuite la note profonde, aigre-douce des framboises, qui enrichit le go\u00fbt de son intensit\u00e9 bleu fonc\u00e9. Les m\u00fbres apportent ensuite une note onctueuse et chaleureuse, tandis que les groseilles stimulent le palais avec leur note piquante et acide et \u00e9quilibrent parfaitement les autres ar\u00f4mes.<\/span><\/span><span data-string=\"true\" data-enter=\"true\" data-leaf=\"true\">\u200b<\/span><\/div>\n<div class=\"ace-line heading-h2\" dir=\"auto\" data-node=\"true\"><span data-leaf=\"true\"><span class=\"lb\">Un multitalent pour toutes les occasions<\/span><\/span><span data-string=\"true\" data-enter=\"true\" data-leaf=\"true\">\u200b<\/span><\/div>\n<h3 class=\"ace-line\" dir=\"auto\" data-node=\"true\"><span data-leaf=\"true\"><span class=\"lb\">Les Mixed Berries conviennent \u00e0 diff\u00e9rentes situations :<\/span><\/span><span data-string=\"true\" data-enter=\"true\" data-leaf=\"true\">\u200b<\/span><\/h3>\n<div class=\"ace-line list-div\" dir=\"auto\" data-node=\"true\">\n<ul class=\"list-bullet1 r-list r-list-bullet\">\n<li><span data-leaf=\"true\"><span class=\"lb\">En tant que boisson rafra\u00eechissante lors des journ\u00e9es chaudes, elle te rafra\u00eechit comme une oasis fruit\u00e9e.<\/span><\/span><span data-string=\"true\" data-enter=\"true\" data-leaf=\"true\">\u200b<\/span><\/li>\n<\/ul>\n<\/div>\n<div class=\"ace-line list-div\" dir=\"auto\" data-node=\"true\">\n<ul class=\"list-bullet1 r-list r-list-bullet\">\n<li><span data-leaf=\"true\"><span class=\"lb\">Dans un petit-d\u00e9jeuner ou un yaourt, ils apportent une touche naturelle et sucr\u00e9e.<\/span><\/span><span data-string=\"true\" data-enter=\"true\" data-leaf=\"true\">\u200b<\/span><\/li>\n<\/ul>\n<\/div>\n<div class=\"ace-line list-div\" dir=\"auto\" data-node=\"true\">\n<ul class=\"list-bullet1 r-list r-list-bullet\">\n<li><span data-leaf=\"true\"><span class=\"lb\">Utilis\u00e9s comme m\u00e9lange de dessert sur un g\u00e2teau ou un chocolat glac\u00e9, ils apportent une touche fruit\u00e9e.<\/span><\/span><span data-string=\"true\" data-enter=\"true\" data-leaf=\"true\">\u200b<\/span><\/li>\n<\/ul>\n<\/div>\n<div class=\"ace-line list-div\" dir=\"auto\" data-node=\"true\">\n<ul class=\"list-bullet1 r-list r-list-bullet\">\n<li><span data-leaf=\"true\"><span class=\"lb\">Dans un cocktail ou un mocktail, ils apportent une note exotique et une couleur vive.<\/span><\/span><span data-string=\"true\" data-enter=\"true\" data-leaf=\"true\">\u200b<\/span><\/li>\n<\/ul>\n<\/div>\n<h3 class=\"ace-line heading-h2\" dir=\"auto\" data-node=\"true\"><span data-leaf=\"true\"><span class=\"lb\">Qualit\u00e9 et naturel<\/span><\/span><span data-string=\"true\" data-enter=\"true\" data-leaf=\"true\">\u200b<\/span><\/h3>\n<div class=\"ace-line\" dir=\"auto\" data-node=\"true\"><span data-leaf=\"true\"><span class=\"lb\">Nous attachons une grande importance \u00e0 la qualit\u00e9 de nos Mixed Berries :<\/span><\/span><span data-string=\"true\" data-enter=\"true\" data-leaf=\"true\">\u200b<\/span><\/div>\n<div class=\"ace-line list-div\" dir=\"auto\" data-node=\"true\">\n<ul class=\"list-bullet1 r-list r-list-bullet\">\n<li><span data-leaf=\"true\"><span class=\"lb\">Nos baies proviennent de r\u00e9gions de culture allemandes \u00e9prouv\u00e9es, o\u00f9 elles sont cueillies avec amour et soin.<\/span><\/span><span data-string=\"true\" data-enter=\"true\" data-leaf=\"true\">\u200b<\/span><\/li>\n<\/ul>\n<\/div>\n<div class=\"ace-line list-div\" dir=\"auto\" data-node=\"true\">\n<ul class=\"list-bullet1 r-list r-list-bullet\">\n<li><span data-leaf=\"true\"><span class=\"lb\">Sans conservateurs ni additifs artificiels - uniquement des fruits purs et naturels.<\/span><\/span><span data-string=\"true\" data-enter=\"true\" data-leaf=\"true\">\u200b<\/span><\/li>\n<\/ul>\n<\/div>\n<div class=\"ace-line list-div\" dir=\"auto\" data-node=\"true\">\n<ul class=\"list-bullet1 r-list r-list-bullet\">\n<li><span data-leaf=\"true\"><span class=\"lb\">Congel\u00e9 imm\u00e9diatement pour conserver la fra\u00eecheur et le go\u00fbt.<\/span><\/span><span data-string=\"true\" data-enter=\"true\" data-leaf=\"true\">\u200b<\/span><\/li>\n<\/ul>\n<\/div>\n<div class=\"ace-line list-div\" dir=\"auto\" data-node=\"true\">\n<ul class=\"list-bullet1 r-list r-list-bullet\">\n<li><span data-leaf=\"true\"><span class=\"lb\">Sans allerg\u00e8nes et v\u00e9g\u00e9talien, pour que tout le monde puisse en profiter.<\/span><\/span><\/li>\n<\/ul>\n<\/div>\n<\/div>","protected":false},"excerpt":{"rendered":"<p>Mixed Berries Fumot Digital Box 12000 Puffs Vape : une diversit\u00e9 fruit\u00e9e dans un seul verre Si tu es \u00e0 la recherche d'une boisson ou d'un snack qui r\u00e9unit la diversit\u00e9 du monde des baies, les Mixed Berries sont exactement ce qu'il te faut. Ce m\u00e9lange divin de fraises, framboises, m\u00fbres et groseilles apporte une vari\u00e9t\u00e9 de saveurs [...].","protected":false},"featured_media":789,"comment_status":"open","ping_status":"closed","template":"","meta":[],"product_brand":[],"product_cat":[77],"product_tag":[84],"class_list":{"0":"post-784","1":"product","2":"type-product","3":"status-publish","4":"has-post-thumbnail","6":"product_cat-fumot-digital-box-12000","7":"product_tag-puff-12k","9":"first","10":"instock","11":"shipping-taxable","12":"purchasable","13":"product-type-variable"},"yoast_head":"<!-- This site is optimized with the Yoast SEO Premium plugin v24.4 (Yoast SEO v24.8.1) - https:\/\/yoast.com\/wordpress\/plugins\/seo\/ -->\n<title>Mixed Berries Fumot Digital Box 12000 Puffs Vape - Tornado Puff<\/title>\n<meta name=\"description\" content=\"Entdecke Mixed Berries Fumot Digital Box 12000 Puffs Vape Einweg Vape im Tornado Puff und genie\u00dfe hochwertiges Vape-Erlebnis, eine Auswahl an Nikotin und eine Vielzahl von Geschmacksrichtungen, um deine Vape-Anpassungsreise zu beginnen.\" \/>\n<meta name=\"robots\" content=\"index, follow, max-snippet:-1, max-image-preview:large, max-video-preview:-1\" \/>\n<link rel=\"canonical\" href=\"https:\/\/www.tornadopuff.de\/fr\/product\/fumot-12000-mixed-berries\/\" \/>\n<meta property=\"og:locale\" content=\"fr_FR\" \/>\n<meta property=\"og:type\" content=\"article\" \/>\n<meta property=\"og:title\" content=\"Mixed Berries Fumot Digital Box 12000 Puffs Vape\" \/>\n<meta property=\"og:description\" content=\"Entdecke Mixed Berries Fumot Digital Box 12000 Puffs Vape Einweg Vape im Tornado Puff und genie\u00dfe hochwertiges Vape-Erlebnis, eine Auswahl an Nikotin und eine Vielzahl von Geschmacksrichtungen, um deine Vape-Anpassungsreise zu beginnen.\" \/>\n<meta property=\"og:url\" content=\"https:\/\/www.tornadopuff.de\/fr\/product\/fumot-12000-mixed-berries\/\" \/>\n<meta property=\"og:site_name\" content=\"Tornado Puff\" \/>\n<meta property=\"article:modified_time\" content=\"2025-06-22T14:01:13+00:00\" \/>\n<meta property=\"og:image\" content=\"https:\/\/www.tornadopuff.de\/wp-content\/uploads\/2025\/04\/Fumot-Digital-Box-12000-Mixed-Berries.jpg\" \/>\n\t<meta property=\"og:image:width\" content=\"2000\" \/>\n\t<meta property=\"og:image:height\" content=\"2000\" \/>\n\t<meta property=\"og:image:type\" content=\"image\/jpeg\" \/>\n<meta name=\"twitter:card\" content=\"summary_large_image\" \/>\n<meta name=\"twitter:label1\" content=\"Disponibilit\u00e9\" \/>\n\t<meta name=\"twitter:data1\" content=\"En stock\" \/>\n<script type=\"application\/ld+json\" class=\"yoast-schema-graph\">{\"@context\":\"https:\/\/schema.org\",\"@graph\":[{\"@type\":\"WebPage\",\"@id\":\"https:\/\/www.tornadopuff.de\/product\/fumot-12000-mixed-berries\/\",\"url\":\"https:\/\/www.tornadopuff.de\/product\/fumot-12000-mixed-berries\/\",\"name\":\"Mixed Berries Fumot Digital Box 12000 Puffs Vape - Tornado Puff\",\"isPartOf\":{\"@id\":\"https:\/\/www.tornadopuff.de\/#website\"},\"primaryImageOfPage\":{\"@id\":\"https:\/\/www.tornadopuff.de\/product\/fumot-12000-mixed-berries\/#primaryimage\"},\"image\":{\"@id\":\"https:\/\/www.tornadopuff.de\/product\/fumot-12000-mixed-berries\/#primaryimage\"},\"thumbnailUrl\":\"https:\/\/www.tornadopuff.de\/wp-content\/uploads\/2025\/04\/Fumot-Digital-Box-12000-Mixed-Berries.jpg\",\"datePublished\":\"2025-04-13T08:59:01+00:00\",\"dateModified\":\"2025-06-22T14:01:13+00:00\",\"description\":\"Entdecke Mixed Berries Fumot Digital Box 12000 Puffs Vape Einweg Vape im Tornado Puff und genie\u00dfe hochwertiges Vape-Erlebnis, eine Auswahl an Nikotin und eine Vielzahl von Geschmacksrichtungen, um deine Vape-Anpassungsreise zu beginnen.\",\"breadcrumb\":{\"@id\":\"https:\/\/www.tornadopuff.de\/product\/fumot-12000-mixed-berries\/#breadcrumb\"},\"inLanguage\":\"fr-FR\",\"potentialAction\":[{\"@type\":\"ReadAction\",\"target\":[\"https:\/\/www.tornadopuff.de\/product\/fumot-12000-mixed-berries\/\"]}]},{\"@type\":\"ImageObject\",\"inLanguage\":\"fr-FR\",\"@id\":\"https:\/\/www.tornadopuff.de\/product\/fumot-12000-mixed-berries\/#primaryimage\",\"url\":\"https:\/\/www.tornadopuff.de\/wp-content\/uploads\/2025\/04\/Fumot-Digital-Box-12000-Mixed-Berries.jpg\",\"contentUrl\":\"https:\/\/www.tornadopuff.de\/wp-content\/uploads\/2025\/04\/Fumot-Digital-Box-12000-Mixed-Berries.jpg\",\"width\":2000,\"height\":2000,\"caption\":\"Fumot Digital Box 12000 Mixed Berries\"},{\"@type\":\"BreadcrumbList\",\"@id\":\"https:\/\/www.tornadopuff.de\/product\/fumot-12000-mixed-berries\/#breadcrumb\",\"itemListElement\":[{\"@type\":\"ListItem\",\"position\":1,\"name\":\"\u9996\u9875\",\"item\":\"https:\/\/www.tornadopuff.de\/\"},{\"@type\":\"ListItem\",\"position\":2,\"name\":\"Shop\",\"item\":\"https:\/\/www.tornadopuff.de\/shop\/\"},{\"@type\":\"ListItem\",\"position\":3,\"name\":\"Mixed Berries Fumot Digital Box 12000 Puffs Vape\"}]},{\"@type\":\"WebSite\",\"@id\":\"https:\/\/www.tornadopuff.de\/#website\",\"url\":\"https:\/\/www.tornadopuff.de\/\",\"name\":\"Tornado Puff\",\"description\":\"Tornado Puff\",\"potentialAction\":[{\"@type\":\"SearchAction\",\"target\":{\"@type\":\"EntryPoint\",\"urlTemplate\":\"https:\/\/www.tornadopuff.de\/?s={search_term_string}\"},\"query-input\":{\"@type\":\"PropertyValueSpecification\",\"valueRequired\":true,\"valueName\":\"search_term_string\"}}],\"inLanguage\":\"fr-FR\"}]}<\/script>\n<meta property=\"og:availability\" content=\"instock\" \/>\n<meta property=\"product:availability\" content=\"instock\" \/>\n<meta property=\"product:retailer_item_id\" content=\"Fumot 12000 Mixed Berries\" \/>\n<meta property=\"product:condition\" content=\"new\" \/>\n<!-- \/ Yoast SEO Premium plugin. -->","yoast_head_json":{"title":"Mixed Berries Fumot Digital Box 12000 Puffs Vape - Tornado Puff","description":"Entdecke Mixed Berries Fumot Digital Box 12000 Puffs Vape Einweg Vape im Tornado Puff und genie\u00dfe hochwertiges Vape-Erlebnis, eine Auswahl an Nikotin und eine Vielzahl von Geschmacksrichtungen, um deine Vape-Anpassungsreise zu beginnen.","robots":{"index":"index","follow":"follow","max-snippet":"max-snippet:-1","max-image-preview":"max-image-preview:large","max-video-preview":"max-video-preview:-1"},"canonical":"https:\/\/www.tornadopuff.de\/fr\/product\/fumot-12000-mixed-berries\/","og_locale":"fr_FR","og_type":"article","og_title":"Mixed Berries Fumot Digital Box 12000 Puffs Vape","og_description":"Entdecke Mixed Berries Fumot Digital Box 12000 Puffs Vape Einweg Vape im Tornado Puff und genie\u00dfe hochwertiges Vape-Erlebnis, eine Auswahl an Nikotin und eine Vielzahl von Geschmacksrichtungen, um deine Vape-Anpassungsreise zu beginnen.","og_url":"https:\/\/www.tornadopuff.de\/fr\/product\/fumot-12000-mixed-berries\/","og_site_name":"Tornado Puff","article_modified_time":"2025-06-22T14:01:13+00:00","og_image":[{"width":2000,"height":2000,"url":"https:\/\/www.tornadopuff.de\/wp-content\/uploads\/2025\/04\/Fumot-Digital-Box-12000-Mixed-Berries.jpg","type":"image\/jpeg"}],"twitter_card":"summary_large_image","twitter_misc":{"Disponibilit\u00e9":"En stock"},"schema":{"@context":"https:\/\/schema.org","@graph":[{"@type":"WebPage","@id":"https:\/\/www.tornadopuff.de\/product\/fumot-12000-mixed-berries\/","url":"https:\/\/www.tornadopuff.de\/product\/fumot-12000-mixed-berries\/","name":"Mixed Berries Fumot Digital Box 12000 Puffs Vape - Tornado Puff","isPartOf":{"@id":"https:\/\/www.tornadopuff.de\/#website"},"primaryImageOfPage":{"@id":"https:\/\/www.tornadopuff.de\/product\/fumot-12000-mixed-berries\/#primaryimage"},"image":{"@id":"https:\/\/www.tornadopuff.de\/product\/fumot-12000-mixed-berries\/#primaryimage"},"thumbnailUrl":"https:\/\/www.tornadopuff.de\/wp-content\/uploads\/2025\/04\/Fumot-Digital-Box-12000-Mixed-Berries.jpg","datePublished":"2025-04-13T08:59:01+00:00","dateModified":"2025-06-22T14:01:13+00:00","description":"Entdecke Mixed Berries Fumot Digital Box 12000 Puffs Vape Einweg Vape im Tornado Puff und genie\u00dfe hochwertiges Vape-Erlebnis, eine Auswahl an Nikotin und eine Vielzahl von Geschmacksrichtungen, um deine Vape-Anpassungsreise zu beginnen.","breadcrumb":{"@id":"https:\/\/www.tornadopuff.de\/product\/fumot-12000-mixed-berries\/#breadcrumb"},"inLanguage":"fr-FR","potentialAction":[{"@type":"ReadAction","target":["https:\/\/www.tornadopuff.de\/product\/fumot-12000-mixed-berries\/"]}]},{"@type":"ImageObject","inLanguage":"fr-FR","@id":"https:\/\/www.tornadopuff.de\/product\/fumot-12000-mixed-berries\/#primaryimage","url":"https:\/\/www.tornadopuff.de\/wp-content\/uploads\/2025\/04\/Fumot-Digital-Box-12000-Mixed-Berries.jpg","contentUrl":"https:\/\/www.tornadopuff.de\/wp-content\/uploads\/2025\/04\/Fumot-Digital-Box-12000-Mixed-Berries.jpg","width":2000,"height":2000,"caption":"Fumot Digital Box 12000 Mixed Berries"},{"@type":"BreadcrumbList","@id":"https:\/\/www.tornadopuff.de\/product\/fumot-12000-mixed-berries\/#breadcrumb","itemListElement":[{"@type":"ListItem","position":1,"name":"\u9996\u9875","item":"https:\/\/www.tornadopuff.de\/"},{"@type":"ListItem","position":2,"name":"Shop","item":"https:\/\/www.tornadopuff.de\/shop\/"},{"@type":"ListItem","position":3,"name":"Mixed Berries Fumot Digital Box 12000 Puffs Vape"}]},{"@type":"WebSite","@id":"https:\/\/www.tornadopuff.de\/#website","url":"https:\/\/www.tornadopuff.de\/","name":"Tornado Puff","description":"Tornado Puff","potentialAction":[{"@type":"SearchAction","target":{"@type":"EntryPoint","urlTemplate":"https:\/\/www.tornadopuff.de\/?s={search_term_string}"},"query-input":{"@type":"PropertyValueSpecification","valueRequired":true,"valueName":"search_term_string"}}],"inLanguage":"fr-FR"}]},"og_availability":"instock","product_availability":"instock","product_retailer_item_id":"Fumot 12000 Mixed Berries","product_condition":"new"},"_links":{"self":[{"href":"https:\/\/www.tornadopuff.de\/fr\/wp-json\/wp\/v2\/product\/784","targetHints":{"allow":["GET"]}}],"collection":[{"href":"https:\/\/www.tornadopuff.de\/fr\/wp-json\/wp\/v2\/product"}],"about":[{"href":"https:\/\/www.tornadopuff.de\/fr\/wp-json\/wp\/v2\/types\/product"}],"replies":[{"embeddable":true,"href":"https:\/\/www.tornadopuff.de\/fr\/wp-json\/wp\/v2\/comments?post=784"}],"wp:featuredmedia":[{"embeddable":true,"href":"https:\/\/www.tornadopuff.de\/fr\/wp-json\/wp\/v2\/media\/789"}],"wp:attachment":[{"href":"https:\/\/www.tornadopuff.de\/fr\/wp-json\/wp\/v2\/media?parent=784"}],"wp:term":[{"taxonomy":"product_brand","embeddable":true,"href":"https:\/\/www.tornadopuff.de\/fr\/wp-json\/wp\/v2\/product_brand?post=784"},{"taxonomy":"product_cat","embeddable":true,"href":"https:\/\/www.tornadopuff.de\/fr\/wp-json\/wp\/v2\/product_cat?post=784"},{"taxonomy":"product_tag","embeddable":true,"href":"https:\/\/www.tornadopuff.de\/fr\/wp-json\/wp\/v2\/product_tag?post=784"}],"curies":[{"name":"wp","href":"https:\/\/api.w.org\/{rel}","templated":true}]}}