{"id":763,"date":"2025-04-13T10:53:43","date_gmt":"2025-04-13T08:53:43","guid":{"rendered":"https:\/\/www.tornadopuff.de\/?post_type=product&#038;p=763"},"modified":"2025-06-22T16:01:15","modified_gmt":"2025-06-22T14:01:15","slug":"fumot-12000-ice-pop","status":"publish","type":"product","link":"https:\/\/www.tornadopuff.de\/fr\/product\/fumot-12000-ice-pop\/","title":{"rendered":"Ice Pop Randm Tornado 12000 Vape"},"content":{"rendered":"<h2 class=\"ace-line heading-h1\" dir=\"auto\" data-node=\"true\"><span data-leaf=\"true\"><span class=\"lb\">Ice Pop <a href=\"https:\/\/www.tornadopuff.de\/fr\/product-category\/fumot-digital-box-12000\/\">Randm Tornado 12000<\/a> Vape : une ivresse de baies congel\u00e9es pour les jours de grande chaleur<\/span><\/span><span data-string=\"true\" data-enter=\"true\" data-leaf=\"true\">\u200b<\/span><span data-string=\"true\" data-enter=\"true\" data-leaf=\"true\">\u200b<\/span><\/h2>\n<h3 class=\"ace-line heading-h2\" dir=\"auto\" data-node=\"true\"><span data-leaf=\"true\"><span class=\"lb\">La premi\u00e8re bouch\u00e9e : une explosion d'ar\u00f4mes de baies<\/span><\/span><span data-string=\"true\" data-enter=\"true\" data-leaf=\"true\">\u200b<\/span><\/h3>\n<div class=\"ace-line\" dir=\"auto\" data-node=\"true\"><span data-leaf=\"true\"><span class=\"lb\">D\u00e8s la premi\u00e8re bouch\u00e9e \u00e0 travers la peau lisse et gel\u00e9e, la douceur intense des fraises se r\u00e9v\u00e8le. Les fruits rouges juteux rappellent les journ\u00e9es d'\u00e9t\u00e9 ensoleill\u00e9es dans les vergers allemands, suivis par l'intensit\u00e9 bleu profond des framboises. Leur note aigre-douce enrichit le go\u00fbt d'une profondeur fruit\u00e9e, avant que la m\u00fbre n'ajoute une note onctueuse et chaleureuse. Les fines particules de baies dans la glace lui conf\u00e8rent une texture authentique, tandis que l'acidit\u00e9 naturelle des fruits stimule le palais et \u00e9quilibre le go\u00fbt.<\/span><\/span><span data-string=\"true\" data-enter=\"true\" data-leaf=\"true\">\u200b<\/span><\/div>\n<h3 class=\"ace-line heading-h2\" dir=\"auto\" data-node=\"true\"><span data-leaf=\"true\"><span class=\"lb\">Le froid rafra\u00eechissant : un cool-down pour les sens<\/span><\/span><span data-string=\"true\" data-enter=\"true\" data-leaf=\"true\">\u200b<\/span><\/h3>\n<div class=\"ace-line\" dir=\"auto\" data-node=\"true\"><span data-leaf=\"true\"><span class=\"lb\">La structure gel\u00e9e se dissout doucement dans la bouche, procurant un d\u00e9licieux rafra\u00eechissement qui agit comme une oasis par une chaleur de 30 degr\u00e9s. Les fins cristaux de glace craquent d\u00e9licatement sous la dent, tandis que les ar\u00f4mes fruit\u00e9s se d\u00e9veloppent lentement - un jeu parfait entre le froid et le fruit\u00e9. Contrairement aux cr\u00e8mes glac\u00e9es traditionnelles, cet Ice Pop a une consistance l\u00e9g\u00e8rement liquide qui, en fondant, donne un jus sucr\u00e9 qui reste longtemps en bouche.<\/span><\/span><span data-string=\"true\" data-enter=\"true\" data-leaf=\"true\">\u200b<\/span><\/div>\n<h4 class=\"ace-line heading-h2\" dir=\"auto\" data-node=\"true\"><span data-leaf=\"true\"><span class=\"lb\">Un multitalent pour toutes les occasions<\/span><\/span><span data-string=\"true\" data-enter=\"true\" data-leaf=\"true\">\u200b<\/span><\/h4>\n<div class=\"ace-line list-div\" dir=\"auto\" data-node=\"true\">\n<ul class=\"list-bullet1 r-list r-list-bullet\">\n<li><span data-leaf=\"true\"><span class=\"lb\">F\u00eates du milieu de l'\u00e9t\u00e9<\/span><\/span><span data-leaf=\"true\"><span class=\"lb\">: Un accroche-regard visuel avec sa couleur rouge-pourpre multicouche.<\/span><\/span><span data-string=\"true\" data-enter=\"true\" data-leaf=\"true\">\u200b<\/span><\/li>\n<\/ul>\n<\/div>\n<div class=\"ace-line list-div\" dir=\"auto\" data-node=\"true\">\n<ul class=\"list-bullet1 r-list r-list-bullet\">\n<li><span data-leaf=\"true\"><span class=\"lb\">Refroidissement spontan\u00e9<\/span><\/span><span data-leaf=\"true\"><span class=\"lb\">Parfait pour une petite pause en jardinant ou en se promenant.<\/span><\/span><span data-string=\"true\" data-enter=\"true\" data-leaf=\"true\">\u200b<\/span><\/li>\n<\/ul>\n<\/div>\n<div class=\"ace-line list-div\" dir=\"auto\" data-node=\"true\">\n<ul class=\"list-bullet1 r-list r-list-bullet\">\n<li><span data-leaf=\"true\"><span class=\"lb\">Anniversaires d'enfants<\/span><\/span><span data-leaf=\"true\"><span class=\"lb\">: Un d\u00e9lice v\u00e9g\u00e9talien et \u00e0 teneur r\u00e9duite en sucre que tous les enfants adorent.<\/span><\/span><span data-string=\"true\" data-enter=\"true\" data-leaf=\"true\">\u200b<\/span><\/li>\n<\/ul>\n<\/div>\n<div class=\"ace-line list-div\" dir=\"auto\" data-node=\"true\">\n<ul class=\"list-bullet1 r-list r-list-bullet\">\n<li><span data-leaf=\"true\"><span class=\"lb\">Moments Instagram<\/span><\/span><span data-leaf=\"true\"><span class=\"lb\">: Son aspect color\u00e9 en fait un contenu parfait pour ton flux de m\u00e9dias sociaux.<\/span><\/span><span data-string=\"true\" data-enter=\"true\" data-leaf=\"true\">\u200b<\/span><\/li>\n<\/ul>\n<\/div>\n<h4 class=\"ace-line heading-h2\" dir=\"auto\" data-node=\"true\"><span data-leaf=\"true\"><span class=\"lb\">Qualit\u00e9 et durabilit\u00e9<\/span><\/span><span data-string=\"true\" data-enter=\"true\" data-leaf=\"true\">\u200b<\/span><\/h4>\n<div class=\"ace-line\" dir=\"auto\" data-node=\"true\"><span data-leaf=\"true\"><span class=\"lb\">Nos Ice Pops misent sur :<\/span><\/span><span data-string=\"true\" data-enter=\"true\" data-leaf=\"true\">\u200b<\/span><\/div>\n<div class=\"ace-line list-div\" dir=\"auto\" data-node=\"true\">\n<ul class=\"list-bullet1 r-list r-list-bullet\">\n<li><span data-leaf=\"true\"><span class=\"lb\">100% ingr\u00e9dients naturels<\/span><\/span><span data-leaf=\"true\"><span class=\"lb\">: baies issues de cultures allemandes contr\u00f4l\u00e9es, sans ar\u00f4mes artificiels.<\/span><\/span><span data-string=\"true\" data-enter=\"true\" data-leaf=\"true\">\u200b<\/span><\/li>\n<\/ul>\n<\/div>\n<div class=\"ace-line list-div\" dir=\"auto\" data-node=\"true\">\n<ul class=\"list-bullet1 r-list r-list-bullet\">\n<li><span data-leaf=\"true\"><span class=\"lb\">Emballage durable<\/span><\/span><span data-leaf=\"true\"><span class=\"lb\">: b\u00e2tonnets et enveloppes biod\u00e9gradables.<\/span><\/span><span data-string=\"true\" data-enter=\"true\" data-leaf=\"true\">\u200b<\/span><\/li>\n<\/ul>\n<\/div>\n<div class=\"ace-line list-div\" dir=\"auto\" data-node=\"true\">\n<ul class=\"list-bullet1 r-list r-list-bullet\">\n<li><span data-leaf=\"true\"><span class=\"lb\">R\u00e9duit en sucre<\/span><\/span><span data-leaf=\"true\"><span class=\"lb\">: 30% moins de sucre que les glaci\u00e8res traditionnelles, mais tout de m\u00eame pleines.<\/span><\/span><span data-string=\"true\" data-enter=\"true\" data-leaf=\"true\">\u200b<\/span><\/li>\n<\/ul>\n<\/div>\n<div class=\"ace-line list-div\" dir=\"auto\" data-node=\"true\">\n<ul class=\"list-bullet1 r-list r-list-bullet\">\n<li><span data-leaf=\"true\"><span class=\"lb\">Sans allerg\u00e8nes<\/span><\/span><span data-leaf=\"true\"><span class=\"lb\">: sans lait, sans gluten ni produits \u00e0 base de soja - convient \u00e0 tous ceux qui souhaitent \u00e9viter ces allerg\u00e8nes.<\/span><\/span><\/li>\n<\/ul>\n<h4 class=\"ace-line heading-h2\" dir=\"auto\" data-node=\"true\"><span data-leaf=\"true\"><span class=\"lb\">Faites vos achats maintenant et profitez de l'\u00e9t\u00e9 !<\/span><\/span><span data-string=\"true\" data-enter=\"true\" data-leaf=\"true\">\u200b<\/span><\/h4>\n<div class=\"ace-line\" dir=\"auto\" data-node=\"true\"><span data-leaf=\"true\"><span class=\"lb\">Pourquoi attendre que la chaleur t'assomme ? Remplis ton r\u00e9frig\u00e9rateur de ces d\u00e9licieux ice pops aux baies et pr\u00e9pare-toi une exp\u00e9rience de d\u00e9gustation rafra\u00eechissante chaque jour. D\u00e9couvre comment des fruits naturels et une d\u00e9licieuse fra\u00eecheur forment le m\u00e9lange parfait pour les journ\u00e9es chaudes - un must pour tous ceux qui aiment le fruit\u00e9 pur !<\/span><\/span><\/div>\n<\/div>","protected":false},"excerpt":{"rendered":"<p>Ice Pop Randm Tornado 12000 Vape : une ivresse de baies congel\u00e9es pour les journ\u00e9es chaudes La premi\u00e8re bouch\u00e9e : une explosion d'ar\u00f4mes de baies La premi\u00e8re bouch\u00e9e \u00e0 travers la peau lisse et congel\u00e9e r\u00e9v\u00e8le la douceur intense des fraises. Les fruits rouges juteux rappellent les journ\u00e9es d'\u00e9t\u00e9 ensoleill\u00e9es dans les vergers allemands, suivis par l'intensit\u00e9 bleu profond des framboises. Leur note aigre-douce [...]","protected":false},"featured_media":768,"comment_status":"open","ping_status":"closed","template":"","meta":[],"product_brand":[],"product_cat":[77],"product_tag":[84],"class_list":{"0":"post-763","1":"product","2":"type-product","3":"status-publish","4":"has-post-thumbnail","6":"product_cat-fumot-digital-box-12000","7":"product_tag-puff-12k","9":"first","10":"instock","11":"shipping-taxable","12":"purchasable","13":"product-type-variable"},"yoast_head":"<!-- This site is optimized with the Yoast SEO Premium plugin v24.4 (Yoast SEO v24.8.1) - https:\/\/yoast.com\/wordpress\/plugins\/seo\/ -->\n<title>Ice Pop Randm Tornado 12000 Vape - Tornado Puff<\/title>\n<meta name=\"description\" content=\"Entdecke Ice Pop Randm Tornado 12000 Vape Einweg Vape im Tornado Puff und genie\u00dfe hochwertiges Vape-Erlebnis, eine Auswahl an Nikotin und eine Vielzahl von Geschmacksrichtungen, um deine Vape-Anpassungsreise zu beginnen.\" \/>\n<meta name=\"robots\" content=\"index, follow, max-snippet:-1, max-image-preview:large, max-video-preview:-1\" \/>\n<link rel=\"canonical\" href=\"https:\/\/www.tornadopuff.de\/fr\/product\/fumot-12000-ice-pop\/\" \/>\n<meta property=\"og:locale\" content=\"fr_FR\" \/>\n<meta property=\"og:type\" content=\"article\" \/>\n<meta property=\"og:title\" content=\"Ice Pop Randm Tornado 12000 Vape\" \/>\n<meta property=\"og:description\" content=\"Entdecke Ice Pop Randm Tornado 12000 Vape Einweg Vape im Tornado Puff und genie\u00dfe hochwertiges Vape-Erlebnis, eine Auswahl an Nikotin und eine Vielzahl von Geschmacksrichtungen, um deine Vape-Anpassungsreise zu beginnen.\" \/>\n<meta property=\"og:url\" content=\"https:\/\/www.tornadopuff.de\/fr\/product\/fumot-12000-ice-pop\/\" \/>\n<meta property=\"og:site_name\" content=\"Tornado Puff\" \/>\n<meta property=\"article:modified_time\" content=\"2025-06-22T14:01:15+00:00\" \/>\n<meta property=\"og:image\" content=\"https:\/\/www.tornadopuff.de\/wp-content\/uploads\/2025\/04\/Fumot-Digital-Box-12000-Ice-Pop.jpg\" \/>\n\t<meta property=\"og:image:width\" content=\"2000\" \/>\n\t<meta property=\"og:image:height\" content=\"2000\" \/>\n\t<meta property=\"og:image:type\" content=\"image\/jpeg\" \/>\n<meta name=\"twitter:card\" content=\"summary_large_image\" \/>\n<meta name=\"twitter:label1\" content=\"Disponibilit\u00e9\" \/>\n\t<meta name=\"twitter:data1\" content=\"En stock\" \/>\n<script type=\"application\/ld+json\" class=\"yoast-schema-graph\">{\"@context\":\"https:\/\/schema.org\",\"@graph\":[{\"@type\":\"WebPage\",\"@id\":\"https:\/\/www.tornadopuff.de\/product\/fumot-12000-ice-pop\/\",\"url\":\"https:\/\/www.tornadopuff.de\/product\/fumot-12000-ice-pop\/\",\"name\":\"Ice Pop Randm Tornado 12000 Vape - Tornado Puff\",\"isPartOf\":{\"@id\":\"https:\/\/www.tornadopuff.de\/#website\"},\"primaryImageOfPage\":{\"@id\":\"https:\/\/www.tornadopuff.de\/product\/fumot-12000-ice-pop\/#primaryimage\"},\"image\":{\"@id\":\"https:\/\/www.tornadopuff.de\/product\/fumot-12000-ice-pop\/#primaryimage\"},\"thumbnailUrl\":\"https:\/\/www.tornadopuff.de\/wp-content\/uploads\/2025\/04\/Fumot-Digital-Box-12000-Ice-Pop.jpg\",\"datePublished\":\"2025-04-13T08:53:43+00:00\",\"dateModified\":\"2025-06-22T14:01:15+00:00\",\"description\":\"Entdecke Ice Pop Randm Tornado 12000 Vape Einweg Vape im Tornado Puff und genie\u00dfe hochwertiges Vape-Erlebnis, eine Auswahl an Nikotin und eine Vielzahl von Geschmacksrichtungen, um deine Vape-Anpassungsreise zu beginnen.\",\"breadcrumb\":{\"@id\":\"https:\/\/www.tornadopuff.de\/product\/fumot-12000-ice-pop\/#breadcrumb\"},\"inLanguage\":\"fr-FR\",\"potentialAction\":[{\"@type\":\"ReadAction\",\"target\":[\"https:\/\/www.tornadopuff.de\/product\/fumot-12000-ice-pop\/\"]}]},{\"@type\":\"ImageObject\",\"inLanguage\":\"fr-FR\",\"@id\":\"https:\/\/www.tornadopuff.de\/product\/fumot-12000-ice-pop\/#primaryimage\",\"url\":\"https:\/\/www.tornadopuff.de\/wp-content\/uploads\/2025\/04\/Fumot-Digital-Box-12000-Ice-Pop.jpg\",\"contentUrl\":\"https:\/\/www.tornadopuff.de\/wp-content\/uploads\/2025\/04\/Fumot-Digital-Box-12000-Ice-Pop.jpg\",\"width\":2000,\"height\":2000,\"caption\":\"Fumot Digital Box 12000 Ice Pop\"},{\"@type\":\"BreadcrumbList\",\"@id\":\"https:\/\/www.tornadopuff.de\/product\/fumot-12000-ice-pop\/#breadcrumb\",\"itemListElement\":[{\"@type\":\"ListItem\",\"position\":1,\"name\":\"\u9996\u9875\",\"item\":\"https:\/\/www.tornadopuff.de\/\"},{\"@type\":\"ListItem\",\"position\":2,\"name\":\"Shop\",\"item\":\"https:\/\/www.tornadopuff.de\/shop\/\"},{\"@type\":\"ListItem\",\"position\":3,\"name\":\"Ice Pop Randm Tornado 12000 Vape\"}]},{\"@type\":\"WebSite\",\"@id\":\"https:\/\/www.tornadopuff.de\/#website\",\"url\":\"https:\/\/www.tornadopuff.de\/\",\"name\":\"Tornado Puff\",\"description\":\"Tornado Puff\",\"potentialAction\":[{\"@type\":\"SearchAction\",\"target\":{\"@type\":\"EntryPoint\",\"urlTemplate\":\"https:\/\/www.tornadopuff.de\/?s={search_term_string}\"},\"query-input\":{\"@type\":\"PropertyValueSpecification\",\"valueRequired\":true,\"valueName\":\"search_term_string\"}}],\"inLanguage\":\"fr-FR\"}]}<\/script>\n<meta property=\"og:availability\" content=\"instock\" \/>\n<meta property=\"product:availability\" content=\"instock\" \/>\n<meta property=\"product:retailer_item_id\" content=\"Fumot 12000 Ice Pop\" \/>\n<meta property=\"product:condition\" content=\"new\" \/>\n<!-- \/ Yoast SEO Premium plugin. -->","yoast_head_json":{"title":"Ice Pop Randm Tornado 12000 Vape - Tornado Puff","description":"Entdecke Ice Pop Randm Tornado 12000 Vape Einweg Vape im Tornado Puff und genie\u00dfe hochwertiges Vape-Erlebnis, eine Auswahl an Nikotin und eine Vielzahl von Geschmacksrichtungen, um deine Vape-Anpassungsreise zu beginnen.","robots":{"index":"index","follow":"follow","max-snippet":"max-snippet:-1","max-image-preview":"max-image-preview:large","max-video-preview":"max-video-preview:-1"},"canonical":"https:\/\/www.tornadopuff.de\/fr\/product\/fumot-12000-ice-pop\/","og_locale":"fr_FR","og_type":"article","og_title":"Ice Pop Randm Tornado 12000 Vape","og_description":"Entdecke Ice Pop Randm Tornado 12000 Vape Einweg Vape im Tornado Puff und genie\u00dfe hochwertiges Vape-Erlebnis, eine Auswahl an Nikotin und eine Vielzahl von Geschmacksrichtungen, um deine Vape-Anpassungsreise zu beginnen.","og_url":"https:\/\/www.tornadopuff.de\/fr\/product\/fumot-12000-ice-pop\/","og_site_name":"Tornado Puff","article_modified_time":"2025-06-22T14:01:15+00:00","og_image":[{"width":2000,"height":2000,"url":"https:\/\/www.tornadopuff.de\/wp-content\/uploads\/2025\/04\/Fumot-Digital-Box-12000-Ice-Pop.jpg","type":"image\/jpeg"}],"twitter_card":"summary_large_image","twitter_misc":{"Disponibilit\u00e9":"En stock"},"schema":{"@context":"https:\/\/schema.org","@graph":[{"@type":"WebPage","@id":"https:\/\/www.tornadopuff.de\/product\/fumot-12000-ice-pop\/","url":"https:\/\/www.tornadopuff.de\/product\/fumot-12000-ice-pop\/","name":"Ice Pop Randm Tornado 12000 Vape - Tornado Puff","isPartOf":{"@id":"https:\/\/www.tornadopuff.de\/#website"},"primaryImageOfPage":{"@id":"https:\/\/www.tornadopuff.de\/product\/fumot-12000-ice-pop\/#primaryimage"},"image":{"@id":"https:\/\/www.tornadopuff.de\/product\/fumot-12000-ice-pop\/#primaryimage"},"thumbnailUrl":"https:\/\/www.tornadopuff.de\/wp-content\/uploads\/2025\/04\/Fumot-Digital-Box-12000-Ice-Pop.jpg","datePublished":"2025-04-13T08:53:43+00:00","dateModified":"2025-06-22T14:01:15+00:00","description":"Entdecke Ice Pop Randm Tornado 12000 Vape Einweg Vape im Tornado Puff und genie\u00dfe hochwertiges Vape-Erlebnis, eine Auswahl an Nikotin und eine Vielzahl von Geschmacksrichtungen, um deine Vape-Anpassungsreise zu beginnen.","breadcrumb":{"@id":"https:\/\/www.tornadopuff.de\/product\/fumot-12000-ice-pop\/#breadcrumb"},"inLanguage":"fr-FR","potentialAction":[{"@type":"ReadAction","target":["https:\/\/www.tornadopuff.de\/product\/fumot-12000-ice-pop\/"]}]},{"@type":"ImageObject","inLanguage":"fr-FR","@id":"https:\/\/www.tornadopuff.de\/product\/fumot-12000-ice-pop\/#primaryimage","url":"https:\/\/www.tornadopuff.de\/wp-content\/uploads\/2025\/04\/Fumot-Digital-Box-12000-Ice-Pop.jpg","contentUrl":"https:\/\/www.tornadopuff.de\/wp-content\/uploads\/2025\/04\/Fumot-Digital-Box-12000-Ice-Pop.jpg","width":2000,"height":2000,"caption":"Fumot Digital Box 12000 Ice Pop"},{"@type":"BreadcrumbList","@id":"https:\/\/www.tornadopuff.de\/product\/fumot-12000-ice-pop\/#breadcrumb","itemListElement":[{"@type":"ListItem","position":1,"name":"\u9996\u9875","item":"https:\/\/www.tornadopuff.de\/"},{"@type":"ListItem","position":2,"name":"Shop","item":"https:\/\/www.tornadopuff.de\/shop\/"},{"@type":"ListItem","position":3,"name":"Ice Pop Randm Tornado 12000 Vape"}]},{"@type":"WebSite","@id":"https:\/\/www.tornadopuff.de\/#website","url":"https:\/\/www.tornadopuff.de\/","name":"Tornado Puff","description":"Tornado Puff","potentialAction":[{"@type":"SearchAction","target":{"@type":"EntryPoint","urlTemplate":"https:\/\/www.tornadopuff.de\/?s={search_term_string}"},"query-input":{"@type":"PropertyValueSpecification","valueRequired":true,"valueName":"search_term_string"}}],"inLanguage":"fr-FR"}]},"og_availability":"instock","product_availability":"instock","product_retailer_item_id":"Fumot 12000 Ice Pop","product_condition":"new"},"_links":{"self":[{"href":"https:\/\/www.tornadopuff.de\/fr\/wp-json\/wp\/v2\/product\/763","targetHints":{"allow":["GET"]}}],"collection":[{"href":"https:\/\/www.tornadopuff.de\/fr\/wp-json\/wp\/v2\/product"}],"about":[{"href":"https:\/\/www.tornadopuff.de\/fr\/wp-json\/wp\/v2\/types\/product"}],"replies":[{"embeddable":true,"href":"https:\/\/www.tornadopuff.de\/fr\/wp-json\/wp\/v2\/comments?post=763"}],"wp:featuredmedia":[{"embeddable":true,"href":"https:\/\/www.tornadopuff.de\/fr\/wp-json\/wp\/v2\/media\/768"}],"wp:attachment":[{"href":"https:\/\/www.tornadopuff.de\/fr\/wp-json\/wp\/v2\/media?parent=763"}],"wp:term":[{"taxonomy":"product_brand","embeddable":true,"href":"https:\/\/www.tornadopuff.de\/fr\/wp-json\/wp\/v2\/product_brand?post=763"},{"taxonomy":"product_cat","embeddable":true,"href":"https:\/\/www.tornadopuff.de\/fr\/wp-json\/wp\/v2\/product_cat?post=763"},{"taxonomy":"product_tag","embeddable":true,"href":"https:\/\/www.tornadopuff.de\/fr\/wp-json\/wp\/v2\/product_tag?post=763"}],"curies":[{"name":"wp","href":"https:\/\/api.w.org\/{rel}","templated":true}]}}