{"id":629,"date":"2025-04-13T08:32:47","date_gmt":"2025-04-13T06:32:47","guid":{"rendered":"https:\/\/www.tornadopuff.de\/?post_type=product&#038;p=629"},"modified":"2025-06-22T16:02:25","modified_gmt":"2025-06-22T14:02:25","slug":"randm-tornado-15000-blueberry-pomegranate","status":"publish","type":"product","link":"https:\/\/www.tornadopuff.de\/fr\/product\/randm-tornado-15000-blueberry-pomegranate\/","title":{"rendered":"Blueberry Pomegranate Randm Vape 15000 Puffs"},"content":{"rendered":"<h2 class=\"ace-line heading-h1\" dir=\"auto\" data-node=\"true\"><span data-leaf=\"true\"><span class=\"lb\">Blueberry Pomegranate <a href=\"https:\/\/www.tornadopuff.de\/fr\/product-category\/randm-tornado-15000\/\">Randm Vape 15000<\/a> Puffs : une exp\u00e9rience gustative divine aux baies et \u00e0 la pom\u00e9lo<\/span><\/span><span data-string=\"true\" data-enter=\"true\" data-leaf=\"true\">\u200b<\/span><\/h2>\n<h4 class=\"ace-line heading-h2\" dir=\"auto\" data-node=\"true\"><span data-leaf=\"true\"><span class=\"lb\">\ud83c\udf47\ud83c\udf52 Pourquoi tout le monde cherche-t-il Blueberry Pomegranate dans les moteurs de recherche ?<\/span><\/span><span data-string=\"true\" data-enter=\"true\" data-leaf=\"true\">\u200b<\/span><\/h4>\n<div class=\"ace-line\" dir=\"auto\" data-node=\"true\"><span data-leaf=\"true\"><span class=\"lb\">Blueberry Pomegranate est l'un des ar\u00f4mes de fruits les plus populaires. L'association incomparable de la douceur profonde et intense de la framboise et de la note fra\u00eeche et juteuse de la grenade en fait un must pour tous ceux qui recherchent une exp\u00e9rience gustative vari\u00e9e et riche en ar\u00f4mes. Dans les moteurs de recherche comme Google, les demandes de recherche augmentent chaque jour, et il y a une bonne raison \u00e0 cela ! Cette combinaison allie le fruit\u00e9 des framboises m\u00fbres et la note exotique de la grenade pour cr\u00e9er une exp\u00e9rience gustative unique qui stimule les sens au plus haut niveau.<\/span><\/span><span data-string=\"true\" data-enter=\"true\" data-leaf=\"true\">\u200b<\/span><\/div>\n<h4 class=\"ace-line heading-h2\" dir=\"auto\" data-node=\"true\"><span data-leaf=\"true\"><span class=\"lb\">\ud83c\udf47 Le premier coup : la douceur intense de la framboise<\/span><\/span><span data-string=\"true\" data-enter=\"true\" data-leaf=\"true\">\u200b<\/span><\/h4>\n<div class=\"ace-line\" dir=\"auto\" data-node=\"true\"><span data-leaf=\"true\"><span class=\"lb\">D\u00e8s la premi\u00e8re bouff\u00e9e de Blueberry Pomegranate, c'est comme si tu mordais dans une framboise bien m\u00fbre et dor\u00e9e par le soleil \ud83c\udf47. Le fruit d'un violet profond d\u00e9ploie sa douceur cors\u00e9e sur ton palais. Les ar\u00f4mes parfum\u00e9s du jus de framboise se m\u00ealent \u00e0 une subtile acidit\u00e9 qui \u00e9quilibre parfaitement la douceur. Les fines particules dans le go\u00fbt lui conf\u00e8rent une note textur\u00e9e qui donne l'impression de manger r\u00e9ellement des framboises fra\u00eeches. La douceur de la framboise est intense, mais pas excessive - elle rappelle la fra\u00eecheur naturelle d'un matin dans un jardin de framboises.<\/span><\/span><span data-string=\"true\" data-enter=\"true\" data-leaf=\"true\">\u200b<\/span><\/div>\n<h4 class=\"ace-line heading-h2\" dir=\"auto\" data-node=\"true\"><span data-leaf=\"true\"><span class=\"lb\">\ud83c\udf52 Le deuxi\u00e8me trait : la note fra\u00eeche de grenade<\/span><\/span><span data-string=\"true\" data-enter=\"true\" data-leaf=\"true\">\u200b<\/span><\/h4>\n<div class=\"ace-line\" dir=\"auto\" data-node=\"true\"><span data-leaf=\"true\"><span class=\"lb\">Ensuite, la note fra\u00eeche et juteuse de la grenade frappe ton palais \ud83c\udf52. Contrairement aux m\u00e9langes de fruits traditionnels, cette note donne l'impression d'une brise fruit\u00e9e et exotique qui rel\u00e8ve le go\u00fbt sucr\u00e9 de la framboise. Les grenades apportent une acidit\u00e9 intense et un fruit\u00e9 inimitable. Leurs grains juteux d\u00e9ploient une riche palette aromatique qui rappelle les paysages ensoleill\u00e9s des vergers de grenadiers. L'acidit\u00e9 des grenades n'appara\u00eet pas soudainement, mais se d\u00e9veloppe graduellement pour cr\u00e9er une saveur \u00e9quilibr\u00e9e.<\/span><\/span><span data-string=\"true\" data-enter=\"true\" data-leaf=\"true\">\u200b<\/span><\/div>\n<h4 class=\"ace-line heading-h2\" dir=\"auto\" data-node=\"true\"><span data-leaf=\"true\"><span class=\"lb\">\ud83c\udf1f L'\u00e9quilibre parfait : une exp\u00e9rience gustative symphonique<\/span><\/span><span data-string=\"true\" data-enter=\"true\" data-leaf=\"true\">\u200b<\/span><\/h4>\n<div class=\"ace-line\" dir=\"auto\" data-node=\"true\"><span data-leaf=\"true\"><span class=\"lb\">Le miracle de Blueberry Pomegranate r\u00e9side dans l'harmonisation exacte des framboises et des grenades. La framboise offre des profondeurs fruit\u00e9es et une douceur intense, tandis que la note de grenade fournit une dynamique vivante et un niveau d'acidit\u00e9 rafra\u00eechissant. L'arri\u00e8re-go\u00fbt laisse une agr\u00e9able saveur fruit\u00e9e et sucr\u00e9e qui persiste longtemps en bouche et t'incite \u00e0 tirer une autre bouff\u00e9e. La combinaison de la douceur intense de la framboise et de la note fra\u00eeche de la grenade fait de Blueberry Pomegranate un v\u00e9ritable r\u00e9gal pour le palais.<\/span><\/span><\/div>","protected":false},"excerpt":{"rendered":"<p>Blueberry Pomegranate Randm Vape 15000 Puffs: Ein himmlischer Beeren-Pomegranate-Geschmackserlebnis\u200b \ud83c\udf47\ud83c\udf52 Warum durchsucht jeder die Suchmaschinen nach Blueberry Pomegranate?\u200b Blueberry Pomegranate geh\u00f6rt zu den am popul\u00e4rsten gesuchten Fruchtgeschmacksrichtungen. Die unvergleichliche Verbindung aus der tiefen, intensiven Himbeers\u00fc\u00dfe und der frischen, saftigen Granatapfelnote macht es zu einem Muss f\u00fcr alle, die ein abwechslungsreiches und aromatisch reichhaltiges Geschmackserlebnis suchen. [&#8230;]","protected":false},"featured_media":634,"comment_status":"open","ping_status":"closed","template":"","meta":[],"product_brand":[],"product_cat":[76],"product_tag":[82],"class_list":{"0":"post-629","1":"product","2":"type-product","3":"status-publish","4":"has-post-thumbnail","6":"product_cat-randm-tornado-15000","7":"product_tag-puff-15k","9":"first","10":"instock","11":"shipping-taxable","12":"purchasable","13":"product-type-variable"},"yoast_head":"<!-- This site is optimized with the Yoast SEO Premium plugin v24.4 (Yoast SEO v24.8.1) - https:\/\/yoast.com\/wordpress\/plugins\/seo\/ -->\n<title>Blueberry Pomegranate Randm Vape 15000 Puffs - Tornado Puff<\/title>\n<meta name=\"description\" content=\"Entdecke Blueberry Pomegranate Randm Vape 15000 Puffs Einweg Vape im Tornado Puff und genie\u00dfe hochwertiges Vape-Erlebnis, eine Auswahl an Nikotin und eine Vielzahl von Geschmacksrichtungen, um deine Vape-Anpassungsreise zu beginnen.\" \/>\n<meta name=\"robots\" content=\"index, follow, max-snippet:-1, max-image-preview:large, max-video-preview:-1\" \/>\n<link rel=\"canonical\" href=\"https:\/\/www.tornadopuff.de\/fr\/product\/randm-tornado-15000-blueberry-pomegranate\/\" \/>\n<meta property=\"og:locale\" content=\"fr_FR\" \/>\n<meta property=\"og:type\" content=\"article\" \/>\n<meta property=\"og:title\" content=\"Blueberry Pomegranate Randm Vape 15000 Puffs\" \/>\n<meta property=\"og:description\" content=\"Entdecke Blueberry Pomegranate Randm Vape 15000 Puffs Einweg Vape im Tornado Puff und genie\u00dfe hochwertiges Vape-Erlebnis, eine Auswahl an Nikotin und eine Vielzahl von Geschmacksrichtungen, um deine Vape-Anpassungsreise zu beginnen.\" \/>\n<meta property=\"og:url\" content=\"https:\/\/www.tornadopuff.de\/fr\/product\/randm-tornado-15000-blueberry-pomegranate\/\" \/>\n<meta property=\"og:site_name\" content=\"Tornado Puff\" \/>\n<meta property=\"article:modified_time\" content=\"2025-06-22T14:02:25+00:00\" \/>\n<meta property=\"og:image\" content=\"https:\/\/www.tornadopuff.de\/wp-content\/uploads\/2025\/04\/RandM-Tornado-vape-15K-Blueberry-Pomegranate-1.jpg\" \/>\n\t<meta property=\"og:image:width\" content=\"2000\" \/>\n\t<meta property=\"og:image:height\" content=\"2000\" \/>\n\t<meta property=\"og:image:type\" content=\"image\/jpeg\" \/>\n<meta name=\"twitter:card\" content=\"summary_large_image\" \/>\n<meta name=\"twitter:label1\" content=\"Disponibilit\u00e9\" \/>\n\t<meta name=\"twitter:data1\" content=\"En stock\" \/>\n<script type=\"application\/ld+json\" class=\"yoast-schema-graph\">{\"@context\":\"https:\/\/schema.org\",\"@graph\":[{\"@type\":\"WebPage\",\"@id\":\"https:\/\/www.tornadopuff.de\/product\/randm-tornado-15000-blueberry-pomegranate\/\",\"url\":\"https:\/\/www.tornadopuff.de\/product\/randm-tornado-15000-blueberry-pomegranate\/\",\"name\":\"Blueberry Pomegranate Randm Vape 15000 Puffs - Tornado Puff\",\"isPartOf\":{\"@id\":\"https:\/\/www.tornadopuff.de\/#website\"},\"primaryImageOfPage\":{\"@id\":\"https:\/\/www.tornadopuff.de\/product\/randm-tornado-15000-blueberry-pomegranate\/#primaryimage\"},\"image\":{\"@id\":\"https:\/\/www.tornadopuff.de\/product\/randm-tornado-15000-blueberry-pomegranate\/#primaryimage\"},\"thumbnailUrl\":\"https:\/\/www.tornadopuff.de\/wp-content\/uploads\/2025\/04\/RandM-Tornado-vape-15K-Blueberry-Pomegranate-1.jpg\",\"datePublished\":\"2025-04-13T06:32:47+00:00\",\"dateModified\":\"2025-06-22T14:02:25+00:00\",\"description\":\"Entdecke Blueberry Pomegranate Randm Vape 15000 Puffs Einweg Vape im Tornado Puff und genie\u00dfe hochwertiges Vape-Erlebnis, eine Auswahl an Nikotin und eine Vielzahl von Geschmacksrichtungen, um deine Vape-Anpassungsreise zu beginnen.\",\"breadcrumb\":{\"@id\":\"https:\/\/www.tornadopuff.de\/product\/randm-tornado-15000-blueberry-pomegranate\/#breadcrumb\"},\"inLanguage\":\"fr-FR\",\"potentialAction\":[{\"@type\":\"ReadAction\",\"target\":[\"https:\/\/www.tornadopuff.de\/product\/randm-tornado-15000-blueberry-pomegranate\/\"]}]},{\"@type\":\"ImageObject\",\"inLanguage\":\"fr-FR\",\"@id\":\"https:\/\/www.tornadopuff.de\/product\/randm-tornado-15000-blueberry-pomegranate\/#primaryimage\",\"url\":\"https:\/\/www.tornadopuff.de\/wp-content\/uploads\/2025\/04\/RandM-Tornado-vape-15K-Blueberry-Pomegranate-1.jpg\",\"contentUrl\":\"https:\/\/www.tornadopuff.de\/wp-content\/uploads\/2025\/04\/RandM-Tornado-vape-15K-Blueberry-Pomegranate-1.jpg\",\"width\":2000,\"height\":2000,\"caption\":\"Randm Tornado Vape 15k Blueberry Pomegranate\"},{\"@type\":\"BreadcrumbList\",\"@id\":\"https:\/\/www.tornadopuff.de\/product\/randm-tornado-15000-blueberry-pomegranate\/#breadcrumb\",\"itemListElement\":[{\"@type\":\"ListItem\",\"position\":1,\"name\":\"\u9996\u9875\",\"item\":\"https:\/\/www.tornadopuff.de\/\"},{\"@type\":\"ListItem\",\"position\":2,\"name\":\"Shop\",\"item\":\"https:\/\/www.tornadopuff.de\/shop\/\"},{\"@type\":\"ListItem\",\"position\":3,\"name\":\"Blueberry Pomegranate Randm Vape 15000 Puffs\"}]},{\"@type\":\"WebSite\",\"@id\":\"https:\/\/www.tornadopuff.de\/#website\",\"url\":\"https:\/\/www.tornadopuff.de\/\",\"name\":\"Tornado Puff\",\"description\":\"Tornado Puff\",\"potentialAction\":[{\"@type\":\"SearchAction\",\"target\":{\"@type\":\"EntryPoint\",\"urlTemplate\":\"https:\/\/www.tornadopuff.de\/?s={search_term_string}\"},\"query-input\":{\"@type\":\"PropertyValueSpecification\",\"valueRequired\":true,\"valueName\":\"search_term_string\"}}],\"inLanguage\":\"fr-FR\"}]}<\/script>\n<meta property=\"og:availability\" content=\"instock\" \/>\n<meta property=\"product:availability\" content=\"instock\" \/>\n<meta property=\"product:retailer_item_id\" content=\"RandM Tornado 15000 Blueberry Pomegranate\" \/>\n<meta property=\"product:condition\" content=\"new\" \/>\n<!-- \/ Yoast SEO Premium plugin. -->","yoast_head_json":{"title":"Blueberry Pomegranate Randm Vape 15000 Puffs - Tornado Puff","description":"Entdecke Blueberry Pomegranate Randm Vape 15000 Puffs Einweg Vape im Tornado Puff und genie\u00dfe hochwertiges Vape-Erlebnis, eine Auswahl an Nikotin und eine Vielzahl von Geschmacksrichtungen, um deine Vape-Anpassungsreise zu beginnen.","robots":{"index":"index","follow":"follow","max-snippet":"max-snippet:-1","max-image-preview":"max-image-preview:large","max-video-preview":"max-video-preview:-1"},"canonical":"https:\/\/www.tornadopuff.de\/fr\/product\/randm-tornado-15000-blueberry-pomegranate\/","og_locale":"fr_FR","og_type":"article","og_title":"Blueberry Pomegranate Randm Vape 15000 Puffs","og_description":"Entdecke Blueberry Pomegranate Randm Vape 15000 Puffs Einweg Vape im Tornado Puff und genie\u00dfe hochwertiges Vape-Erlebnis, eine Auswahl an Nikotin und eine Vielzahl von Geschmacksrichtungen, um deine Vape-Anpassungsreise zu beginnen.","og_url":"https:\/\/www.tornadopuff.de\/fr\/product\/randm-tornado-15000-blueberry-pomegranate\/","og_site_name":"Tornado Puff","article_modified_time":"2025-06-22T14:02:25+00:00","og_image":[{"width":2000,"height":2000,"url":"https:\/\/www.tornadopuff.de\/wp-content\/uploads\/2025\/04\/RandM-Tornado-vape-15K-Blueberry-Pomegranate-1.jpg","type":"image\/jpeg"}],"twitter_card":"summary_large_image","twitter_misc":{"Disponibilit\u00e9":"En stock"},"schema":{"@context":"https:\/\/schema.org","@graph":[{"@type":"WebPage","@id":"https:\/\/www.tornadopuff.de\/product\/randm-tornado-15000-blueberry-pomegranate\/","url":"https:\/\/www.tornadopuff.de\/product\/randm-tornado-15000-blueberry-pomegranate\/","name":"Blueberry Pomegranate Randm Vape 15000 Puffs - Tornado Puff","isPartOf":{"@id":"https:\/\/www.tornadopuff.de\/#website"},"primaryImageOfPage":{"@id":"https:\/\/www.tornadopuff.de\/product\/randm-tornado-15000-blueberry-pomegranate\/#primaryimage"},"image":{"@id":"https:\/\/www.tornadopuff.de\/product\/randm-tornado-15000-blueberry-pomegranate\/#primaryimage"},"thumbnailUrl":"https:\/\/www.tornadopuff.de\/wp-content\/uploads\/2025\/04\/RandM-Tornado-vape-15K-Blueberry-Pomegranate-1.jpg","datePublished":"2025-04-13T06:32:47+00:00","dateModified":"2025-06-22T14:02:25+00:00","description":"Entdecke Blueberry Pomegranate Randm Vape 15000 Puffs Einweg Vape im Tornado Puff und genie\u00dfe hochwertiges Vape-Erlebnis, eine Auswahl an Nikotin und eine Vielzahl von Geschmacksrichtungen, um deine Vape-Anpassungsreise zu beginnen.","breadcrumb":{"@id":"https:\/\/www.tornadopuff.de\/product\/randm-tornado-15000-blueberry-pomegranate\/#breadcrumb"},"inLanguage":"fr-FR","potentialAction":[{"@type":"ReadAction","target":["https:\/\/www.tornadopuff.de\/product\/randm-tornado-15000-blueberry-pomegranate\/"]}]},{"@type":"ImageObject","inLanguage":"fr-FR","@id":"https:\/\/www.tornadopuff.de\/product\/randm-tornado-15000-blueberry-pomegranate\/#primaryimage","url":"https:\/\/www.tornadopuff.de\/wp-content\/uploads\/2025\/04\/RandM-Tornado-vape-15K-Blueberry-Pomegranate-1.jpg","contentUrl":"https:\/\/www.tornadopuff.de\/wp-content\/uploads\/2025\/04\/RandM-Tornado-vape-15K-Blueberry-Pomegranate-1.jpg","width":2000,"height":2000,"caption":"Randm Tornado Vape 15k Blueberry Pomegranate"},{"@type":"BreadcrumbList","@id":"https:\/\/www.tornadopuff.de\/product\/randm-tornado-15000-blueberry-pomegranate\/#breadcrumb","itemListElement":[{"@type":"ListItem","position":1,"name":"\u9996\u9875","item":"https:\/\/www.tornadopuff.de\/"},{"@type":"ListItem","position":2,"name":"Shop","item":"https:\/\/www.tornadopuff.de\/shop\/"},{"@type":"ListItem","position":3,"name":"Blueberry Pomegranate Randm Vape 15000 Puffs"}]},{"@type":"WebSite","@id":"https:\/\/www.tornadopuff.de\/#website","url":"https:\/\/www.tornadopuff.de\/","name":"Tornado Puff","description":"Tornado Puff","potentialAction":[{"@type":"SearchAction","target":{"@type":"EntryPoint","urlTemplate":"https:\/\/www.tornadopuff.de\/?s={search_term_string}"},"query-input":{"@type":"PropertyValueSpecification","valueRequired":true,"valueName":"search_term_string"}}],"inLanguage":"fr-FR"}]},"og_availability":"instock","product_availability":"instock","product_retailer_item_id":"RandM Tornado 15000 Blueberry Pomegranate","product_condition":"new"},"_links":{"self":[{"href":"https:\/\/www.tornadopuff.de\/fr\/wp-json\/wp\/v2\/product\/629","targetHints":{"allow":["GET"]}}],"collection":[{"href":"https:\/\/www.tornadopuff.de\/fr\/wp-json\/wp\/v2\/product"}],"about":[{"href":"https:\/\/www.tornadopuff.de\/fr\/wp-json\/wp\/v2\/types\/product"}],"replies":[{"embeddable":true,"href":"https:\/\/www.tornadopuff.de\/fr\/wp-json\/wp\/v2\/comments?post=629"}],"wp:featuredmedia":[{"embeddable":true,"href":"https:\/\/www.tornadopuff.de\/fr\/wp-json\/wp\/v2\/media\/634"}],"wp:attachment":[{"href":"https:\/\/www.tornadopuff.de\/fr\/wp-json\/wp\/v2\/media?parent=629"}],"wp:term":[{"taxonomy":"product_brand","embeddable":true,"href":"https:\/\/www.tornadopuff.de\/fr\/wp-json\/wp\/v2\/product_brand?post=629"},{"taxonomy":"product_cat","embeddable":true,"href":"https:\/\/www.tornadopuff.de\/fr\/wp-json\/wp\/v2\/product_cat?post=629"},{"taxonomy":"product_tag","embeddable":true,"href":"https:\/\/www.tornadopuff.de\/fr\/wp-json\/wp\/v2\/product_tag?post=629"}],"curies":[{"name":"wp","href":"https:\/\/api.w.org\/{rel}","templated":true}]}}