{"id":601,"date":"2025-04-13T08:24:16","date_gmt":"2025-04-13T06:24:16","guid":{"rendered":"https:\/\/www.tornadopuff.de\/?post_type=product&#038;p=601"},"modified":"2025-06-22T16:02:27","modified_gmt":"2025-06-22T14:02:27","slug":"randm-tornado-15000-berry-lemonade","status":"publish","type":"product","link":"https:\/\/www.tornadopuff.de\/fr\/product\/randm-tornado-15000-berry-lemonade\/","title":{"rendered":"Berry Lemonade RandM Tornado Vape 15000"},"content":{"rendered":"<h2 class=\"ace-line heading-h1\" dir=\"auto\" data-node=\"true\"><span data-leaf=\"true\"><span class=\"lb\">Berry Lemonade RandM <a href=\"https:\/\/www.tornadopuff.de\/fr\/product-category\/randm-tornado-15000\/\">Tornado Vape 15000<\/a>Une boisson aux fruits rafra\u00eechissante pour tous les jours<\/span><\/span><span data-string=\"true\" data-enter=\"true\" data-leaf=\"true\">\u200b<\/span><\/h2>\n<h4 class=\"ace-line heading-h2\" dir=\"auto\" data-node=\"true\"><span data-leaf=\"true\"><span class=\"lb\">\ud83c\udf53\ud83c\udf4b Pourquoi tout le monde cherche-t-il Berry Lemonade dans les moteurs de recherche ?<\/span><\/span><span data-string=\"true\" data-enter=\"true\" data-leaf=\"true\">\u200b<\/span><\/h4>\n<div class=\"ace-line\" dir=\"auto\" data-node=\"true\"><span data-leaf=\"true\"><span class=\"lb\">Berry Lemonade fait partie des boissons aux fruits les plus populaires. L'association incomparable de la douceur fruit\u00e9e des baies et de l'acidit\u00e9 fra\u00eeche du citron en fait un must pour tous ceux qui recherchent un m\u00e9lange de boissons vari\u00e9es et rafra\u00eechissantes. Dans les moteurs de recherche comme Google, les demandes de recherche augmentent chaque jour, et il y a une raison \u00e0 cela ! Cette boisson associe le fruit\u00e9 naturel des fraises, des framboises et des m\u00fbres \u00e0 la fra\u00eecheur vive des citrons pour cr\u00e9er une exp\u00e9rience gustative unique qui stimule les sens et ravit le palais.<\/span><\/span><span data-string=\"true\" data-enter=\"true\" data-leaf=\"true\">\u200b<\/span><\/div>\n<h4 class=\"ace-line heading-h2\" dir=\"auto\" data-node=\"true\"><span data-leaf=\"true\"><span class=\"lb\">\ud83c\udf53 La premi\u00e8re gorg\u00e9e : le fruit\u00e9 intense des baies<\/span><\/span><span data-string=\"true\" data-enter=\"true\" data-leaf=\"true\">\u200b<\/span><\/h4>\n<div class=\"ace-line\" dir=\"auto\" data-node=\"true\"><span data-leaf=\"true\"><span class=\"lb\">D\u00e8s la premi\u00e8re gorg\u00e9e de Berry Lemonade, c'est comme si tu mordais dans un bol de baies fra\u00eeches tri\u00e9es \u00e0 la main \ud83c\udf53. Les fraises d'un rouge profond d\u00e9voilent leur douceur juteuse, tandis que les framboises divines fournissent une d\u00e9licate base acide. Les m\u00fbres ajoutent une note intense, presque \u00e2pre, qui donne l'impression de se trouver r\u00e9ellement dans un champ de baies allemandes, o\u00f9 les fruits m\u00fbrs et juteux brillent au soleil. Les fines particules dans le go\u00fbt lui donnent une note textur\u00e9e, comme si tu cueillais les baies directement dans le jardin.<\/span><\/span><span data-string=\"true\" data-enter=\"true\" data-leaf=\"true\">\u200b<\/span><\/div>\n<h4 class=\"ace-line heading-h2\" dir=\"auto\" data-node=\"true\"><span data-leaf=\"true\"><span class=\"lb\">\ud83c\udf4b La deuxi\u00e8me gorg\u00e9e : la plaine de citron fra\u00eeche<\/span><\/span><span data-string=\"true\" data-enter=\"true\" data-leaf=\"true\">\u200b<\/span><\/h4>\n<div class=\"ace-line\" dir=\"auto\" data-node=\"true\"><span data-leaf=\"true\"><span class=\"lb\">Ensuite, l'acidit\u00e9 vive des citrons frais frappe ton palais \ud83c\udf4b. Les citrons apportent une vague rafra\u00eechissante qui rehausse le fruit\u00e9 intense des baies. L'acidit\u00e9 \u00e9volue graduellement - d'une d\u00e9licate note initiale \u00e0 une magnifique vague de fra\u00eecheur qui interpelle le palais sans \u00eatre excessive. Les ar\u00f4mes parfum\u00e9s du zeste de citron rappellent la fra\u00eecheur d'un jour d'\u00e9t\u00e9 lorsqu'on coupe un citron frais.<\/span><\/span><\/div>\n<div dir=\"auto\" data-node=\"true\">\n<h4 class=\"ace-line heading-h2\" dir=\"auto\" data-node=\"true\"><span data-leaf=\"true\"><span class=\"lb\">\ud83c\udf1f L'\u00e9quilibre parfait : un jeu aromatique symphonique<\/span><\/span><span data-string=\"true\" data-enter=\"true\" data-leaf=\"true\">\u200b<\/span><\/h4>\n<div class=\"ace-line\" dir=\"auto\" data-node=\"true\"><span data-leaf=\"true\"><span class=\"lb\">Le miracle de Berry Lemonade r\u00e9side dans l'harmonisation exacte des baies et des citrons. Les baies apportent une douceur et un fruit\u00e9 profonds, tandis que les citrons fournissent un niveau d'acidit\u00e9 vif et une fra\u00eecheur rafra\u00eechissante. L'arri\u00e8re-go\u00fbt laisse un go\u00fbt agr\u00e9able \u00e0 plusieurs couches qui persiste longtemps en bouche - un d\u00e9fil\u00e9 de douceur, d'acidit\u00e9 et de fruit\u00e9 qui s'unissent en un tout homog\u00e8ne.<\/span><\/span><\/div>\n<\/div>","protected":false},"excerpt":{"rendered":"<p>Berry Lemonade RandM Tornado Vape 15000 : une boisson aux fruits rafra\u00eechissante pour tous les jours \ud83c\udf53\ud83c\udf4b Pourquoi tout le monde recherche-t-il Berry Lemonade sur les moteurs de recherche ? Berry Lemonade fait partie des boissons aux fruits les plus populaires. L'association incomparable de la douceur fruit\u00e9e des baies et de l'acidit\u00e9 fra\u00eeche du citron en fait un must pour tous ceux qui veulent varier [...].","protected":false},"featured_media":607,"comment_status":"open","ping_status":"closed","template":"","meta":[],"product_brand":[],"product_cat":[76],"product_tag":[82],"class_list":{"0":"post-601","1":"product","2":"type-product","3":"status-publish","4":"has-post-thumbnail","6":"product_cat-randm-tornado-15000","7":"product_tag-puff-15k","9":"first","10":"instock","11":"shipping-taxable","12":"purchasable","13":"product-type-variable"},"yoast_head":"<!-- This site is optimized with the Yoast SEO Premium plugin v24.4 (Yoast SEO v24.8.1) - https:\/\/yoast.com\/wordpress\/plugins\/seo\/ -->\n<title>Berry Lemonade RandM Tornado Vape 15000 - Tornado Puff<\/title>\n<meta name=\"description\" content=\"Entdecke Berry Lemonade RandM Tornado Vape 15000 Einweg Vape im Tornado Puff und genie\u00dfe hochwertiges Vape-Erlebnis, eine Auswahl an Nikotin und eine Vielzahl von Geschmacksrichtungen, um deine Vape-Anpassungsreise zu beginnen.\" \/>\n<meta name=\"robots\" content=\"index, follow, max-snippet:-1, max-image-preview:large, max-video-preview:-1\" \/>\n<link rel=\"canonical\" href=\"https:\/\/www.tornadopuff.de\/fr\/product\/randm-tornado-15000-berry-lemonade\/\" \/>\n<meta property=\"og:locale\" content=\"fr_FR\" \/>\n<meta property=\"og:type\" content=\"article\" \/>\n<meta property=\"og:title\" content=\"Berry Lemonade RandM Tornado Vape 15000\" \/>\n<meta property=\"og:description\" content=\"Entdecke Berry Lemonade RandM Tornado Vape 15000 Einweg Vape im Tornado Puff und genie\u00dfe hochwertiges Vape-Erlebnis, eine Auswahl an Nikotin und eine Vielzahl von Geschmacksrichtungen, um deine Vape-Anpassungsreise zu beginnen.\" \/>\n<meta property=\"og:url\" content=\"https:\/\/www.tornadopuff.de\/fr\/product\/randm-tornado-15000-berry-lemonade\/\" \/>\n<meta property=\"og:site_name\" content=\"Tornado Puff\" \/>\n<meta property=\"article:modified_time\" content=\"2025-06-22T14:02:27+00:00\" \/>\n<meta property=\"og:image\" content=\"https:\/\/www.tornadopuff.de\/wp-content\/uploads\/2025\/04\/RandM-Tornado-vape-15K-Berry-Lemonade-1.jpg\" \/>\n\t<meta property=\"og:image:width\" content=\"2000\" \/>\n\t<meta property=\"og:image:height\" content=\"2000\" \/>\n\t<meta property=\"og:image:type\" content=\"image\/jpeg\" \/>\n<meta name=\"twitter:card\" content=\"summary_large_image\" \/>\n<meta name=\"twitter:label1\" content=\"Disponibilit\u00e9\" \/>\n\t<meta name=\"twitter:data1\" content=\"En stock\" \/>\n<script type=\"application\/ld+json\" class=\"yoast-schema-graph\">{\"@context\":\"https:\/\/schema.org\",\"@graph\":[{\"@type\":\"WebPage\",\"@id\":\"https:\/\/www.tornadopuff.de\/product\/randm-tornado-15000-berry-lemonade\/\",\"url\":\"https:\/\/www.tornadopuff.de\/product\/randm-tornado-15000-berry-lemonade\/\",\"name\":\"Berry Lemonade RandM Tornado Vape 15000 - Tornado Puff\",\"isPartOf\":{\"@id\":\"https:\/\/www.tornadopuff.de\/#website\"},\"primaryImageOfPage\":{\"@id\":\"https:\/\/www.tornadopuff.de\/product\/randm-tornado-15000-berry-lemonade\/#primaryimage\"},\"image\":{\"@id\":\"https:\/\/www.tornadopuff.de\/product\/randm-tornado-15000-berry-lemonade\/#primaryimage\"},\"thumbnailUrl\":\"https:\/\/www.tornadopuff.de\/wp-content\/uploads\/2025\/04\/RandM-Tornado-vape-15K-Berry-Lemonade-1.jpg\",\"datePublished\":\"2025-04-13T06:24:16+00:00\",\"dateModified\":\"2025-06-22T14:02:27+00:00\",\"description\":\"Entdecke Berry Lemonade RandM Tornado Vape 15000 Einweg Vape im Tornado Puff und genie\u00dfe hochwertiges Vape-Erlebnis, eine Auswahl an Nikotin und eine Vielzahl von Geschmacksrichtungen, um deine Vape-Anpassungsreise zu beginnen.\",\"breadcrumb\":{\"@id\":\"https:\/\/www.tornadopuff.de\/product\/randm-tornado-15000-berry-lemonade\/#breadcrumb\"},\"inLanguage\":\"fr-FR\",\"potentialAction\":[{\"@type\":\"ReadAction\",\"target\":[\"https:\/\/www.tornadopuff.de\/product\/randm-tornado-15000-berry-lemonade\/\"]}]},{\"@type\":\"ImageObject\",\"inLanguage\":\"fr-FR\",\"@id\":\"https:\/\/www.tornadopuff.de\/product\/randm-tornado-15000-berry-lemonade\/#primaryimage\",\"url\":\"https:\/\/www.tornadopuff.de\/wp-content\/uploads\/2025\/04\/RandM-Tornado-vape-15K-Berry-Lemonade-1.jpg\",\"contentUrl\":\"https:\/\/www.tornadopuff.de\/wp-content\/uploads\/2025\/04\/RandM-Tornado-vape-15K-Berry-Lemonade-1.jpg\",\"width\":2000,\"height\":2000,\"caption\":\"Randm Tornado Vape 15k Berry Lemonade\"},{\"@type\":\"BreadcrumbList\",\"@id\":\"https:\/\/www.tornadopuff.de\/product\/randm-tornado-15000-berry-lemonade\/#breadcrumb\",\"itemListElement\":[{\"@type\":\"ListItem\",\"position\":1,\"name\":\"\u9996\u9875\",\"item\":\"https:\/\/www.tornadopuff.de\/\"},{\"@type\":\"ListItem\",\"position\":2,\"name\":\"Shop\",\"item\":\"https:\/\/www.tornadopuff.de\/shop\/\"},{\"@type\":\"ListItem\",\"position\":3,\"name\":\"Berry Lemonade RandM Tornado Vape 15000\"}]},{\"@type\":\"WebSite\",\"@id\":\"https:\/\/www.tornadopuff.de\/#website\",\"url\":\"https:\/\/www.tornadopuff.de\/\",\"name\":\"Tornado Puff\",\"description\":\"Tornado Puff\",\"potentialAction\":[{\"@type\":\"SearchAction\",\"target\":{\"@type\":\"EntryPoint\",\"urlTemplate\":\"https:\/\/www.tornadopuff.de\/?s={search_term_string}\"},\"query-input\":{\"@type\":\"PropertyValueSpecification\",\"valueRequired\":true,\"valueName\":\"search_term_string\"}}],\"inLanguage\":\"fr-FR\"}]}<\/script>\n<meta property=\"og:availability\" content=\"instock\" \/>\n<meta property=\"product:availability\" content=\"instock\" \/>\n<meta property=\"product:retailer_item_id\" content=\"RandM Tornado 15000 Berry Lemonade\" \/>\n<meta property=\"product:condition\" content=\"new\" \/>\n<!-- \/ Yoast SEO Premium plugin. -->","yoast_head_json":{"title":"Berry Lemonade RandM Tornado Vape 15000 - Tornado Puff","description":"Entdecke Berry Lemonade RandM Tornado Vape 15000 Einweg Vape im Tornado Puff und genie\u00dfe hochwertiges Vape-Erlebnis, eine Auswahl an Nikotin und eine Vielzahl von Geschmacksrichtungen, um deine Vape-Anpassungsreise zu beginnen.","robots":{"index":"index","follow":"follow","max-snippet":"max-snippet:-1","max-image-preview":"max-image-preview:large","max-video-preview":"max-video-preview:-1"},"canonical":"https:\/\/www.tornadopuff.de\/fr\/product\/randm-tornado-15000-berry-lemonade\/","og_locale":"fr_FR","og_type":"article","og_title":"Berry Lemonade RandM Tornado Vape 15000","og_description":"Entdecke Berry Lemonade RandM Tornado Vape 15000 Einweg Vape im Tornado Puff und genie\u00dfe hochwertiges Vape-Erlebnis, eine Auswahl an Nikotin und eine Vielzahl von Geschmacksrichtungen, um deine Vape-Anpassungsreise zu beginnen.","og_url":"https:\/\/www.tornadopuff.de\/fr\/product\/randm-tornado-15000-berry-lemonade\/","og_site_name":"Tornado Puff","article_modified_time":"2025-06-22T14:02:27+00:00","og_image":[{"width":2000,"height":2000,"url":"https:\/\/www.tornadopuff.de\/wp-content\/uploads\/2025\/04\/RandM-Tornado-vape-15K-Berry-Lemonade-1.jpg","type":"image\/jpeg"}],"twitter_card":"summary_large_image","twitter_misc":{"Disponibilit\u00e9":"En stock"},"schema":{"@context":"https:\/\/schema.org","@graph":[{"@type":"WebPage","@id":"https:\/\/www.tornadopuff.de\/product\/randm-tornado-15000-berry-lemonade\/","url":"https:\/\/www.tornadopuff.de\/product\/randm-tornado-15000-berry-lemonade\/","name":"Berry Lemonade RandM Tornado Vape 15000 - Tornado Puff","isPartOf":{"@id":"https:\/\/www.tornadopuff.de\/#website"},"primaryImageOfPage":{"@id":"https:\/\/www.tornadopuff.de\/product\/randm-tornado-15000-berry-lemonade\/#primaryimage"},"image":{"@id":"https:\/\/www.tornadopuff.de\/product\/randm-tornado-15000-berry-lemonade\/#primaryimage"},"thumbnailUrl":"https:\/\/www.tornadopuff.de\/wp-content\/uploads\/2025\/04\/RandM-Tornado-vape-15K-Berry-Lemonade-1.jpg","datePublished":"2025-04-13T06:24:16+00:00","dateModified":"2025-06-22T14:02:27+00:00","description":"Entdecke Berry Lemonade RandM Tornado Vape 15000 Einweg Vape im Tornado Puff und genie\u00dfe hochwertiges Vape-Erlebnis, eine Auswahl an Nikotin und eine Vielzahl von Geschmacksrichtungen, um deine Vape-Anpassungsreise zu beginnen.","breadcrumb":{"@id":"https:\/\/www.tornadopuff.de\/product\/randm-tornado-15000-berry-lemonade\/#breadcrumb"},"inLanguage":"fr-FR","potentialAction":[{"@type":"ReadAction","target":["https:\/\/www.tornadopuff.de\/product\/randm-tornado-15000-berry-lemonade\/"]}]},{"@type":"ImageObject","inLanguage":"fr-FR","@id":"https:\/\/www.tornadopuff.de\/product\/randm-tornado-15000-berry-lemonade\/#primaryimage","url":"https:\/\/www.tornadopuff.de\/wp-content\/uploads\/2025\/04\/RandM-Tornado-vape-15K-Berry-Lemonade-1.jpg","contentUrl":"https:\/\/www.tornadopuff.de\/wp-content\/uploads\/2025\/04\/RandM-Tornado-vape-15K-Berry-Lemonade-1.jpg","width":2000,"height":2000,"caption":"Randm Tornado Vape 15k Berry Lemonade"},{"@type":"BreadcrumbList","@id":"https:\/\/www.tornadopuff.de\/product\/randm-tornado-15000-berry-lemonade\/#breadcrumb","itemListElement":[{"@type":"ListItem","position":1,"name":"\u9996\u9875","item":"https:\/\/www.tornadopuff.de\/"},{"@type":"ListItem","position":2,"name":"Shop","item":"https:\/\/www.tornadopuff.de\/shop\/"},{"@type":"ListItem","position":3,"name":"Berry Lemonade RandM Tornado Vape 15000"}]},{"@type":"WebSite","@id":"https:\/\/www.tornadopuff.de\/#website","url":"https:\/\/www.tornadopuff.de\/","name":"Tornado Puff","description":"Tornado Puff","potentialAction":[{"@type":"SearchAction","target":{"@type":"EntryPoint","urlTemplate":"https:\/\/www.tornadopuff.de\/?s={search_term_string}"},"query-input":{"@type":"PropertyValueSpecification","valueRequired":true,"valueName":"search_term_string"}}],"inLanguage":"fr-FR"}]},"og_availability":"instock","product_availability":"instock","product_retailer_item_id":"RandM Tornado 15000 Berry Lemonade","product_condition":"new"},"_links":{"self":[{"href":"https:\/\/www.tornadopuff.de\/fr\/wp-json\/wp\/v2\/product\/601","targetHints":{"allow":["GET"]}}],"collection":[{"href":"https:\/\/www.tornadopuff.de\/fr\/wp-json\/wp\/v2\/product"}],"about":[{"href":"https:\/\/www.tornadopuff.de\/fr\/wp-json\/wp\/v2\/types\/product"}],"replies":[{"embeddable":true,"href":"https:\/\/www.tornadopuff.de\/fr\/wp-json\/wp\/v2\/comments?post=601"}],"wp:featuredmedia":[{"embeddable":true,"href":"https:\/\/www.tornadopuff.de\/fr\/wp-json\/wp\/v2\/media\/607"}],"wp:attachment":[{"href":"https:\/\/www.tornadopuff.de\/fr\/wp-json\/wp\/v2\/media?parent=601"}],"wp:term":[{"taxonomy":"product_brand","embeddable":true,"href":"https:\/\/www.tornadopuff.de\/fr\/wp-json\/wp\/v2\/product_brand?post=601"},{"taxonomy":"product_cat","embeddable":true,"href":"https:\/\/www.tornadopuff.de\/fr\/wp-json\/wp\/v2\/product_cat?post=601"},{"taxonomy":"product_tag","embeddable":true,"href":"https:\/\/www.tornadopuff.de\/fr\/wp-json\/wp\/v2\/product_tag?post=601"}],"curies":[{"name":"wp","href":"https:\/\/api.w.org\/{rel}","templated":true}]}}