{"id":587,"date":"2025-04-13T08:20:48","date_gmt":"2025-04-13T06:20:48","guid":{"rendered":"https:\/\/www.tornadopuff.de\/?post_type=product&#038;p=587"},"modified":"2025-06-22T16:02:29","modified_gmt":"2025-06-22T14:02:29","slug":"randm-tornado-15000-peach-blueberry-candy","status":"publish","type":"product","link":"https:\/\/www.tornadopuff.de\/fr\/product\/randm-tornado-15000-peach-blueberry-candy\/","title":{"rendered":"Peach Blueberry Candy Randm Tornado 15000 Vape"},"content":{"rendered":"<h2 class=\"ace-line heading-h1\" dir=\"auto\" data-node=\"true\"><span data-string=\"true\" data-leaf=\"true\">Peach Blueberry Candy <a href=\"https:\/\/www.tornadopuff.de\/fr\/product-category\/randm-tornado-15000\/\">Randm Tornado 15000<\/a> Vape : une exp\u00e9rience de sucrerie divine<\/span><span data-string=\"true\" data-enter=\"true\" data-leaf=\"true\">\u200b<\/span><\/h2>\n<h4 class=\"ace-line heading-h2\" dir=\"auto\" data-node=\"true\"><span data-string=\"true\" data-leaf=\"true\">\ud83c\udf51\ud83c\udf47 Pourquoi tout le monde cherche-t-il Peach Blueberry Candy dans les moteurs de recherche ?<\/span><span data-string=\"true\" data-enter=\"true\" data-leaf=\"true\">\u200b<\/span><\/h4>\n<div class=\"ace-line\" dir=\"auto\" data-node=\"true\"><span data-string=\"true\" data-leaf=\"true\">Peach Blueberry Candy est l'une des saveurs sucr\u00e9es les plus populaires. L'association incomparable de la douceur juteuse des p\u00eaches et de la note intense de jus de framboise en fait un must pour tous ceux qui recherchent un d\u00e9licieux m\u00e9lange de douceur tropicale et de go\u00fbt profond de baies. Dans les moteurs de recherche comme Google, les demandes de recherche ne cessent d'augmenter, et pour cause ! Cette friandise combine les ar\u00f4mes naturels des p\u00eaches et des framboises m\u00fbres pour cr\u00e9er une exp\u00e9rience gustative distinctive qui \u00e9veille les sens au plus haut niveau.<\/span><span data-string=\"true\" data-enter=\"true\" data-leaf=\"true\">\u200b<\/span><\/div>\n<h4 class=\"ace-line heading-h2\" dir=\"auto\" data-node=\"true\"><span data-string=\"true\" data-leaf=\"true\">\ud83c\udf51 La premi\u00e8re bouch\u00e9e : la douceur juteuse de la p\u00eache<\/span><span data-string=\"true\" data-enter=\"true\" data-leaf=\"true\">\u200b<\/span><\/h4>\n<div class=\"ace-line\" dir=\"auto\" data-node=\"true\"><span data-string=\"true\" data-leaf=\"true\">\u00c0 la premi\u00e8re bouch\u00e9e de Peach Blueberry Candy, c'est comme si tu mordais dans une p\u00eache bien m\u00fbre et brunie par le soleil \ud83c\udf51. L'\u00e9corce d\u00e9licate du fruit c\u00e8de et le contenu juteux d\u00e9ploie sa douceur intense et naturelle sur ton palais. Les ar\u00f4mes parfum\u00e9s de la p\u00eache rappellent les chaudes journ\u00e9es d'\u00e9t\u00e9 dans une ferme fruiti\u00e8re du sud de l'Allemagne, o\u00f9 les fruits pendent, m\u00fbrs et juteux. La texture cr\u00e9meuse du sucre donne l'impression de r\u00e9ellement savourer la p\u00eache, tandis que la d\u00e9licate acidit\u00e9 du fruit \u00e9quilibre parfaitement la douceur.<\/span><span data-string=\"true\" data-enter=\"true\" data-leaf=\"true\">\u200b<\/span><\/div>\n<h4 class=\"ace-line heading-h2\" dir=\"auto\" data-node=\"true\"><span data-string=\"true\" data-leaf=\"true\">\ud83c\udf47 La deuxi\u00e8me bouch\u00e9e : la note intense de jus de framboise<\/span><span data-string=\"true\" data-enter=\"true\" data-leaf=\"true\">\u200b<\/span><\/h4>\n<div class=\"ace-line\" dir=\"auto\" data-node=\"true\"><span data-string=\"true\" data-leaf=\"true\">Ensuite, la note violette profonde des framboises fait son apparition \ud83c\udf47. Les framboises d\u00e9ploient leur douceur cors\u00e9e et conf\u00e8rent \u00e0 la douceur une profondeur aromatique sombre. Les ar\u00f4mes parfum\u00e9s du jus de framboise se m\u00ealent \u00e0 la douceur de la p\u00eache, un peu comme si l'\u00e9t\u00e9 et l'automne se m\u00e9langeaient en une seule bouch\u00e9e. Les fines particules dans le go\u00fbt lui donnent une note textur\u00e9e, comme si tu mangeais des framboises fra\u00eeches directement dans le bol.<\/span><span data-string=\"true\" data-enter=\"true\" data-leaf=\"true\">\u200b<\/span><\/div>\n<h4 class=\"ace-line heading-h2\" dir=\"auto\" data-node=\"true\"><span data-string=\"true\" data-leaf=\"true\">\ud83c\udf1f L'\u00e9quilibre parfait : une exp\u00e9rience gustative symphonique<\/span><span data-string=\"true\" data-enter=\"true\" data-leaf=\"true\">\u200b<\/span><\/h4>\n<div class=\"ace-line\" dir=\"auto\" data-node=\"true\"><span data-string=\"true\" data-leaf=\"true\">Le miracle de Peach Blueberry Candy r\u00e9side dans l'harmonisation exacte des p\u00eaches et des framboises. Les p\u00eaches apportent une douceur tropicale chaleureuse, tandis que les framboises fournissent une note fruit\u00e9e intense. L'arri\u00e8re-go\u00fbt laisse un go\u00fbt agr\u00e9able \u00e0 plusieurs couches qui persiste longtemps en bouche et t'incite \u00e0 en croquer une autre. La combinaison de la douceur juteuse de la p\u00eache et de la note intense de jus de framboise fait de cette friandise un v\u00e9ritable plaisir pour tous les accros aux bonbons.<\/span><\/div>","protected":false},"excerpt":{"rendered":"<p>Peach Blueberry Candy Randm Tornado 15000 Vape : une exp\u00e9rience de confiserie divine \ud83c\udf51\ud83c\udf47 Pourquoi tout le monde recherche Peach Blueberry Candy sur les moteurs de recherche ? Peach Blueberry Candy est l'une des saveurs de confiserie les plus populaires recherch\u00e9es. L'association incomparable de la douceur juteuse des p\u00eaches et de la note intense de jus de framboise en fait un must pour tous ceux qui recherchent un d\u00e9licieux m\u00e9lange de [...].","protected":false},"featured_media":592,"comment_status":"open","ping_status":"closed","template":"","meta":[],"product_brand":[],"product_cat":[76],"product_tag":[82],"class_list":{"0":"post-587","1":"product","2":"type-product","3":"status-publish","4":"has-post-thumbnail","6":"product_cat-randm-tornado-15000","7":"product_tag-puff-15k","9":"first","10":"instock","11":"shipping-taxable","12":"purchasable","13":"product-type-variable"},"yoast_head":"<!-- This site is optimized with the Yoast SEO Premium plugin v24.4 (Yoast SEO v24.8.1) - https:\/\/yoast.com\/wordpress\/plugins\/seo\/ -->\n<title>Peach Blueberry Candy Randm Tornado 15000 Vape - Tornado Puff<\/title>\n<meta name=\"description\" content=\"Entdecke Peach Blueberry Candy Randm Tornado 15000 Vape Einweg Vape im Tornado Puff und genie\u00dfe hochwertiges Vape-Erlebnis, eine Auswahl an Nikotin und eine Vielzahl von Geschmacksrichtungen, um deine Vape-Anpassungsreise zu beginnen.\" \/>\n<meta name=\"robots\" content=\"index, follow, max-snippet:-1, max-image-preview:large, max-video-preview:-1\" \/>\n<link rel=\"canonical\" href=\"https:\/\/www.tornadopuff.de\/fr\/product\/randm-tornado-15000-peach-blueberry-candy\/\" \/>\n<meta property=\"og:locale\" content=\"fr_FR\" \/>\n<meta property=\"og:type\" content=\"article\" \/>\n<meta property=\"og:title\" content=\"Peach Blueberry Candy Randm Tornado 15000 Vape\" \/>\n<meta property=\"og:description\" content=\"Entdecke Peach Blueberry Candy Randm Tornado 15000 Vape Einweg Vape im Tornado Puff und genie\u00dfe hochwertiges Vape-Erlebnis, eine Auswahl an Nikotin und eine Vielzahl von Geschmacksrichtungen, um deine Vape-Anpassungsreise zu beginnen.\" \/>\n<meta property=\"og:url\" content=\"https:\/\/www.tornadopuff.de\/fr\/product\/randm-tornado-15000-peach-blueberry-candy\/\" \/>\n<meta property=\"og:site_name\" content=\"Tornado Puff\" \/>\n<meta property=\"article:modified_time\" content=\"2025-06-22T14:02:29+00:00\" \/>\n<meta property=\"og:image\" content=\"https:\/\/www.tornadopuff.de\/wp-content\/uploads\/2025\/04\/RandM-Tornado-vape-15K-Peach-Blueberry-Candy-1.jpg\" \/>\n\t<meta property=\"og:image:width\" content=\"2000\" \/>\n\t<meta property=\"og:image:height\" content=\"2000\" \/>\n\t<meta property=\"og:image:type\" content=\"image\/jpeg\" \/>\n<meta name=\"twitter:card\" content=\"summary_large_image\" \/>\n<meta name=\"twitter:label1\" content=\"Disponibilit\u00e9\" \/>\n\t<meta name=\"twitter:data1\" content=\"En stock\" \/>\n<script type=\"application\/ld+json\" class=\"yoast-schema-graph\">{\"@context\":\"https:\/\/schema.org\",\"@graph\":[{\"@type\":\"WebPage\",\"@id\":\"https:\/\/www.tornadopuff.de\/product\/randm-tornado-15000-peach-blueberry-candy\/\",\"url\":\"https:\/\/www.tornadopuff.de\/product\/randm-tornado-15000-peach-blueberry-candy\/\",\"name\":\"Peach Blueberry Candy Randm Tornado 15000 Vape - Tornado Puff\",\"isPartOf\":{\"@id\":\"https:\/\/www.tornadopuff.de\/#website\"},\"primaryImageOfPage\":{\"@id\":\"https:\/\/www.tornadopuff.de\/product\/randm-tornado-15000-peach-blueberry-candy\/#primaryimage\"},\"image\":{\"@id\":\"https:\/\/www.tornadopuff.de\/product\/randm-tornado-15000-peach-blueberry-candy\/#primaryimage\"},\"thumbnailUrl\":\"https:\/\/www.tornadopuff.de\/wp-content\/uploads\/2025\/04\/RandM-Tornado-vape-15K-Peach-Blueberry-Candy-1.jpg\",\"datePublished\":\"2025-04-13T06:20:48+00:00\",\"dateModified\":\"2025-06-22T14:02:29+00:00\",\"description\":\"Entdecke Peach Blueberry Candy Randm Tornado 15000 Vape Einweg Vape im Tornado Puff und genie\u00dfe hochwertiges Vape-Erlebnis, eine Auswahl an Nikotin und eine Vielzahl von Geschmacksrichtungen, um deine Vape-Anpassungsreise zu beginnen.\",\"breadcrumb\":{\"@id\":\"https:\/\/www.tornadopuff.de\/product\/randm-tornado-15000-peach-blueberry-candy\/#breadcrumb\"},\"inLanguage\":\"fr-FR\",\"potentialAction\":[{\"@type\":\"ReadAction\",\"target\":[\"https:\/\/www.tornadopuff.de\/product\/randm-tornado-15000-peach-blueberry-candy\/\"]}]},{\"@type\":\"ImageObject\",\"inLanguage\":\"fr-FR\",\"@id\":\"https:\/\/www.tornadopuff.de\/product\/randm-tornado-15000-peach-blueberry-candy\/#primaryimage\",\"url\":\"https:\/\/www.tornadopuff.de\/wp-content\/uploads\/2025\/04\/RandM-Tornado-vape-15K-Peach-Blueberry-Candy-1.jpg\",\"contentUrl\":\"https:\/\/www.tornadopuff.de\/wp-content\/uploads\/2025\/04\/RandM-Tornado-vape-15K-Peach-Blueberry-Candy-1.jpg\",\"width\":2000,\"height\":2000,\"caption\":\"Randm Tornado Vape 15k Peach Blueberry Candy\"},{\"@type\":\"BreadcrumbList\",\"@id\":\"https:\/\/www.tornadopuff.de\/product\/randm-tornado-15000-peach-blueberry-candy\/#breadcrumb\",\"itemListElement\":[{\"@type\":\"ListItem\",\"position\":1,\"name\":\"\u9996\u9875\",\"item\":\"https:\/\/www.tornadopuff.de\/\"},{\"@type\":\"ListItem\",\"position\":2,\"name\":\"Shop\",\"item\":\"https:\/\/www.tornadopuff.de\/shop\/\"},{\"@type\":\"ListItem\",\"position\":3,\"name\":\"Peach Blueberry Candy Randm Tornado 15000 Vape\"}]},{\"@type\":\"WebSite\",\"@id\":\"https:\/\/www.tornadopuff.de\/#website\",\"url\":\"https:\/\/www.tornadopuff.de\/\",\"name\":\"Tornado Puff\",\"description\":\"Tornado Puff\",\"potentialAction\":[{\"@type\":\"SearchAction\",\"target\":{\"@type\":\"EntryPoint\",\"urlTemplate\":\"https:\/\/www.tornadopuff.de\/?s={search_term_string}\"},\"query-input\":{\"@type\":\"PropertyValueSpecification\",\"valueRequired\":true,\"valueName\":\"search_term_string\"}}],\"inLanguage\":\"fr-FR\"}]}<\/script>\n<meta property=\"og:availability\" content=\"instock\" \/>\n<meta property=\"product:availability\" content=\"instock\" \/>\n<meta property=\"product:retailer_item_id\" content=\"RandM Tornado 15000 Peach Blueberry Candy\" \/>\n<meta property=\"product:condition\" content=\"new\" \/>\n<!-- \/ Yoast SEO Premium plugin. -->","yoast_head_json":{"title":"Peach Blueberry Candy Randm Tornado 15000 Vape - Tornado Puff","description":"Entdecke Peach Blueberry Candy Randm Tornado 15000 Vape Einweg Vape im Tornado Puff und genie\u00dfe hochwertiges Vape-Erlebnis, eine Auswahl an Nikotin und eine Vielzahl von Geschmacksrichtungen, um deine Vape-Anpassungsreise zu beginnen.","robots":{"index":"index","follow":"follow","max-snippet":"max-snippet:-1","max-image-preview":"max-image-preview:large","max-video-preview":"max-video-preview:-1"},"canonical":"https:\/\/www.tornadopuff.de\/fr\/product\/randm-tornado-15000-peach-blueberry-candy\/","og_locale":"fr_FR","og_type":"article","og_title":"Peach Blueberry Candy Randm Tornado 15000 Vape","og_description":"Entdecke Peach Blueberry Candy Randm Tornado 15000 Vape Einweg Vape im Tornado Puff und genie\u00dfe hochwertiges Vape-Erlebnis, eine Auswahl an Nikotin und eine Vielzahl von Geschmacksrichtungen, um deine Vape-Anpassungsreise zu beginnen.","og_url":"https:\/\/www.tornadopuff.de\/fr\/product\/randm-tornado-15000-peach-blueberry-candy\/","og_site_name":"Tornado Puff","article_modified_time":"2025-06-22T14:02:29+00:00","og_image":[{"width":2000,"height":2000,"url":"https:\/\/www.tornadopuff.de\/wp-content\/uploads\/2025\/04\/RandM-Tornado-vape-15K-Peach-Blueberry-Candy-1.jpg","type":"image\/jpeg"}],"twitter_card":"summary_large_image","twitter_misc":{"Disponibilit\u00e9":"En stock"},"schema":{"@context":"https:\/\/schema.org","@graph":[{"@type":"WebPage","@id":"https:\/\/www.tornadopuff.de\/product\/randm-tornado-15000-peach-blueberry-candy\/","url":"https:\/\/www.tornadopuff.de\/product\/randm-tornado-15000-peach-blueberry-candy\/","name":"Peach Blueberry Candy Randm Tornado 15000 Vape - Tornado Puff","isPartOf":{"@id":"https:\/\/www.tornadopuff.de\/#website"},"primaryImageOfPage":{"@id":"https:\/\/www.tornadopuff.de\/product\/randm-tornado-15000-peach-blueberry-candy\/#primaryimage"},"image":{"@id":"https:\/\/www.tornadopuff.de\/product\/randm-tornado-15000-peach-blueberry-candy\/#primaryimage"},"thumbnailUrl":"https:\/\/www.tornadopuff.de\/wp-content\/uploads\/2025\/04\/RandM-Tornado-vape-15K-Peach-Blueberry-Candy-1.jpg","datePublished":"2025-04-13T06:20:48+00:00","dateModified":"2025-06-22T14:02:29+00:00","description":"Entdecke Peach Blueberry Candy Randm Tornado 15000 Vape Einweg Vape im Tornado Puff und genie\u00dfe hochwertiges Vape-Erlebnis, eine Auswahl an Nikotin und eine Vielzahl von Geschmacksrichtungen, um deine Vape-Anpassungsreise zu beginnen.","breadcrumb":{"@id":"https:\/\/www.tornadopuff.de\/product\/randm-tornado-15000-peach-blueberry-candy\/#breadcrumb"},"inLanguage":"fr-FR","potentialAction":[{"@type":"ReadAction","target":["https:\/\/www.tornadopuff.de\/product\/randm-tornado-15000-peach-blueberry-candy\/"]}]},{"@type":"ImageObject","inLanguage":"fr-FR","@id":"https:\/\/www.tornadopuff.de\/product\/randm-tornado-15000-peach-blueberry-candy\/#primaryimage","url":"https:\/\/www.tornadopuff.de\/wp-content\/uploads\/2025\/04\/RandM-Tornado-vape-15K-Peach-Blueberry-Candy-1.jpg","contentUrl":"https:\/\/www.tornadopuff.de\/wp-content\/uploads\/2025\/04\/RandM-Tornado-vape-15K-Peach-Blueberry-Candy-1.jpg","width":2000,"height":2000,"caption":"Randm Tornado Vape 15k Peach Blueberry Candy"},{"@type":"BreadcrumbList","@id":"https:\/\/www.tornadopuff.de\/product\/randm-tornado-15000-peach-blueberry-candy\/#breadcrumb","itemListElement":[{"@type":"ListItem","position":1,"name":"\u9996\u9875","item":"https:\/\/www.tornadopuff.de\/"},{"@type":"ListItem","position":2,"name":"Shop","item":"https:\/\/www.tornadopuff.de\/shop\/"},{"@type":"ListItem","position":3,"name":"Peach Blueberry Candy Randm Tornado 15000 Vape"}]},{"@type":"WebSite","@id":"https:\/\/www.tornadopuff.de\/#website","url":"https:\/\/www.tornadopuff.de\/","name":"Tornado Puff","description":"Tornado Puff","potentialAction":[{"@type":"SearchAction","target":{"@type":"EntryPoint","urlTemplate":"https:\/\/www.tornadopuff.de\/?s={search_term_string}"},"query-input":{"@type":"PropertyValueSpecification","valueRequired":true,"valueName":"search_term_string"}}],"inLanguage":"fr-FR"}]},"og_availability":"instock","product_availability":"instock","product_retailer_item_id":"RandM Tornado 15000 Peach Blueberry Candy","product_condition":"new"},"_links":{"self":[{"href":"https:\/\/www.tornadopuff.de\/fr\/wp-json\/wp\/v2\/product\/587","targetHints":{"allow":["GET"]}}],"collection":[{"href":"https:\/\/www.tornadopuff.de\/fr\/wp-json\/wp\/v2\/product"}],"about":[{"href":"https:\/\/www.tornadopuff.de\/fr\/wp-json\/wp\/v2\/types\/product"}],"replies":[{"embeddable":true,"href":"https:\/\/www.tornadopuff.de\/fr\/wp-json\/wp\/v2\/comments?post=587"}],"wp:featuredmedia":[{"embeddable":true,"href":"https:\/\/www.tornadopuff.de\/fr\/wp-json\/wp\/v2\/media\/592"}],"wp:attachment":[{"href":"https:\/\/www.tornadopuff.de\/fr\/wp-json\/wp\/v2\/media?parent=587"}],"wp:term":[{"taxonomy":"product_brand","embeddable":true,"href":"https:\/\/www.tornadopuff.de\/fr\/wp-json\/wp\/v2\/product_brand?post=587"},{"taxonomy":"product_cat","embeddable":true,"href":"https:\/\/www.tornadopuff.de\/fr\/wp-json\/wp\/v2\/product_cat?post=587"},{"taxonomy":"product_tag","embeddable":true,"href":"https:\/\/www.tornadopuff.de\/fr\/wp-json\/wp\/v2\/product_tag?post=587"}],"curies":[{"name":"wp","href":"https:\/\/api.w.org\/{rel}","templated":true}]}}