{"id":580,"date":"2025-04-13T08:19:07","date_gmt":"2025-04-13T06:19:07","guid":{"rendered":"https:\/\/www.tornadopuff.de\/?post_type=product&#038;p=580"},"modified":"2025-06-22T16:02:29","modified_gmt":"2025-06-22T14:02:29","slug":"randm-tornado-15000-banana-ice","status":"publish","type":"product","link":"https:\/\/www.tornadopuff.de\/fr\/product\/randm-tornado-15000-banana-ice\/","title":{"rendered":"Banana Ice R and M Tornado 15000 Vape"},"content":{"rendered":"<h2 class=\"ace-line heading-h1\" dir=\"auto\" data-node=\"true\"><span data-leaf=\"true\"><span class=\"lb\">Banana Ice <a href=\"https:\/\/www.tornadopuff.de\/fr\/product-category\/randm-tornado-15000\/\">R and M Tornado 15000<\/a> Vape : une d\u00e9licieuse exp\u00e9rience de douceur cr\u00e9meuse de banane et de froid rafra\u00eechissant<\/span><\/span><span data-string=\"true\" data-enter=\"true\" data-leaf=\"true\">\u200b<\/span><\/h2>\n<h4 class=\"ace-line heading-h2\" dir=\"auto\" data-node=\"true\"><span data-leaf=\"true\"><span class=\"lb\">\ud83c\udf4c\u2744\ufe0f pourquoi tout le monde cherche Banana Ice dans les moteurs de recherche ?<\/span><\/span><span data-string=\"true\" data-enter=\"true\" data-leaf=\"true\">\u200b<\/span><\/h4>\n<div class=\"ace-line\" dir=\"auto\" data-node=\"true\"><span data-leaf=\"true\"><span class=\"lb\">Banana Ice est l'une des sp\u00e9cialit\u00e9s glac\u00e9es les plus populaires. L'association incomparable de la note onctueuse et sucr\u00e9e de la banane et du froid rafra\u00eechissant en fait un must pour tous ceux qui recherchent un d\u00e9licieux m\u00e9lange de fruit\u00e9 tropical et de refresh glac\u00e9. Dans les moteurs de recherche comme Google, les demandes de recherche ne cessent d'augmenter, et pour cause ! Cette sp\u00e9cialit\u00e9 glac\u00e9e associe les ar\u00f4mes naturels de bananes m\u00fbres \u00e0 une texture fra\u00eeche pour cr\u00e9er une exp\u00e9rience gustative distinctive qui \u00e9veille les sens \u00e0 tous les niveaux.<\/span><\/span><span data-string=\"true\" data-enter=\"true\" data-leaf=\"true\">\u200b<\/span><\/div>\n<h4 class=\"ace-line heading-h2\" dir=\"auto\" data-node=\"true\"><span data-leaf=\"true\"><span class=\"lb\">\ud83c\udf4c La premi\u00e8re bouch\u00e9e : la douceur cr\u00e9meuse de la banane<\/span><\/span><span data-string=\"true\" data-enter=\"true\" data-leaf=\"true\">\u200b<\/span><\/h4>\n<div class=\"ace-line\" dir=\"auto\" data-node=\"true\"><span data-leaf=\"true\"><span class=\"lb\">\u00c0 la premi\u00e8re bouch\u00e9e de Banana Ice, c'est comme si tu mordais dans une banane m\u00fbre et chaude \ud83c\udf4c. Le fruit d\u00e9licat d\u00e9ploie sa douceur intense et naturelle sur ton palais. Les ar\u00f4mes parfum\u00e9s rappellent les journ\u00e9es ensoleill\u00e9es dans une plantation tropicale, o\u00f9 les bananes pendent, m\u00fbres et pleines de s\u00e8ve. La texture cr\u00e9meuse de la glace donne l'impression de r\u00e9ellement consommer une banane, avec un \u00e9quilibre parfait entre la douceur et un subtil go\u00fbt de rose. Les fines particules dans le go\u00fbt lui donnent une note textur\u00e9e, comme si tu mangeais la banane fruit\u00e9e directement dans sa peau.<\/span><\/span><span data-string=\"true\" data-enter=\"true\" data-leaf=\"true\">\u200b<\/span><\/div>\n<h4 class=\"ace-line heading-h2\" dir=\"auto\" data-node=\"true\"><span data-leaf=\"true\"><span class=\"lb\">\u2744\ufe0f La deuxi\u00e8me morsure : le froid rafra\u00eechissant<\/span><\/span><span data-string=\"true\" data-enter=\"true\" data-leaf=\"true\">\u200b<\/span><\/h4>\n<div class=\"ace-line\" dir=\"auto\" data-node=\"true\"><span data-leaf=\"true\"><span class=\"lb\">Ensuite, le froid rafra\u00eechissant de Banana Ice \u2744\ufe0f se d\u00e9ploie. Une vague de fra\u00eecheur envahit ton palais et rafra\u00eechit tous tes sens. Contrairement aux glaces traditionnelles, ce froid est ressenti comme une douce brise glac\u00e9e qui porte la douceur intense de la banane \u00e0 un niveau sup\u00e9rieur. Le froid \u00e9volue graduellement - d'une douce fra\u00eecheur initiale \u00e0 une d\u00e9licieuse vague rafra\u00eechissante qui interpelle le palais sans \u00eatre excessive.<\/span><\/span><span data-string=\"true\" data-enter=\"true\" data-leaf=\"true\">\u200b<\/span><\/div>\n<h4 class=\"ace-line heading-h2\" dir=\"auto\" data-node=\"true\"><span data-leaf=\"true\"><span class=\"lb\">\ud83c\udf1f L'\u00e9quilibre parfait : une exp\u00e9rience gustative symphonique<\/span><\/span><span data-string=\"true\" data-enter=\"true\" data-leaf=\"true\">\u200b<\/span><\/h4>\n<div class=\"ace-line\" dir=\"auto\" data-node=\"true\"><span data-leaf=\"true\"><span class=\"lb\">Le miracle de Banana Ice r\u00e9side dans l'harmonisation exacte de la douceur de la banane et du froid rafra\u00eechissant. Les bananes apportent une douceur tropicale chaleureuse, tandis que le froid fournit une dynamique vivante et un rafra\u00eechissement glac\u00e9. L'arri\u00e8re-go\u00fbt laisse un go\u00fbt agr\u00e9able \u00e0 plusieurs couches qui persiste longtemps en bouche et t'incite \u00e0 en croquer une autre. La combinaison de la douceur cr\u00e9meuse de la banane et du froid rafra\u00eechissant fait de Banana Ice un v\u00e9ritable r\u00e9gal pour le palais.<\/span><\/span><\/div>\n<div dir=\"auto\" data-node=\"true\">\n<h4 class=\"ace-line heading-h2\" dir=\"auto\" data-node=\"true\"><span data-leaf=\"true\"><span class=\"lb\">\ud83d\udccd Cas d'application id\u00e9aux<\/span><\/span><span data-string=\"true\" data-enter=\"true\" data-leaf=\"true\">\u200b<\/span><\/h4>\n<div class=\"ace-line list-div\" dir=\"auto\" data-node=\"true\">\n<ul class=\"list-bullet1 r-list r-list-bullet\">\n<li><span data-leaf=\"true\"><span class=\"lb\">Des journ\u00e9es d'\u00e9t\u00e9 ensoleill\u00e9es<\/span><\/span><span data-leaf=\"true\"><span class=\"lb\">: Rafra\u00eechit par la chaleur comme une oasis tropicale dans le d\u00e9sert.<\/span><\/span><span data-string=\"true\" data-enter=\"true\" data-leaf=\"true\">\u200b<\/span><\/li>\n<\/ul>\n<\/div>\n<div class=\"ace-line list-div\" dir=\"auto\" data-node=\"true\">\n<ul class=\"list-bullet1 r-list r-list-bullet\">\n<li><span data-leaf=\"true\"><span class=\"lb\">Pauses de travail ou d'\u00e9tudes<\/span><\/span><span data-leaf=\"true\"><span class=\"lb\">: Un petit r\u00e9confort d\u00e9licieux qui am\u00e9liore ton humeur et te donne de l'\u00e9nergie.<\/span><\/span><span data-string=\"true\" data-enter=\"true\" data-leaf=\"true\">\u200b<\/span><\/li>\n<\/ul>\n<\/div>\n<div class=\"ace-line list-div\" dir=\"auto\" data-node=\"true\">\n<ul class=\"list-bullet1 r-list r-list-bullet\">\n<li><span data-leaf=\"true\"><span class=\"lb\">\u00c9v\u00e9nements sociaux<\/span><\/span><span data-leaf=\"true\"><span class=\"lb\">: Un dessert ou un snack parfait pour les anniversaires, les f\u00eates ou les barbecues.<\/span><\/span><span data-string=\"true\" data-enter=\"true\" data-leaf=\"true\">\u200b<\/span><\/li>\n<\/ul>\n<\/div>\n<div class=\"ace-line list-div\" dir=\"auto\" data-node=\"true\">\n<ul class=\"list-bullet1 r-list r-list-bullet\">\n<li><span data-leaf=\"true\"><span class=\"lb\">D\u00e9tente nocturne<\/span><\/span><span data-leaf=\"true\"><span class=\"lb\">Apporte un repos fruit\u00e9 apr\u00e8s une longue journ\u00e9e, parfait avec un bon livre ou une soir\u00e9e cin\u00e9ma.<\/span><\/span><\/li>\n<\/ul>\n<\/div>\n<\/div>","protected":false},"excerpt":{"rendered":"<p>Banana Ice R and M Tornado 15000 Vape : une d\u00e9licieuse exp\u00e9rience de douceur cr\u00e9meuse de banane et de froid rafra\u00eechissant \ud83c\udf4c\u2744\ufe0f Pourquoi tout le monde cherche-t-il Banana Ice dans les moteurs de recherche ? Banana Ice est l'une des sp\u00e9cialit\u00e9s glac\u00e9es les plus populaires recherch\u00e9es. L'association incomparable de la note onctueuse et sucr\u00e9e de la banane et du froid rafra\u00eechissant en fait un must pour [...].","protected":false},"featured_media":585,"comment_status":"open","ping_status":"closed","template":"","meta":[],"product_brand":[],"product_cat":[76],"product_tag":[82],"class_list":{"0":"post-580","1":"product","2":"type-product","3":"status-publish","4":"has-post-thumbnail","6":"product_cat-randm-tornado-15000","7":"product_tag-puff-15k","9":"first","10":"instock","11":"shipping-taxable","12":"purchasable","13":"product-type-variable"},"yoast_head":"<!-- This site is optimized with the Yoast SEO Premium plugin v24.4 (Yoast SEO v24.8.1) - https:\/\/yoast.com\/wordpress\/plugins\/seo\/ -->\n<title>Banana Ice R and M Tornado 15000 Vape - Tornado Puff<\/title>\n<meta name=\"description\" content=\"Entdecke Banana Ice R and M Tornado 15000 Vape Einweg Vape im Tornado Puff und genie\u00dfe hochwertiges Vape-Erlebnis, eine Auswahl an Nikotin und eine Vielzahl von Geschmacksrichtungen, um deine Vape-Anpassungsreise zu beginnen.\" \/>\n<meta name=\"robots\" content=\"index, follow, max-snippet:-1, max-image-preview:large, max-video-preview:-1\" \/>\n<link rel=\"canonical\" href=\"https:\/\/www.tornadopuff.de\/fr\/product\/randm-tornado-15000-banana-ice\/\" \/>\n<meta property=\"og:locale\" content=\"fr_FR\" \/>\n<meta property=\"og:type\" content=\"article\" \/>\n<meta property=\"og:title\" content=\"Banana Ice R and M Tornado 15000 Vape\" \/>\n<meta property=\"og:description\" content=\"Entdecke Banana Ice R and M Tornado 15000 Vape Einweg Vape im Tornado Puff und genie\u00dfe hochwertiges Vape-Erlebnis, eine Auswahl an Nikotin und eine Vielzahl von Geschmacksrichtungen, um deine Vape-Anpassungsreise zu beginnen.\" \/>\n<meta property=\"og:url\" content=\"https:\/\/www.tornadopuff.de\/fr\/product\/randm-tornado-15000-banana-ice\/\" \/>\n<meta property=\"og:site_name\" content=\"Tornado Puff\" \/>\n<meta property=\"article:modified_time\" content=\"2025-06-22T14:02:29+00:00\" \/>\n<meta property=\"og:image\" content=\"https:\/\/www.tornadopuff.de\/wp-content\/uploads\/2025\/04\/RandM-Tornado-vape-15K-Banana-ice-1.jpg\" \/>\n\t<meta property=\"og:image:width\" content=\"2000\" \/>\n\t<meta property=\"og:image:height\" content=\"2000\" \/>\n\t<meta property=\"og:image:type\" content=\"image\/jpeg\" \/>\n<meta name=\"twitter:card\" content=\"summary_large_image\" \/>\n<meta name=\"twitter:label1\" content=\"Disponibilit\u00e9\" \/>\n\t<meta name=\"twitter:data1\" content=\"En stock\" \/>\n<script type=\"application\/ld+json\" class=\"yoast-schema-graph\">{\"@context\":\"https:\/\/schema.org\",\"@graph\":[{\"@type\":\"WebPage\",\"@id\":\"https:\/\/www.tornadopuff.de\/product\/randm-tornado-15000-banana-ice\/\",\"url\":\"https:\/\/www.tornadopuff.de\/product\/randm-tornado-15000-banana-ice\/\",\"name\":\"Banana Ice R and M Tornado 15000 Vape - Tornado Puff\",\"isPartOf\":{\"@id\":\"https:\/\/www.tornadopuff.de\/#website\"},\"primaryImageOfPage\":{\"@id\":\"https:\/\/www.tornadopuff.de\/product\/randm-tornado-15000-banana-ice\/#primaryimage\"},\"image\":{\"@id\":\"https:\/\/www.tornadopuff.de\/product\/randm-tornado-15000-banana-ice\/#primaryimage\"},\"thumbnailUrl\":\"https:\/\/www.tornadopuff.de\/wp-content\/uploads\/2025\/04\/RandM-Tornado-vape-15K-Banana-ice-1.jpg\",\"datePublished\":\"2025-04-13T06:19:07+00:00\",\"dateModified\":\"2025-06-22T14:02:29+00:00\",\"description\":\"Entdecke Banana Ice R and M Tornado 15000 Vape Einweg Vape im Tornado Puff und genie\u00dfe hochwertiges Vape-Erlebnis, eine Auswahl an Nikotin und eine Vielzahl von Geschmacksrichtungen, um deine Vape-Anpassungsreise zu beginnen.\",\"breadcrumb\":{\"@id\":\"https:\/\/www.tornadopuff.de\/product\/randm-tornado-15000-banana-ice\/#breadcrumb\"},\"inLanguage\":\"fr-FR\",\"potentialAction\":[{\"@type\":\"ReadAction\",\"target\":[\"https:\/\/www.tornadopuff.de\/product\/randm-tornado-15000-banana-ice\/\"]}]},{\"@type\":\"ImageObject\",\"inLanguage\":\"fr-FR\",\"@id\":\"https:\/\/www.tornadopuff.de\/product\/randm-tornado-15000-banana-ice\/#primaryimage\",\"url\":\"https:\/\/www.tornadopuff.de\/wp-content\/uploads\/2025\/04\/RandM-Tornado-vape-15K-Banana-ice-1.jpg\",\"contentUrl\":\"https:\/\/www.tornadopuff.de\/wp-content\/uploads\/2025\/04\/RandM-Tornado-vape-15K-Banana-ice-1.jpg\",\"width\":2000,\"height\":2000,\"caption\":\"Randm Tornado Vape 15k Banana Ice\"},{\"@type\":\"BreadcrumbList\",\"@id\":\"https:\/\/www.tornadopuff.de\/product\/randm-tornado-15000-banana-ice\/#breadcrumb\",\"itemListElement\":[{\"@type\":\"ListItem\",\"position\":1,\"name\":\"\u9996\u9875\",\"item\":\"https:\/\/www.tornadopuff.de\/\"},{\"@type\":\"ListItem\",\"position\":2,\"name\":\"Shop\",\"item\":\"https:\/\/www.tornadopuff.de\/shop\/\"},{\"@type\":\"ListItem\",\"position\":3,\"name\":\"Banana Ice R and M Tornado 15000 Vape\"}]},{\"@type\":\"WebSite\",\"@id\":\"https:\/\/www.tornadopuff.de\/#website\",\"url\":\"https:\/\/www.tornadopuff.de\/\",\"name\":\"Tornado Puff\",\"description\":\"Tornado Puff\",\"potentialAction\":[{\"@type\":\"SearchAction\",\"target\":{\"@type\":\"EntryPoint\",\"urlTemplate\":\"https:\/\/www.tornadopuff.de\/?s={search_term_string}\"},\"query-input\":{\"@type\":\"PropertyValueSpecification\",\"valueRequired\":true,\"valueName\":\"search_term_string\"}}],\"inLanguage\":\"fr-FR\"}]}<\/script>\n<meta property=\"og:availability\" content=\"instock\" \/>\n<meta property=\"product:availability\" content=\"instock\" \/>\n<meta property=\"product:retailer_item_id\" content=\"RandM Tornado 15000 Banana ice\" \/>\n<meta property=\"product:condition\" content=\"new\" \/>\n<!-- \/ Yoast SEO Premium plugin. -->","yoast_head_json":{"title":"Banana Ice R and M Tornado 15000 Vape - Tornado Puff","description":"Entdecke Banana Ice R and M Tornado 15000 Vape Einweg Vape im Tornado Puff und genie\u00dfe hochwertiges Vape-Erlebnis, eine Auswahl an Nikotin und eine Vielzahl von Geschmacksrichtungen, um deine Vape-Anpassungsreise zu beginnen.","robots":{"index":"index","follow":"follow","max-snippet":"max-snippet:-1","max-image-preview":"max-image-preview:large","max-video-preview":"max-video-preview:-1"},"canonical":"https:\/\/www.tornadopuff.de\/fr\/product\/randm-tornado-15000-banana-ice\/","og_locale":"fr_FR","og_type":"article","og_title":"Banana Ice R and M Tornado 15000 Vape","og_description":"Entdecke Banana Ice R and M Tornado 15000 Vape Einweg Vape im Tornado Puff und genie\u00dfe hochwertiges Vape-Erlebnis, eine Auswahl an Nikotin und eine Vielzahl von Geschmacksrichtungen, um deine Vape-Anpassungsreise zu beginnen.","og_url":"https:\/\/www.tornadopuff.de\/fr\/product\/randm-tornado-15000-banana-ice\/","og_site_name":"Tornado Puff","article_modified_time":"2025-06-22T14:02:29+00:00","og_image":[{"width":2000,"height":2000,"url":"https:\/\/www.tornadopuff.de\/wp-content\/uploads\/2025\/04\/RandM-Tornado-vape-15K-Banana-ice-1.jpg","type":"image\/jpeg"}],"twitter_card":"summary_large_image","twitter_misc":{"Disponibilit\u00e9":"En stock"},"schema":{"@context":"https:\/\/schema.org","@graph":[{"@type":"WebPage","@id":"https:\/\/www.tornadopuff.de\/product\/randm-tornado-15000-banana-ice\/","url":"https:\/\/www.tornadopuff.de\/product\/randm-tornado-15000-banana-ice\/","name":"Banana Ice R and M Tornado 15000 Vape - Tornado Puff","isPartOf":{"@id":"https:\/\/www.tornadopuff.de\/#website"},"primaryImageOfPage":{"@id":"https:\/\/www.tornadopuff.de\/product\/randm-tornado-15000-banana-ice\/#primaryimage"},"image":{"@id":"https:\/\/www.tornadopuff.de\/product\/randm-tornado-15000-banana-ice\/#primaryimage"},"thumbnailUrl":"https:\/\/www.tornadopuff.de\/wp-content\/uploads\/2025\/04\/RandM-Tornado-vape-15K-Banana-ice-1.jpg","datePublished":"2025-04-13T06:19:07+00:00","dateModified":"2025-06-22T14:02:29+00:00","description":"Entdecke Banana Ice R and M Tornado 15000 Vape Einweg Vape im Tornado Puff und genie\u00dfe hochwertiges Vape-Erlebnis, eine Auswahl an Nikotin und eine Vielzahl von Geschmacksrichtungen, um deine Vape-Anpassungsreise zu beginnen.","breadcrumb":{"@id":"https:\/\/www.tornadopuff.de\/product\/randm-tornado-15000-banana-ice\/#breadcrumb"},"inLanguage":"fr-FR","potentialAction":[{"@type":"ReadAction","target":["https:\/\/www.tornadopuff.de\/product\/randm-tornado-15000-banana-ice\/"]}]},{"@type":"ImageObject","inLanguage":"fr-FR","@id":"https:\/\/www.tornadopuff.de\/product\/randm-tornado-15000-banana-ice\/#primaryimage","url":"https:\/\/www.tornadopuff.de\/wp-content\/uploads\/2025\/04\/RandM-Tornado-vape-15K-Banana-ice-1.jpg","contentUrl":"https:\/\/www.tornadopuff.de\/wp-content\/uploads\/2025\/04\/RandM-Tornado-vape-15K-Banana-ice-1.jpg","width":2000,"height":2000,"caption":"Randm Tornado Vape 15k Banana Ice"},{"@type":"BreadcrumbList","@id":"https:\/\/www.tornadopuff.de\/product\/randm-tornado-15000-banana-ice\/#breadcrumb","itemListElement":[{"@type":"ListItem","position":1,"name":"\u9996\u9875","item":"https:\/\/www.tornadopuff.de\/"},{"@type":"ListItem","position":2,"name":"Shop","item":"https:\/\/www.tornadopuff.de\/shop\/"},{"@type":"ListItem","position":3,"name":"Banana Ice R and M Tornado 15000 Vape"}]},{"@type":"WebSite","@id":"https:\/\/www.tornadopuff.de\/#website","url":"https:\/\/www.tornadopuff.de\/","name":"Tornado Puff","description":"Tornado Puff","potentialAction":[{"@type":"SearchAction","target":{"@type":"EntryPoint","urlTemplate":"https:\/\/www.tornadopuff.de\/?s={search_term_string}"},"query-input":{"@type":"PropertyValueSpecification","valueRequired":true,"valueName":"search_term_string"}}],"inLanguage":"fr-FR"}]},"og_availability":"instock","product_availability":"instock","product_retailer_item_id":"RandM Tornado 15000 Banana ice","product_condition":"new"},"_links":{"self":[{"href":"https:\/\/www.tornadopuff.de\/fr\/wp-json\/wp\/v2\/product\/580","targetHints":{"allow":["GET"]}}],"collection":[{"href":"https:\/\/www.tornadopuff.de\/fr\/wp-json\/wp\/v2\/product"}],"about":[{"href":"https:\/\/www.tornadopuff.de\/fr\/wp-json\/wp\/v2\/types\/product"}],"replies":[{"embeddable":true,"href":"https:\/\/www.tornadopuff.de\/fr\/wp-json\/wp\/v2\/comments?post=580"}],"wp:featuredmedia":[{"embeddable":true,"href":"https:\/\/www.tornadopuff.de\/fr\/wp-json\/wp\/v2\/media\/585"}],"wp:attachment":[{"href":"https:\/\/www.tornadopuff.de\/fr\/wp-json\/wp\/v2\/media?parent=580"}],"wp:term":[{"taxonomy":"product_brand","embeddable":true,"href":"https:\/\/www.tornadopuff.de\/fr\/wp-json\/wp\/v2\/product_brand?post=580"},{"taxonomy":"product_cat","embeddable":true,"href":"https:\/\/www.tornadopuff.de\/fr\/wp-json\/wp\/v2\/product_cat?post=580"},{"taxonomy":"product_tag","embeddable":true,"href":"https:\/\/www.tornadopuff.de\/fr\/wp-json\/wp\/v2\/product_tag?post=580"}],"curies":[{"name":"wp","href":"https:\/\/api.w.org\/{rel}","templated":true}]}}