{"id":552,"date":"2025-04-13T08:08:29","date_gmt":"2025-04-13T06:08:29","guid":{"rendered":"https:\/\/www.tornadopuff.de\/?post_type=product&#038;p=552"},"modified":"2025-06-22T16:02:32","modified_gmt":"2025-06-22T14:02:32","slug":"randm-tornado-15000-ice-pop","status":"publish","type":"product","link":"https:\/\/www.tornadopuff.de\/fr\/product\/randm-tornado-15000-ice-pop\/","title":{"rendered":"Ice Pop R and M 15000 Puffs Vape"},"content":{"rendered":"<h2 class=\"ace-line heading-h1\" dir=\"auto\" data-node=\"true\"><span data-leaf=\"true\"><span class=\"lb\">Ice Pop <a href=\"https:\/\/www.tornadopuff.de\/fr\/product-category\/randm-tornado-15000\/\">R et M 15000<\/a> Puffs Vape : ton parfait compagnon de fra\u00eecheur estivale<\/span><\/span><span data-string=\"true\" data-enter=\"true\" data-leaf=\"true\">\u200b<\/span><\/h2>\n<h4 class=\"ace-line heading-h2\" dir=\"auto\" data-node=\"true\"><span data-leaf=\"true\"><span class=\"lb\">\ud83c\udf67\ud83d\udd25 Pourquoi tout le monde cherche-t-il Ice Pop dans les moteurs de recherche ?<\/span><\/span><span data-string=\"true\" data-enter=\"true\" data-leaf=\"true\">\u200b<\/span><\/h4>\n<div class=\"ace-line\" dir=\"auto\" data-node=\"true\"><span data-leaf=\"true\"><span class=\"lb\">Ice Pop est l'un des rafra\u00eechisseurs d'\u00e9t\u00e9 les plus populaires. L'association incomparable d'un froid rafra\u00eechissant et de d\u00e9licieuses saveurs fruit\u00e9es en fait un must pour tous ceux qui recherchent un rafra\u00eechissement rapide et d\u00e9licieux par temp\u00e9ratures \u00e9lev\u00e9es. Dans les moteurs de recherche comme Google, les recherchesEspecially pendant les mois chauds de l'\u00e9t\u00e9 ne cessent d'augmenter, et il y a une bonne raison \u00e0 cela ! Ce popsicle glac\u00e9 allie la fra\u00eecheur de la glace aux ar\u00f4mes naturels des fruits pour cr\u00e9er une exp\u00e9rience gustative distinctive qui \u00e9veille les sens \u00e0 tous les niveaux.<\/span><\/span><span data-string=\"true\" data-enter=\"true\" data-leaf=\"true\">\u200b<\/span><\/div>\n<h4 class=\"ace-line heading-h2\" dir=\"auto\" data-node=\"true\"><span data-leaf=\"true\"><span class=\"lb\">\ud83c\udf67 La premi\u00e8re morsure : le froid rafra\u00eechissant<\/span><\/span><span data-string=\"true\" data-enter=\"true\" data-leaf=\"true\">\u200b<\/span><\/h4>\n<div class=\"ace-line\" dir=\"auto\" data-node=\"true\"><span data-leaf=\"true\"><span class=\"lb\">D\u00e8s la premi\u00e8re bouch\u00e9e d'Ice Pop, c'est comme si une vague glac\u00e9e s'\u00e9coulait sur ton palais \ud83c\udf67. La texture fra\u00eeche endort imm\u00e9diatement la chaleur et rafra\u00eechit tous les sens. Le froid \u00e9volue graduellement - d'une douce fra\u00eecheur initiale \u00e0 une d\u00e9licieuse vague rafra\u00eechissante qui s'adresse au palais sans en faire trop. Les fins cristaux de glace de l'Ice Pop lui conf\u00e8rent une texture croquante, comme si tu mordais dans une glace fra\u00eeche et transparente.<\/span><\/span><span data-string=\"true\" data-enter=\"true\" data-leaf=\"true\">\u200b<\/span><\/div>\n<h4 class=\"ace-line heading-h2\" dir=\"auto\" data-node=\"true\"><span data-leaf=\"true\"><span class=\"lb\">\ud83c\udf53 La deuxi\u00e8me bouch\u00e9e : les d\u00e9licieuses saveurs fruit\u00e9es<\/span><\/span><span data-string=\"true\" data-enter=\"true\" data-leaf=\"true\">\u200b<\/span><\/h4>\n<div class=\"ace-line\" dir=\"auto\" data-node=\"true\"><span data-leaf=\"true\"><span class=\"lb\">Ensuite, la note fruit\u00e9e intense de l'Ice Pop \ud83c\udf53 se d\u00e9ploie. Que tu pr\u00e9f\u00e8res la fraise, la framboise, le citron ou un m\u00e9lange exotique, chaque saveur est une exp\u00e9rience pour ton palais. Les ar\u00f4mes naturels des fruits se m\u00ealent parfaitement \u00e0 la texture fra\u00eeche de la glace. La vari\u00e9t\u00e9 \u00e0 la fraise rappelle les journ\u00e9es d'\u00e9t\u00e9 ensoleill\u00e9es dans une ferme allemande, tandis que la vari\u00e9t\u00e9 \u00e0 la framboise offre une profondeur fruit\u00e9e intense. La variante au citron, quant \u00e0 elle, rafra\u00eechit avec une note aigre-douce comme une brise fra\u00eeche sur la plage.<\/span><\/span><span data-string=\"true\" data-enter=\"true\" data-leaf=\"true\">\u200b<\/span><\/div>\n<h4 class=\"ace-line heading-h2\" dir=\"auto\" data-node=\"true\"><span data-leaf=\"true\"><span class=\"lb\">\ud83c\udf1f L'\u00e9quilibre parfait : un plaisir pour tous les sens<\/span><\/span><span data-string=\"true\" data-enter=\"true\" data-leaf=\"true\">\u200b<\/span><\/h4>\n<div class=\"ace-line\" dir=\"auto\" data-node=\"true\"><span data-leaf=\"true\"><span class=\"lb\">Le miracle d'Ice Pop r\u00e9side dans l'harmonisation exacte du froid et du go\u00fbt des fruits. La glace procure un rafra\u00eechissement imm\u00e9diat, tandis que les fruits apportent une d\u00e9licieuse douceur et un ar\u00f4me vif. L'arri\u00e8re-go\u00fbt laisse une agr\u00e9able saveur fruit\u00e9e et fra\u00eeche qui persiste longtemps en bouche et te donne envie de croquer \u00e0 nouveau. L'association d'un froid rafra\u00eechissant et de d\u00e9licieuses saveurs fruit\u00e9es fait d'Ice Pop un v\u00e9ritable r\u00e9gal pour le palais.<\/span><\/span><\/div>\n<div dir=\"auto\" data-node=\"true\">\n<h4 class=\"ace-line heading-h2\" dir=\"auto\" data-node=\"true\"><span data-leaf=\"true\"><span class=\"lb\">\ud83d\udccd Cas d'application id\u00e9aux<\/span><\/span><span data-string=\"true\" data-enter=\"true\" data-leaf=\"true\">\u200b<\/span><\/h4>\n<div class=\"ace-line list-div\" dir=\"auto\" data-node=\"true\">\n<ul class=\"list-bullet1 r-list r-list-bullet\">\n<li><span data-leaf=\"true\"><span class=\"lb\">Des journ\u00e9es d'\u00e9t\u00e9 ensoleill\u00e9es<\/span><\/span><span data-leaf=\"true\"><span class=\"lb\">: Rafra\u00eechit par cette chaleur comme une oasis glac\u00e9e dans le d\u00e9sert.<\/span><\/span><span data-string=\"true\" data-enter=\"true\" data-leaf=\"true\">\u200b<\/span><\/li>\n<\/ul>\n<\/div>\n<div class=\"ace-line list-div\" dir=\"auto\" data-node=\"true\">\n<ul class=\"list-bullet1 r-list r-list-bullet\">\n<li><span data-leaf=\"true\"><span class=\"lb\">F\u00eates au bord de la piscine et sorties \u00e0 la plage<\/span><\/span><span data-leaf=\"true\"><span class=\"lb\">: Un must pour tous ceux qui veulent s'amuser dans l'eau.<\/span><\/span><span data-string=\"true\" data-enter=\"true\" data-leaf=\"true\">\u200b<\/span><\/li>\n<\/ul>\n<\/div>\n<div class=\"ace-line list-div\" dir=\"auto\" data-node=\"true\">\n<ul class=\"list-bullet1 r-list r-list-bullet\">\n<li><span data-leaf=\"true\"><span class=\"lb\">Pauses de travail ou d'\u00e9tudes<\/span><\/span><span data-leaf=\"true\"><span class=\"lb\">: te donne la fra\u00eecheur et l'\u00e9nergie n\u00e9cessaires pendant la pause de midi pour affronter la deuxi\u00e8me partie de la journ\u00e9e.<\/span><\/span><span data-string=\"true\" data-enter=\"true\" data-leaf=\"true\">\u200b<\/span><\/li>\n<\/ul>\n<\/div>\n<div class=\"ace-line list-div\" dir=\"auto\" data-node=\"true\">\n<ul class=\"list-bullet1 r-list r-list-bullet\">\n<li><span data-leaf=\"true\"><span class=\"lb\">Anniversaires d'enfants et f\u00eates de famille<\/span><\/span><span data-leaf=\"true\"><span class=\"lb\">: Un dessert appr\u00e9ci\u00e9 des enfants et des adultes comme.<\/span><\/span><\/li>\n<\/ul>\n<\/div>\n<\/div>","protected":false},"excerpt":{"rendered":"<p>Ice Pop R and M 15000 Puffs Vape : ton compagnon parfait de rafra\u00eechissement estival \ud83c\udf67\ud83d\udd25 Pourquoi tout le monde cherche Ice Pop sur les moteurs de recherche ? Ice Pop est l'un des rafra\u00eechissements estivaux les plus populaires. L'association incomparable d'un froid rafra\u00eechissant et de d\u00e9licieuses saveurs fruit\u00e9es en fait un must pour tous ceux qui recherchent un rafra\u00eechissement rapide et d\u00e9licieux par temp\u00e9ratures \u00e9lev\u00e9es. Dans [...]","protected":false},"featured_media":557,"comment_status":"open","ping_status":"closed","template":"","meta":[],"product_brand":[],"product_cat":[76],"product_tag":[82],"class_list":{"0":"post-552","1":"product","2":"type-product","3":"status-publish","4":"has-post-thumbnail","6":"product_cat-randm-tornado-15000","7":"product_tag-puff-15k","9":"first","10":"instock","11":"shipping-taxable","12":"purchasable","13":"product-type-variable"},"yoast_head":"<!-- This site is optimized with the Yoast SEO Premium plugin v24.4 (Yoast SEO v24.8.1) - https:\/\/yoast.com\/wordpress\/plugins\/seo\/ -->\n<title>Ice Pop R and M 15000 Puffs Vape - Tornado Puff<\/title>\n<meta name=\"description\" content=\"Entdecke Ice Pop R and M 15000 Puffs Vape Einweg Vape im Tornado Puff und genie\u00dfe hochwertiges Vape-Erlebnis, eine Auswahl an Nikotin und eine Vielzahl von Geschmacksrichtungen, um deine Vape-Anpassungsreise zu beginnen.\" \/>\n<meta name=\"robots\" content=\"index, follow, max-snippet:-1, max-image-preview:large, max-video-preview:-1\" \/>\n<link rel=\"canonical\" href=\"https:\/\/www.tornadopuff.de\/fr\/product\/randm-tornado-15000-ice-pop\/\" \/>\n<meta property=\"og:locale\" content=\"fr_FR\" \/>\n<meta property=\"og:type\" content=\"article\" \/>\n<meta property=\"og:title\" content=\"Ice Pop R and M 15000 Puffs Vape\" \/>\n<meta property=\"og:description\" content=\"Entdecke Ice Pop R and M 15000 Puffs Vape Einweg Vape im Tornado Puff und genie\u00dfe hochwertiges Vape-Erlebnis, eine Auswahl an Nikotin und eine Vielzahl von Geschmacksrichtungen, um deine Vape-Anpassungsreise zu beginnen.\" \/>\n<meta property=\"og:url\" content=\"https:\/\/www.tornadopuff.de\/fr\/product\/randm-tornado-15000-ice-pop\/\" \/>\n<meta property=\"og:site_name\" content=\"Tornado Puff\" \/>\n<meta property=\"article:modified_time\" content=\"2025-06-22T14:02:32+00:00\" \/>\n<meta property=\"og:image\" content=\"https:\/\/www.tornadopuff.de\/wp-content\/uploads\/2025\/04\/RandM-Tornado-vape-15K-Ice-Pop-1.jpg\" \/>\n\t<meta property=\"og:image:width\" content=\"2000\" \/>\n\t<meta property=\"og:image:height\" content=\"2000\" \/>\n\t<meta property=\"og:image:type\" content=\"image\/jpeg\" \/>\n<meta name=\"twitter:card\" content=\"summary_large_image\" \/>\n<meta name=\"twitter:label1\" content=\"Disponibilit\u00e9\" \/>\n\t<meta name=\"twitter:data1\" content=\"En stock\" \/>\n<script type=\"application\/ld+json\" class=\"yoast-schema-graph\">{\"@context\":\"https:\/\/schema.org\",\"@graph\":[{\"@type\":\"WebPage\",\"@id\":\"https:\/\/www.tornadopuff.de\/product\/randm-tornado-15000-ice-pop\/\",\"url\":\"https:\/\/www.tornadopuff.de\/product\/randm-tornado-15000-ice-pop\/\",\"name\":\"Ice Pop R and M 15000 Puffs Vape - Tornado Puff\",\"isPartOf\":{\"@id\":\"https:\/\/www.tornadopuff.de\/#website\"},\"primaryImageOfPage\":{\"@id\":\"https:\/\/www.tornadopuff.de\/product\/randm-tornado-15000-ice-pop\/#primaryimage\"},\"image\":{\"@id\":\"https:\/\/www.tornadopuff.de\/product\/randm-tornado-15000-ice-pop\/#primaryimage\"},\"thumbnailUrl\":\"https:\/\/www.tornadopuff.de\/wp-content\/uploads\/2025\/04\/RandM-Tornado-vape-15K-Ice-Pop-1.jpg\",\"datePublished\":\"2025-04-13T06:08:29+00:00\",\"dateModified\":\"2025-06-22T14:02:32+00:00\",\"description\":\"Entdecke Ice Pop R and M 15000 Puffs Vape Einweg Vape im Tornado Puff und genie\u00dfe hochwertiges Vape-Erlebnis, eine Auswahl an Nikotin und eine Vielzahl von Geschmacksrichtungen, um deine Vape-Anpassungsreise zu beginnen.\",\"breadcrumb\":{\"@id\":\"https:\/\/www.tornadopuff.de\/product\/randm-tornado-15000-ice-pop\/#breadcrumb\"},\"inLanguage\":\"fr-FR\",\"potentialAction\":[{\"@type\":\"ReadAction\",\"target\":[\"https:\/\/www.tornadopuff.de\/product\/randm-tornado-15000-ice-pop\/\"]}]},{\"@type\":\"ImageObject\",\"inLanguage\":\"fr-FR\",\"@id\":\"https:\/\/www.tornadopuff.de\/product\/randm-tornado-15000-ice-pop\/#primaryimage\",\"url\":\"https:\/\/www.tornadopuff.de\/wp-content\/uploads\/2025\/04\/RandM-Tornado-vape-15K-Ice-Pop-1.jpg\",\"contentUrl\":\"https:\/\/www.tornadopuff.de\/wp-content\/uploads\/2025\/04\/RandM-Tornado-vape-15K-Ice-Pop-1.jpg\",\"width\":2000,\"height\":2000,\"caption\":\"Randm Tornado Vape 15k Ice Pop\"},{\"@type\":\"BreadcrumbList\",\"@id\":\"https:\/\/www.tornadopuff.de\/product\/randm-tornado-15000-ice-pop\/#breadcrumb\",\"itemListElement\":[{\"@type\":\"ListItem\",\"position\":1,\"name\":\"\u9996\u9875\",\"item\":\"https:\/\/www.tornadopuff.de\/\"},{\"@type\":\"ListItem\",\"position\":2,\"name\":\"Shop\",\"item\":\"https:\/\/www.tornadopuff.de\/shop\/\"},{\"@type\":\"ListItem\",\"position\":3,\"name\":\"Ice Pop R and M 15000 Puffs Vape\"}]},{\"@type\":\"WebSite\",\"@id\":\"https:\/\/www.tornadopuff.de\/#website\",\"url\":\"https:\/\/www.tornadopuff.de\/\",\"name\":\"Tornado Puff\",\"description\":\"Tornado Puff\",\"potentialAction\":[{\"@type\":\"SearchAction\",\"target\":{\"@type\":\"EntryPoint\",\"urlTemplate\":\"https:\/\/www.tornadopuff.de\/?s={search_term_string}\"},\"query-input\":{\"@type\":\"PropertyValueSpecification\",\"valueRequired\":true,\"valueName\":\"search_term_string\"}}],\"inLanguage\":\"fr-FR\"}]}<\/script>\n<meta property=\"og:availability\" content=\"instock\" \/>\n<meta property=\"product:availability\" content=\"instock\" \/>\n<meta property=\"product:retailer_item_id\" content=\"RandM Tornado 15000 Ice Pop\" \/>\n<meta property=\"product:condition\" content=\"new\" \/>\n<!-- \/ Yoast SEO Premium plugin. -->","yoast_head_json":{"title":"Ice Pop R and M 15000 Puffs Vape - Tornado Puff","description":"Entdecke Ice Pop R and M 15000 Puffs Vape Einweg Vape im Tornado Puff und genie\u00dfe hochwertiges Vape-Erlebnis, eine Auswahl an Nikotin und eine Vielzahl von Geschmacksrichtungen, um deine Vape-Anpassungsreise zu beginnen.","robots":{"index":"index","follow":"follow","max-snippet":"max-snippet:-1","max-image-preview":"max-image-preview:large","max-video-preview":"max-video-preview:-1"},"canonical":"https:\/\/www.tornadopuff.de\/fr\/product\/randm-tornado-15000-ice-pop\/","og_locale":"fr_FR","og_type":"article","og_title":"Ice Pop R and M 15000 Puffs Vape","og_description":"Entdecke Ice Pop R and M 15000 Puffs Vape Einweg Vape im Tornado Puff und genie\u00dfe hochwertiges Vape-Erlebnis, eine Auswahl an Nikotin und eine Vielzahl von Geschmacksrichtungen, um deine Vape-Anpassungsreise zu beginnen.","og_url":"https:\/\/www.tornadopuff.de\/fr\/product\/randm-tornado-15000-ice-pop\/","og_site_name":"Tornado Puff","article_modified_time":"2025-06-22T14:02:32+00:00","og_image":[{"width":2000,"height":2000,"url":"https:\/\/www.tornadopuff.de\/wp-content\/uploads\/2025\/04\/RandM-Tornado-vape-15K-Ice-Pop-1.jpg","type":"image\/jpeg"}],"twitter_card":"summary_large_image","twitter_misc":{"Disponibilit\u00e9":"En stock"},"schema":{"@context":"https:\/\/schema.org","@graph":[{"@type":"WebPage","@id":"https:\/\/www.tornadopuff.de\/product\/randm-tornado-15000-ice-pop\/","url":"https:\/\/www.tornadopuff.de\/product\/randm-tornado-15000-ice-pop\/","name":"Ice Pop R and M 15000 Puffs Vape - Tornado Puff","isPartOf":{"@id":"https:\/\/www.tornadopuff.de\/#website"},"primaryImageOfPage":{"@id":"https:\/\/www.tornadopuff.de\/product\/randm-tornado-15000-ice-pop\/#primaryimage"},"image":{"@id":"https:\/\/www.tornadopuff.de\/product\/randm-tornado-15000-ice-pop\/#primaryimage"},"thumbnailUrl":"https:\/\/www.tornadopuff.de\/wp-content\/uploads\/2025\/04\/RandM-Tornado-vape-15K-Ice-Pop-1.jpg","datePublished":"2025-04-13T06:08:29+00:00","dateModified":"2025-06-22T14:02:32+00:00","description":"Entdecke Ice Pop R and M 15000 Puffs Vape Einweg Vape im Tornado Puff und genie\u00dfe hochwertiges Vape-Erlebnis, eine Auswahl an Nikotin und eine Vielzahl von Geschmacksrichtungen, um deine Vape-Anpassungsreise zu beginnen.","breadcrumb":{"@id":"https:\/\/www.tornadopuff.de\/product\/randm-tornado-15000-ice-pop\/#breadcrumb"},"inLanguage":"fr-FR","potentialAction":[{"@type":"ReadAction","target":["https:\/\/www.tornadopuff.de\/product\/randm-tornado-15000-ice-pop\/"]}]},{"@type":"ImageObject","inLanguage":"fr-FR","@id":"https:\/\/www.tornadopuff.de\/product\/randm-tornado-15000-ice-pop\/#primaryimage","url":"https:\/\/www.tornadopuff.de\/wp-content\/uploads\/2025\/04\/RandM-Tornado-vape-15K-Ice-Pop-1.jpg","contentUrl":"https:\/\/www.tornadopuff.de\/wp-content\/uploads\/2025\/04\/RandM-Tornado-vape-15K-Ice-Pop-1.jpg","width":2000,"height":2000,"caption":"Randm Tornado Vape 15k Ice Pop"},{"@type":"BreadcrumbList","@id":"https:\/\/www.tornadopuff.de\/product\/randm-tornado-15000-ice-pop\/#breadcrumb","itemListElement":[{"@type":"ListItem","position":1,"name":"\u9996\u9875","item":"https:\/\/www.tornadopuff.de\/"},{"@type":"ListItem","position":2,"name":"Shop","item":"https:\/\/www.tornadopuff.de\/shop\/"},{"@type":"ListItem","position":3,"name":"Ice Pop R and M 15000 Puffs Vape"}]},{"@type":"WebSite","@id":"https:\/\/www.tornadopuff.de\/#website","url":"https:\/\/www.tornadopuff.de\/","name":"Tornado Puff","description":"Tornado Puff","potentialAction":[{"@type":"SearchAction","target":{"@type":"EntryPoint","urlTemplate":"https:\/\/www.tornadopuff.de\/?s={search_term_string}"},"query-input":{"@type":"PropertyValueSpecification","valueRequired":true,"valueName":"search_term_string"}}],"inLanguage":"fr-FR"}]},"og_availability":"instock","product_availability":"instock","product_retailer_item_id":"RandM Tornado 15000 Ice Pop","product_condition":"new"},"_links":{"self":[{"href":"https:\/\/www.tornadopuff.de\/fr\/wp-json\/wp\/v2\/product\/552","targetHints":{"allow":["GET"]}}],"collection":[{"href":"https:\/\/www.tornadopuff.de\/fr\/wp-json\/wp\/v2\/product"}],"about":[{"href":"https:\/\/www.tornadopuff.de\/fr\/wp-json\/wp\/v2\/types\/product"}],"replies":[{"embeddable":true,"href":"https:\/\/www.tornadopuff.de\/fr\/wp-json\/wp\/v2\/comments?post=552"}],"wp:featuredmedia":[{"embeddable":true,"href":"https:\/\/www.tornadopuff.de\/fr\/wp-json\/wp\/v2\/media\/557"}],"wp:attachment":[{"href":"https:\/\/www.tornadopuff.de\/fr\/wp-json\/wp\/v2\/media?parent=552"}],"wp:term":[{"taxonomy":"product_brand","embeddable":true,"href":"https:\/\/www.tornadopuff.de\/fr\/wp-json\/wp\/v2\/product_brand?post=552"},{"taxonomy":"product_cat","embeddable":true,"href":"https:\/\/www.tornadopuff.de\/fr\/wp-json\/wp\/v2\/product_cat?post=552"},{"taxonomy":"product_tag","embeddable":true,"href":"https:\/\/www.tornadopuff.de\/fr\/wp-json\/wp\/v2\/product_tag?post=552"}],"curies":[{"name":"wp","href":"https:\/\/api.w.org\/{rel}","templated":true}]}}