{"id":538,"date":"2025-04-13T07:56:48","date_gmt":"2025-04-13T05:56:48","guid":{"rendered":"https:\/\/www.tornadopuff.de\/?post_type=product&#038;p=538"},"modified":"2025-06-22T16:02:33","modified_gmt":"2025-06-22T14:02:33","slug":"randm-tornado-15000-mr-blue","status":"publish","type":"product","link":"https:\/\/www.tornadopuff.de\/fr\/product\/randm-tornado-15000-mr-blue\/","title":{"rendered":"Mr Blue Randm Vapes 15000 Puffs"},"content":{"rendered":"<div class=\"ace-line heading-h1\" dir=\"auto\" data-node=\"true\">\n<h2 class=\"ace-line heading-h1\" dir=\"auto\" data-node=\"true\"><span data-leaf=\"true\"><span class=\"lb\">Monsieur Bleu <a href=\"https:\/\/www.tornadopuff.de\/fr\/product-category\/randm-tornado-15000\/\">Randm Vapes 15000<\/a> Puffs : ton compagnon cool \u00e0 la fra\u00eecheur divine de la framboise<\/span><\/span><span data-string=\"true\" data-enter=\"true\" data-leaf=\"true\">\u200b<\/span><\/h2>\n<h4 class=\"ace-line heading-h2\" dir=\"auto\" data-node=\"true\"><span data-leaf=\"true\"><span class=\"lb\">\ud83c\udf47\ud83c\udf0c Pourquoi tout le monde cherche-t-il M. Blue dans les moteurs de recherche ?<\/span><\/span><span data-string=\"true\" data-enter=\"true\" data-leaf=\"true\">\u200b<\/span><\/h4>\n<div class=\"ace-line\" dir=\"auto\" data-node=\"true\"><span data-leaf=\"true\"><span class=\"lb\">Mr Blue est l'une des boissons les plus tendance. Elle enthousiasme par sa note intense de jus de framboise et sa fra\u00eecheur rafra\u00eechissante. La combinaison de la douceur profonde de la framboise et du refresh glac\u00e9 est unique. C'est un must pour tous ceux qui recherchent une exp\u00e9rience gustative moderne et styl\u00e9e. Dans les moteurs de recherche comme Google, les requ\u00eates ne cessent d'augmenter. Et ce n'est pas sans raison ! Cette boisson associe le fruit\u00e9 naturel des framboises \u00e0 une froideur cool. Elle cr\u00e9e une exp\u00e9rience gustative unique qui attire les Young Adults et les passionn\u00e9s de style de vie.<\/span><\/span><span data-string=\"true\" data-enter=\"true\" data-leaf=\"true\">\u200b<\/span><\/div>\n<h4 class=\"ace-line heading-h2\" dir=\"auto\" data-node=\"true\"><span data-leaf=\"true\"><span class=\"lb\">\ud83c\udf47 La premi\u00e8re gorg\u00e9e : la note intense de jus de framboise<\/span><\/span><span data-string=\"true\" data-enter=\"true\" data-leaf=\"true\">\u200b<\/span><\/h4>\n<div class=\"ace-line\" dir=\"auto\" data-node=\"true\"><span data-leaf=\"true\"><span class=\"lb\">\u00c0 la premi\u00e8re gorg\u00e9e de Mr Blue, c'est comme croquer dans une framboise \ud83c\udf47 tri\u00e9e sur le volet et dor\u00e9e par le soleil. Le fruit d'un violet profond d\u00e9ploie sa douceur sur ton palais. Une subtile acidit\u00e9 \u00e9quilibre parfaitement la douceur. Les ar\u00f4mes parfum\u00e9s rappellent une framboise allemande en \u00e9t\u00e9. Les baies brillent comme des perles bleues. Les fines particules en bouche lui conf\u00e8rent une note textur\u00e9e. C'est comme si tu les cueillais directement sur l'arbuste - une invitation dans un monde de fruits bleus.<\/span><\/span><span data-string=\"true\" data-enter=\"true\" data-leaf=\"true\">\u200b<\/span><\/div>\n<h4 class=\"ace-line heading-h2\" dir=\"auto\" data-node=\"true\"><span data-leaf=\"true\"><span class=\"lb\">\ud83c\udf2c\ufe0f La deuxi\u00e8me gorg\u00e9e : la fra\u00eecheur glac\u00e9e<\/span><\/span><span data-string=\"true\" data-enter=\"true\" data-leaf=\"true\">\u200b<\/span><\/h4>\n<div class=\"ace-line\" dir=\"auto\" data-node=\"true\"><span data-leaf=\"true\"><span class=\"lb\">Ensuite, la fra\u00eecheur rafra\u00eechissante de Mr Blue frappe \ud83c\udf2c\ufe0f. Une vague de fra\u00eecheur traverse ton palais. Elle se d\u00e9ploie comme un nuage de brouillard bleu. Contrairement aux boissons traditionnelles, ce froid donne une sensation \u00e9lectrique. Elle \u00e9l\u00e8ve la note de jus de framboise \u00e0 un niveau sup\u00e9rieur. Les fins cristaux de glace dans la boisson craquent d\u00e9licatement. C'est comme si tu mordais dans un cristal de glace bleu - un voyage culinaire pour ton palais.<\/span><\/span><span data-string=\"true\" data-enter=\"true\" data-leaf=\"true\">\u200b<\/span><\/div>\n<h4 class=\"ace-line heading-h2\" dir=\"auto\" data-node=\"true\"><span data-leaf=\"true\"><span class=\"lb\">\ud83c\udf1f L'\u00e9quilibre parfait : un plaisir gustatif cool<\/span><\/span><span data-string=\"true\" data-enter=\"true\" data-leaf=\"true\">\u200b<\/span><\/h4>\n<div class=\"ace-line\" dir=\"auto\" data-node=\"true\"><span data-leaf=\"true\"><span class=\"lb\">Le miracle de Mr Blue r\u00e9side dans l'harmonisation du jus de framboise et du froid. La framboise procure des profondeurs chaudes et fruit\u00e9es. Le froid conf\u00e8re un flair moderne et urbain. En arri\u00e8re-go\u00fbt, il reste un go\u00fbt agr\u00e9able et bleut\u00e9. Il persiste longtemps en bouche. La douceur, la fra\u00eecheur et la coolitude se combinent en un tout. La couleur bleue de la boisson renforce l'exp\u00e9rience. C'est un plaisir pour le palais et les yeux.<\/span><\/span><\/div>\n<\/div>","protected":false},"excerpt":{"rendered":"<p>Mr Blue Randm Vapes 15000 Puffs : ton compagnon cool avec une fra\u00eecheur divine \u00e0 la framboise \ud83c\udf47\ud83c\udf0c Pourquoi tout le monde cherche Mr Blue dans les moteurs de recherche ? Mr Blue est l'une des boissons les plus tendance. Elle enthousiasme par sa note intense de jus de framboise et sa fra\u00eecheur rafra\u00eechissante. La combinaison d'une profonde douceur de framboise et d'un refresh glac\u00e9 est unique. C'est un must pour tous ceux qui veulent [...].","protected":false},"featured_media":543,"comment_status":"open","ping_status":"closed","template":"","meta":[],"product_brand":[],"product_cat":[76],"product_tag":[82],"class_list":{"0":"post-538","1":"product","2":"type-product","3":"status-publish","4":"has-post-thumbnail","6":"product_cat-randm-tornado-15000","7":"product_tag-puff-15k","9":"first","10":"instock","11":"shipping-taxable","12":"purchasable","13":"product-type-variable"},"yoast_head":"<!-- This site is optimized with the Yoast SEO Premium plugin v24.4 (Yoast SEO v24.8.1) - https:\/\/yoast.com\/wordpress\/plugins\/seo\/ -->\n<title>Mr Blue Randm Vapes 15000 Puffs - Tornado Puff<\/title>\n<meta name=\"description\" content=\"Entdecke Mr Blue Randm Vapes 15000 Puffs Einweg Vape im Tornado Puff und genie\u00dfe hochwertiges Vape-Erlebnis, eine Auswahl an Nikotin und eine Vielzahl von Geschmacksrichtungen, um deine Vape-Anpassungsreise zu beginnen.\" \/>\n<meta name=\"robots\" content=\"index, follow, max-snippet:-1, max-image-preview:large, max-video-preview:-1\" \/>\n<link rel=\"canonical\" href=\"https:\/\/www.tornadopuff.de\/fr\/product\/randm-tornado-15000-mr-blue\/\" \/>\n<meta property=\"og:locale\" content=\"fr_FR\" \/>\n<meta property=\"og:type\" content=\"article\" \/>\n<meta property=\"og:title\" content=\"Mr Blue Randm Vapes 15000 Puffs\" \/>\n<meta property=\"og:description\" content=\"Entdecke Mr Blue Randm Vapes 15000 Puffs Einweg Vape im Tornado Puff und genie\u00dfe hochwertiges Vape-Erlebnis, eine Auswahl an Nikotin und eine Vielzahl von Geschmacksrichtungen, um deine Vape-Anpassungsreise zu beginnen.\" \/>\n<meta property=\"og:url\" content=\"https:\/\/www.tornadopuff.de\/fr\/product\/randm-tornado-15000-mr-blue\/\" \/>\n<meta property=\"og:site_name\" content=\"Tornado Puff\" \/>\n<meta property=\"article:modified_time\" content=\"2025-06-22T14:02:33+00:00\" \/>\n<meta property=\"og:image\" content=\"https:\/\/www.tornadopuff.de\/wp-content\/uploads\/2025\/04\/RandM-Tornado-vape-15K-Mr-Blue-1.jpg\" \/>\n\t<meta property=\"og:image:width\" content=\"2000\" \/>\n\t<meta property=\"og:image:height\" content=\"2000\" \/>\n\t<meta property=\"og:image:type\" content=\"image\/jpeg\" \/>\n<meta name=\"twitter:card\" content=\"summary_large_image\" \/>\n<meta name=\"twitter:label1\" content=\"Disponibilit\u00e9\" \/>\n\t<meta name=\"twitter:data1\" content=\"En stock\" \/>\n<script type=\"application\/ld+json\" class=\"yoast-schema-graph\">{\"@context\":\"https:\/\/schema.org\",\"@graph\":[{\"@type\":\"WebPage\",\"@id\":\"https:\/\/www.tornadopuff.de\/product\/randm-tornado-15000-mr-blue\/\",\"url\":\"https:\/\/www.tornadopuff.de\/product\/randm-tornado-15000-mr-blue\/\",\"name\":\"Mr Blue Randm Vapes 15000 Puffs - Tornado Puff\",\"isPartOf\":{\"@id\":\"https:\/\/www.tornadopuff.de\/#website\"},\"primaryImageOfPage\":{\"@id\":\"https:\/\/www.tornadopuff.de\/product\/randm-tornado-15000-mr-blue\/#primaryimage\"},\"image\":{\"@id\":\"https:\/\/www.tornadopuff.de\/product\/randm-tornado-15000-mr-blue\/#primaryimage\"},\"thumbnailUrl\":\"https:\/\/www.tornadopuff.de\/wp-content\/uploads\/2025\/04\/RandM-Tornado-vape-15K-Mr-Blue-1.jpg\",\"datePublished\":\"2025-04-13T05:56:48+00:00\",\"dateModified\":\"2025-06-22T14:02:33+00:00\",\"description\":\"Entdecke Mr Blue Randm Vapes 15000 Puffs Einweg Vape im Tornado Puff und genie\u00dfe hochwertiges Vape-Erlebnis, eine Auswahl an Nikotin und eine Vielzahl von Geschmacksrichtungen, um deine Vape-Anpassungsreise zu beginnen.\",\"breadcrumb\":{\"@id\":\"https:\/\/www.tornadopuff.de\/product\/randm-tornado-15000-mr-blue\/#breadcrumb\"},\"inLanguage\":\"fr-FR\",\"potentialAction\":[{\"@type\":\"ReadAction\",\"target\":[\"https:\/\/www.tornadopuff.de\/product\/randm-tornado-15000-mr-blue\/\"]}]},{\"@type\":\"ImageObject\",\"inLanguage\":\"fr-FR\",\"@id\":\"https:\/\/www.tornadopuff.de\/product\/randm-tornado-15000-mr-blue\/#primaryimage\",\"url\":\"https:\/\/www.tornadopuff.de\/wp-content\/uploads\/2025\/04\/RandM-Tornado-vape-15K-Mr-Blue-1.jpg\",\"contentUrl\":\"https:\/\/www.tornadopuff.de\/wp-content\/uploads\/2025\/04\/RandM-Tornado-vape-15K-Mr-Blue-1.jpg\",\"width\":2000,\"height\":2000,\"caption\":\"Randm Tornado Vape 15k Mr Blue\"},{\"@type\":\"BreadcrumbList\",\"@id\":\"https:\/\/www.tornadopuff.de\/product\/randm-tornado-15000-mr-blue\/#breadcrumb\",\"itemListElement\":[{\"@type\":\"ListItem\",\"position\":1,\"name\":\"\u9996\u9875\",\"item\":\"https:\/\/www.tornadopuff.de\/\"},{\"@type\":\"ListItem\",\"position\":2,\"name\":\"Shop\",\"item\":\"https:\/\/www.tornadopuff.de\/shop\/\"},{\"@type\":\"ListItem\",\"position\":3,\"name\":\"Mr Blue Randm Vapes 15000 Puffs\"}]},{\"@type\":\"WebSite\",\"@id\":\"https:\/\/www.tornadopuff.de\/#website\",\"url\":\"https:\/\/www.tornadopuff.de\/\",\"name\":\"Tornado Puff\",\"description\":\"Tornado Puff\",\"potentialAction\":[{\"@type\":\"SearchAction\",\"target\":{\"@type\":\"EntryPoint\",\"urlTemplate\":\"https:\/\/www.tornadopuff.de\/?s={search_term_string}\"},\"query-input\":{\"@type\":\"PropertyValueSpecification\",\"valueRequired\":true,\"valueName\":\"search_term_string\"}}],\"inLanguage\":\"fr-FR\"}]}<\/script>\n<meta property=\"og:availability\" content=\"instock\" \/>\n<meta property=\"product:availability\" content=\"instock\" \/>\n<meta property=\"product:retailer_item_id\" content=\"RandM Tornado 15000 Mr Blue\" \/>\n<meta property=\"product:condition\" content=\"new\" \/>\n<!-- \/ Yoast SEO Premium plugin. -->","yoast_head_json":{"title":"Mr Blue Randm Vapes 15000 Puffs - Tornado Puff","description":"Entdecke Mr Blue Randm Vapes 15000 Puffs Einweg Vape im Tornado Puff und genie\u00dfe hochwertiges Vape-Erlebnis, eine Auswahl an Nikotin und eine Vielzahl von Geschmacksrichtungen, um deine Vape-Anpassungsreise zu beginnen.","robots":{"index":"index","follow":"follow","max-snippet":"max-snippet:-1","max-image-preview":"max-image-preview:large","max-video-preview":"max-video-preview:-1"},"canonical":"https:\/\/www.tornadopuff.de\/fr\/product\/randm-tornado-15000-mr-blue\/","og_locale":"fr_FR","og_type":"article","og_title":"Mr Blue Randm Vapes 15000 Puffs","og_description":"Entdecke Mr Blue Randm Vapes 15000 Puffs Einweg Vape im Tornado Puff und genie\u00dfe hochwertiges Vape-Erlebnis, eine Auswahl an Nikotin und eine Vielzahl von Geschmacksrichtungen, um deine Vape-Anpassungsreise zu beginnen.","og_url":"https:\/\/www.tornadopuff.de\/fr\/product\/randm-tornado-15000-mr-blue\/","og_site_name":"Tornado Puff","article_modified_time":"2025-06-22T14:02:33+00:00","og_image":[{"width":2000,"height":2000,"url":"https:\/\/www.tornadopuff.de\/wp-content\/uploads\/2025\/04\/RandM-Tornado-vape-15K-Mr-Blue-1.jpg","type":"image\/jpeg"}],"twitter_card":"summary_large_image","twitter_misc":{"Disponibilit\u00e9":"En stock"},"schema":{"@context":"https:\/\/schema.org","@graph":[{"@type":"WebPage","@id":"https:\/\/www.tornadopuff.de\/product\/randm-tornado-15000-mr-blue\/","url":"https:\/\/www.tornadopuff.de\/product\/randm-tornado-15000-mr-blue\/","name":"Mr Blue Randm Vapes 15000 Puffs - Tornado Puff","isPartOf":{"@id":"https:\/\/www.tornadopuff.de\/#website"},"primaryImageOfPage":{"@id":"https:\/\/www.tornadopuff.de\/product\/randm-tornado-15000-mr-blue\/#primaryimage"},"image":{"@id":"https:\/\/www.tornadopuff.de\/product\/randm-tornado-15000-mr-blue\/#primaryimage"},"thumbnailUrl":"https:\/\/www.tornadopuff.de\/wp-content\/uploads\/2025\/04\/RandM-Tornado-vape-15K-Mr-Blue-1.jpg","datePublished":"2025-04-13T05:56:48+00:00","dateModified":"2025-06-22T14:02:33+00:00","description":"Entdecke Mr Blue Randm Vapes 15000 Puffs Einweg Vape im Tornado Puff und genie\u00dfe hochwertiges Vape-Erlebnis, eine Auswahl an Nikotin und eine Vielzahl von Geschmacksrichtungen, um deine Vape-Anpassungsreise zu beginnen.","breadcrumb":{"@id":"https:\/\/www.tornadopuff.de\/product\/randm-tornado-15000-mr-blue\/#breadcrumb"},"inLanguage":"fr-FR","potentialAction":[{"@type":"ReadAction","target":["https:\/\/www.tornadopuff.de\/product\/randm-tornado-15000-mr-blue\/"]}]},{"@type":"ImageObject","inLanguage":"fr-FR","@id":"https:\/\/www.tornadopuff.de\/product\/randm-tornado-15000-mr-blue\/#primaryimage","url":"https:\/\/www.tornadopuff.de\/wp-content\/uploads\/2025\/04\/RandM-Tornado-vape-15K-Mr-Blue-1.jpg","contentUrl":"https:\/\/www.tornadopuff.de\/wp-content\/uploads\/2025\/04\/RandM-Tornado-vape-15K-Mr-Blue-1.jpg","width":2000,"height":2000,"caption":"Randm Tornado Vape 15k Mr Blue"},{"@type":"BreadcrumbList","@id":"https:\/\/www.tornadopuff.de\/product\/randm-tornado-15000-mr-blue\/#breadcrumb","itemListElement":[{"@type":"ListItem","position":1,"name":"\u9996\u9875","item":"https:\/\/www.tornadopuff.de\/"},{"@type":"ListItem","position":2,"name":"Shop","item":"https:\/\/www.tornadopuff.de\/shop\/"},{"@type":"ListItem","position":3,"name":"Mr Blue Randm Vapes 15000 Puffs"}]},{"@type":"WebSite","@id":"https:\/\/www.tornadopuff.de\/#website","url":"https:\/\/www.tornadopuff.de\/","name":"Tornado Puff","description":"Tornado Puff","potentialAction":[{"@type":"SearchAction","target":{"@type":"EntryPoint","urlTemplate":"https:\/\/www.tornadopuff.de\/?s={search_term_string}"},"query-input":{"@type":"PropertyValueSpecification","valueRequired":true,"valueName":"search_term_string"}}],"inLanguage":"fr-FR"}]},"og_availability":"instock","product_availability":"instock","product_retailer_item_id":"RandM Tornado 15000 Mr Blue","product_condition":"new"},"_links":{"self":[{"href":"https:\/\/www.tornadopuff.de\/fr\/wp-json\/wp\/v2\/product\/538","targetHints":{"allow":["GET"]}}],"collection":[{"href":"https:\/\/www.tornadopuff.de\/fr\/wp-json\/wp\/v2\/product"}],"about":[{"href":"https:\/\/www.tornadopuff.de\/fr\/wp-json\/wp\/v2\/types\/product"}],"replies":[{"embeddable":true,"href":"https:\/\/www.tornadopuff.de\/fr\/wp-json\/wp\/v2\/comments?post=538"}],"wp:featuredmedia":[{"embeddable":true,"href":"https:\/\/www.tornadopuff.de\/fr\/wp-json\/wp\/v2\/media\/543"}],"wp:attachment":[{"href":"https:\/\/www.tornadopuff.de\/fr\/wp-json\/wp\/v2\/media?parent=538"}],"wp:term":[{"taxonomy":"product_brand","embeddable":true,"href":"https:\/\/www.tornadopuff.de\/fr\/wp-json\/wp\/v2\/product_brand?post=538"},{"taxonomy":"product_cat","embeddable":true,"href":"https:\/\/www.tornadopuff.de\/fr\/wp-json\/wp\/v2\/product_cat?post=538"},{"taxonomy":"product_tag","embeddable":true,"href":"https:\/\/www.tornadopuff.de\/fr\/wp-json\/wp\/v2\/product_tag?post=538"}],"curies":[{"name":"wp","href":"https:\/\/api.w.org\/{rel}","templated":true}]}}