{"id":517,"date":"2025-04-12T13:15:23","date_gmt":"2025-04-12T11:15:23","guid":{"rendered":"https:\/\/www.tornadopuff.de\/?post_type=product&#038;p=517"},"modified":"2025-06-22T16:02:35","modified_gmt":"2025-06-22T14:02:35","slug":"randm-tornado-15000-peach-mango","status":"publish","type":"product","link":"https:\/\/www.tornadopuff.de\/fr\/product\/randm-tornado-15000-peach-mango\/","title":{"rendered":"Peach Mango Randm Tornado 15000 Puffs Vape"},"content":{"rendered":"<h2 class=\"ace-line heading-h1\" dir=\"auto\" data-node=\"true\"><span data-string=\"true\" data-leaf=\"true\">P\u00eache Mangue <a href=\"https:\/\/www.tornadopuff.de\/fr\/product-category\/randm-tornado-15000\/\">Randm Tornado 15000<\/a> Puffs Vape : un duo de fruits tropicaux pour ton palais<\/span><span data-string=\"true\" data-enter=\"true\" data-leaf=\"true\">\u200b<\/span><\/h2>\n<h4 class=\"ace-line heading-h2\" dir=\"auto\" data-node=\"true\"><span data-string=\"true\" data-leaf=\"true\">\ud83c\udf51\ud83e\udd6d Pourquoi tout le monde cherche-t-il Peach Mango dans les moteurs de recherche ?<\/span><span data-string=\"true\" data-enter=\"true\" data-leaf=\"true\">\u200b<\/span><\/h4>\n<div class=\"ace-line\" dir=\"auto\" data-node=\"true\"><span data-string=\"true\" data-leaf=\"true\">Peach Mango fait partie des combinaisons de fruits exotiques les plus appr\u00e9ci\u00e9es. Le m\u00e9lange incomparable de la douceur juteuse des p\u00eaches et de la note cr\u00e9meuse et aromatique des mangues en fait un must pour tous ceux qui recherchent une exp\u00e9rience gustative \u00e9quilibr\u00e9e \u00e0 l'ambiance tropicale. Dans les moteurs de recherche comme Google, les demandes de recherche ne cessent d'augmenter - et il y a une raison \u00e0 cela ! Ce duo de fruits associe des ar\u00f4mes naturels pour cr\u00e9er une exp\u00e9rience gustative unique qui stimule les sens.<\/span><span data-string=\"true\" data-enter=\"true\" data-leaf=\"true\">\u200b<\/span><\/div>\n<h4 class=\"ace-line heading-h2\" dir=\"auto\" data-node=\"true\"><span data-string=\"true\" data-leaf=\"true\">\ud83c\udf51 La premi\u00e8re gorg\u00e9e : la douceur juteuse de la p\u00eache<\/span><span data-string=\"true\" data-enter=\"true\" data-leaf=\"true\">\u200b<\/span><\/h4>\n<div class=\"ace-line\" dir=\"auto\" data-node=\"true\"><span data-string=\"true\" data-leaf=\"true\">\u00c0 la premi\u00e8re gorg\u00e9e de Peach Mango, c'est comme si tu mordais dans une p\u00eache m\u00fbre et chaude \ud83c\udf51. L'\u00e9corce d\u00e9licate du fruit c\u00e8de et la douceur juteuse s'\u00e9coule sur ton palais. Les ar\u00f4mes parfum\u00e9s rappellent les journ\u00e9es d'\u00e9t\u00e9 ensoleill\u00e9es dans une ferme fruiti\u00e8re allemande, o\u00f9 les p\u00eaches pendent, m\u00fbres et pleines de jus. La texture cr\u00e9meuse donne l'impression de r\u00e9ellement savourer la p\u00eache, avec un \u00e9quilibre parfait entre la douceur et une subtile acidit\u00e9.<\/span><span data-string=\"true\" data-enter=\"true\" data-leaf=\"true\">\u200b<\/span><\/div>\n<h4 class=\"ace-line heading-h2\" dir=\"auto\" data-node=\"true\"><span data-string=\"true\" data-leaf=\"true\">\ud83e\udd6d La deuxi\u00e8me gorg\u00e9e : la note onctueuse de la mangue<\/span><span data-string=\"true\" data-enter=\"true\" data-leaf=\"true\">\u200b<\/span><\/h4>\n<div class=\"ace-line\" dir=\"auto\" data-node=\"true\"><span data-string=\"true\" data-leaf=\"true\">Ensuite, la note intense et aromatique de la mangue frappe \ud83e\udd6d. Ce fruit tropical apporte un ar\u00f4me profond et fruit\u00e9 \u00e0 l'exp\u00e9rience gustative. Les ar\u00f4mes parfum\u00e9s se m\u00ealent sans transition \u00e0 la douceur de la p\u00eache. C'est comme si l'on passait d'un matin pluvieux \u00e0 un midi ensoleill\u00e9 dans une for\u00eat tropicale. La mangue apporte une douceur intense, mais pas excessive, qui \u00e9l\u00e8ve le go\u00fbt \u00e0 un autre niveau.<\/span><span data-string=\"true\" data-enter=\"true\" data-leaf=\"true\">\u200b<\/span><\/div>\n<h4 class=\"ace-line heading-h2\" dir=\"auto\" data-node=\"true\"><span data-string=\"true\" data-leaf=\"true\">\ud83c\udf1f L'\u00e9quilibre parfait : une exp\u00e9rience gustative symphonique<\/span><span data-string=\"true\" data-enter=\"true\" data-leaf=\"true\">\u200b<\/span><\/h4>\n<div class=\"ace-line\" dir=\"auto\" data-node=\"true\"><span data-string=\"true\" data-leaf=\"true\">Le miracle de Peach Mango r\u00e9side dans l'harmonisation des deux fruits. Les p\u00eaches apportent une douceur chaude et d\u00e9licate, tandis que les mangues offrent un fruit\u00e9 cr\u00e9meux et aromatique. L'arri\u00e8re-go\u00fbt laisse un go\u00fbt agr\u00e9able, \u00e0 plusieurs couches, qui persiste longtemps en bouche. La combinaison de la douceur juteuse de la p\u00eache et de la note cr\u00e9meuse de la mangue en fait un v\u00e9ritable r\u00e9gal pour le palais.<\/span><span data-string=\"true\" data-enter=\"true\" data-leaf=\"true\">\u200b<\/span><\/div>\n<h4 class=\"ace-line heading-h2\" dir=\"auto\" data-node=\"true\"><span data-string=\"true\" data-leaf=\"true\">\ud83d\udccd Cas d'application id\u00e9aux<\/span><span data-string=\"true\" data-enter=\"true\" data-leaf=\"true\">\u200b<\/span><\/h4>\n<div class=\"ace-line list-div\" dir=\"auto\" data-node=\"true\">\n<ul class=\"list-bullet1 r-list r-list-bullet\">\n<li><span data-string=\"true\" data-leaf=\"true\">Journ\u00e9es ensoleill\u00e9es<\/span><span data-string=\"true\" data-leaf=\"true\">: Rafra\u00eechit comme une oasis tropicale dans la chaleur.<\/span><span data-string=\"true\" data-enter=\"true\" data-leaf=\"true\">\u200b<\/span><\/li>\n<\/ul>\n<\/div>\n<div class=\"ace-line list-div\" dir=\"auto\" data-node=\"true\">\n<ul class=\"list-bullet1 r-list r-list-bullet\">\n<li><span data-string=\"true\" data-leaf=\"true\">Pauses de travail<\/span><span data-string=\"true\" data-leaf=\"true\">: \u00e9veille les sens et donne de l'\u00e9nergie pour les t\u00e2ches \u00e0 accomplir.<\/span><span data-string=\"true\" data-enter=\"true\" data-leaf=\"true\">\u200b<\/span><\/li>\n<\/ul>\n<\/div>\n<div class=\"ace-line list-div\" dir=\"auto\" data-node=\"true\">\n<ul class=\"list-bullet1 r-list r-list-bullet\">\n<li><span data-string=\"true\" data-leaf=\"true\">F\u00eates au bord de la piscine &amp; sorties \u00e0 la plage<\/span><span data-string=\"true\" data-leaf=\"true\">: Un sujet de conversation tr\u00e8s appr\u00e9ci\u00e9 et une boisson d'accompagnement parfaite.<\/span><span data-string=\"true\" data-enter=\"true\" data-leaf=\"true\">\u200b<\/span><\/li>\n<\/ul>\n<\/div>\n<div class=\"ace-line list-div\" dir=\"auto\" data-node=\"true\">\n<ul class=\"list-bullet1 r-list r-list-bullet\">\n<li><span data-string=\"true\" data-leaf=\"true\">D\u00e9tente nocturne<\/span><span data-string=\"true\" data-leaf=\"true\">: Apporte un repos fruit\u00e9 et chaleureux apr\u00e8s une longue journ\u00e9e.<\/span><\/li>\n<\/ul>\n<\/div>","protected":false},"excerpt":{"rendered":"<p>Peach Mango Randm Tornado 15000 Puffs Vape : un duo de fruits tropicaux pour ton palais \ud83c\udf51\ud83e\udd6d Pourquoi tout le monde cherche Peach Mango dans les moteurs de recherche ? Peach Mango fait partie des combinaisons de fruits exotiques les plus populaires. Le m\u00e9lange incomparable de la douceur juteuse des p\u00eaches et de la note cr\u00e9meuse et aromatique des mangues en fait un must pour les [...].","protected":false},"featured_media":522,"comment_status":"open","ping_status":"closed","template":"","meta":[],"product_brand":[],"product_cat":[76],"product_tag":[82],"class_list":{"0":"post-517","1":"product","2":"type-product","3":"status-publish","4":"has-post-thumbnail","6":"product_cat-randm-tornado-15000","7":"product_tag-puff-15k","9":"first","10":"instock","11":"shipping-taxable","12":"purchasable","13":"product-type-variable"},"yoast_head":"<!-- This site is optimized with the Yoast SEO Premium plugin v24.4 (Yoast SEO v24.8.1) - https:\/\/yoast.com\/wordpress\/plugins\/seo\/ -->\n<title>Peach Mango Randm Tornado 15000 Puffs Vape - Tornado Puff<\/title>\n<meta name=\"description\" content=\"Entdecke Peach Mango Randm Tornado 15000 Puffs Vape Einweg Vape im Tornado Puff und genie\u00dfe hochwertiges Vape-Erlebnis, eine Auswahl an Nikotin und eine Vielzahl von Geschmacksrichtungen, um deine Vape-Anpassungsreise zu beginnen.\" \/>\n<meta name=\"robots\" content=\"index, follow, max-snippet:-1, max-image-preview:large, max-video-preview:-1\" \/>\n<link rel=\"canonical\" href=\"https:\/\/www.tornadopuff.de\/fr\/product\/randm-tornado-15000-peach-mango\/\" \/>\n<meta property=\"og:locale\" content=\"fr_FR\" \/>\n<meta property=\"og:type\" content=\"article\" \/>\n<meta property=\"og:title\" content=\"Peach Mango Randm Tornado 15000 Puffs Vape\" \/>\n<meta property=\"og:description\" content=\"Entdecke Peach Mango Randm Tornado 15000 Puffs Vape Einweg Vape im Tornado Puff und genie\u00dfe hochwertiges Vape-Erlebnis, eine Auswahl an Nikotin und eine Vielzahl von Geschmacksrichtungen, um deine Vape-Anpassungsreise zu beginnen.\" \/>\n<meta property=\"og:url\" content=\"https:\/\/www.tornadopuff.de\/fr\/product\/randm-tornado-15000-peach-mango\/\" \/>\n<meta property=\"og:site_name\" content=\"Tornado Puff\" \/>\n<meta property=\"article:modified_time\" content=\"2025-06-22T14:02:35+00:00\" \/>\n<meta property=\"og:image\" content=\"https:\/\/www.tornadopuff.de\/wp-content\/uploads\/2025\/04\/RandM-Tornado-vape-15K-Peach-Mango-1.jpg\" \/>\n\t<meta property=\"og:image:width\" content=\"2000\" \/>\n\t<meta property=\"og:image:height\" content=\"2000\" \/>\n\t<meta property=\"og:image:type\" content=\"image\/jpeg\" \/>\n<meta name=\"twitter:card\" content=\"summary_large_image\" \/>\n<meta name=\"twitter:label1\" content=\"Disponibilit\u00e9\" \/>\n\t<meta name=\"twitter:data1\" content=\"En stock\" \/>\n<script type=\"application\/ld+json\" class=\"yoast-schema-graph\">{\"@context\":\"https:\/\/schema.org\",\"@graph\":[{\"@type\":\"WebPage\",\"@id\":\"https:\/\/www.tornadopuff.de\/product\/randm-tornado-15000-peach-mango\/\",\"url\":\"https:\/\/www.tornadopuff.de\/product\/randm-tornado-15000-peach-mango\/\",\"name\":\"Peach Mango Randm Tornado 15000 Puffs Vape - Tornado Puff\",\"isPartOf\":{\"@id\":\"https:\/\/www.tornadopuff.de\/#website\"},\"primaryImageOfPage\":{\"@id\":\"https:\/\/www.tornadopuff.de\/product\/randm-tornado-15000-peach-mango\/#primaryimage\"},\"image\":{\"@id\":\"https:\/\/www.tornadopuff.de\/product\/randm-tornado-15000-peach-mango\/#primaryimage\"},\"thumbnailUrl\":\"https:\/\/www.tornadopuff.de\/wp-content\/uploads\/2025\/04\/RandM-Tornado-vape-15K-Peach-Mango-1.jpg\",\"datePublished\":\"2025-04-12T11:15:23+00:00\",\"dateModified\":\"2025-06-22T14:02:35+00:00\",\"description\":\"Entdecke Peach Mango Randm Tornado 15000 Puffs Vape Einweg Vape im Tornado Puff und genie\u00dfe hochwertiges Vape-Erlebnis, eine Auswahl an Nikotin und eine Vielzahl von Geschmacksrichtungen, um deine Vape-Anpassungsreise zu beginnen.\",\"breadcrumb\":{\"@id\":\"https:\/\/www.tornadopuff.de\/product\/randm-tornado-15000-peach-mango\/#breadcrumb\"},\"inLanguage\":\"fr-FR\",\"potentialAction\":[{\"@type\":\"ReadAction\",\"target\":[\"https:\/\/www.tornadopuff.de\/product\/randm-tornado-15000-peach-mango\/\"]}]},{\"@type\":\"ImageObject\",\"inLanguage\":\"fr-FR\",\"@id\":\"https:\/\/www.tornadopuff.de\/product\/randm-tornado-15000-peach-mango\/#primaryimage\",\"url\":\"https:\/\/www.tornadopuff.de\/wp-content\/uploads\/2025\/04\/RandM-Tornado-vape-15K-Peach-Mango-1.jpg\",\"contentUrl\":\"https:\/\/www.tornadopuff.de\/wp-content\/uploads\/2025\/04\/RandM-Tornado-vape-15K-Peach-Mango-1.jpg\",\"width\":2000,\"height\":2000,\"caption\":\"Randm Tornado Vape 15k Peach Mango\"},{\"@type\":\"BreadcrumbList\",\"@id\":\"https:\/\/www.tornadopuff.de\/product\/randm-tornado-15000-peach-mango\/#breadcrumb\",\"itemListElement\":[{\"@type\":\"ListItem\",\"position\":1,\"name\":\"\u9996\u9875\",\"item\":\"https:\/\/www.tornadopuff.de\/\"},{\"@type\":\"ListItem\",\"position\":2,\"name\":\"Shop\",\"item\":\"https:\/\/www.tornadopuff.de\/shop\/\"},{\"@type\":\"ListItem\",\"position\":3,\"name\":\"Peach Mango Randm Tornado 15000 Puffs Vape\"}]},{\"@type\":\"WebSite\",\"@id\":\"https:\/\/www.tornadopuff.de\/#website\",\"url\":\"https:\/\/www.tornadopuff.de\/\",\"name\":\"Tornado Puff\",\"description\":\"Tornado Puff\",\"potentialAction\":[{\"@type\":\"SearchAction\",\"target\":{\"@type\":\"EntryPoint\",\"urlTemplate\":\"https:\/\/www.tornadopuff.de\/?s={search_term_string}\"},\"query-input\":{\"@type\":\"PropertyValueSpecification\",\"valueRequired\":true,\"valueName\":\"search_term_string\"}}],\"inLanguage\":\"fr-FR\"}]}<\/script>\n<meta property=\"og:availability\" content=\"instock\" \/>\n<meta property=\"product:availability\" content=\"instock\" \/>\n<meta property=\"product:retailer_item_id\" content=\"RandM Tornado 15000 Peach Mango\" \/>\n<meta property=\"product:condition\" content=\"new\" \/>\n<!-- \/ Yoast SEO Premium plugin. -->","yoast_head_json":{"title":"Peach Mango Randm Tornado 15000 Puffs Vape - Tornado Puff","description":"Entdecke Peach Mango Randm Tornado 15000 Puffs Vape Einweg Vape im Tornado Puff und genie\u00dfe hochwertiges Vape-Erlebnis, eine Auswahl an Nikotin und eine Vielzahl von Geschmacksrichtungen, um deine Vape-Anpassungsreise zu beginnen.","robots":{"index":"index","follow":"follow","max-snippet":"max-snippet:-1","max-image-preview":"max-image-preview:large","max-video-preview":"max-video-preview:-1"},"canonical":"https:\/\/www.tornadopuff.de\/fr\/product\/randm-tornado-15000-peach-mango\/","og_locale":"fr_FR","og_type":"article","og_title":"Peach Mango Randm Tornado 15000 Puffs Vape","og_description":"Entdecke Peach Mango Randm Tornado 15000 Puffs Vape Einweg Vape im Tornado Puff und genie\u00dfe hochwertiges Vape-Erlebnis, eine Auswahl an Nikotin und eine Vielzahl von Geschmacksrichtungen, um deine Vape-Anpassungsreise zu beginnen.","og_url":"https:\/\/www.tornadopuff.de\/fr\/product\/randm-tornado-15000-peach-mango\/","og_site_name":"Tornado Puff","article_modified_time":"2025-06-22T14:02:35+00:00","og_image":[{"width":2000,"height":2000,"url":"https:\/\/www.tornadopuff.de\/wp-content\/uploads\/2025\/04\/RandM-Tornado-vape-15K-Peach-Mango-1.jpg","type":"image\/jpeg"}],"twitter_card":"summary_large_image","twitter_misc":{"Disponibilit\u00e9":"En stock"},"schema":{"@context":"https:\/\/schema.org","@graph":[{"@type":"WebPage","@id":"https:\/\/www.tornadopuff.de\/product\/randm-tornado-15000-peach-mango\/","url":"https:\/\/www.tornadopuff.de\/product\/randm-tornado-15000-peach-mango\/","name":"Peach Mango Randm Tornado 15000 Puffs Vape - Tornado Puff","isPartOf":{"@id":"https:\/\/www.tornadopuff.de\/#website"},"primaryImageOfPage":{"@id":"https:\/\/www.tornadopuff.de\/product\/randm-tornado-15000-peach-mango\/#primaryimage"},"image":{"@id":"https:\/\/www.tornadopuff.de\/product\/randm-tornado-15000-peach-mango\/#primaryimage"},"thumbnailUrl":"https:\/\/www.tornadopuff.de\/wp-content\/uploads\/2025\/04\/RandM-Tornado-vape-15K-Peach-Mango-1.jpg","datePublished":"2025-04-12T11:15:23+00:00","dateModified":"2025-06-22T14:02:35+00:00","description":"Entdecke Peach Mango Randm Tornado 15000 Puffs Vape Einweg Vape im Tornado Puff und genie\u00dfe hochwertiges Vape-Erlebnis, eine Auswahl an Nikotin und eine Vielzahl von Geschmacksrichtungen, um deine Vape-Anpassungsreise zu beginnen.","breadcrumb":{"@id":"https:\/\/www.tornadopuff.de\/product\/randm-tornado-15000-peach-mango\/#breadcrumb"},"inLanguage":"fr-FR","potentialAction":[{"@type":"ReadAction","target":["https:\/\/www.tornadopuff.de\/product\/randm-tornado-15000-peach-mango\/"]}]},{"@type":"ImageObject","inLanguage":"fr-FR","@id":"https:\/\/www.tornadopuff.de\/product\/randm-tornado-15000-peach-mango\/#primaryimage","url":"https:\/\/www.tornadopuff.de\/wp-content\/uploads\/2025\/04\/RandM-Tornado-vape-15K-Peach-Mango-1.jpg","contentUrl":"https:\/\/www.tornadopuff.de\/wp-content\/uploads\/2025\/04\/RandM-Tornado-vape-15K-Peach-Mango-1.jpg","width":2000,"height":2000,"caption":"Randm Tornado Vape 15k Peach Mango"},{"@type":"BreadcrumbList","@id":"https:\/\/www.tornadopuff.de\/product\/randm-tornado-15000-peach-mango\/#breadcrumb","itemListElement":[{"@type":"ListItem","position":1,"name":"\u9996\u9875","item":"https:\/\/www.tornadopuff.de\/"},{"@type":"ListItem","position":2,"name":"Shop","item":"https:\/\/www.tornadopuff.de\/shop\/"},{"@type":"ListItem","position":3,"name":"Peach Mango Randm Tornado 15000 Puffs Vape"}]},{"@type":"WebSite","@id":"https:\/\/www.tornadopuff.de\/#website","url":"https:\/\/www.tornadopuff.de\/","name":"Tornado Puff","description":"Tornado Puff","potentialAction":[{"@type":"SearchAction","target":{"@type":"EntryPoint","urlTemplate":"https:\/\/www.tornadopuff.de\/?s={search_term_string}"},"query-input":{"@type":"PropertyValueSpecification","valueRequired":true,"valueName":"search_term_string"}}],"inLanguage":"fr-FR"}]},"og_availability":"instock","product_availability":"instock","product_retailer_item_id":"RandM Tornado 15000 Peach Mango","product_condition":"new"},"_links":{"self":[{"href":"https:\/\/www.tornadopuff.de\/fr\/wp-json\/wp\/v2\/product\/517","targetHints":{"allow":["GET"]}}],"collection":[{"href":"https:\/\/www.tornadopuff.de\/fr\/wp-json\/wp\/v2\/product"}],"about":[{"href":"https:\/\/www.tornadopuff.de\/fr\/wp-json\/wp\/v2\/types\/product"}],"replies":[{"embeddable":true,"href":"https:\/\/www.tornadopuff.de\/fr\/wp-json\/wp\/v2\/comments?post=517"}],"wp:featuredmedia":[{"embeddable":true,"href":"https:\/\/www.tornadopuff.de\/fr\/wp-json\/wp\/v2\/media\/522"}],"wp:attachment":[{"href":"https:\/\/www.tornadopuff.de\/fr\/wp-json\/wp\/v2\/media?parent=517"}],"wp:term":[{"taxonomy":"product_brand","embeddable":true,"href":"https:\/\/www.tornadopuff.de\/fr\/wp-json\/wp\/v2\/product_brand?post=517"},{"taxonomy":"product_cat","embeddable":true,"href":"https:\/\/www.tornadopuff.de\/fr\/wp-json\/wp\/v2\/product_cat?post=517"},{"taxonomy":"product_tag","embeddable":true,"href":"https:\/\/www.tornadopuff.de\/fr\/wp-json\/wp\/v2\/product_tag?post=517"}],"curies":[{"name":"wp","href":"https:\/\/api.w.org\/{rel}","templated":true}]}}