{"id":489,"date":"2025-04-12T12:51:18","date_gmt":"2025-04-12T10:51:18","guid":{"rendered":"https:\/\/www.tornadopuff.de\/?post_type=product&#038;p=489"},"modified":"2025-05-25T09:54:50","modified_gmt":"2025-05-25T07:54:50","slug":"randm-tornado-15000-cola-ice","status":"publish","type":"product","link":"https:\/\/www.tornadopuff.de\/fr\/product\/randm-tornado-15000-cola-ice\/","title":{"rendered":"Cola Ice Vape R and M tornado 15000"},"content":{"rendered":"<h2 class=\"ace-line heading-h1\" dir=\"auto\" data-node=\"true\"><span data-leaf=\"true\"><span class=\"lb\">Cola Ice Vape <a href=\"https:\/\/www.tornadopuff.de\/fr\/product-category\/randm-tornado-15000\/\">R et M tornado 15000<\/a>Une exp\u00e9rience rafra\u00eechissante de r\u00e9frig\u00e9ration de glace au go\u00fbt classique de cola.<\/span><\/span><span data-string=\"true\" data-enter=\"true\" data-leaf=\"true\">\u200b<\/span><span data-string=\"true\" data-enter=\"true\" data-leaf=\"true\">\u200b<\/span><\/h2>\n<div class=\"ace-line\" dir=\"auto\" data-node=\"true\"><span data-leaf=\"true\"><span class=\"lb\">Cola Ice compte parmi les ar\u00f4mes de vape les plus populaires. L'alliance parfaite entre le go\u00fbt l\u00e9gendaire du cola et la fra\u00eecheur rafra\u00eechissante de la glace \u00e0 la menthe en fait un must pour tous les amateurs de boissons sucr\u00e9es, caf\u00e9in\u00e9es et glac\u00e9es. Chaque jour, de nombreuses requ\u00eates concernant Cola Ice apparaissent dans les moteurs de recherche comme Google, et il y a une raison \u00e0 cela ! Il allie la douceur intense et caram\u00e9lis\u00e9e du cola \u00e0 une fra\u00eecheur p\u00e9n\u00e9trante qui surprend ton palais avec une exp\u00e9rience gustative incomparable.<\/span><\/span><span data-string=\"true\" data-enter=\"true\" data-leaf=\"true\">\u200b<\/span><\/div>\n<h3 class=\"ace-line heading-h2\" dir=\"auto\" data-node=\"true\"><span data-leaf=\"true\"><span class=\"lb\">\ud83e\udd64 L'entr\u00e9e en mati\u00e8re : le go\u00fbt sucr\u00e9 intense du cola<\/span><\/span><span data-string=\"true\" data-enter=\"true\" data-leaf=\"true\">\u200b<\/span><\/h3>\n<div class=\"ace-line\" dir=\"auto\" data-node=\"true\"><span data-leaf=\"true\"><span class=\"lb\">D\u00e8s la premi\u00e8re bouff\u00e9e de Cola Ice, c'est comme si tu prenais une gorg\u00e9e de coca glac\u00e9 \ud83e\udd64. La douceur caram\u00e9lis\u00e9e et les notes discr\u00e8tes de vanille, de caramel et de caf\u00e9ine se r\u00e9pandent imm\u00e9diatement sur ton palais. Les ar\u00f4mes typiques du cola, associ\u00e9s \u00e0 une subtile note de cacao et de cannelle, rappellent la nostalgie d'une chaude journ\u00e9e d'\u00e9t\u00e9 avec un cola glac\u00e9 \u00e0 la main. Les fines bulles dans le go\u00fbt lui conf\u00e8rent une effervescence rafra\u00eechissante qui donne l'impression de boire r\u00e9ellement une gorg\u00e9e de Cola frais.<\/span><\/span><span data-string=\"true\" data-enter=\"true\" data-leaf=\"true\">\u200b<\/span><\/div>\n<h3 class=\"ace-line heading-h2\" dir=\"auto\" data-node=\"true\"><span data-leaf=\"true\"><span class=\"lb\">\u2744\ufe0f La partie centrale : la fra\u00eecheur menthe-glace rafra\u00eechissante<\/span><\/span><span data-string=\"true\" data-enter=\"true\" data-leaf=\"true\">\u200b<\/span><\/h3>\n<div class=\"ace-line\" dir=\"auto\" data-node=\"true\"><span data-leaf=\"true\"><span class=\"lb\">Imm\u00e9diatement apr\u00e8s, la fra\u00eecheur rafra\u00eechissante de la glace \u00e0 la menthe \u2744\ufe0f. Contrairement aux saveurs traditionnelles de la menthe, cette fra\u00eecheur ressemble \u00e0 un vent doux et froid qui souffle sur une rivi\u00e8re glac\u00e9e. La menthe n'envahit pas seulement ta langue, mais aussi ton palais et ta gorge, sans \u00eatre trop piquante. Elle \u00e9quilibre parfaitement la douceur intense du cola et donne au go\u00fbt une note fra\u00eeche et vive qui te rafra\u00eechit et te stimule imm\u00e9diatement.<\/span><\/span><span data-string=\"true\" data-enter=\"true\" data-leaf=\"true\">\u200b<\/span><\/div>\n<h4 class=\"ace-line heading-h2\" dir=\"auto\" data-node=\"true\"><span data-leaf=\"true\"><span class=\"lb\">\ud83c\udf1f L'\u00e9quilibre parfait : une exp\u00e9rience gustative symphonique<\/span><\/span><span data-string=\"true\" data-enter=\"true\" data-leaf=\"true\">\u200b<\/span><\/h4>\n<div class=\"ace-line\" dir=\"auto\" data-node=\"true\"><span data-leaf=\"true\"><span class=\"lb\">Le miracle de Cola Ice r\u00e9side dans l'\u00e9quilibre parfait entre le cola et la menthe. Les notes de caramel et de vanille du cola donnent de la profondeur et de l'intensit\u00e9, tandis que la menthe apporte de la fra\u00eecheur. L'arri\u00e8re-go\u00fbt laisse un go\u00fbt agr\u00e9able, doux et froid, qui t'enchante encore plus \u00e0 chaque nouvelle bouff\u00e9e. La combinaison de la note sucr\u00e9e et caram\u00e9lis\u00e9e du cola et de la fra\u00eecheur rafra\u00eechissante fait de Cola Ice un v\u00e9ritable r\u00e9gal pour le palais.<\/span><\/span><span data-string=\"true\" data-enter=\"true\" data-leaf=\"true\">\u200b<\/span><\/div>\n<h4 class=\"ace-line heading-h2\" dir=\"auto\" data-node=\"true\"><span data-leaf=\"true\"><span class=\"lb\">\ud83d\udccd Cas d'application id\u00e9aux pour Cola Ice<\/span><\/span><span data-string=\"true\" data-enter=\"true\" data-leaf=\"true\">\u200b<\/span><\/h4>\n<div class=\"ace-line list-div\" dir=\"auto\" data-node=\"true\">\n<ul class=\"list-bullet1 r-list r-list-bullet\">\n<li><span data-leaf=\"true\"><span class=\"lb\">Des journ\u00e9es d'\u00e9t\u00e9 ensoleill\u00e9es<\/span><\/span><span data-leaf=\"true\"><span class=\"lb\">: Rafra\u00eechit imm\u00e9diatement avec la chaleur et te met dans une ambiance d\u00e9tendue.<\/span><\/span><span data-string=\"true\" data-enter=\"true\" data-leaf=\"true\">\u200b<\/span><\/li>\n<\/ul>\n<\/div>\n<div class=\"ace-line list-div\" dir=\"auto\" data-node=\"true\">\n<ul class=\"list-bullet1 r-list r-list-bullet\">\n<li><span data-leaf=\"true\"><span class=\"lb\">Pauses de travail<\/span><\/span><span data-leaf=\"true\"><span class=\"lb\">: \u00e9veille tes sens et augmente ta concentration comme un vrai coca, mais sans sucre !<\/span><\/span><span data-string=\"true\" data-enter=\"true\" data-leaf=\"true\">\u200b<\/span><\/li>\n<\/ul>\n<\/div>\n<div class=\"ace-line list-div\" dir=\"auto\" data-node=\"true\">\n<ul class=\"list-bullet1 r-list r-list-bullet\">\n<li><span data-leaf=\"true\"><span class=\"lb\">\u00c9v\u00e9nements sociaux<\/span><\/span><span data-leaf=\"true\"><span class=\"lb\">: Un sujet de conversation parfait et une d\u00e9licieuse recommandation pour les amis et la famille qui aiment le coca.<\/span><\/span><span data-string=\"true\" data-enter=\"true\" data-leaf=\"true\">\u200b<\/span><\/li>\n<\/ul>\n<\/div>","protected":false},"excerpt":{"rendered":"<p>Cola Ice Vape R and M tornado 15000 : une exp\u00e9rience rafra\u00eechissante de refroidissement de la glace au go\u00fbt classique de cola Le Cola Ice fait partie des go\u00fbts de vape les plus populaires recherch\u00e9s. L'alliance parfaite entre le go\u00fbt l\u00e9gendaire du cola et la fra\u00eecheur glac\u00e9e de la menthe en fait un must pour tous les amateurs de boissons sucr\u00e9es \u00e0 base de caf\u00e9ine et de gla\u00e7ons. Chaque jour, des moteurs de recherche comme [...]","protected":false},"featured_media":494,"comment_status":"open","ping_status":"closed","template":"","meta":[],"product_brand":[],"product_cat":[76],"product_tag":[],"class_list":{"0":"post-489","1":"product","2":"type-product","3":"status-publish","4":"has-post-thumbnail","6":"product_cat-randm-tornado-15000","8":"first","9":"instock","10":"shipping-taxable","11":"purchasable","12":"product-type-variable"},"yoast_head":"<!-- This site is optimized with the Yoast SEO Premium plugin v24.4 (Yoast SEO v24.8.1) - https:\/\/yoast.com\/wordpress\/plugins\/seo\/ -->\n<title>Cola Ice Vape R and M tornado 15000 - Tornado Puff<\/title>\n<meta name=\"description\" content=\"Entdecke Cola Ice Vape R and M tornado 15000 Einweg Vape im Tornado Puff und genie\u00dfe hochwertiges Vape-Erlebnis, eine Auswahl an Nikotin und eine Vielzahl von Geschmacksrichtungen, um deine Vape-Anpassungsreise zu beginnen.\" \/>\n<meta name=\"robots\" content=\"index, follow, max-snippet:-1, max-image-preview:large, max-video-preview:-1\" \/>\n<link rel=\"canonical\" href=\"https:\/\/www.tornadopuff.de\/fr\/product\/randm-tornado-15000-cola-ice\/\" \/>\n<meta property=\"og:locale\" content=\"fr_FR\" \/>\n<meta property=\"og:type\" content=\"article\" \/>\n<meta property=\"og:title\" content=\"Cola Ice Vape R and M tornado 15000\" \/>\n<meta property=\"og:description\" content=\"Entdecke Cola Ice Vape R and M tornado 15000 Einweg Vape im Tornado Puff und genie\u00dfe hochwertiges Vape-Erlebnis, eine Auswahl an Nikotin und eine Vielzahl von Geschmacksrichtungen, um deine Vape-Anpassungsreise zu beginnen.\" \/>\n<meta property=\"og:url\" content=\"https:\/\/www.tornadopuff.de\/fr\/product\/randm-tornado-15000-cola-ice\/\" \/>\n<meta property=\"og:site_name\" content=\"Tornado Puff\" \/>\n<meta property=\"article:modified_time\" content=\"2025-05-25T07:54:50+00:00\" \/>\n<meta property=\"og:image\" content=\"https:\/\/www.tornadopuff.de\/wp-content\/uploads\/2025\/04\/RandM-Tornado-vape-15K-Cola-Ice-1.jpg\" \/>\n\t<meta property=\"og:image:width\" content=\"2000\" \/>\n\t<meta property=\"og:image:height\" content=\"2000\" \/>\n\t<meta property=\"og:image:type\" content=\"image\/jpeg\" \/>\n<meta name=\"twitter:card\" content=\"summary_large_image\" \/>\n<meta name=\"twitter:label1\" content=\"Disponibilit\u00e9\" \/>\n\t<meta name=\"twitter:data1\" content=\"En stock\" \/>\n<script type=\"application\/ld+json\" class=\"yoast-schema-graph\">{\"@context\":\"https:\/\/schema.org\",\"@graph\":[{\"@type\":\"WebPage\",\"@id\":\"https:\/\/www.tornadopuff.de\/product\/randm-tornado-15000-cola-ice\/\",\"url\":\"https:\/\/www.tornadopuff.de\/product\/randm-tornado-15000-cola-ice\/\",\"name\":\"Cola Ice Vape R and M tornado 15000 - Tornado Puff\",\"isPartOf\":{\"@id\":\"https:\/\/www.tornadopuff.de\/#website\"},\"primaryImageOfPage\":{\"@id\":\"https:\/\/www.tornadopuff.de\/product\/randm-tornado-15000-cola-ice\/#primaryimage\"},\"image\":{\"@id\":\"https:\/\/www.tornadopuff.de\/product\/randm-tornado-15000-cola-ice\/#primaryimage\"},\"thumbnailUrl\":\"https:\/\/www.tornadopuff.de\/wp-content\/uploads\/2025\/04\/RandM-Tornado-vape-15K-Cola-Ice-1.jpg\",\"datePublished\":\"2025-04-12T10:51:18+00:00\",\"dateModified\":\"2025-05-25T07:54:50+00:00\",\"description\":\"Entdecke Cola Ice Vape R and M tornado 15000 Einweg Vape im Tornado Puff und genie\u00dfe hochwertiges Vape-Erlebnis, eine Auswahl an Nikotin und eine Vielzahl von Geschmacksrichtungen, um deine Vape-Anpassungsreise zu beginnen.\",\"breadcrumb\":{\"@id\":\"https:\/\/www.tornadopuff.de\/product\/randm-tornado-15000-cola-ice\/#breadcrumb\"},\"inLanguage\":\"fr-FR\",\"potentialAction\":[{\"@type\":\"ReadAction\",\"target\":[\"https:\/\/www.tornadopuff.de\/product\/randm-tornado-15000-cola-ice\/\"]}]},{\"@type\":\"ImageObject\",\"inLanguage\":\"fr-FR\",\"@id\":\"https:\/\/www.tornadopuff.de\/product\/randm-tornado-15000-cola-ice\/#primaryimage\",\"url\":\"https:\/\/www.tornadopuff.de\/wp-content\/uploads\/2025\/04\/RandM-Tornado-vape-15K-Cola-Ice-1.jpg\",\"contentUrl\":\"https:\/\/www.tornadopuff.de\/wp-content\/uploads\/2025\/04\/RandM-Tornado-vape-15K-Cola-Ice-1.jpg\",\"width\":2000,\"height\":2000,\"caption\":\"Randm Tornado Vape 15k Cola Ice\"},{\"@type\":\"BreadcrumbList\",\"@id\":\"https:\/\/www.tornadopuff.de\/product\/randm-tornado-15000-cola-ice\/#breadcrumb\",\"itemListElement\":[{\"@type\":\"ListItem\",\"position\":1,\"name\":\"\u9996\u9875\",\"item\":\"https:\/\/www.tornadopuff.de\/\"},{\"@type\":\"ListItem\",\"position\":2,\"name\":\"Shop\",\"item\":\"https:\/\/www.tornadopuff.de\/shop\/\"},{\"@type\":\"ListItem\",\"position\":3,\"name\":\"Cola Ice Vape R and M tornado 15000\"}]},{\"@type\":\"WebSite\",\"@id\":\"https:\/\/www.tornadopuff.de\/#website\",\"url\":\"https:\/\/www.tornadopuff.de\/\",\"name\":\"Tornado Puff\",\"description\":\"Tornado Puff\",\"potentialAction\":[{\"@type\":\"SearchAction\",\"target\":{\"@type\":\"EntryPoint\",\"urlTemplate\":\"https:\/\/www.tornadopuff.de\/?s={search_term_string}\"},\"query-input\":{\"@type\":\"PropertyValueSpecification\",\"valueRequired\":true,\"valueName\":\"search_term_string\"}}],\"inLanguage\":\"fr-FR\"}]}<\/script>\n<meta property=\"og:availability\" content=\"instock\" \/>\n<meta property=\"product:availability\" content=\"instock\" \/>\n<meta property=\"product:retailer_item_id\" content=\"RandM Tornado 15000 Cola Ice\" \/>\n<meta property=\"product:condition\" content=\"new\" \/>\n<!-- \/ Yoast SEO Premium plugin. -->","yoast_head_json":{"title":"Cola Ice Vape R and M tornado 15000 - Tornado Puff","description":"Entdecke Cola Ice Vape R and M tornado 15000 Einweg Vape im Tornado Puff und genie\u00dfe hochwertiges Vape-Erlebnis, eine Auswahl an Nikotin und eine Vielzahl von Geschmacksrichtungen, um deine Vape-Anpassungsreise zu beginnen.","robots":{"index":"index","follow":"follow","max-snippet":"max-snippet:-1","max-image-preview":"max-image-preview:large","max-video-preview":"max-video-preview:-1"},"canonical":"https:\/\/www.tornadopuff.de\/fr\/product\/randm-tornado-15000-cola-ice\/","og_locale":"fr_FR","og_type":"article","og_title":"Cola Ice Vape R and M tornado 15000","og_description":"Entdecke Cola Ice Vape R and M tornado 15000 Einweg Vape im Tornado Puff und genie\u00dfe hochwertiges Vape-Erlebnis, eine Auswahl an Nikotin und eine Vielzahl von Geschmacksrichtungen, um deine Vape-Anpassungsreise zu beginnen.","og_url":"https:\/\/www.tornadopuff.de\/fr\/product\/randm-tornado-15000-cola-ice\/","og_site_name":"Tornado Puff","article_modified_time":"2025-05-25T07:54:50+00:00","og_image":[{"width":2000,"height":2000,"url":"https:\/\/www.tornadopuff.de\/wp-content\/uploads\/2025\/04\/RandM-Tornado-vape-15K-Cola-Ice-1.jpg","type":"image\/jpeg"}],"twitter_card":"summary_large_image","twitter_misc":{"Disponibilit\u00e9":"En stock"},"schema":{"@context":"https:\/\/schema.org","@graph":[{"@type":"WebPage","@id":"https:\/\/www.tornadopuff.de\/product\/randm-tornado-15000-cola-ice\/","url":"https:\/\/www.tornadopuff.de\/product\/randm-tornado-15000-cola-ice\/","name":"Cola Ice Vape R and M tornado 15000 - Tornado Puff","isPartOf":{"@id":"https:\/\/www.tornadopuff.de\/#website"},"primaryImageOfPage":{"@id":"https:\/\/www.tornadopuff.de\/product\/randm-tornado-15000-cola-ice\/#primaryimage"},"image":{"@id":"https:\/\/www.tornadopuff.de\/product\/randm-tornado-15000-cola-ice\/#primaryimage"},"thumbnailUrl":"https:\/\/www.tornadopuff.de\/wp-content\/uploads\/2025\/04\/RandM-Tornado-vape-15K-Cola-Ice-1.jpg","datePublished":"2025-04-12T10:51:18+00:00","dateModified":"2025-05-25T07:54:50+00:00","description":"Entdecke Cola Ice Vape R and M tornado 15000 Einweg Vape im Tornado Puff und genie\u00dfe hochwertiges Vape-Erlebnis, eine Auswahl an Nikotin und eine Vielzahl von Geschmacksrichtungen, um deine Vape-Anpassungsreise zu beginnen.","breadcrumb":{"@id":"https:\/\/www.tornadopuff.de\/product\/randm-tornado-15000-cola-ice\/#breadcrumb"},"inLanguage":"fr-FR","potentialAction":[{"@type":"ReadAction","target":["https:\/\/www.tornadopuff.de\/product\/randm-tornado-15000-cola-ice\/"]}]},{"@type":"ImageObject","inLanguage":"fr-FR","@id":"https:\/\/www.tornadopuff.de\/product\/randm-tornado-15000-cola-ice\/#primaryimage","url":"https:\/\/www.tornadopuff.de\/wp-content\/uploads\/2025\/04\/RandM-Tornado-vape-15K-Cola-Ice-1.jpg","contentUrl":"https:\/\/www.tornadopuff.de\/wp-content\/uploads\/2025\/04\/RandM-Tornado-vape-15K-Cola-Ice-1.jpg","width":2000,"height":2000,"caption":"Randm Tornado Vape 15k Cola Ice"},{"@type":"BreadcrumbList","@id":"https:\/\/www.tornadopuff.de\/product\/randm-tornado-15000-cola-ice\/#breadcrumb","itemListElement":[{"@type":"ListItem","position":1,"name":"\u9996\u9875","item":"https:\/\/www.tornadopuff.de\/"},{"@type":"ListItem","position":2,"name":"Shop","item":"https:\/\/www.tornadopuff.de\/shop\/"},{"@type":"ListItem","position":3,"name":"Cola Ice Vape R and M tornado 15000"}]},{"@type":"WebSite","@id":"https:\/\/www.tornadopuff.de\/#website","url":"https:\/\/www.tornadopuff.de\/","name":"Tornado Puff","description":"Tornado Puff","potentialAction":[{"@type":"SearchAction","target":{"@type":"EntryPoint","urlTemplate":"https:\/\/www.tornadopuff.de\/?s={search_term_string}"},"query-input":{"@type":"PropertyValueSpecification","valueRequired":true,"valueName":"search_term_string"}}],"inLanguage":"fr-FR"}]},"og_availability":"instock","product_availability":"instock","product_retailer_item_id":"RandM Tornado 15000 Cola Ice","product_condition":"new"},"_links":{"self":[{"href":"https:\/\/www.tornadopuff.de\/fr\/wp-json\/wp\/v2\/product\/489","targetHints":{"allow":["GET"]}}],"collection":[{"href":"https:\/\/www.tornadopuff.de\/fr\/wp-json\/wp\/v2\/product"}],"about":[{"href":"https:\/\/www.tornadopuff.de\/fr\/wp-json\/wp\/v2\/types\/product"}],"replies":[{"embeddable":true,"href":"https:\/\/www.tornadopuff.de\/fr\/wp-json\/wp\/v2\/comments?post=489"}],"wp:featuredmedia":[{"embeddable":true,"href":"https:\/\/www.tornadopuff.de\/fr\/wp-json\/wp\/v2\/media\/494"}],"wp:attachment":[{"href":"https:\/\/www.tornadopuff.de\/fr\/wp-json\/wp\/v2\/media?parent=489"}],"wp:term":[{"taxonomy":"product_brand","embeddable":true,"href":"https:\/\/www.tornadopuff.de\/fr\/wp-json\/wp\/v2\/product_brand?post=489"},{"taxonomy":"product_cat","embeddable":true,"href":"https:\/\/www.tornadopuff.de\/fr\/wp-json\/wp\/v2\/product_cat?post=489"},{"taxonomy":"product_tag","embeddable":true,"href":"https:\/\/www.tornadopuff.de\/fr\/wp-json\/wp\/v2\/product_tag?post=489"}],"curies":[{"name":"wp","href":"https:\/\/api.w.org\/{rel}","templated":true}]}}