{"id":482,"date":"2025-04-12T12:47:37","date_gmt":"2025-04-12T10:47:37","guid":{"rendered":"https:\/\/www.tornadopuff.de\/?post_type=product&#038;p=482"},"modified":"2025-05-25T09:51:23","modified_gmt":"2025-05-25T07:51:23","slug":"randm-tornado-15000-grape-ice","status":"publish","type":"product","link":"https:\/\/www.tornadopuff.de\/fr\/product\/randm-tornado-15000-grape-ice\/","title":{"rendered":"Grape Ice Vape RandM Tornado 15000"},"content":{"rendered":"<h2 class=\"ace-line\" dir=\"auto\" data-node=\"true\"><span data-string=\"true\" data-leaf=\"true\">Grape Ice Vape <a href=\"https:\/\/www.tornadopuff.de\/fr\/product-category\/randm-tornado-15000\/\">RandM Tornado 15000<\/a><\/span><\/h2>\n<h3>Pourquoi tout le monde cherche-t-il Grape Ice dans les moteurs de recherche ?<\/h3>\n<div class=\"ace-line\" dir=\"auto\" data-node=\"true\"><span data-string=\"true\" data-leaf=\"true\">Grape Ice fait partie des saveurs de vape les plus recherch\u00e9es. Le mariage parfait du raisin m\u00fbr et de la fra\u00eecheur glac\u00e9e de la menthe en fait un must pour tous les amateurs de fruits et de fra\u00eecheur. De nombreuses recherches sur Grape Ice apparaissent chaque jour dans Google et d'autres moteurs de recherche - et ce n'est pas sans raison ! Il allie la douceur intense du raisin \u00e0 une fra\u00eecheur p\u00e9n\u00e9trante qui surprend le palais avec une exp\u00e9rience gustative unique.<\/span><span data-string=\"true\" data-enter=\"true\" data-leaf=\"true\">\u200b<\/span><\/div>\n<h3 class=\"ace-line heading-h2\" dir=\"auto\" data-node=\"true\"><span data-string=\"true\" data-leaf=\"true\">\ud83c\udf47 L'entr\u00e9e en mati\u00e8re : le go\u00fbt sucr\u00e9 intense du raisin<\/span><span data-string=\"true\" data-enter=\"true\" data-leaf=\"true\">\u200b<\/span><\/h3>\n<div class=\"ace-line\" dir=\"auto\" data-node=\"true\"><span data-string=\"true\" data-leaf=\"true\">D\u00e8s la premi\u00e8re bouff\u00e9e de Grape Ice, c'est comme si tu mordais dans un raisin noir bien m\u00fbr \ud83c\udf47. Le fruit d'un violet profond d\u00e9ploie sa douceur cors\u00e9e sur ton palais. Les ar\u00f4mes d\u00e9licats et parfum\u00e9s du raisin, associ\u00e9s \u00e0 une subtile acidit\u00e9, \u00e9voquent les vignobles ensoleill\u00e9s et les vendanges m\u00fbres. Les fines particules en bouche lui conf\u00e8rent une note textur\u00e9e qui donne l'impression de manger r\u00e9ellement du raisin frais. Le jus de raisin semble gicler dans ta bouche et emplir ton haleine d'un doux parfum de raisin.<\/span><span data-string=\"true\" data-enter=\"true\" data-leaf=\"true\">\u200b<\/span><\/div>\n<h3 class=\"ace-line heading-h2\" dir=\"auto\" data-node=\"true\"><span data-string=\"true\" data-leaf=\"true\">\u2744\ufe0f La partie centrale : la fra\u00eecheur menthe-glace rafra\u00eechissante<\/span><span data-string=\"true\" data-enter=\"true\" data-leaf=\"true\">\u200b<\/span><\/h3>\n<div class=\"ace-line\" dir=\"auto\" data-node=\"true\"><span data-string=\"true\" data-leaf=\"true\">Imm\u00e9diatement apr\u00e8s, la fra\u00eecheur glac\u00e9e \u00e0 la menthe \u2744\ufe0f est rafra\u00eechissante. Contrairement aux saveurs traditionnelles de la menthe, cette fra\u00eecheur ressemble \u00e0 un vent doux et froid qui souffle sur un lac gel\u00e9. La menthe n'envahit pas seulement ta langue, mais aussi ton palais et ta gorge, sans \u00eatre trop piquante. Elle \u00e9quilibre parfaitement la douceur intense du raisin et conf\u00e8re au go\u00fbt une note rafra\u00eechissante et vive.<\/span><span data-string=\"true\" data-enter=\"true\" data-leaf=\"true\">\u200b<\/span><\/div>\n<h3 class=\"ace-line heading-h2\" dir=\"auto\" data-node=\"true\"><span data-string=\"true\" data-leaf=\"true\">\ud83c\udf1f L'\u00e9quilibre parfait : une exp\u00e9rience gustative symphonique<\/span><span data-string=\"true\" data-enter=\"true\" data-leaf=\"true\">\u200b<\/span><\/h3>\n<div class=\"ace-line\" dir=\"auto\" data-node=\"true\"><span data-string=\"true\" data-leaf=\"true\">Le miracle de Grape Ice r\u00e9side dans l'\u00e9quilibre parfait entre le raisin et la menthe. Le raisin donne de la profondeur et de l'intensit\u00e9, tandis que la menthe apporte de la fra\u00eecheur. L'arri\u00e8re-go\u00fbt laisse un go\u00fbt agr\u00e9able, doux et frais, qui t'envo\u00fbte encore plus \u00e0 chaque nouvelle bouff\u00e9e. La combinaison de la douceur fruit\u00e9e et de la fra\u00eecheur rafra\u00eechissante fait de Grape Ice un v\u00e9ritable plaisir pour le palais.<\/span><span data-string=\"true\" data-enter=\"true\" data-leaf=\"true\">\u200b<\/span><\/div>\n<h4 class=\"ace-line heading-h2\" dir=\"auto\" data-node=\"true\"><span data-string=\"true\" data-leaf=\"true\">\ud83d\udccd Cas d'application id\u00e9aux pour Grape Ice<\/span><span data-string=\"true\" data-enter=\"true\" data-leaf=\"true\">\u200b<\/span><\/h4>\n<div class=\"ace-line list-div\" dir=\"auto\" data-node=\"true\">\n<ul class=\"list-bullet1 r-list r-list-bullet\">\n<li><span data-string=\"true\" data-leaf=\"true\">Des journ\u00e9es d'\u00e9t\u00e9 ensoleill\u00e9es<\/span><span data-string=\"true\" data-leaf=\"true\">: Rafra\u00eechit imm\u00e9diatement avec la chaleur et te met dans une ambiance d\u00e9tendue.<\/span><span data-string=\"true\" data-enter=\"true\" data-leaf=\"true\">\u200b<\/span><\/li>\n<\/ul>\n<\/div>\n<div class=\"ace-line list-div\" dir=\"auto\" data-node=\"true\">\n<ul class=\"list-bullet1 r-list r-list-bullet\">\n<li><span data-string=\"true\" data-leaf=\"true\">Pauses de travail<\/span><span data-string=\"true\" data-leaf=\"true\">: \u00c9veille tes sens et augmente ta concentration.<\/span><span data-string=\"true\" data-enter=\"true\" data-leaf=\"true\">\u200b<\/span><\/li>\n<\/ul>\n<\/div>\n<div class=\"ace-line list-div\" dir=\"auto\" data-node=\"true\">\n<ul class=\"list-bullet1 r-list r-list-bullet\">\n<li><span data-string=\"true\" data-leaf=\"true\">\u00c9v\u00e9nements sociaux<\/span><span data-string=\"true\" data-leaf=\"true\">: Un sujet de conversation parfait et une d\u00e9licieuse recommandation pour les amis et la famille.<\/span><span data-string=\"true\" data-enter=\"true\" data-leaf=\"true\">\u200b<\/span><\/li>\n<\/ul>\n<\/div>\n<h4 class=\"ace-line heading-h2\" dir=\"auto\" data-node=\"true\"><span data-string=\"true\" data-leaf=\"true\">\ud83c\udf31 Pourquoi Grape Ice est ton meilleur choix<\/span><span data-string=\"true\" data-enter=\"true\" data-leaf=\"true\">\u200b<\/span><\/h4>\n<div class=\"ace-line list-div\" dir=\"auto\" data-node=\"true\">\n<ul class=\"list-bullet1 r-list r-list-bullet\">\n<li><span data-string=\"true\" data-leaf=\"true\">Des ingr\u00e9dients de qualit\u00e9<\/span><span data-string=\"true\" data-leaf=\"true\">: Ne g\u00e8re que les ar\u00f4mes naturels pour reproduire la v\u00e9ritable exp\u00e9rience du raisin et de la menthe.<\/span><span data-string=\"true\" data-enter=\"true\" data-leaf=\"true\">\u200b<\/span><\/li>\n<\/ul>\n<\/div>\n<div class=\"ace-line list-div\" dir=\"auto\" data-node=\"true\">\n<ul class=\"list-bullet1 r-list r-list-bullet\">\n<li><span data-string=\"true\" data-leaf=\"true\">Un go\u00fbt constant<\/span><span data-string=\"true\" data-leaf=\"true\">: \u00e0 chaque bouff\u00e9e, tu savoures le m\u00eame go\u00fbt intense et fruit\u00e9.<\/span><span data-string=\"true\" data-enter=\"true\" data-leaf=\"true\">\u200b<\/span><\/li>\n<\/ul>\n<\/div>\n<div class=\"ace-line list-div\" dir=\"auto\" data-node=\"true\">\n<ul class=\"list-bullet1 r-list r-list-bullet\">\n<li><span data-string=\"true\" data-leaf=\"true\">Sans allerg\u00e8nes et s\u00fbr<\/span><span data-string=\"true\" data-leaf=\"true\">: Un produit qui convient \u00e9galement aux personnes souffrant d'allergies.<\/span><span data-string=\"true\" data-enter=\"true\" data-leaf=\"true\">\u200b<\/span><\/li>\n<\/ul>\n<\/div>","protected":false},"excerpt":{"rendered":"<p>Grape Ice Vape RandM Tornado 15000 Pourquoi tout le monde recherche-t-il Grape Ice sur les moteurs de recherche ? Grape Ice est l'une des saveurs de vape les plus recherch\u00e9es. Le mariage parfait du raisin m\u00fbr et de la fra\u00eecheur glac\u00e9e de la menthe en fait un must pour tous les amateurs de fruits et de fra\u00eecheur. De nombreuses recherches sur Grape Ice apparaissent chaque jour dans Google et d'autres moteurs de recherche [...].","protected":false},"featured_media":486,"comment_status":"open","ping_status":"closed","template":"","meta":[],"product_brand":[],"product_cat":[76],"product_tag":[],"class_list":{"0":"post-482","1":"product","2":"type-product","3":"status-publish","4":"has-post-thumbnail","6":"product_cat-randm-tornado-15000","8":"first","9":"instock","10":"shipping-taxable","11":"purchasable","12":"product-type-variable"},"yoast_head":"<!-- This site is optimized with the Yoast SEO Premium plugin v24.4 (Yoast SEO v24.8.1) - https:\/\/yoast.com\/wordpress\/plugins\/seo\/ -->\n<title>Grape Ice Vape RandM Tornado 15000 - Tornado Puff<\/title>\n<meta name=\"description\" content=\"Entdecke Grape Ice Vape RandM Tornado 15000 Einweg Vape im Tornado Puff und genie\u00dfe hochwertiges Vape-Erlebnis, eine Auswahl an Nikotin und eine Vielzahl von Geschmacksrichtungen, um deine Vape-Anpassungsreise zu beginnen.\" \/>\n<meta name=\"robots\" content=\"index, follow, max-snippet:-1, max-image-preview:large, max-video-preview:-1\" \/>\n<link rel=\"canonical\" href=\"https:\/\/www.tornadopuff.de\/fr\/product\/randm-tornado-15000-grape-ice\/\" \/>\n<meta property=\"og:locale\" content=\"fr_FR\" \/>\n<meta property=\"og:type\" content=\"article\" \/>\n<meta property=\"og:title\" content=\"Grape Ice Vape RandM Tornado 15000\" \/>\n<meta property=\"og:description\" content=\"Entdecke Grape Ice Vape RandM Tornado 15000 Einweg Vape im Tornado Puff und genie\u00dfe hochwertiges Vape-Erlebnis, eine Auswahl an Nikotin und eine Vielzahl von Geschmacksrichtungen, um deine Vape-Anpassungsreise zu beginnen.\" \/>\n<meta property=\"og:url\" content=\"https:\/\/www.tornadopuff.de\/fr\/product\/randm-tornado-15000-grape-ice\/\" \/>\n<meta property=\"og:site_name\" content=\"Tornado Puff\" \/>\n<meta property=\"article:modified_time\" content=\"2025-05-25T07:51:23+00:00\" \/>\n<meta property=\"og:image\" content=\"https:\/\/www.tornadopuff.de\/wp-content\/uploads\/2025\/04\/RandM-Tornado-vape-15K-Grape-Ice.jpg\" \/>\n\t<meta property=\"og:image:width\" content=\"2000\" \/>\n\t<meta property=\"og:image:height\" content=\"2000\" \/>\n\t<meta property=\"og:image:type\" content=\"image\/jpeg\" \/>\n<meta name=\"twitter:card\" content=\"summary_large_image\" \/>\n<meta name=\"twitter:label1\" content=\"Disponibilit\u00e9\" \/>\n\t<meta name=\"twitter:data1\" content=\"En stock\" \/>\n<script type=\"application\/ld+json\" class=\"yoast-schema-graph\">{\"@context\":\"https:\/\/schema.org\",\"@graph\":[{\"@type\":\"WebPage\",\"@id\":\"https:\/\/www.tornadopuff.de\/product\/randm-tornado-15000-grape-ice\/\",\"url\":\"https:\/\/www.tornadopuff.de\/product\/randm-tornado-15000-grape-ice\/\",\"name\":\"Grape Ice Vape RandM Tornado 15000 - Tornado Puff\",\"isPartOf\":{\"@id\":\"https:\/\/www.tornadopuff.de\/#website\"},\"primaryImageOfPage\":{\"@id\":\"https:\/\/www.tornadopuff.de\/product\/randm-tornado-15000-grape-ice\/#primaryimage\"},\"image\":{\"@id\":\"https:\/\/www.tornadopuff.de\/product\/randm-tornado-15000-grape-ice\/#primaryimage\"},\"thumbnailUrl\":\"https:\/\/www.tornadopuff.de\/wp-content\/uploads\/2025\/04\/RandM-Tornado-vape-15K-Grape-Ice.jpg\",\"datePublished\":\"2025-04-12T10:47:37+00:00\",\"dateModified\":\"2025-05-25T07:51:23+00:00\",\"description\":\"Entdecke Grape Ice Vape RandM Tornado 15000 Einweg Vape im Tornado Puff und genie\u00dfe hochwertiges Vape-Erlebnis, eine Auswahl an Nikotin und eine Vielzahl von Geschmacksrichtungen, um deine Vape-Anpassungsreise zu beginnen.\",\"breadcrumb\":{\"@id\":\"https:\/\/www.tornadopuff.de\/product\/randm-tornado-15000-grape-ice\/#breadcrumb\"},\"inLanguage\":\"fr-FR\",\"potentialAction\":[{\"@type\":\"ReadAction\",\"target\":[\"https:\/\/www.tornadopuff.de\/product\/randm-tornado-15000-grape-ice\/\"]}]},{\"@type\":\"ImageObject\",\"inLanguage\":\"fr-FR\",\"@id\":\"https:\/\/www.tornadopuff.de\/product\/randm-tornado-15000-grape-ice\/#primaryimage\",\"url\":\"https:\/\/www.tornadopuff.de\/wp-content\/uploads\/2025\/04\/RandM-Tornado-vape-15K-Grape-Ice.jpg\",\"contentUrl\":\"https:\/\/www.tornadopuff.de\/wp-content\/uploads\/2025\/04\/RandM-Tornado-vape-15K-Grape-Ice.jpg\",\"width\":2000,\"height\":2000,\"caption\":\"Randm Tornado Vape 15k Grape Ice\"},{\"@type\":\"BreadcrumbList\",\"@id\":\"https:\/\/www.tornadopuff.de\/product\/randm-tornado-15000-grape-ice\/#breadcrumb\",\"itemListElement\":[{\"@type\":\"ListItem\",\"position\":1,\"name\":\"\u9996\u9875\",\"item\":\"https:\/\/www.tornadopuff.de\/\"},{\"@type\":\"ListItem\",\"position\":2,\"name\":\"Shop\",\"item\":\"https:\/\/www.tornadopuff.de\/shop\/\"},{\"@type\":\"ListItem\",\"position\":3,\"name\":\"Grape Ice Vape RandM Tornado 15000\"}]},{\"@type\":\"WebSite\",\"@id\":\"https:\/\/www.tornadopuff.de\/#website\",\"url\":\"https:\/\/www.tornadopuff.de\/\",\"name\":\"Tornado Puff\",\"description\":\"Tornado Puff\",\"potentialAction\":[{\"@type\":\"SearchAction\",\"target\":{\"@type\":\"EntryPoint\",\"urlTemplate\":\"https:\/\/www.tornadopuff.de\/?s={search_term_string}\"},\"query-input\":{\"@type\":\"PropertyValueSpecification\",\"valueRequired\":true,\"valueName\":\"search_term_string\"}}],\"inLanguage\":\"fr-FR\"}]}<\/script>\n<meta property=\"og:availability\" content=\"instock\" \/>\n<meta property=\"product:availability\" content=\"instock\" \/>\n<meta property=\"product:retailer_item_id\" content=\"RandM Tornado 15000 Grape Ice\" \/>\n<meta property=\"product:condition\" content=\"new\" \/>\n<!-- \/ Yoast SEO Premium plugin. -->","yoast_head_json":{"title":"Grape Ice Vape RandM Tornado 15000 - Tornado Puff","description":"Entdecke Grape Ice Vape RandM Tornado 15000 Einweg Vape im Tornado Puff und genie\u00dfe hochwertiges Vape-Erlebnis, eine Auswahl an Nikotin und eine Vielzahl von Geschmacksrichtungen, um deine Vape-Anpassungsreise zu beginnen.","robots":{"index":"index","follow":"follow","max-snippet":"max-snippet:-1","max-image-preview":"max-image-preview:large","max-video-preview":"max-video-preview:-1"},"canonical":"https:\/\/www.tornadopuff.de\/fr\/product\/randm-tornado-15000-grape-ice\/","og_locale":"fr_FR","og_type":"article","og_title":"Grape Ice Vape RandM Tornado 15000","og_description":"Entdecke Grape Ice Vape RandM Tornado 15000 Einweg Vape im Tornado Puff und genie\u00dfe hochwertiges Vape-Erlebnis, eine Auswahl an Nikotin und eine Vielzahl von Geschmacksrichtungen, um deine Vape-Anpassungsreise zu beginnen.","og_url":"https:\/\/www.tornadopuff.de\/fr\/product\/randm-tornado-15000-grape-ice\/","og_site_name":"Tornado Puff","article_modified_time":"2025-05-25T07:51:23+00:00","og_image":[{"width":2000,"height":2000,"url":"https:\/\/www.tornadopuff.de\/wp-content\/uploads\/2025\/04\/RandM-Tornado-vape-15K-Grape-Ice.jpg","type":"image\/jpeg"}],"twitter_card":"summary_large_image","twitter_misc":{"Disponibilit\u00e9":"En stock"},"schema":{"@context":"https:\/\/schema.org","@graph":[{"@type":"WebPage","@id":"https:\/\/www.tornadopuff.de\/product\/randm-tornado-15000-grape-ice\/","url":"https:\/\/www.tornadopuff.de\/product\/randm-tornado-15000-grape-ice\/","name":"Grape Ice Vape RandM Tornado 15000 - Tornado Puff","isPartOf":{"@id":"https:\/\/www.tornadopuff.de\/#website"},"primaryImageOfPage":{"@id":"https:\/\/www.tornadopuff.de\/product\/randm-tornado-15000-grape-ice\/#primaryimage"},"image":{"@id":"https:\/\/www.tornadopuff.de\/product\/randm-tornado-15000-grape-ice\/#primaryimage"},"thumbnailUrl":"https:\/\/www.tornadopuff.de\/wp-content\/uploads\/2025\/04\/RandM-Tornado-vape-15K-Grape-Ice.jpg","datePublished":"2025-04-12T10:47:37+00:00","dateModified":"2025-05-25T07:51:23+00:00","description":"Entdecke Grape Ice Vape RandM Tornado 15000 Einweg Vape im Tornado Puff und genie\u00dfe hochwertiges Vape-Erlebnis, eine Auswahl an Nikotin und eine Vielzahl von Geschmacksrichtungen, um deine Vape-Anpassungsreise zu beginnen.","breadcrumb":{"@id":"https:\/\/www.tornadopuff.de\/product\/randm-tornado-15000-grape-ice\/#breadcrumb"},"inLanguage":"fr-FR","potentialAction":[{"@type":"ReadAction","target":["https:\/\/www.tornadopuff.de\/product\/randm-tornado-15000-grape-ice\/"]}]},{"@type":"ImageObject","inLanguage":"fr-FR","@id":"https:\/\/www.tornadopuff.de\/product\/randm-tornado-15000-grape-ice\/#primaryimage","url":"https:\/\/www.tornadopuff.de\/wp-content\/uploads\/2025\/04\/RandM-Tornado-vape-15K-Grape-Ice.jpg","contentUrl":"https:\/\/www.tornadopuff.de\/wp-content\/uploads\/2025\/04\/RandM-Tornado-vape-15K-Grape-Ice.jpg","width":2000,"height":2000,"caption":"Randm Tornado Vape 15k Grape Ice"},{"@type":"BreadcrumbList","@id":"https:\/\/www.tornadopuff.de\/product\/randm-tornado-15000-grape-ice\/#breadcrumb","itemListElement":[{"@type":"ListItem","position":1,"name":"\u9996\u9875","item":"https:\/\/www.tornadopuff.de\/"},{"@type":"ListItem","position":2,"name":"Shop","item":"https:\/\/www.tornadopuff.de\/shop\/"},{"@type":"ListItem","position":3,"name":"Grape Ice Vape RandM Tornado 15000"}]},{"@type":"WebSite","@id":"https:\/\/www.tornadopuff.de\/#website","url":"https:\/\/www.tornadopuff.de\/","name":"Tornado Puff","description":"Tornado Puff","potentialAction":[{"@type":"SearchAction","target":{"@type":"EntryPoint","urlTemplate":"https:\/\/www.tornadopuff.de\/?s={search_term_string}"},"query-input":{"@type":"PropertyValueSpecification","valueRequired":true,"valueName":"search_term_string"}}],"inLanguage":"fr-FR"}]},"og_availability":"instock","product_availability":"instock","product_retailer_item_id":"RandM Tornado 15000 Grape Ice","product_condition":"new"},"_links":{"self":[{"href":"https:\/\/www.tornadopuff.de\/fr\/wp-json\/wp\/v2\/product\/482","targetHints":{"allow":["GET"]}}],"collection":[{"href":"https:\/\/www.tornadopuff.de\/fr\/wp-json\/wp\/v2\/product"}],"about":[{"href":"https:\/\/www.tornadopuff.de\/fr\/wp-json\/wp\/v2\/types\/product"}],"replies":[{"embeddable":true,"href":"https:\/\/www.tornadopuff.de\/fr\/wp-json\/wp\/v2\/comments?post=482"}],"wp:featuredmedia":[{"embeddable":true,"href":"https:\/\/www.tornadopuff.de\/fr\/wp-json\/wp\/v2\/media\/486"}],"wp:attachment":[{"href":"https:\/\/www.tornadopuff.de\/fr\/wp-json\/wp\/v2\/media?parent=482"}],"wp:term":[{"taxonomy":"product_brand","embeddable":true,"href":"https:\/\/www.tornadopuff.de\/fr\/wp-json\/wp\/v2\/product_brand?post=482"},{"taxonomy":"product_cat","embeddable":true,"href":"https:\/\/www.tornadopuff.de\/fr\/wp-json\/wp\/v2\/product_cat?post=482"},{"taxonomy":"product_tag","embeddable":true,"href":"https:\/\/www.tornadopuff.de\/fr\/wp-json\/wp\/v2\/product_tag?post=482"}],"curies":[{"name":"wp","href":"https:\/\/api.w.org\/{rel}","templated":true}]}}