{"id":468,"date":"2025-04-12T12:43:29","date_gmt":"2025-04-12T10:43:29","guid":{"rendered":"https:\/\/www.tornadopuff.de\/?post_type=product&#038;p=468"},"modified":"2025-05-25T09:33:01","modified_gmt":"2025-05-25T07:33:01","slug":"randm-tornado-15000-strawberry-ice","status":"publish","type":"product","link":"https:\/\/www.tornadopuff.de\/fr\/product\/randm-tornado-15000-strawberry-ice\/","title":{"rendered":"Strawberry Ice Tornado Vape 15000 Vaporisateur jetable Fraises bio, go\u00fbt naturel, glac\u00e9"},"content":{"rendered":"<h2 class=\"ace-line\" dir=\"auto\" data-node=\"true\"><span data-leaf=\"true\"><span class=\"lb\">Glace \u00e0 la fraise <a href=\"https:\/\/www.tornadopuff.de\/fr\/product-category\/randm-tornado-15000\/\">Tornado Vape 15000<\/a> Fraises bio \u00e0 usage unique, go\u00fbt naturel, glac\u00e9es<\/span><\/span><\/h2>\n<div class=\"ace-line\" dir=\"auto\" data-node=\"true\"><span data-leaf=\"true\"><span class=\"lb\">Strawberry Ice fait partie des saveurs de vape les plus populaires et est constamment demand\u00e9e sur les moteurs de recherche comme Google. La combinaison incomparable de la douceur juteuse des fraises et de la fra\u00eecheur glac\u00e9e de la menthe transporte tout le monde dans un monde de fra\u00eecheur et de plaisir en une seule bouff\u00e9e. Que tu sois un utilisateur exp\u00e9riment\u00e9 de la vape ou que tu sois \u00e0 la recherche de tes premi\u00e8res d\u00e9licieuses aventures gustatives, Strawberry Ice offre une exp\u00e9rience divine qui ne te d\u00e9cevra pas.<\/span><\/span><span data-string=\"true\" data-enter=\"true\" data-leaf=\"true\">\u200b<\/span><\/div>\n<h3 class=\"ace-line heading-h2\" dir=\"auto\" data-node=\"true\"><span data-leaf=\"true\"><span class=\"lb\">\ud83c\udf53 Le premier coup : la douceur intense des fraises<\/span><\/span><span data-string=\"true\" data-enter=\"true\" data-leaf=\"true\">\u200b<\/span><\/h3>\n<div class=\"ace-line\" dir=\"auto\" data-node=\"true\"><span data-leaf=\"true\"><span class=\"lb\">D\u00e8s la premi\u00e8re bouff\u00e9e de Strawberry Ice, c'est comme si tu mordais dans une fraise m\u00fbre et juteuse \ud83c\udf53. Le fruit d\u00e9licat d\u00e9ploie sa douceur intense et naturelle sur ton palais. Les ar\u00f4mes parfum\u00e9s de la fraise, associ\u00e9s \u00e0 une subtile acidit\u00e9, \u00e9voquent les journ\u00e9es d'\u00e9t\u00e9 ensoleill\u00e9es et les parterres de fraises pleins. Les ar\u00f4mes subtils du fruit et de la peau d\u00e9licate se m\u00e9langent pour cr\u00e9er une saveur complexe et intense. C'est comme si le jus juteux de la fraise giclait directement dans ta bouche et emplissait ton haleine d'un doux parfum.<\/span><\/span><span data-string=\"true\" data-enter=\"true\" data-leaf=\"true\">\u200b<\/span><\/div>\n<h3 class=\"ace-line heading-h2\" dir=\"auto\" data-node=\"true\"><span data-leaf=\"true\"><span class=\"lb\">\u2744\ufe0f Le deuxi\u00e8me train : la fra\u00eecheur rafra\u00eechissante de la menthe<\/span><\/span><span data-string=\"true\" data-enter=\"true\" data-leaf=\"true\">\u200b<\/span><\/h3>\n<div class=\"ace-line\" dir=\"auto\" data-node=\"true\"><span data-leaf=\"true\"><span class=\"lb\">Vient ensuite la fra\u00eecheur rafra\u00eechissante de la glace \u00e0 la menthe \u2744\ufe0f. Contrairement aux saveurs traditionnelles de la menthe, qui peuvent \u00eatre trop agressives, cette fra\u00eecheur est ressentie comme un vent doux et frais qui souffle sur un champ de fleurs. La menthe ne rafra\u00eechit pas seulement la langue, elle impr\u00e8gne \u00e9galement tout le palais et la gorge sans \u00eatre trop piquante. Elle \u00e9quilibre parfaitement la douceur intense des fraises et donne \u00e0 la saveur une dimension rafra\u00eechissante.<\/span><\/span><span data-string=\"true\" data-enter=\"true\" data-leaf=\"true\">\u200b<\/span><\/div>\n<h3 class=\"ace-line heading-h2\" dir=\"auto\" data-node=\"true\"><span data-leaf=\"true\"><span class=\"lb\">\ud83c\udf1f Strawberry Ice L'\u00e9quilibre parfait : une d\u00e9licieuse aventure pour le palais<\/span><\/span><span data-string=\"true\" data-enter=\"true\" data-leaf=\"true\">\u200b<\/span><\/h3>\n<div class=\"ace-line\" dir=\"auto\" data-node=\"true\"><span data-leaf=\"true\"><span class=\"lb\">Le meilleur de Strawberry Ice est l'harmonie parfaite entre la fraise juteuse et la menthe glac\u00e9e. Les deux ar\u00f4mes se compl\u00e8tent de mani\u00e8re id\u00e9ale : la fraise apporte douceur et fruit\u00e9, tandis que la menthe apporte fra\u00eecheur et fra\u00eecheur. L'arri\u00e8re-go\u00fbt laisse un go\u00fbt agr\u00e9able, doux et frais, qui t'envo\u00fbte encore plus \u00e0 chaque nouvelle bouff\u00e9e.<\/span><\/span><span data-string=\"true\" data-enter=\"true\" data-leaf=\"true\">\u200b<\/span><\/div>\n<h4 class=\"ace-line heading-h2\" dir=\"auto\" data-node=\"true\"><span data-leaf=\"true\"><span class=\"lb\">\ud83d\udccd Cas d'application id\u00e9aux pour Strawberry Ice<\/span><\/span><span data-string=\"true\" data-enter=\"true\" data-leaf=\"true\">\u200b<\/span><\/h4>\n<div class=\"ace-line list-div\" dir=\"auto\" data-node=\"true\">\n<ul class=\"list-bullet1 r-list r-list-bullet\">\n<li><span data-leaf=\"true\"><span class=\"lb\">Des journ\u00e9es d'\u00e9t\u00e9 ensoleill\u00e9es<\/span><\/span><span data-leaf=\"true\"><span class=\"lb\">: Rafra\u00eechit imm\u00e9diatement avec la chaleur et te met dans une joyeuse ambiance de vacances.<\/span><\/span><span data-string=\"true\" data-enter=\"true\" data-leaf=\"true\">\u200b<\/span><\/li>\n<\/ul>\n<\/div>\n<div class=\"ace-line list-div\" dir=\"auto\" data-node=\"true\">\n<ul class=\"list-bullet1 r-list r-list-bullet\">\n<li><span data-leaf=\"true\"><span class=\"lb\">Pauses de travail<\/span><\/span><span data-leaf=\"true\"><span class=\"lb\">: \u00c9veille tes sens et augmente ta concentration.<\/span><\/span><span data-string=\"true\" data-enter=\"true\" data-leaf=\"true\">\u200b<\/span><\/li>\n<\/ul>\n<\/div>\n<div class=\"ace-line list-div\" dir=\"auto\" data-node=\"true\">\n<ul class=\"list-bullet1 r-list r-list-bullet\">\n<li><span data-leaf=\"true\"><span class=\"lb\">\u00c9v\u00e9nements sociaux<\/span><\/span><span data-leaf=\"true\"><span class=\"lb\">: Un sujet de conversation parfait et une d\u00e9licieuse recommandation pour les amis.<\/span><\/span><span data-string=\"true\" data-enter=\"true\" data-leaf=\"true\">\u200b<\/span><\/li>\n<\/ul>\n<\/div>\n<h4 class=\"ace-line heading-h2\" dir=\"auto\" data-node=\"true\"><span data-leaf=\"true\"><span class=\"lb\">\ud83c\udf31 Pourquoi Strawberry Ice est ton meilleur choix<\/span><\/span><span data-string=\"true\" data-enter=\"true\" data-leaf=\"true\">\u200b<\/span><\/h4>\n<div class=\"ace-line list-div\" dir=\"auto\" data-node=\"true\">\n<ul class=\"list-bullet1 r-list r-list-bullet\">\n<li><span data-leaf=\"true\"><span class=\"lb\">Des ingr\u00e9dients de qualit\u00e9<\/span><\/span><span data-leaf=\"true\"><span class=\"lb\">: Ne g\u00e8re que des ar\u00f4mes naturels qui reproduisent la v\u00e9ritable exp\u00e9rience gustative de la fraise et de la menthe.<\/span><\/span><span data-string=\"true\" data-enter=\"true\" data-leaf=\"true\">\u200b<\/span><\/li>\n<\/ul>\n<\/div>\n<div class=\"ace-line list-div\" dir=\"auto\" data-node=\"true\">\n<ul class=\"list-bullet1 r-list r-list-bullet\">\n<li><span data-leaf=\"true\"><span class=\"lb\">Un go\u00fbt constant<\/span><\/span><span data-leaf=\"true\"><span class=\"lb\">: \u00e0 chaque bouff\u00e9e, tu savoures le m\u00eame go\u00fbt intense et fruit\u00e9.<\/span><\/span><span data-string=\"true\" data-enter=\"true\" data-leaf=\"true\">\u200b<\/span><\/li>\n<\/ul>\n<\/div>\n<div class=\"ace-line list-div\" dir=\"auto\" data-node=\"true\">\n<ul class=\"list-bullet1 r-list r-list-bullet\">\n<li><span data-leaf=\"true\"><span class=\"lb\">Sans allerg\u00e8nes et s\u00fbr<\/span><\/span><span data-leaf=\"true\"><span class=\"lb\">: Un produit que tu peux savourer la conscience tranquille.<\/span><\/span><span data-string=\"true\" data-enter=\"true\" data-leaf=\"true\">\u200b<\/span><\/li>\n<\/ul>\n<\/div>","protected":false},"excerpt":{"rendered":"<p>Strawberry Ice Tornado Vape 15000 vape jetable Fraises bio, go\u00fbt naturel, glac\u00e9 Strawberry Ice fait partie des parfums de vape les plus populaires et est constamment demand\u00e9 par les moteurs de recherche comme Google. La combinaison incomparable de la douceur juteuse des fraises et de la fra\u00eecheur glac\u00e9e de la menthe transporte tout le monde dans un monde de fra\u00eecheur et de plaisir en une seule bouff\u00e9e. Que tu sois un amateur chevronn\u00e9 de [...]","protected":false},"featured_media":473,"comment_status":"open","ping_status":"closed","template":"","meta":[],"product_brand":[],"product_cat":[76],"product_tag":[],"class_list":{"0":"post-468","1":"product","2":"type-product","3":"status-publish","4":"has-post-thumbnail","6":"product_cat-randm-tornado-15000","8":"first","9":"instock","10":"shipping-taxable","11":"purchasable","12":"product-type-variable"},"yoast_head":"<!-- This site is optimized with the Yoast SEO Premium plugin v24.4 (Yoast SEO v24.8.1) - https:\/\/yoast.com\/wordpress\/plugins\/seo\/ -->\n<title>Strawberry Ice Tornado Vape 15000 Einweg-vape Bio-Erdbeeren, nat\u00fcrlicher Geschmack, eiskalt - Tornado Puff<\/title>\n<meta name=\"description\" content=\"Entdecke Strawberry Ice Tornado Vape 15000 Einweg-vape Bio-Erdbeeren, nat\u00fcrlicher Geschmack, eiskalt Einweg Vape im Tornado Puff und genie\u00dfe hochwertiges Vape-Erlebnis, eine Auswahl an Nikotin und eine Vielzahl von Geschmacksrichtungen, um deine Vape-Anpassungsreise zu beginnen.\" \/>\n<meta name=\"robots\" content=\"index, follow, max-snippet:-1, max-image-preview:large, max-video-preview:-1\" \/>\n<link rel=\"canonical\" href=\"https:\/\/www.tornadopuff.de\/fr\/product\/randm-tornado-15000-strawberry-ice\/\" \/>\n<meta property=\"og:locale\" content=\"fr_FR\" \/>\n<meta property=\"og:type\" content=\"article\" \/>\n<meta property=\"og:title\" content=\"Strawberry Ice Tornado Vape 15000 Einweg-vape Bio-Erdbeeren, nat\u00fcrlicher Geschmack, eiskalt\" \/>\n<meta property=\"og:description\" content=\"Entdecke Strawberry Ice Tornado Vape 15000 Einweg-vape Bio-Erdbeeren, nat\u00fcrlicher Geschmack, eiskalt Einweg Vape im Tornado Puff und genie\u00dfe hochwertiges Vape-Erlebnis, eine Auswahl an Nikotin und eine Vielzahl von Geschmacksrichtungen, um deine Vape-Anpassungsreise zu beginnen.\" \/>\n<meta property=\"og:url\" content=\"https:\/\/www.tornadopuff.de\/fr\/product\/randm-tornado-15000-strawberry-ice\/\" \/>\n<meta property=\"og:site_name\" content=\"Tornado Puff\" \/>\n<meta property=\"article:modified_time\" content=\"2025-05-25T07:33:01+00:00\" \/>\n<meta property=\"og:image\" content=\"https:\/\/www.tornadopuff.de\/wp-content\/uploads\/2025\/04\/RandM-Tornado-vape-15K-Strawberry-Ice-1.jpg\" \/>\n\t<meta property=\"og:image:width\" content=\"2000\" \/>\n\t<meta property=\"og:image:height\" content=\"2000\" \/>\n\t<meta property=\"og:image:type\" content=\"image\/jpeg\" \/>\n<meta name=\"twitter:card\" content=\"summary_large_image\" \/>\n<meta name=\"twitter:label1\" content=\"Disponibilit\u00e9\" \/>\n\t<meta name=\"twitter:data1\" content=\"En stock\" \/>\n<script type=\"application\/ld+json\" class=\"yoast-schema-graph\">{\"@context\":\"https:\/\/schema.org\",\"@graph\":[{\"@type\":\"WebPage\",\"@id\":\"https:\/\/www.tornadopuff.de\/product\/randm-tornado-15000-strawberry-ice\/\",\"url\":\"https:\/\/www.tornadopuff.de\/product\/randm-tornado-15000-strawberry-ice\/\",\"name\":\"Strawberry Ice Tornado Vape 15000 Einweg-vape Bio-Erdbeeren, nat\u00fcrlicher Geschmack, eiskalt - Tornado Puff\",\"isPartOf\":{\"@id\":\"https:\/\/www.tornadopuff.de\/#website\"},\"primaryImageOfPage\":{\"@id\":\"https:\/\/www.tornadopuff.de\/product\/randm-tornado-15000-strawberry-ice\/#primaryimage\"},\"image\":{\"@id\":\"https:\/\/www.tornadopuff.de\/product\/randm-tornado-15000-strawberry-ice\/#primaryimage\"},\"thumbnailUrl\":\"https:\/\/www.tornadopuff.de\/wp-content\/uploads\/2025\/04\/RandM-Tornado-vape-15K-Strawberry-Ice-1.jpg\",\"datePublished\":\"2025-04-12T10:43:29+00:00\",\"dateModified\":\"2025-05-25T07:33:01+00:00\",\"description\":\"Entdecke Strawberry Ice Tornado Vape 15000 Einweg-vape Bio-Erdbeeren, nat\u00fcrlicher Geschmack, eiskalt Einweg Vape im Tornado Puff und genie\u00dfe hochwertiges Vape-Erlebnis, eine Auswahl an Nikotin und eine Vielzahl von Geschmacksrichtungen, um deine Vape-Anpassungsreise zu beginnen.\",\"breadcrumb\":{\"@id\":\"https:\/\/www.tornadopuff.de\/product\/randm-tornado-15000-strawberry-ice\/#breadcrumb\"},\"inLanguage\":\"fr-FR\",\"potentialAction\":[{\"@type\":\"ReadAction\",\"target\":[\"https:\/\/www.tornadopuff.de\/product\/randm-tornado-15000-strawberry-ice\/\"]}]},{\"@type\":\"ImageObject\",\"inLanguage\":\"fr-FR\",\"@id\":\"https:\/\/www.tornadopuff.de\/product\/randm-tornado-15000-strawberry-ice\/#primaryimage\",\"url\":\"https:\/\/www.tornadopuff.de\/wp-content\/uploads\/2025\/04\/RandM-Tornado-vape-15K-Strawberry-Ice-1.jpg\",\"contentUrl\":\"https:\/\/www.tornadopuff.de\/wp-content\/uploads\/2025\/04\/RandM-Tornado-vape-15K-Strawberry-Ice-1.jpg\",\"width\":2000,\"height\":2000,\"caption\":\"Randm Tornado Vape 15k Strawberry Ice\"},{\"@type\":\"BreadcrumbList\",\"@id\":\"https:\/\/www.tornadopuff.de\/product\/randm-tornado-15000-strawberry-ice\/#breadcrumb\",\"itemListElement\":[{\"@type\":\"ListItem\",\"position\":1,\"name\":\"\u9996\u9875\",\"item\":\"https:\/\/www.tornadopuff.de\/\"},{\"@type\":\"ListItem\",\"position\":2,\"name\":\"Shop\",\"item\":\"https:\/\/www.tornadopuff.de\/shop\/\"},{\"@type\":\"ListItem\",\"position\":3,\"name\":\"Strawberry Ice Tornado Vape 15000 Einweg-vape Bio-Erdbeeren, nat\u00fcrlicher Geschmack, eiskalt\"}]},{\"@type\":\"WebSite\",\"@id\":\"https:\/\/www.tornadopuff.de\/#website\",\"url\":\"https:\/\/www.tornadopuff.de\/\",\"name\":\"Tornado Puff\",\"description\":\"Tornado Puff\",\"potentialAction\":[{\"@type\":\"SearchAction\",\"target\":{\"@type\":\"EntryPoint\",\"urlTemplate\":\"https:\/\/www.tornadopuff.de\/?s={search_term_string}\"},\"query-input\":{\"@type\":\"PropertyValueSpecification\",\"valueRequired\":true,\"valueName\":\"search_term_string\"}}],\"inLanguage\":\"fr-FR\"}]}<\/script>\n<meta property=\"og:availability\" content=\"instock\" \/>\n<meta property=\"product:availability\" content=\"instock\" \/>\n<meta property=\"product:retailer_item_id\" content=\"RandM Tornado 15000 Strawberry Ice\" \/>\n<meta property=\"product:condition\" content=\"new\" \/>\n<!-- \/ Yoast SEO Premium plugin. -->","yoast_head_json":{"title":"Strawberry Ice Tornado Vape 15000 Einweg-vape Bio-Erdbeeren, nat\u00fcrlicher Geschmack, eiskalt - Tornado Puff","description":"Entdecke Strawberry Ice Tornado Vape 15000 Einweg-vape Bio-Erdbeeren, nat\u00fcrlicher Geschmack, eiskalt Einweg Vape im Tornado Puff und genie\u00dfe hochwertiges Vape-Erlebnis, eine Auswahl an Nikotin und eine Vielzahl von Geschmacksrichtungen, um deine Vape-Anpassungsreise zu beginnen.","robots":{"index":"index","follow":"follow","max-snippet":"max-snippet:-1","max-image-preview":"max-image-preview:large","max-video-preview":"max-video-preview:-1"},"canonical":"https:\/\/www.tornadopuff.de\/fr\/product\/randm-tornado-15000-strawberry-ice\/","og_locale":"fr_FR","og_type":"article","og_title":"Strawberry Ice Tornado Vape 15000 Einweg-vape Bio-Erdbeeren, nat\u00fcrlicher Geschmack, eiskalt","og_description":"Entdecke Strawberry Ice Tornado Vape 15000 Einweg-vape Bio-Erdbeeren, nat\u00fcrlicher Geschmack, eiskalt Einweg Vape im Tornado Puff und genie\u00dfe hochwertiges Vape-Erlebnis, eine Auswahl an Nikotin und eine Vielzahl von Geschmacksrichtungen, um deine Vape-Anpassungsreise zu beginnen.","og_url":"https:\/\/www.tornadopuff.de\/fr\/product\/randm-tornado-15000-strawberry-ice\/","og_site_name":"Tornado Puff","article_modified_time":"2025-05-25T07:33:01+00:00","og_image":[{"width":2000,"height":2000,"url":"https:\/\/www.tornadopuff.de\/wp-content\/uploads\/2025\/04\/RandM-Tornado-vape-15K-Strawberry-Ice-1.jpg","type":"image\/jpeg"}],"twitter_card":"summary_large_image","twitter_misc":{"Disponibilit\u00e9":"En stock"},"schema":{"@context":"https:\/\/schema.org","@graph":[{"@type":"WebPage","@id":"https:\/\/www.tornadopuff.de\/product\/randm-tornado-15000-strawberry-ice\/","url":"https:\/\/www.tornadopuff.de\/product\/randm-tornado-15000-strawberry-ice\/","name":"Strawberry Ice Tornado Vape 15000 Einweg-vape Bio-Erdbeeren, nat\u00fcrlicher Geschmack, eiskalt - Tornado Puff","isPartOf":{"@id":"https:\/\/www.tornadopuff.de\/#website"},"primaryImageOfPage":{"@id":"https:\/\/www.tornadopuff.de\/product\/randm-tornado-15000-strawberry-ice\/#primaryimage"},"image":{"@id":"https:\/\/www.tornadopuff.de\/product\/randm-tornado-15000-strawberry-ice\/#primaryimage"},"thumbnailUrl":"https:\/\/www.tornadopuff.de\/wp-content\/uploads\/2025\/04\/RandM-Tornado-vape-15K-Strawberry-Ice-1.jpg","datePublished":"2025-04-12T10:43:29+00:00","dateModified":"2025-05-25T07:33:01+00:00","description":"Entdecke Strawberry Ice Tornado Vape 15000 Einweg-vape Bio-Erdbeeren, nat\u00fcrlicher Geschmack, eiskalt Einweg Vape im Tornado Puff und genie\u00dfe hochwertiges Vape-Erlebnis, eine Auswahl an Nikotin und eine Vielzahl von Geschmacksrichtungen, um deine Vape-Anpassungsreise zu beginnen.","breadcrumb":{"@id":"https:\/\/www.tornadopuff.de\/product\/randm-tornado-15000-strawberry-ice\/#breadcrumb"},"inLanguage":"fr-FR","potentialAction":[{"@type":"ReadAction","target":["https:\/\/www.tornadopuff.de\/product\/randm-tornado-15000-strawberry-ice\/"]}]},{"@type":"ImageObject","inLanguage":"fr-FR","@id":"https:\/\/www.tornadopuff.de\/product\/randm-tornado-15000-strawberry-ice\/#primaryimage","url":"https:\/\/www.tornadopuff.de\/wp-content\/uploads\/2025\/04\/RandM-Tornado-vape-15K-Strawberry-Ice-1.jpg","contentUrl":"https:\/\/www.tornadopuff.de\/wp-content\/uploads\/2025\/04\/RandM-Tornado-vape-15K-Strawberry-Ice-1.jpg","width":2000,"height":2000,"caption":"Randm Tornado Vape 15k Strawberry Ice"},{"@type":"BreadcrumbList","@id":"https:\/\/www.tornadopuff.de\/product\/randm-tornado-15000-strawberry-ice\/#breadcrumb","itemListElement":[{"@type":"ListItem","position":1,"name":"\u9996\u9875","item":"https:\/\/www.tornadopuff.de\/"},{"@type":"ListItem","position":2,"name":"Shop","item":"https:\/\/www.tornadopuff.de\/shop\/"},{"@type":"ListItem","position":3,"name":"Strawberry Ice Tornado Vape 15000 Einweg-vape Bio-Erdbeeren, nat\u00fcrlicher Geschmack, eiskalt"}]},{"@type":"WebSite","@id":"https:\/\/www.tornadopuff.de\/#website","url":"https:\/\/www.tornadopuff.de\/","name":"Tornado Puff","description":"Tornado Puff","potentialAction":[{"@type":"SearchAction","target":{"@type":"EntryPoint","urlTemplate":"https:\/\/www.tornadopuff.de\/?s={search_term_string}"},"query-input":{"@type":"PropertyValueSpecification","valueRequired":true,"valueName":"search_term_string"}}],"inLanguage":"fr-FR"}]},"og_availability":"instock","product_availability":"instock","product_retailer_item_id":"RandM Tornado 15000 Strawberry Ice","product_condition":"new"},"_links":{"self":[{"href":"https:\/\/www.tornadopuff.de\/fr\/wp-json\/wp\/v2\/product\/468","targetHints":{"allow":["GET"]}}],"collection":[{"href":"https:\/\/www.tornadopuff.de\/fr\/wp-json\/wp\/v2\/product"}],"about":[{"href":"https:\/\/www.tornadopuff.de\/fr\/wp-json\/wp\/v2\/types\/product"}],"replies":[{"embeddable":true,"href":"https:\/\/www.tornadopuff.de\/fr\/wp-json\/wp\/v2\/comments?post=468"}],"wp:featuredmedia":[{"embeddable":true,"href":"https:\/\/www.tornadopuff.de\/fr\/wp-json\/wp\/v2\/media\/473"}],"wp:attachment":[{"href":"https:\/\/www.tornadopuff.de\/fr\/wp-json\/wp\/v2\/media?parent=468"}],"wp:term":[{"taxonomy":"product_brand","embeddable":true,"href":"https:\/\/www.tornadopuff.de\/fr\/wp-json\/wp\/v2\/product_brand?post=468"},{"taxonomy":"product_cat","embeddable":true,"href":"https:\/\/www.tornadopuff.de\/fr\/wp-json\/wp\/v2\/product_cat?post=468"},{"taxonomy":"product_tag","embeddable":true,"href":"https:\/\/www.tornadopuff.de\/fr\/wp-json\/wp\/v2\/product_tag?post=468"}],"curies":[{"name":"wp","href":"https:\/\/api.w.org\/{rel}","templated":true}]}}