{"id":454,"date":"2025-04-12T12:37:44","date_gmt":"2025-04-12T10:37:44","guid":{"rendered":"https:\/\/www.tornadopuff.de\/?post_type=product&#038;p=454"},"modified":"2025-05-25T09:12:35","modified_gmt":"2025-05-25T07:12:35","slug":"randm-tornado-15000-pineapple-ice","status":"publish","type":"product","link":"https:\/\/www.tornadopuff.de\/fr\/product\/randm-tornado-15000-pineapple-ice\/","title":{"rendered":"Pineapple Ice R and M.tornado 15000 Vaporisateur jetable La fra\u00eecheur de l'ananas traverse tes poumons comme des bretzels d'\u00e9t\u00e9 congel\u00e9s"},"content":{"rendered":"<h2 class=\"ace-line\" dir=\"auto\" data-node=\"true\"><span data-leaf=\"true\"><span class=\"lb\">Glace au Pineapple <a href=\"https:\/\/www.tornadopuff.de\/fr\/product-category\/randm-tornado-15000\/\">R et M.tornado 15000<\/a> La fra\u00eecheur de l'ananas \u00e0 usage unique traverse tes poumons comme des bretzels d'\u00e9t\u00e9 congel\u00e9s<\/span><\/span><\/h2>\n<div class=\"ace-line\" dir=\"auto\" data-node=\"true\"><span data-leaf=\"true\"><span class=\"lb\">Pineapple Ice fait partie des saveurs de vape les plus appr\u00e9ci\u00e9es. La combinaison de la douceur de l'ananas tropical et de la fra\u00eecheur de la glace \u00e0 la menthe plonge tout le monde dans une ambiance de vacances en une seule bouff\u00e9e. Dans les moteurs de recherche comme Google, cette combinaison de saveurs est constamment recherch\u00e9e, car elle offre une d\u00e9licieuse surprise aussi bien aux utilisateurs de vape confirm\u00e9s qu'aux nouveaux venus. Que tu cherches \u00e0 changer des saveurs traditionnelles ou que tu sois \u00e0 la recherche de ta nouvelle saveur pr\u00e9f\u00e9r\u00e9e, Pineapple Ice ne te d\u00e9cevra pas.<\/span><\/span><span data-string=\"true\" data-enter=\"true\" data-leaf=\"true\">\u200b<\/span><\/div>\n<h3 class=\"ace-line heading-h2\" dir=\"auto\" data-node=\"true\"><span data-leaf=\"true\"><span class=\"lb\">\ud83c\udf4d Le premier coup : la douceur tropicale de l'ananas<\/span><\/span><span data-string=\"true\" data-enter=\"true\" data-leaf=\"true\">\u200b<\/span><\/h3>\n<div class=\"ace-line\" dir=\"auto\" data-node=\"true\"><span data-leaf=\"true\"><span class=\"lb\">D\u00e8s la premi\u00e8re bouff\u00e9e de Pineapple Ice, c'est comme si tu mordais dans un ananas m\u00fbr et frais \ud83c\udf4d. Le fruit juteux d\u00e9ploie sa douceur intense et naturelle sur ton palais. Les ar\u00f4mes frais et d\u00e9licats de l'ananas, associ\u00e9s \u00e0 une subtile acidit\u00e9, rappellent les journ\u00e9es ensoleill\u00e9es sur les \u00eeles tropicales. Les fines fibres de l'ananas dans le go\u00fbt lui conf\u00e8rent une note textur\u00e9e qui donne l'impression de manger r\u00e9ellement un v\u00e9ritable ananas.<\/span><\/span><span data-string=\"true\" data-enter=\"true\" data-leaf=\"true\">\u200b<\/span><\/div>\n<h3 class=\"ace-line heading-h2\" dir=\"auto\" data-node=\"true\"><span data-leaf=\"true\"><span class=\"lb\">\u2744\ufe0f Le deuxi\u00e8me train : la fra\u00eecheur rafra\u00eechissante de la menthe<\/span><\/span><span data-string=\"true\" data-enter=\"true\" data-leaf=\"true\">\u200b<\/span><\/h3>\n<div class=\"ace-line\" dir=\"auto\" data-node=\"true\"><span data-leaf=\"true\"><span class=\"lb\">Vient ensuite la fra\u00eecheur rafra\u00eechissante de la glace \u00e0 la menthe \u2744\ufe0f. Contrairement aux saveurs de menthe traditionnelles qui peuvent \u00eatre trop agressives, cette fra\u00eecheur est ressentie comme un vent doux et frais qui souffle sur une plage tropicale. La menthe ne rafra\u00eechit pas seulement la langue, elle impr\u00e8gne \u00e9galement tout le palais et la gorge sans \u00eatre trop piquante. Elle \u00e9quilibre parfaitement la douceur intense de l'ananas et conf\u00e8re \u00e0 la saveur une dimension rafra\u00eechissante.<\/span><\/span><span data-string=\"true\" data-enter=\"true\" data-leaf=\"true\">\u200b<\/span><\/div>\n<h3 class=\"ace-line heading-h2\" dir=\"auto\" data-node=\"true\"><span data-leaf=\"true\"><span class=\"lb\">\ud83c\udf1f <\/span><\/span><span data-leaf=\"true\"><span class=\"lb\">Glace au Pineapple <\/span><\/span><span data-leaf=\"true\"><span class=\"lb\">L'\u00e9quilibre parfait : une aventure tropicale pour le palais<\/span><\/span><span data-string=\"true\" data-enter=\"true\" data-leaf=\"true\">\u200b<\/span><\/h3>\n<div class=\"ace-line\" dir=\"auto\" data-node=\"true\"><span data-leaf=\"true\"><span class=\"lb\">Le meilleur de Pineapple Ice est l'harmonie parfaite entre l'ananas tropical et la menthe glac\u00e9e. Les deux ar\u00f4mes se compl\u00e8tent de mani\u00e8re id\u00e9ale : l'ananas apporte douceur et fruit\u00e9, tandis que la menthe apporte fra\u00eecheur et fra\u00eecheur. L'arri\u00e8re-go\u00fbt laisse un go\u00fbt agr\u00e9able, doux et frais, qui t'envo\u00fbte encore plus \u00e0 chaque nouvelle bouff\u00e9e.<\/span><\/span><span data-string=\"true\" data-enter=\"true\" data-leaf=\"true\">\u200b<\/span><\/div>\n<h4 class=\"ace-line heading-h2\" dir=\"auto\" data-node=\"true\"><span data-leaf=\"true\"><span class=\"lb\">\ud83d\udccd Applications id\u00e9ales pour Pineapple Ice<\/span><\/span><span data-string=\"true\" data-enter=\"true\" data-leaf=\"true\">\u200b<\/span><\/h4>\n<div class=\"ace-line list-div\" dir=\"auto\" data-node=\"true\">\n<ul class=\"list-bullet1 r-list r-list-bullet\">\n<li><span data-leaf=\"true\"><span class=\"lb\">Des journ\u00e9es d'\u00e9t\u00e9 ensoleill\u00e9es<\/span><\/span><span data-leaf=\"true\"><span class=\"lb\">: Rafra\u00eechit imm\u00e9diatement avec la chaleur et te met dans une ambiance de vacances.<\/span><\/span><span data-string=\"true\" data-enter=\"true\" data-leaf=\"true\">\u200b<\/span><\/li>\n<\/ul>\n<\/div>\n<div class=\"ace-line list-div\" dir=\"auto\" data-node=\"true\">\n<ul class=\"list-bullet1 r-list r-list-bullet\">\n<li><span data-leaf=\"true\"><span class=\"lb\">Pauses de travail<\/span><\/span><span data-leaf=\"true\"><span class=\"lb\">: \u00c9veille tes sens et augmente ta concentration.<\/span><\/span><span data-string=\"true\" data-enter=\"true\" data-leaf=\"true\">\u200b<\/span><\/li>\n<\/ul>\n<\/div>\n<div class=\"ace-line list-div\" dir=\"auto\" data-node=\"true\">\n<ul class=\"list-bullet1 r-list r-list-bullet\">\n<li><span data-leaf=\"true\"><span class=\"lb\">\u00c9v\u00e9nements sociaux<\/span><\/span><span data-leaf=\"true\"><span class=\"lb\">: Un sujet de conversation parfait et une d\u00e9licieuse recommandation pour les amis.<\/span><\/span><span data-string=\"true\" data-enter=\"true\" data-leaf=\"true\">\u200b<\/span><\/li>\n<\/ul>\n<\/div>\n<h4 class=\"ace-line heading-h2\" dir=\"auto\" data-node=\"true\"><span data-leaf=\"true\"><span class=\"lb\">\ud83c\udf31 Pourquoi Pineapple Ice est ton meilleur choix<\/span><\/span><span data-string=\"true\" data-enter=\"true\" data-leaf=\"true\">\u200b<\/span><\/h4>\n<div class=\"ace-line list-div\" dir=\"auto\" data-node=\"true\">\n<ul class=\"list-bullet1 r-list r-list-bullet\">\n<li><span data-leaf=\"true\"><span class=\"lb\">Des ingr\u00e9dients de qualit\u00e9<\/span><\/span><span data-leaf=\"true\"><span class=\"lb\">: Ne g\u00e8re que des ar\u00f4mes naturels qui reproduisent la v\u00e9ritable exp\u00e9rience gustative de l'ananas et de la menthe.<\/span><\/span><span data-string=\"true\" data-enter=\"true\" data-leaf=\"true\">\u200b<\/span><\/li>\n<\/ul>\n<\/div>\n<div class=\"ace-line list-div\" dir=\"auto\" data-node=\"true\">\n<ul class=\"list-bullet1 r-list r-list-bullet\">\n<li><span data-leaf=\"true\"><span class=\"lb\">Un go\u00fbt constant<\/span><\/span><span data-leaf=\"true\"><span class=\"lb\">: \u00e0 chaque bouff\u00e9e, tu savoures le m\u00eame go\u00fbt intense et fruit\u00e9.<\/span><\/span><span data-string=\"true\" data-enter=\"true\" data-leaf=\"true\">\u200b<\/span><\/li>\n<\/ul>\n<\/div>\n<div class=\"ace-line list-div\" dir=\"auto\" data-node=\"true\">\n<ul class=\"list-bullet1 r-list r-list-bullet\">\n<li><span data-leaf=\"true\"><span class=\"lb\">Sans allerg\u00e8nes et s\u00fbr<\/span><\/span><span data-leaf=\"true\"><span class=\"lb\">: Un produit que tu peux savourer la conscience tranquille.<\/span><\/span><span data-string=\"true\" data-enter=\"true\" data-leaf=\"true\">\u200b<\/span><\/li>\n<\/ul>\n<\/div>\n<h4 class=\"ace-line heading-h2\" dir=\"auto\" data-node=\"true\"><span data-leaf=\"true\"><span class=\"lb\">\ud83d\uded2 Testez-vous maintenant et laissez-vous s\u00e9duire par Pineapple Ice !<\/span><\/span><span data-string=\"true\" data-enter=\"true\" data-leaf=\"true\">\u200b<\/span><\/h4>\n<div class=\"ace-line\" dir=\"auto\" data-node=\"true\"><span data-leaf=\"true\"><span class=\"lb\">Tu veux d\u00e9couvrir le d\u00e9licieux spectacle de la glace \u00e0 l'ananas et \u00e0 la menthe sur tes papilles ? Clique maintenant et d\u00e9couvre pourquoi Pineapple Ice est la saveur pr\u00e9f\u00e9r\u00e9e de centaines d'utilisateurs de la vape !<\/span><\/span><\/div>","protected":false},"excerpt":{"rendered":"<p>Pineapple Ice R and M.tornado 15000 Vaporisateur jetable La fra\u00eecheur de l'ananas traverse tes poumons comme des bretzels d'\u00e9t\u00e9 congel\u00e9s Pineapple Ice fait partie des saveurs de vape les plus appr\u00e9ci\u00e9es. La combinaison de la douceur de l'ananas tropical et de la fra\u00eecheur de la glace \u00e0 la menthe plonge tout le monde dans une ambiance de vacances en une seule bouff\u00e9e. Dans les moteurs de recherche comme Google, cette combinaison de saveurs est constamment recherch\u00e9e, car elle convient aussi bien aux inconditionnels [...].","protected":false},"featured_media":459,"comment_status":"open","ping_status":"closed","template":"","meta":[],"product_brand":[],"product_cat":[76],"product_tag":[],"class_list":{"0":"post-454","1":"product","2":"type-product","3":"status-publish","4":"has-post-thumbnail","6":"product_cat-randm-tornado-15000","8":"first","9":"instock","10":"shipping-taxable","11":"purchasable","12":"product-type-variable"},"yoast_head":"<!-- This site is optimized with the Yoast SEO Premium plugin v24.4 (Yoast SEO v24.8.1) - https:\/\/yoast.com\/wordpress\/plugins\/seo\/ -->\n<title>Pineapple Ice R and M.tornado 15000 Einweg-vape Ananasfrische zieht durch deine Lunge wie gefrorene Sommerbreezes - Tornado Puff<\/title>\n<meta name=\"description\" content=\"Entdecke Pineapple Ice R and M.tornado 15000 Einweg-vape Ananasfrische zieht durch deine Lunge wie gefrorene Sommerbreezes Einweg Vape im Tornado Puff und genie\u00dfe hochwertiges Vape-Erlebnis, eine Auswahl an Nikotin und eine Vielzahl von Geschmacksrichtungen, um deine Vape-Anpassungsreise zu beginnen.\" \/>\n<meta name=\"robots\" content=\"index, follow, max-snippet:-1, max-image-preview:large, max-video-preview:-1\" \/>\n<link rel=\"canonical\" href=\"https:\/\/www.tornadopuff.de\/fr\/product\/randm-tornado-15000-pineapple-ice\/\" \/>\n<meta property=\"og:locale\" content=\"fr_FR\" \/>\n<meta property=\"og:type\" content=\"article\" \/>\n<meta property=\"og:title\" content=\"Pineapple Ice R and M.tornado 15000 Einweg-vape Ananasfrische zieht durch deine Lunge wie gefrorene Sommerbreezes\" \/>\n<meta property=\"og:description\" content=\"Entdecke Pineapple Ice R and M.tornado 15000 Einweg-vape Ananasfrische zieht durch deine Lunge wie gefrorene Sommerbreezes Einweg Vape im Tornado Puff und genie\u00dfe hochwertiges Vape-Erlebnis, eine Auswahl an Nikotin und eine Vielzahl von Geschmacksrichtungen, um deine Vape-Anpassungsreise zu beginnen.\" \/>\n<meta property=\"og:url\" content=\"https:\/\/www.tornadopuff.de\/fr\/product\/randm-tornado-15000-pineapple-ice\/\" \/>\n<meta property=\"og:site_name\" content=\"Tornado Puff\" \/>\n<meta property=\"article:modified_time\" content=\"2025-05-25T07:12:35+00:00\" \/>\n<meta property=\"og:image\" content=\"https:\/\/www.tornadopuff.de\/wp-content\/uploads\/2025\/04\/RandM-Tornado-vape-15K-Pineapple-Ice-1.jpg\" \/>\n\t<meta property=\"og:image:width\" content=\"2000\" \/>\n\t<meta property=\"og:image:height\" content=\"2000\" \/>\n\t<meta property=\"og:image:type\" content=\"image\/jpeg\" \/>\n<meta name=\"twitter:card\" content=\"summary_large_image\" \/>\n<meta name=\"twitter:label1\" content=\"Disponibilit\u00e9\" \/>\n\t<meta name=\"twitter:data1\" content=\"En stock\" \/>\n<script type=\"application\/ld+json\" class=\"yoast-schema-graph\">{\"@context\":\"https:\/\/schema.org\",\"@graph\":[{\"@type\":\"WebPage\",\"@id\":\"https:\/\/www.tornadopuff.de\/product\/randm-tornado-15000-pineapple-ice\/\",\"url\":\"https:\/\/www.tornadopuff.de\/product\/randm-tornado-15000-pineapple-ice\/\",\"name\":\"Pineapple Ice R and M.tornado 15000 Einweg-vape Ananasfrische zieht durch deine Lunge wie gefrorene Sommerbreezes - Tornado Puff\",\"isPartOf\":{\"@id\":\"https:\/\/www.tornadopuff.de\/#website\"},\"primaryImageOfPage\":{\"@id\":\"https:\/\/www.tornadopuff.de\/product\/randm-tornado-15000-pineapple-ice\/#primaryimage\"},\"image\":{\"@id\":\"https:\/\/www.tornadopuff.de\/product\/randm-tornado-15000-pineapple-ice\/#primaryimage\"},\"thumbnailUrl\":\"https:\/\/www.tornadopuff.de\/wp-content\/uploads\/2025\/04\/RandM-Tornado-vape-15K-Pineapple-Ice-1.jpg\",\"datePublished\":\"2025-04-12T10:37:44+00:00\",\"dateModified\":\"2025-05-25T07:12:35+00:00\",\"description\":\"Entdecke Pineapple Ice R and M.tornado 15000 Einweg-vape Ananasfrische zieht durch deine Lunge wie gefrorene Sommerbreezes Einweg Vape im Tornado Puff und genie\u00dfe hochwertiges Vape-Erlebnis, eine Auswahl an Nikotin und eine Vielzahl von Geschmacksrichtungen, um deine Vape-Anpassungsreise zu beginnen.\",\"breadcrumb\":{\"@id\":\"https:\/\/www.tornadopuff.de\/product\/randm-tornado-15000-pineapple-ice\/#breadcrumb\"},\"inLanguage\":\"fr-FR\",\"potentialAction\":[{\"@type\":\"ReadAction\",\"target\":[\"https:\/\/www.tornadopuff.de\/product\/randm-tornado-15000-pineapple-ice\/\"]}]},{\"@type\":\"ImageObject\",\"inLanguage\":\"fr-FR\",\"@id\":\"https:\/\/www.tornadopuff.de\/product\/randm-tornado-15000-pineapple-ice\/#primaryimage\",\"url\":\"https:\/\/www.tornadopuff.de\/wp-content\/uploads\/2025\/04\/RandM-Tornado-vape-15K-Pineapple-Ice-1.jpg\",\"contentUrl\":\"https:\/\/www.tornadopuff.de\/wp-content\/uploads\/2025\/04\/RandM-Tornado-vape-15K-Pineapple-Ice-1.jpg\",\"width\":2000,\"height\":2000,\"caption\":\"Randm Tornado Vape 15k Pineapple Ice\"},{\"@type\":\"BreadcrumbList\",\"@id\":\"https:\/\/www.tornadopuff.de\/product\/randm-tornado-15000-pineapple-ice\/#breadcrumb\",\"itemListElement\":[{\"@type\":\"ListItem\",\"position\":1,\"name\":\"\u9996\u9875\",\"item\":\"https:\/\/www.tornadopuff.de\/\"},{\"@type\":\"ListItem\",\"position\":2,\"name\":\"Shop\",\"item\":\"https:\/\/www.tornadopuff.de\/shop\/\"},{\"@type\":\"ListItem\",\"position\":3,\"name\":\"Pineapple Ice R and M.tornado 15000 Einweg-vape Ananasfrische zieht durch deine Lunge wie gefrorene Sommerbreezes\"}]},{\"@type\":\"WebSite\",\"@id\":\"https:\/\/www.tornadopuff.de\/#website\",\"url\":\"https:\/\/www.tornadopuff.de\/\",\"name\":\"Tornado Puff\",\"description\":\"Tornado Puff\",\"potentialAction\":[{\"@type\":\"SearchAction\",\"target\":{\"@type\":\"EntryPoint\",\"urlTemplate\":\"https:\/\/www.tornadopuff.de\/?s={search_term_string}\"},\"query-input\":{\"@type\":\"PropertyValueSpecification\",\"valueRequired\":true,\"valueName\":\"search_term_string\"}}],\"inLanguage\":\"fr-FR\"}]}<\/script>\n<meta property=\"og:availability\" content=\"instock\" \/>\n<meta property=\"product:availability\" content=\"instock\" \/>\n<meta property=\"product:retailer_item_id\" content=\"RandM Tornado 15000 Pineapple Ice\" \/>\n<meta property=\"product:condition\" content=\"new\" \/>\n<!-- \/ Yoast SEO Premium plugin. -->","yoast_head_json":{"title":"Pineapple Ice R and M.tornado 15000 Einweg-vape Ananasfrische zieht durch deine Lunge wie gefrorene Sommerbreezes - Tornado Puff","description":"Entdecke Pineapple Ice R and M.tornado 15000 Einweg-vape Ananasfrische zieht durch deine Lunge wie gefrorene Sommerbreezes Einweg Vape im Tornado Puff und genie\u00dfe hochwertiges Vape-Erlebnis, eine Auswahl an Nikotin und eine Vielzahl von Geschmacksrichtungen, um deine Vape-Anpassungsreise zu beginnen.","robots":{"index":"index","follow":"follow","max-snippet":"max-snippet:-1","max-image-preview":"max-image-preview:large","max-video-preview":"max-video-preview:-1"},"canonical":"https:\/\/www.tornadopuff.de\/fr\/product\/randm-tornado-15000-pineapple-ice\/","og_locale":"fr_FR","og_type":"article","og_title":"Pineapple Ice R and M.tornado 15000 Einweg-vape Ananasfrische zieht durch deine Lunge wie gefrorene Sommerbreezes","og_description":"Entdecke Pineapple Ice R and M.tornado 15000 Einweg-vape Ananasfrische zieht durch deine Lunge wie gefrorene Sommerbreezes Einweg Vape im Tornado Puff und genie\u00dfe hochwertiges Vape-Erlebnis, eine Auswahl an Nikotin und eine Vielzahl von Geschmacksrichtungen, um deine Vape-Anpassungsreise zu beginnen.","og_url":"https:\/\/www.tornadopuff.de\/fr\/product\/randm-tornado-15000-pineapple-ice\/","og_site_name":"Tornado Puff","article_modified_time":"2025-05-25T07:12:35+00:00","og_image":[{"width":2000,"height":2000,"url":"https:\/\/www.tornadopuff.de\/wp-content\/uploads\/2025\/04\/RandM-Tornado-vape-15K-Pineapple-Ice-1.jpg","type":"image\/jpeg"}],"twitter_card":"summary_large_image","twitter_misc":{"Disponibilit\u00e9":"En stock"},"schema":{"@context":"https:\/\/schema.org","@graph":[{"@type":"WebPage","@id":"https:\/\/www.tornadopuff.de\/product\/randm-tornado-15000-pineapple-ice\/","url":"https:\/\/www.tornadopuff.de\/product\/randm-tornado-15000-pineapple-ice\/","name":"Pineapple Ice R and M.tornado 15000 Einweg-vape Ananasfrische zieht durch deine Lunge wie gefrorene Sommerbreezes - Tornado Puff","isPartOf":{"@id":"https:\/\/www.tornadopuff.de\/#website"},"primaryImageOfPage":{"@id":"https:\/\/www.tornadopuff.de\/product\/randm-tornado-15000-pineapple-ice\/#primaryimage"},"image":{"@id":"https:\/\/www.tornadopuff.de\/product\/randm-tornado-15000-pineapple-ice\/#primaryimage"},"thumbnailUrl":"https:\/\/www.tornadopuff.de\/wp-content\/uploads\/2025\/04\/RandM-Tornado-vape-15K-Pineapple-Ice-1.jpg","datePublished":"2025-04-12T10:37:44+00:00","dateModified":"2025-05-25T07:12:35+00:00","description":"Entdecke Pineapple Ice R and M.tornado 15000 Einweg-vape Ananasfrische zieht durch deine Lunge wie gefrorene Sommerbreezes Einweg Vape im Tornado Puff und genie\u00dfe hochwertiges Vape-Erlebnis, eine Auswahl an Nikotin und eine Vielzahl von Geschmacksrichtungen, um deine Vape-Anpassungsreise zu beginnen.","breadcrumb":{"@id":"https:\/\/www.tornadopuff.de\/product\/randm-tornado-15000-pineapple-ice\/#breadcrumb"},"inLanguage":"fr-FR","potentialAction":[{"@type":"ReadAction","target":["https:\/\/www.tornadopuff.de\/product\/randm-tornado-15000-pineapple-ice\/"]}]},{"@type":"ImageObject","inLanguage":"fr-FR","@id":"https:\/\/www.tornadopuff.de\/product\/randm-tornado-15000-pineapple-ice\/#primaryimage","url":"https:\/\/www.tornadopuff.de\/wp-content\/uploads\/2025\/04\/RandM-Tornado-vape-15K-Pineapple-Ice-1.jpg","contentUrl":"https:\/\/www.tornadopuff.de\/wp-content\/uploads\/2025\/04\/RandM-Tornado-vape-15K-Pineapple-Ice-1.jpg","width":2000,"height":2000,"caption":"Randm Tornado Vape 15k Pineapple Ice"},{"@type":"BreadcrumbList","@id":"https:\/\/www.tornadopuff.de\/product\/randm-tornado-15000-pineapple-ice\/#breadcrumb","itemListElement":[{"@type":"ListItem","position":1,"name":"\u9996\u9875","item":"https:\/\/www.tornadopuff.de\/"},{"@type":"ListItem","position":2,"name":"Shop","item":"https:\/\/www.tornadopuff.de\/shop\/"},{"@type":"ListItem","position":3,"name":"Pineapple Ice R and M.tornado 15000 Einweg-vape Ananasfrische zieht durch deine Lunge wie gefrorene Sommerbreezes"}]},{"@type":"WebSite","@id":"https:\/\/www.tornadopuff.de\/#website","url":"https:\/\/www.tornadopuff.de\/","name":"Tornado Puff","description":"Tornado Puff","potentialAction":[{"@type":"SearchAction","target":{"@type":"EntryPoint","urlTemplate":"https:\/\/www.tornadopuff.de\/?s={search_term_string}"},"query-input":{"@type":"PropertyValueSpecification","valueRequired":true,"valueName":"search_term_string"}}],"inLanguage":"fr-FR"}]},"og_availability":"instock","product_availability":"instock","product_retailer_item_id":"RandM Tornado 15000 Pineapple Ice","product_condition":"new"},"_links":{"self":[{"href":"https:\/\/www.tornadopuff.de\/fr\/wp-json\/wp\/v2\/product\/454","targetHints":{"allow":["GET"]}}],"collection":[{"href":"https:\/\/www.tornadopuff.de\/fr\/wp-json\/wp\/v2\/product"}],"about":[{"href":"https:\/\/www.tornadopuff.de\/fr\/wp-json\/wp\/v2\/types\/product"}],"replies":[{"embeddable":true,"href":"https:\/\/www.tornadopuff.de\/fr\/wp-json\/wp\/v2\/comments?post=454"}],"wp:featuredmedia":[{"embeddable":true,"href":"https:\/\/www.tornadopuff.de\/fr\/wp-json\/wp\/v2\/media\/459"}],"wp:attachment":[{"href":"https:\/\/www.tornadopuff.de\/fr\/wp-json\/wp\/v2\/media?parent=454"}],"wp:term":[{"taxonomy":"product_brand","embeddable":true,"href":"https:\/\/www.tornadopuff.de\/fr\/wp-json\/wp\/v2\/product_brand?post=454"},{"taxonomy":"product_cat","embeddable":true,"href":"https:\/\/www.tornadopuff.de\/fr\/wp-json\/wp\/v2\/product_cat?post=454"},{"taxonomy":"product_tag","embeddable":true,"href":"https:\/\/www.tornadopuff.de\/fr\/wp-json\/wp\/v2\/product_tag?post=454"}],"curies":[{"name":"wp","href":"https:\/\/api.w.org\/{rel}","templated":true}]}}