{"id":447,"date":"2025-04-12T12:35:09","date_gmt":"2025-04-12T10:35:09","guid":{"rendered":"https:\/\/www.tornadopuff.de\/?post_type=product&#038;p=447"},"modified":"2025-05-25T10:07:36","modified_gmt":"2025-05-25T08:07:36","slug":"randm-tornado-15000-blueberry-raspberry","status":"publish","type":"product","link":"https:\/\/www.tornadopuff.de\/fr\/product\/randm-tornado-15000-blueberry-raspberry\/","title":{"rendered":"Blueberry Raspberry Vape R and M 15000"},"content":{"rendered":"<h2 class=\"ace-line heading-h1\" dir=\"auto\" data-node=\"true\"><span data-string=\"true\" data-enter=\"true\" data-leaf=\"true\">Blueberry Raspberry <a href=\"https:\/\/www.tornadopuff.de\/fr\/product-category\/randm-tornado-15000\/\">R et M 15000<\/a> Vape jetable M\u00e9lange intense de myrtille et de framboise<\/span><span data-string=\"true\" data-enter=\"true\" data-leaf=\"true\">\u200b<\/span><\/h2>\n<div class=\"ace-line\" dir=\"auto\" data-node=\"true\"><span data-leaf=\"true\"><span class=\"lb\">Blueberry Raspberry n'est pas une saveur de vape ordinaire. C'est la combinaison parfaite de la douceur profonde et intense de la framboise et de la fra\u00eecheur des baies acides. Cette combinaison est constamment recherch\u00e9e dans les moteurs de recherche, car elle offre une exp\u00e9rience inoubliable aussi bien aux amateurs inv\u00e9t\u00e9r\u00e9s de baies qu'aux novices dans l'univers de la vape. Que tu sois \u00e0 la recherche d'un changement rafra\u00eechissant ou de ta nouvelle saveur pr\u00e9f\u00e9r\u00e9e, Blueberry Raspberry ne te d\u00e9cevra pas.<\/span><\/span><span data-string=\"true\" data-enter=\"true\" data-leaf=\"true\">\u200b<\/span><\/div>\n<h4 class=\"ace-line heading-h2\" dir=\"auto\" data-node=\"true\"><span data-leaf=\"true\"><span class=\"lb\">\ud83c\udf47 L'attaque en bouche : La douceur intense de la framboise<\/span><\/span><span data-string=\"true\" data-enter=\"true\" data-leaf=\"true\">\u200b<\/span><\/h4>\n<div class=\"ace-line\" dir=\"auto\" data-node=\"true\"><span data-leaf=\"true\"><span class=\"lb\">La premi\u00e8re bouff\u00e9e de Blueberry Raspberry est comme une morsure dans une framboise m\u00fbre et fra\u00eeche \ud83c\udf47. Le fruit d'un violet profond d\u00e9ploie sa douceur parfaite sur ton palais. Les ar\u00f4mes subtils de la framboise, associ\u00e9s \u00e0 la granulosit\u00e9 textur\u00e9e de ses p\u00e9pins de fruits, cr\u00e9ent une v\u00e9ritable exp\u00e9rience de d\u00e9gustation. La douceur n'est pas trop cloyante, elle a juste ce qu'il faut d'acidit\u00e9 naturelle qui rappelle la fra\u00eecheur d'un matin dans un jardin de framboises.<\/span><\/span><span data-string=\"true\" data-enter=\"true\" data-leaf=\"true\">\u200b<\/span><\/div>\n<h4 class=\"ace-line heading-h2\" dir=\"auto\" data-node=\"true\"><span data-leaf=\"true\"><span class=\"lb\">\ud83c\udf53 La partie centrale : l'acidit\u00e9 fra\u00eeche de la framboise<\/span><\/span><span data-string=\"true\" data-enter=\"true\" data-leaf=\"true\">\u200b<\/span><\/h4>\n<div class=\"ace-line\" dir=\"auto\" data-node=\"true\"><span data-leaf=\"true\"><span class=\"lb\">Imm\u00e9diatement apr\u00e8s, la note fra\u00eeche et acide de la framboise \ud83c\udf53 appara\u00eet. Contrairement aux \u00e9pices traditionnelles \u00e0 la framboise, qui peuvent \u00eatre trop artificielles ou trop fortes, cette acidit\u00e9 est douce et naturelle. Elle apporte une fra\u00eecheur rafra\u00eechissante au m\u00e9lange qui contrebalance parfaitement la douceur intense de la framboise. C'est comme go\u00fbter une marmelade de framboises fra\u00eeches, o\u00f9 la fra\u00eecheur des baies brille de tous ses feux.<\/span><\/span><span data-string=\"true\" data-enter=\"true\" data-leaf=\"true\">\u200b<\/span><\/div>\n<h4 class=\"ace-line heading-h2\" dir=\"auto\" data-node=\"true\"><span data-leaf=\"true\"><span class=\"lb\">\ud83c\udf1f L'\u00e9quilibre parfait : une interaction symphonique<\/span><\/span><span data-string=\"true\" data-enter=\"true\" data-leaf=\"true\">\u200b<\/span><\/h4>\n<div class=\"ace-line\" dir=\"auto\" data-node=\"true\"><span data-leaf=\"true\"><span class=\"lb\">Ce qui surprend le plus, c'est l'\u00e9quilibre parfait entre la framboise et la framboise. Les deux ar\u00f4mes se compl\u00e8tent id\u00e9alement, sans que l'un ne couvre l'autre. La framboise donne de la profondeur et de l'intensit\u00e9, tandis que la framboise apporte de la fra\u00eecheur et une acidit\u00e9 vive. L'arri\u00e8re-go\u00fbt laisse un agr\u00e9able go\u00fbt aigre-doux qui t'envo\u00fbte encore plus \u00e0 chaque bouff\u00e9e.<\/span><\/span><span data-string=\"true\" data-enter=\"true\" data-leaf=\"true\">\u200b<\/span><\/div>\n<h5 class=\"ace-line heading-h2\" dir=\"auto\" data-node=\"true\"><span data-leaf=\"true\"><span class=\"lb\">\ud83d\udccd Cas d'utilisation id\u00e9aux pour Blueberry Raspberry<\/span><\/span><span data-string=\"true\" data-enter=\"true\" data-leaf=\"true\">\u200b<\/span><\/h5>\n<div class=\"ace-line list-div\" dir=\"auto\" data-node=\"true\">\n<ul class=\"list-bullet1 r-list r-list-bullet\">\n<li><span data-leaf=\"true\"><span class=\"lb\">Des journ\u00e9es d'\u00e9t\u00e9 ensoleill\u00e9es<\/span><\/span><span data-leaf=\"true\"><span class=\"lb\">: Rafra\u00eechit instantan\u00e9ment avec la chaleur et te permet de te baigner comme dans un champ de baies.<\/span><\/span><span data-string=\"true\" data-enter=\"true\" data-leaf=\"true\">\u200b<\/span><\/li>\n<\/ul>\n<\/div>\n<div class=\"ace-line list-div\" dir=\"auto\" data-node=\"true\">\n<ul class=\"list-bullet1 r-list r-list-bullet\">\n<li><span data-leaf=\"true\"><span class=\"lb\">Pauses de travail<\/span><\/span><span data-leaf=\"true\"><span class=\"lb\">: \u00c9veille tes sens et augmente ta concentration.<\/span><\/span><span data-string=\"true\" data-enter=\"true\" data-leaf=\"true\">\u200b<\/span><\/li>\n<\/ul>\n<\/div>\n<div class=\"ace-line list-div\" dir=\"auto\" data-node=\"true\">\n<ul class=\"list-bullet1 r-list r-list-bullet\">\n<li><span data-leaf=\"true\"><span class=\"lb\">\u00c9v\u00e9nements sociaux<\/span><\/span><span data-leaf=\"true\"><span class=\"lb\">: Un sujet de conversation parfait et une d\u00e9licieuse recommandation pour les amis.<\/span><\/span><span data-string=\"true\" data-enter=\"true\" data-leaf=\"true\">\u200b<\/span><\/li>\n<\/ul>\n<\/div>\n<h5 class=\"ace-line heading-h2\" dir=\"auto\" data-node=\"true\"><span data-leaf=\"true\"><span class=\"lb\">\ud83c\udf31 Pourquoi Blueberry Raspberry est ton meilleur choix<\/span><\/span><span data-string=\"true\" data-enter=\"true\" data-leaf=\"true\">\u200b<\/span><\/h5>\n<div class=\"ace-line list-div\" dir=\"auto\" data-node=\"true\">\n<ul class=\"list-bullet1 r-list r-list-bullet\">\n<li><span data-leaf=\"true\"><span class=\"lb\">Une qualit\u00e9 incomparable<\/span><\/span><span data-leaf=\"true\"><span class=\"lb\">: Ne g\u00e8re que des ar\u00f4mes naturels qui reproduisent la v\u00e9ritable exp\u00e9rience gustative des framboises et des framboises.<\/span><\/span><span data-string=\"true\" data-enter=\"true\" data-leaf=\"true\">\u200b<\/span><\/li>\n<\/ul>\n<\/div>\n<div class=\"ace-line list-div\" dir=\"auto\" data-node=\"true\">\n<ul class=\"list-bullet1 r-list r-list-bullet\">\n<li><span data-leaf=\"true\"><span class=\"lb\">Un go\u00fbt constant<\/span><\/span><span data-leaf=\"true\"><span class=\"lb\">: \u00e0 chaque bouff\u00e9e, tu savoures le m\u00eame go\u00fbt intense et fruit\u00e9.<\/span><\/span><span data-string=\"true\" data-enter=\"true\" data-leaf=\"true\">\u200b<\/span><\/li>\n<\/ul>\n<\/div>\n<div class=\"ace-line list-div\" dir=\"auto\" data-node=\"true\">\n<ul class=\"list-bullet1 r-list r-list-bullet\">\n<li><span data-leaf=\"true\"><span class=\"lb\">Sans allerg\u00e8nes et s\u00fbr<\/span><\/span><span data-leaf=\"true\"><span class=\"lb\">: Un produit que tu peux savourer la conscience tranquille.<\/span><\/span><span data-string=\"true\" data-enter=\"true\" data-leaf=\"true\">\u200b<\/span><\/li>\n<\/ul>\n<\/div>\n<h4 class=\"ace-line heading-h2\" dir=\"auto\" data-node=\"true\"><span data-leaf=\"true\"><span class=\"lb\">\ud83d\uded2 Testez-vous maintenant et laissez-vous s\u00e9duire par Blueberry Raspberry !<\/span><\/span><span data-string=\"true\" data-enter=\"true\" data-leaf=\"true\">\u200b<\/span><\/h4>\n<div class=\"ace-line\" dir=\"auto\" data-node=\"true\"><span data-leaf=\"true\"><span class=\"lb\">Tu veux d\u00e9couvrir le d\u00e9licieux spectacle de la framboise et de la framboise sur tes papilles ? Clique maintenant et d\u00e9couvre pourquoi Blueberry Raspberry est la saveur pr\u00e9f\u00e9r\u00e9e de centaines d'utilisateurs de la vape !<\/span><\/span><\/div>","protected":false},"excerpt":{"rendered":"<p>Blueberry Raspberry R and M 15000 jetable Vape M\u00e9lange intense de myrtille et de framboise Blueberry Raspberry n'est pas une saveur de vape ordinaire. C'est la combinaison parfaite de la douceur profonde et intense de la framboise et de la fra\u00eecheur des baies acides. Dans les moteurs de recherche, cette combinaison est constamment recherch\u00e9e, car elle convient aussi bien aux amateurs inv\u00e9t\u00e9r\u00e9s de baies qu'aux novices dans l'univers de la vape [...].","protected":false},"featured_media":453,"comment_status":"open","ping_status":"closed","template":"","meta":[],"product_brand":[],"product_cat":[76],"product_tag":[],"class_list":{"0":"post-447","1":"product","2":"type-product","3":"status-publish","4":"has-post-thumbnail","6":"product_cat-randm-tornado-15000","8":"first","9":"instock","10":"shipping-taxable","11":"purchasable","12":"product-type-variable"},"yoast_head":"<!-- This site is optimized with the Yoast SEO Premium plugin v24.4 (Yoast SEO v24.8.1) - https:\/\/yoast.com\/wordpress\/plugins\/seo\/ -->\n<title>Blueberry Raspberry Vape R and M 15000 - Tornado Puff<\/title>\n<meta name=\"description\" content=\"Entdecke Blueberry Raspberry Vape R and M 15000 Einweg Vape im Tornado Puff und genie\u00dfe hochwertiges Vape-Erlebnis, eine Auswahl an Nikotin und eine Vielzahl von Geschmacksrichtungen, um deine Vape-Anpassungsreise zu beginnen.\" \/>\n<meta name=\"robots\" content=\"index, follow, max-snippet:-1, max-image-preview:large, max-video-preview:-1\" \/>\n<link rel=\"canonical\" href=\"https:\/\/www.tornadopuff.de\/fr\/product\/randm-tornado-15000-blueberry-raspberry\/\" \/>\n<meta property=\"og:locale\" content=\"fr_FR\" \/>\n<meta property=\"og:type\" content=\"article\" \/>\n<meta property=\"og:title\" content=\"Blueberry Raspberry Vape R and M 15000\" \/>\n<meta property=\"og:description\" content=\"Entdecke Blueberry Raspberry Vape R and M 15000 Einweg Vape im Tornado Puff und genie\u00dfe hochwertiges Vape-Erlebnis, eine Auswahl an Nikotin und eine Vielzahl von Geschmacksrichtungen, um deine Vape-Anpassungsreise zu beginnen.\" \/>\n<meta property=\"og:url\" content=\"https:\/\/www.tornadopuff.de\/fr\/product\/randm-tornado-15000-blueberry-raspberry\/\" \/>\n<meta property=\"og:site_name\" content=\"Tornado Puff\" \/>\n<meta property=\"article:modified_time\" content=\"2025-05-25T08:07:36+00:00\" \/>\n<meta property=\"og:image\" content=\"https:\/\/www.tornadopuff.de\/wp-content\/uploads\/2025\/04\/RandM-Tornado-15000-Blueberry-Raspberry-1.jpg\" \/>\n\t<meta property=\"og:image:width\" content=\"2000\" \/>\n\t<meta property=\"og:image:height\" content=\"2000\" \/>\n\t<meta property=\"og:image:type\" content=\"image\/jpeg\" \/>\n<meta name=\"twitter:card\" content=\"summary_large_image\" \/>\n<meta name=\"twitter:label1\" content=\"Disponibilit\u00e9\" \/>\n\t<meta name=\"twitter:data1\" content=\"En stock\" \/>\n<script type=\"application\/ld+json\" class=\"yoast-schema-graph\">{\"@context\":\"https:\/\/schema.org\",\"@graph\":[{\"@type\":\"WebPage\",\"@id\":\"https:\/\/www.tornadopuff.de\/product\/randm-tornado-15000-blueberry-raspberry\/\",\"url\":\"https:\/\/www.tornadopuff.de\/product\/randm-tornado-15000-blueberry-raspberry\/\",\"name\":\"Blueberry Raspberry Vape R and M 15000 - Tornado Puff\",\"isPartOf\":{\"@id\":\"https:\/\/www.tornadopuff.de\/#website\"},\"primaryImageOfPage\":{\"@id\":\"https:\/\/www.tornadopuff.de\/product\/randm-tornado-15000-blueberry-raspberry\/#primaryimage\"},\"image\":{\"@id\":\"https:\/\/www.tornadopuff.de\/product\/randm-tornado-15000-blueberry-raspberry\/#primaryimage\"},\"thumbnailUrl\":\"https:\/\/www.tornadopuff.de\/wp-content\/uploads\/2025\/04\/RandM-Tornado-15000-Blueberry-Raspberry-1.jpg\",\"datePublished\":\"2025-04-12T10:35:09+00:00\",\"dateModified\":\"2025-05-25T08:07:36+00:00\",\"description\":\"Entdecke Blueberry Raspberry Vape R and M 15000 Einweg Vape im Tornado Puff und genie\u00dfe hochwertiges Vape-Erlebnis, eine Auswahl an Nikotin und eine Vielzahl von Geschmacksrichtungen, um deine Vape-Anpassungsreise zu beginnen.\",\"breadcrumb\":{\"@id\":\"https:\/\/www.tornadopuff.de\/product\/randm-tornado-15000-blueberry-raspberry\/#breadcrumb\"},\"inLanguage\":\"fr-FR\",\"potentialAction\":[{\"@type\":\"ReadAction\",\"target\":[\"https:\/\/www.tornadopuff.de\/product\/randm-tornado-15000-blueberry-raspberry\/\"]}]},{\"@type\":\"ImageObject\",\"inLanguage\":\"fr-FR\",\"@id\":\"https:\/\/www.tornadopuff.de\/product\/randm-tornado-15000-blueberry-raspberry\/#primaryimage\",\"url\":\"https:\/\/www.tornadopuff.de\/wp-content\/uploads\/2025\/04\/RandM-Tornado-15000-Blueberry-Raspberry-1.jpg\",\"contentUrl\":\"https:\/\/www.tornadopuff.de\/wp-content\/uploads\/2025\/04\/RandM-Tornado-15000-Blueberry-Raspberry-1.jpg\",\"width\":2000,\"height\":2000,\"caption\":\"Randm Tornado 15000 Blueberry Raspberry\"},{\"@type\":\"BreadcrumbList\",\"@id\":\"https:\/\/www.tornadopuff.de\/product\/randm-tornado-15000-blueberry-raspberry\/#breadcrumb\",\"itemListElement\":[{\"@type\":\"ListItem\",\"position\":1,\"name\":\"\u9996\u9875\",\"item\":\"https:\/\/www.tornadopuff.de\/\"},{\"@type\":\"ListItem\",\"position\":2,\"name\":\"Shop\",\"item\":\"https:\/\/www.tornadopuff.de\/shop\/\"},{\"@type\":\"ListItem\",\"position\":3,\"name\":\"Blueberry Raspberry Vape R and M 15000\"}]},{\"@type\":\"WebSite\",\"@id\":\"https:\/\/www.tornadopuff.de\/#website\",\"url\":\"https:\/\/www.tornadopuff.de\/\",\"name\":\"Tornado Puff\",\"description\":\"Tornado Puff\",\"potentialAction\":[{\"@type\":\"SearchAction\",\"target\":{\"@type\":\"EntryPoint\",\"urlTemplate\":\"https:\/\/www.tornadopuff.de\/?s={search_term_string}\"},\"query-input\":{\"@type\":\"PropertyValueSpecification\",\"valueRequired\":true,\"valueName\":\"search_term_string\"}}],\"inLanguage\":\"fr-FR\"}]}<\/script>\n<meta property=\"og:availability\" content=\"instock\" \/>\n<meta property=\"product:availability\" content=\"instock\" \/>\n<meta property=\"product:retailer_item_id\" content=\"RandM Tornado 15000 Blueberry Raspberry\" \/>\n<meta property=\"product:condition\" content=\"new\" \/>\n<!-- \/ Yoast SEO Premium plugin. -->","yoast_head_json":{"title":"Blueberry Raspberry Vape R and M 15000 - Tornado Puff","description":"Entdecke Blueberry Raspberry Vape R and M 15000 Einweg Vape im Tornado Puff und genie\u00dfe hochwertiges Vape-Erlebnis, eine Auswahl an Nikotin und eine Vielzahl von Geschmacksrichtungen, um deine Vape-Anpassungsreise zu beginnen.","robots":{"index":"index","follow":"follow","max-snippet":"max-snippet:-1","max-image-preview":"max-image-preview:large","max-video-preview":"max-video-preview:-1"},"canonical":"https:\/\/www.tornadopuff.de\/fr\/product\/randm-tornado-15000-blueberry-raspberry\/","og_locale":"fr_FR","og_type":"article","og_title":"Blueberry Raspberry Vape R and M 15000","og_description":"Entdecke Blueberry Raspberry Vape R and M 15000 Einweg Vape im Tornado Puff und genie\u00dfe hochwertiges Vape-Erlebnis, eine Auswahl an Nikotin und eine Vielzahl von Geschmacksrichtungen, um deine Vape-Anpassungsreise zu beginnen.","og_url":"https:\/\/www.tornadopuff.de\/fr\/product\/randm-tornado-15000-blueberry-raspberry\/","og_site_name":"Tornado Puff","article_modified_time":"2025-05-25T08:07:36+00:00","og_image":[{"width":2000,"height":2000,"url":"https:\/\/www.tornadopuff.de\/wp-content\/uploads\/2025\/04\/RandM-Tornado-15000-Blueberry-Raspberry-1.jpg","type":"image\/jpeg"}],"twitter_card":"summary_large_image","twitter_misc":{"Disponibilit\u00e9":"En stock"},"schema":{"@context":"https:\/\/schema.org","@graph":[{"@type":"WebPage","@id":"https:\/\/www.tornadopuff.de\/product\/randm-tornado-15000-blueberry-raspberry\/","url":"https:\/\/www.tornadopuff.de\/product\/randm-tornado-15000-blueberry-raspberry\/","name":"Blueberry Raspberry Vape R and M 15000 - Tornado Puff","isPartOf":{"@id":"https:\/\/www.tornadopuff.de\/#website"},"primaryImageOfPage":{"@id":"https:\/\/www.tornadopuff.de\/product\/randm-tornado-15000-blueberry-raspberry\/#primaryimage"},"image":{"@id":"https:\/\/www.tornadopuff.de\/product\/randm-tornado-15000-blueberry-raspberry\/#primaryimage"},"thumbnailUrl":"https:\/\/www.tornadopuff.de\/wp-content\/uploads\/2025\/04\/RandM-Tornado-15000-Blueberry-Raspberry-1.jpg","datePublished":"2025-04-12T10:35:09+00:00","dateModified":"2025-05-25T08:07:36+00:00","description":"Entdecke Blueberry Raspberry Vape R and M 15000 Einweg Vape im Tornado Puff und genie\u00dfe hochwertiges Vape-Erlebnis, eine Auswahl an Nikotin und eine Vielzahl von Geschmacksrichtungen, um deine Vape-Anpassungsreise zu beginnen.","breadcrumb":{"@id":"https:\/\/www.tornadopuff.de\/product\/randm-tornado-15000-blueberry-raspberry\/#breadcrumb"},"inLanguage":"fr-FR","potentialAction":[{"@type":"ReadAction","target":["https:\/\/www.tornadopuff.de\/product\/randm-tornado-15000-blueberry-raspberry\/"]}]},{"@type":"ImageObject","inLanguage":"fr-FR","@id":"https:\/\/www.tornadopuff.de\/product\/randm-tornado-15000-blueberry-raspberry\/#primaryimage","url":"https:\/\/www.tornadopuff.de\/wp-content\/uploads\/2025\/04\/RandM-Tornado-15000-Blueberry-Raspberry-1.jpg","contentUrl":"https:\/\/www.tornadopuff.de\/wp-content\/uploads\/2025\/04\/RandM-Tornado-15000-Blueberry-Raspberry-1.jpg","width":2000,"height":2000,"caption":"Randm Tornado 15000 Blueberry Raspberry"},{"@type":"BreadcrumbList","@id":"https:\/\/www.tornadopuff.de\/product\/randm-tornado-15000-blueberry-raspberry\/#breadcrumb","itemListElement":[{"@type":"ListItem","position":1,"name":"\u9996\u9875","item":"https:\/\/www.tornadopuff.de\/"},{"@type":"ListItem","position":2,"name":"Shop","item":"https:\/\/www.tornadopuff.de\/shop\/"},{"@type":"ListItem","position":3,"name":"Blueberry Raspberry Vape R and M 15000"}]},{"@type":"WebSite","@id":"https:\/\/www.tornadopuff.de\/#website","url":"https:\/\/www.tornadopuff.de\/","name":"Tornado Puff","description":"Tornado Puff","potentialAction":[{"@type":"SearchAction","target":{"@type":"EntryPoint","urlTemplate":"https:\/\/www.tornadopuff.de\/?s={search_term_string}"},"query-input":{"@type":"PropertyValueSpecification","valueRequired":true,"valueName":"search_term_string"}}],"inLanguage":"fr-FR"}]},"og_availability":"instock","product_availability":"instock","product_retailer_item_id":"RandM Tornado 15000 Blueberry Raspberry","product_condition":"new"},"_links":{"self":[{"href":"https:\/\/www.tornadopuff.de\/fr\/wp-json\/wp\/v2\/product\/447","targetHints":{"allow":["GET"]}}],"collection":[{"href":"https:\/\/www.tornadopuff.de\/fr\/wp-json\/wp\/v2\/product"}],"about":[{"href":"https:\/\/www.tornadopuff.de\/fr\/wp-json\/wp\/v2\/types\/product"}],"replies":[{"embeddable":true,"href":"https:\/\/www.tornadopuff.de\/fr\/wp-json\/wp\/v2\/comments?post=447"}],"wp:featuredmedia":[{"embeddable":true,"href":"https:\/\/www.tornadopuff.de\/fr\/wp-json\/wp\/v2\/media\/453"}],"wp:attachment":[{"href":"https:\/\/www.tornadopuff.de\/fr\/wp-json\/wp\/v2\/media?parent=447"}],"wp:term":[{"taxonomy":"product_brand","embeddable":true,"href":"https:\/\/www.tornadopuff.de\/fr\/wp-json\/wp\/v2\/product_brand?post=447"},{"taxonomy":"product_cat","embeddable":true,"href":"https:\/\/www.tornadopuff.de\/fr\/wp-json\/wp\/v2\/product_cat?post=447"},{"taxonomy":"product_tag","embeddable":true,"href":"https:\/\/www.tornadopuff.de\/fr\/wp-json\/wp\/v2\/product_tag?post=447"}],"curies":[{"name":"wp","href":"https:\/\/api.w.org\/{rel}","templated":true}]}}