{"id":425,"date":"2025-04-12T12:23:51","date_gmt":"2025-04-12T10:23:51","guid":{"rendered":"https:\/\/www.tornadopuff.de\/?post_type=product&#038;p=425"},"modified":"2025-05-25T08:39:33","modified_gmt":"2025-05-25T06:39:33","slug":"randm-tornado-15000-watermelon-ice","status":"publish","type":"product","link":"https:\/\/www.tornadopuff.de\/fr\/product\/randm-tornado-15000-watermelon-ice\/","title":{"rendered":"Watermelon Ice Tornado 15000 Vaporisateur jetable Un fruit\u00e9 p\u00e9tillant avec une note glac\u00e9e"},"content":{"rendered":"<h2 class=\"ace-line heading-h1\" dir=\"auto\" data-node=\"true\"><span data-string=\"true\" data-enter=\"true\" data-leaf=\"true\">Glace \u00e0 la past\u00e8que <a href=\"https:\/\/www.tornadopuff.de\/fr\/product-category\/randm-tornado-15000\/\">Tornado 15000 Vaporisateur jetable<\/a>\u200b<\/span><\/h2>\n<div class=\"ace-line\" dir=\"auto\" data-node=\"true\"><span data-leaf=\"true\"><span class=\"lb\">Le parfum de vape le plus populaire actuellement, Watermelon Ice, est devenu le premier choix de nombreux utilisateurs en \u00e9t\u00e9 gr\u00e2ce \u00e0 son exp\u00e9rience rafra\u00eechissante et unique. La combinaison de la fra\u00eecheur sucr\u00e9e de la past\u00e8que et de la menthe glac\u00e9e offre une exp\u00e9rience gustative extr\u00eame \u00e0 chaque bouff\u00e9e. Elle est particuli\u00e8rement adapt\u00e9e aux journ\u00e9es chaudes, apr\u00e8s le sport ou pendant la pause au travail, pour chasser imm\u00e9diatement la chaleur et r\u00e9veiller les papilles gustatives.<\/span><\/span><span data-string=\"true\" data-enter=\"true\" data-leaf=\"true\">\u200b<\/span><\/div>\n<h4 class=\"ace-line heading-h2\" dir=\"auto\" data-node=\"true\"><span data-leaf=\"true\"><span class=\"lb\">\ud83c\udf49 Une bouch\u00e9e de la douceur juteuse de la past\u00e8que<\/span><\/span><span data-string=\"true\" data-enter=\"true\" data-leaf=\"true\">\u200b<\/span><\/h4>\n<div class=\"ace-line\" dir=\"auto\" data-node=\"true\"><span data-leaf=\"true\"><span class=\"lb\">En tirant lentement sur Watermelon Ice, c'est comme si l'on croquait une past\u00e8que fra\u00eeche et bien refroidie \ud83c\udf49 ! L'\u00e9corce croquante c\u00e8de et la chair rouge juteuse explose en bouche, lib\u00e9rant un parfum intense et fruit\u00e9. Les fines fibres de la chair procurent une v\u00e9ritable sensation de mastication, tandis que le jus juteux contient la douceur du soleil. C'est comme si l'on se trouvait au milieu d'un jardin de past\u00e8ques un jour d'\u00e9t\u00e9.<\/span><\/span><span data-string=\"true\" data-enter=\"true\" data-leaf=\"true\">\u200b<\/span><\/div>\n<h4 class=\"ace-line heading-h2\" dir=\"auto\" data-node=\"true\"><span data-leaf=\"true\"><span class=\"lb\">\ud83c\udf2c\ufe0f La menthe glac\u00e9e : un double effet rafra\u00eechissant<\/span><\/span><span data-string=\"true\" data-enter=\"true\" data-leaf=\"true\">\u200b<\/span><\/h4>\n<div class=\"ace-line\" dir=\"auto\" data-node=\"true\"><span data-leaf=\"true\"><span class=\"lb\">Ensuite, une fra\u00eecheur menthe-glace douce et persistante \ud83c\udf2c\ufe0f envahit le palais. Contrairement aux notes de menthe traditionnelles qui peuvent \u00eatre trop agressives, cette fra\u00eecheur donne l'impression de feuilles de menthe fra\u00eeches encore recouvertes de ros\u00e9e matinale. La fra\u00eecheur se propage de la langue \u00e0 la gorge et s'\u00e9change avec la fra\u00eecheur sucr\u00e9e de la past\u00e8que, un peu comme la sensation de manger une past\u00e8que bien fra\u00eeche dans une pi\u00e8ce climatis\u00e9e. Elle chasse imm\u00e9diatement la chaleur de l'\u00e9t\u00e9 et apporte un rafra\u00eechissement int\u00e9rieur.<\/span><\/span><span data-string=\"true\" data-enter=\"true\" data-leaf=\"true\">\u200b<\/span><\/div>\n<h4 class=\"ace-line heading-h2\" dir=\"auto\" data-node=\"true\"><span data-leaf=\"true\"><span class=\"lb\">\ud83c\udf4b Un arri\u00e8re-go\u00fbt surprenant : la fine touche de parfum citronn\u00e9<\/span><\/span><span data-string=\"true\" data-enter=\"true\" data-leaf=\"true\">\u200b<\/span><\/h4>\n<div class=\"ace-line\" dir=\"auto\" data-node=\"true\"><span data-leaf=\"true\"><span class=\"lb\">En arri\u00e8re-go\u00fbt, un subtil parfum de citron \ud83c\udf4b, presque imperceptible, appara\u00eet, semblable \u00e0 une goutte de jus de citron fra\u00eechement press\u00e9 dans une averse de glace \u00e0 la past\u00e8que. La combinaison de douceur, d'acidit\u00e9 et de froideur est parfaitement \u00e9quilibr\u00e9e - ni trop sucr\u00e9e, ni trop fra\u00eeche, mais une aventure gustative \u00e0 plusieurs niveaux qui vous enchante encore plus \u00e0 chaque bouff\u00e9e.<\/span><\/span><span data-string=\"true\" data-enter=\"true\" data-leaf=\"true\">\u200b<\/span><\/div>\n<h4 class=\"ace-line heading-h2\" dir=\"auto\" data-node=\"true\"><span data-leaf=\"true\"><span class=\"lb\">\ud83c\udf1f Applications et avantages de la glace \u00e0 la past\u00e8que<\/span><\/span><span data-string=\"true\" data-enter=\"true\" data-leaf=\"true\">\u200b<\/span><\/h4>\n<div class=\"ace-line list-div\" dir=\"auto\" data-node=\"true\">\n<ul class=\"list-bullet1 r-list r-list-bullet\">\n<li><span data-leaf=\"true\"><span class=\"lb\">Rafra\u00eechissement estival<\/span><\/span><span data-leaf=\"true\"><span class=\"lb\">: Sous le soleil br\u00fblant, une bouff\u00e9e de Watermelon Ice chasse la chaleur et apporte un d\u00e9licieux rafra\u00eechissement.<\/span><\/span><span data-string=\"true\" data-enter=\"true\" data-leaf=\"true\">\u200b<\/span><\/li>\n<\/ul>\n<\/div>\n<div class=\"ace-line list-div\" dir=\"auto\" data-node=\"true\">\n<ul class=\"list-bullet1 r-list r-list-bullet\">\n<li><span data-leaf=\"true\"><span class=\"lb\">D\u00e9tente sportive<\/span><\/span><span data-leaf=\"true\"><span class=\"lb\">Apr\u00e8s l'entra\u00eenement, il renforce les muscles et soulage la fatigue.<\/span><\/span><span data-string=\"true\" data-enter=\"true\" data-leaf=\"true\">\u200b<\/span><\/li>\n<\/ul>\n<\/div>\n<div class=\"ace-line list-div\" dir=\"auto\" data-node=\"true\">\n<ul class=\"list-bullet1 r-list r-list-bullet\">\n<li><span data-leaf=\"true\"><span class=\"lb\">Pause de travail<\/span><\/span><span data-leaf=\"true\"><span class=\"lb\">Il r\u00e9veille les sens fatigu\u00e9s aux heures de pointe et augmente l'efficacit\u00e9.<\/span><\/span><span data-string=\"true\" data-enter=\"true\" data-leaf=\"true\">\u200b<\/span><\/li>\n<\/ul>\n<\/div>\n<div class=\"ace-line list-div\" dir=\"auto\" data-node=\"true\">\n<ul class=\"list-bullet1 r-list r-list-bullet\">\n<li><span data-leaf=\"true\"><span class=\"lb\">Point fort social<\/span><\/span><span data-leaf=\"true\"><span class=\"lb\">: Avec son go\u00fbt unique, Watermelon Ice devient un sujet de conversation chez \u805a\u4f1a\u4e0a.<\/span><\/span><span data-string=\"true\" data-enter=\"true\" data-leaf=\"true\">\u200b<\/span><\/li>\n<\/ul>\n<\/div>\n<h4 class=\"ace-line heading-h2\" dir=\"auto\" data-node=\"true\"><span data-leaf=\"true\"><span class=\"lb\">\ud83d\udce2 D\u00e9couvre maintenant la magie rafra\u00eechissante de Watermelon Ice !<\/span><\/span><span data-string=\"true\" data-enter=\"true\" data-leaf=\"true\">\u200b<\/span><\/h4>\n<div class=\"ace-line\" dir=\"auto\" data-node=\"true\"><span data-leaf=\"true\"><span class=\"lb\">Pourquoi attendre encore ? Avec son go\u00fbt incomparable et sa qualit\u00e9 exceptionnelle, Watermelon Ice est la saveur de vape incontournable de cet \u00e9t\u00e9. Que tu sois un amateur de past\u00e8que ou que tu cherches simplement une fra\u00eecheur rafra\u00eechissante, tu trouveras ici ton go\u00fbt d'\u00e9t\u00e9 parfait. Clique maintenant et commence ton voyage rafra\u00eechissant !<\/span><\/span><span data-string=\"true\" data-enter=\"true\" data-leaf=\"true\">\u200b<\/span><\/div>","protected":false},"excerpt":{"rendered":"<p>Watermelon Ice Tornado 15000 Vaporisateur jetable La saveur de la vape la plus populaire du moment, Watermelon Ice, est devenue le premier choix de nombreux utilisateurs en \u00e9t\u00e9 gr\u00e2ce \u00e0 son exp\u00e9rience rafra\u00eechissante et unique. La combinaison de la fra\u00eecheur sucr\u00e9e de la past\u00e8que et de la menthe glac\u00e9e offre une exp\u00e9rience gustative extr\u00eame \u00e0 chaque bouff\u00e9e. Elle est particuli\u00e8rement adapt\u00e9e aux journ\u00e9es chaudes, apr\u00e8s [...].","protected":false},"featured_media":431,"comment_status":"open","ping_status":"closed","template":"","meta":[],"product_brand":[],"product_cat":[76],"product_tag":[],"class_list":{"0":"post-425","1":"product","2":"type-product","3":"status-publish","4":"has-post-thumbnail","6":"product_cat-randm-tornado-15000","8":"first","9":"instock","10":"shipping-taxable","11":"purchasable","12":"product-type-variable"},"yoast_head":"<!-- This site is optimized with the Yoast SEO Premium plugin v24.4 (Yoast SEO v24.8.1) - https:\/\/yoast.com\/wordpress\/plugins\/seo\/ -->\n<title>Watermelon Ice Tornado 15000 Einweg-vape Spritzige Fruchtigkeit mit eiskalter Note - Tornado Puff<\/title>\n<meta name=\"description\" content=\"Entdecke Watermelon Ice Tornado 15000 Einweg-vape Spritzige Fruchtigkeit mit eiskalter Note Einweg Vape im Tornado Puff und genie\u00dfe hochwertiges Vape-Erlebnis, eine Auswahl an Nikotin und eine Vielzahl von Geschmacksrichtungen, um deine Vape-Anpassungsreise zu beginnen.\" \/>\n<meta name=\"robots\" content=\"index, follow, max-snippet:-1, max-image-preview:large, max-video-preview:-1\" \/>\n<link rel=\"canonical\" href=\"https:\/\/www.tornadopuff.de\/fr\/product\/randm-tornado-15000-watermelon-ice\/\" \/>\n<meta property=\"og:locale\" content=\"fr_FR\" \/>\n<meta property=\"og:type\" content=\"article\" \/>\n<meta property=\"og:title\" content=\"Watermelon Ice Tornado 15000 Einweg-vape Spritzige Fruchtigkeit mit eiskalter Note\" \/>\n<meta property=\"og:description\" content=\"Entdecke Watermelon Ice Tornado 15000 Einweg-vape Spritzige Fruchtigkeit mit eiskalter Note Einweg Vape im Tornado Puff und genie\u00dfe hochwertiges Vape-Erlebnis, eine Auswahl an Nikotin und eine Vielzahl von Geschmacksrichtungen, um deine Vape-Anpassungsreise zu beginnen.\" \/>\n<meta property=\"og:url\" content=\"https:\/\/www.tornadopuff.de\/fr\/product\/randm-tornado-15000-watermelon-ice\/\" \/>\n<meta property=\"og:site_name\" content=\"Tornado Puff\" \/>\n<meta property=\"article:modified_time\" content=\"2025-05-25T06:39:33+00:00\" \/>\n<meta property=\"og:image\" content=\"https:\/\/www.tornadopuff.de\/wp-content\/uploads\/2025\/04\/RandM-Tornado-vape-15K-Watermelon-Ice-1.jpg\" \/>\n\t<meta property=\"og:image:width\" content=\"2000\" \/>\n\t<meta property=\"og:image:height\" content=\"2000\" \/>\n\t<meta property=\"og:image:type\" content=\"image\/jpeg\" \/>\n<meta name=\"twitter:card\" content=\"summary_large_image\" \/>\n<meta name=\"twitter:label1\" content=\"Disponibilit\u00e9\" \/>\n\t<meta name=\"twitter:data1\" content=\"En stock\" \/>\n<script type=\"application\/ld+json\" class=\"yoast-schema-graph\">{\"@context\":\"https:\/\/schema.org\",\"@graph\":[{\"@type\":\"WebPage\",\"@id\":\"https:\/\/www.tornadopuff.de\/product\/randm-tornado-15000-watermelon-ice\/\",\"url\":\"https:\/\/www.tornadopuff.de\/product\/randm-tornado-15000-watermelon-ice\/\",\"name\":\"Watermelon Ice Tornado 15000 Einweg-vape Spritzige Fruchtigkeit mit eiskalter Note - Tornado Puff\",\"isPartOf\":{\"@id\":\"https:\/\/www.tornadopuff.de\/#website\"},\"primaryImageOfPage\":{\"@id\":\"https:\/\/www.tornadopuff.de\/product\/randm-tornado-15000-watermelon-ice\/#primaryimage\"},\"image\":{\"@id\":\"https:\/\/www.tornadopuff.de\/product\/randm-tornado-15000-watermelon-ice\/#primaryimage\"},\"thumbnailUrl\":\"https:\/\/www.tornadopuff.de\/wp-content\/uploads\/2025\/04\/RandM-Tornado-vape-15K-Watermelon-Ice-1.jpg\",\"datePublished\":\"2025-04-12T10:23:51+00:00\",\"dateModified\":\"2025-05-25T06:39:33+00:00\",\"description\":\"Entdecke Watermelon Ice Tornado 15000 Einweg-vape Spritzige Fruchtigkeit mit eiskalter Note Einweg Vape im Tornado Puff und genie\u00dfe hochwertiges Vape-Erlebnis, eine Auswahl an Nikotin und eine Vielzahl von Geschmacksrichtungen, um deine Vape-Anpassungsreise zu beginnen.\",\"breadcrumb\":{\"@id\":\"https:\/\/www.tornadopuff.de\/product\/randm-tornado-15000-watermelon-ice\/#breadcrumb\"},\"inLanguage\":\"fr-FR\",\"potentialAction\":[{\"@type\":\"ReadAction\",\"target\":[\"https:\/\/www.tornadopuff.de\/product\/randm-tornado-15000-watermelon-ice\/\"]}]},{\"@type\":\"ImageObject\",\"inLanguage\":\"fr-FR\",\"@id\":\"https:\/\/www.tornadopuff.de\/product\/randm-tornado-15000-watermelon-ice\/#primaryimage\",\"url\":\"https:\/\/www.tornadopuff.de\/wp-content\/uploads\/2025\/04\/RandM-Tornado-vape-15K-Watermelon-Ice-1.jpg\",\"contentUrl\":\"https:\/\/www.tornadopuff.de\/wp-content\/uploads\/2025\/04\/RandM-Tornado-vape-15K-Watermelon-Ice-1.jpg\",\"width\":2000,\"height\":2000,\"caption\":\"Randm Tornado Vape 15k Watermelon Ice\"},{\"@type\":\"BreadcrumbList\",\"@id\":\"https:\/\/www.tornadopuff.de\/product\/randm-tornado-15000-watermelon-ice\/#breadcrumb\",\"itemListElement\":[{\"@type\":\"ListItem\",\"position\":1,\"name\":\"\u9996\u9875\",\"item\":\"https:\/\/www.tornadopuff.de\/\"},{\"@type\":\"ListItem\",\"position\":2,\"name\":\"Shop\",\"item\":\"https:\/\/www.tornadopuff.de\/shop\/\"},{\"@type\":\"ListItem\",\"position\":3,\"name\":\"Watermelon Ice Tornado 15000 Einweg-vape Spritzige Fruchtigkeit mit eiskalter Note\"}]},{\"@type\":\"WebSite\",\"@id\":\"https:\/\/www.tornadopuff.de\/#website\",\"url\":\"https:\/\/www.tornadopuff.de\/\",\"name\":\"Tornado Puff\",\"description\":\"Tornado Puff\",\"potentialAction\":[{\"@type\":\"SearchAction\",\"target\":{\"@type\":\"EntryPoint\",\"urlTemplate\":\"https:\/\/www.tornadopuff.de\/?s={search_term_string}\"},\"query-input\":{\"@type\":\"PropertyValueSpecification\",\"valueRequired\":true,\"valueName\":\"search_term_string\"}}],\"inLanguage\":\"fr-FR\"}]}<\/script>\n<meta property=\"og:availability\" content=\"instock\" \/>\n<meta property=\"product:availability\" content=\"instock\" \/>\n<meta property=\"product:retailer_item_id\" content=\"RandM Tornado 15000 Watermelon Ice\" \/>\n<meta property=\"product:condition\" content=\"new\" \/>\n<!-- \/ Yoast SEO Premium plugin. -->","yoast_head_json":{"title":"Watermelon Ice Tornado 15000 Einweg-vape Spritzige Fruchtigkeit mit eiskalter Note - Tornado Puff","description":"Entdecke Watermelon Ice Tornado 15000 Einweg-vape Spritzige Fruchtigkeit mit eiskalter Note Einweg Vape im Tornado Puff und genie\u00dfe hochwertiges Vape-Erlebnis, eine Auswahl an Nikotin und eine Vielzahl von Geschmacksrichtungen, um deine Vape-Anpassungsreise zu beginnen.","robots":{"index":"index","follow":"follow","max-snippet":"max-snippet:-1","max-image-preview":"max-image-preview:large","max-video-preview":"max-video-preview:-1"},"canonical":"https:\/\/www.tornadopuff.de\/fr\/product\/randm-tornado-15000-watermelon-ice\/","og_locale":"fr_FR","og_type":"article","og_title":"Watermelon Ice Tornado 15000 Einweg-vape Spritzige Fruchtigkeit mit eiskalter Note","og_description":"Entdecke Watermelon Ice Tornado 15000 Einweg-vape Spritzige Fruchtigkeit mit eiskalter Note Einweg Vape im Tornado Puff und genie\u00dfe hochwertiges Vape-Erlebnis, eine Auswahl an Nikotin und eine Vielzahl von Geschmacksrichtungen, um deine Vape-Anpassungsreise zu beginnen.","og_url":"https:\/\/www.tornadopuff.de\/fr\/product\/randm-tornado-15000-watermelon-ice\/","og_site_name":"Tornado Puff","article_modified_time":"2025-05-25T06:39:33+00:00","og_image":[{"width":2000,"height":2000,"url":"https:\/\/www.tornadopuff.de\/wp-content\/uploads\/2025\/04\/RandM-Tornado-vape-15K-Watermelon-Ice-1.jpg","type":"image\/jpeg"}],"twitter_card":"summary_large_image","twitter_misc":{"Disponibilit\u00e9":"En stock"},"schema":{"@context":"https:\/\/schema.org","@graph":[{"@type":"WebPage","@id":"https:\/\/www.tornadopuff.de\/product\/randm-tornado-15000-watermelon-ice\/","url":"https:\/\/www.tornadopuff.de\/product\/randm-tornado-15000-watermelon-ice\/","name":"Watermelon Ice Tornado 15000 Einweg-vape Spritzige Fruchtigkeit mit eiskalter Note - Tornado Puff","isPartOf":{"@id":"https:\/\/www.tornadopuff.de\/#website"},"primaryImageOfPage":{"@id":"https:\/\/www.tornadopuff.de\/product\/randm-tornado-15000-watermelon-ice\/#primaryimage"},"image":{"@id":"https:\/\/www.tornadopuff.de\/product\/randm-tornado-15000-watermelon-ice\/#primaryimage"},"thumbnailUrl":"https:\/\/www.tornadopuff.de\/wp-content\/uploads\/2025\/04\/RandM-Tornado-vape-15K-Watermelon-Ice-1.jpg","datePublished":"2025-04-12T10:23:51+00:00","dateModified":"2025-05-25T06:39:33+00:00","description":"Entdecke Watermelon Ice Tornado 15000 Einweg-vape Spritzige Fruchtigkeit mit eiskalter Note Einweg Vape im Tornado Puff und genie\u00dfe hochwertiges Vape-Erlebnis, eine Auswahl an Nikotin und eine Vielzahl von Geschmacksrichtungen, um deine Vape-Anpassungsreise zu beginnen.","breadcrumb":{"@id":"https:\/\/www.tornadopuff.de\/product\/randm-tornado-15000-watermelon-ice\/#breadcrumb"},"inLanguage":"fr-FR","potentialAction":[{"@type":"ReadAction","target":["https:\/\/www.tornadopuff.de\/product\/randm-tornado-15000-watermelon-ice\/"]}]},{"@type":"ImageObject","inLanguage":"fr-FR","@id":"https:\/\/www.tornadopuff.de\/product\/randm-tornado-15000-watermelon-ice\/#primaryimage","url":"https:\/\/www.tornadopuff.de\/wp-content\/uploads\/2025\/04\/RandM-Tornado-vape-15K-Watermelon-Ice-1.jpg","contentUrl":"https:\/\/www.tornadopuff.de\/wp-content\/uploads\/2025\/04\/RandM-Tornado-vape-15K-Watermelon-Ice-1.jpg","width":2000,"height":2000,"caption":"Randm Tornado Vape 15k Watermelon Ice"},{"@type":"BreadcrumbList","@id":"https:\/\/www.tornadopuff.de\/product\/randm-tornado-15000-watermelon-ice\/#breadcrumb","itemListElement":[{"@type":"ListItem","position":1,"name":"\u9996\u9875","item":"https:\/\/www.tornadopuff.de\/"},{"@type":"ListItem","position":2,"name":"Shop","item":"https:\/\/www.tornadopuff.de\/shop\/"},{"@type":"ListItem","position":3,"name":"Watermelon Ice Tornado 15000 Einweg-vape Spritzige Fruchtigkeit mit eiskalter Note"}]},{"@type":"WebSite","@id":"https:\/\/www.tornadopuff.de\/#website","url":"https:\/\/www.tornadopuff.de\/","name":"Tornado Puff","description":"Tornado Puff","potentialAction":[{"@type":"SearchAction","target":{"@type":"EntryPoint","urlTemplate":"https:\/\/www.tornadopuff.de\/?s={search_term_string}"},"query-input":{"@type":"PropertyValueSpecification","valueRequired":true,"valueName":"search_term_string"}}],"inLanguage":"fr-FR"}]},"og_availability":"instock","product_availability":"instock","product_retailer_item_id":"RandM Tornado 15000 Watermelon Ice","product_condition":"new"},"_links":{"self":[{"href":"https:\/\/www.tornadopuff.de\/fr\/wp-json\/wp\/v2\/product\/425","targetHints":{"allow":["GET"]}}],"collection":[{"href":"https:\/\/www.tornadopuff.de\/fr\/wp-json\/wp\/v2\/product"}],"about":[{"href":"https:\/\/www.tornadopuff.de\/fr\/wp-json\/wp\/v2\/types\/product"}],"replies":[{"embeddable":true,"href":"https:\/\/www.tornadopuff.de\/fr\/wp-json\/wp\/v2\/comments?post=425"}],"wp:featuredmedia":[{"embeddable":true,"href":"https:\/\/www.tornadopuff.de\/fr\/wp-json\/wp\/v2\/media\/431"}],"wp:attachment":[{"href":"https:\/\/www.tornadopuff.de\/fr\/wp-json\/wp\/v2\/media?parent=425"}],"wp:term":[{"taxonomy":"product_brand","embeddable":true,"href":"https:\/\/www.tornadopuff.de\/fr\/wp-json\/wp\/v2\/product_brand?post=425"},{"taxonomy":"product_cat","embeddable":true,"href":"https:\/\/www.tornadopuff.de\/fr\/wp-json\/wp\/v2\/product_cat?post=425"},{"taxonomy":"product_tag","embeddable":true,"href":"https:\/\/www.tornadopuff.de\/fr\/wp-json\/wp\/v2\/product_tag?post=425"}],"curies":[{"name":"wp","href":"https:\/\/api.w.org\/{rel}","templated":true}]}}