{"id":418,"date":"2025-04-12T12:21:30","date_gmt":"2025-04-12T10:21:30","guid":{"rendered":"https:\/\/www.tornadopuff.de\/?post_type=product&#038;p=418"},"modified":"2025-05-25T08:31:58","modified_gmt":"2025-05-25T06:31:58","slug":"randm-tornado-15000-sour-apple","status":"publish","type":"product","link":"https:\/\/www.tornadopuff.de\/fr\/product\/randm-tornado-15000-sour-apple\/","title":{"rendered":"Sour Apple RandM 15000 Vaporisateur jetable Comme une bouch\u00e9e croquante dans un jus de pomme glac\u00e9"},"content":{"rendered":"<h2 class=\"ace-line heading-h2\" dir=\"auto\" data-node=\"true\"><span data-leaf=\"true\"><span class=\"lb\">\u00a0Pomme acidul\u00e9e <a href=\"https:\/\/www.tornadopuff.de\/fr\/product-category\/randm-tornado-15000\/\">RandM 15000<\/a> Vape \u00e0 usage unique<\/span><\/span><\/h2>\n<h3 class=\"ace-line heading-h2\" dir=\"auto\" data-node=\"true\"><span data-leaf=\"true\"><span class=\"lb\">\ud83c\udf4f <\/span><\/span><span data-leaf=\"true\"><span class=\"lb\">La danse effr\u00e9n\u00e9e entre l'acidit\u00e9 et la douceur : un r\u00e9gal pour les aventuriers<\/span><\/span><span data-string=\"true\" data-enter=\"true\" data-leaf=\"true\">\u200b<\/span><\/h3>\n<div class=\"ace-line\" dir=\"auto\" data-node=\"true\"><span data-leaf=\"true\"><span class=\"lb\">Que se passe-t-il lorsqu'on associe une pomme croquante et acidul\u00e9e \u00e0 une note subtilement sucr\u00e9e ? La r\u00e9ponse : Sour Apple - une exp\u00e9rience gustative qui excite tes sens et te transporte dans un monde de fra\u00eecheur et de surprises. Chaque bouff\u00e9e de ta vape jetable ouvre un nouveau chapitre de ce voyage gustatif, sans que tu aies \u00e0 te soucier de la nettoyer ou de la remplir.<\/span><\/span><span data-string=\"true\" data-enter=\"true\" data-leaf=\"true\">\u200b<\/span><\/div>\n<h4 class=\"ace-line heading-h2\" dir=\"auto\" data-node=\"true\"><span data-leaf=\"true\"><span class=\"lb\">\ud83c\udf4f <\/span><\/span><span data-leaf=\"true\"><span class=\"lb\">Un pr\u00e9lude excitant : L'acidit\u00e9 intense de la pomme<\/span><\/span><span data-string=\"true\" data-enter=\"true\" data-leaf=\"true\">\u200b<\/span><\/h4>\n<div class=\"ace-line\" dir=\"auto\" data-node=\"true\"><span data-leaf=\"true\"><span class=\"lb\">La premi\u00e8re bouff\u00e9e est comme une morsure dans une \ud83c\udf4fpomme verte fra\u00eeche - croquante, acide et pleine de fra\u00eecheur. L'acidit\u00e9 explose dans ta bouche comme une petite vague juteuse qui r\u00e9veille tes papilles. Les ar\u00f4mes subtils de la peau et de la chair de la pomme se m\u00e9langent pour cr\u00e9er une saveur complexe et intense. C'est comme si le jus juteux de la pomme giclait directement dans ta bouche et emplissait ton haleine d'un frais parfum de pomme.<\/span><\/span><span data-string=\"true\" data-enter=\"true\" data-leaf=\"true\">\u200b<\/span><\/div>\n<h4 class=\"ace-line heading-h2\" dir=\"auto\" data-node=\"true\"><span data-leaf=\"true\"><span class=\"lb\">\ud83c\udf6f <\/span><\/span><span data-leaf=\"true\"><span class=\"lb\">Le milieu doux : la douceur subtile en arri\u00e8re-plan<\/span><\/span><span data-string=\"true\" data-enter=\"true\" data-leaf=\"true\">\u200b<\/span><\/h4>\n<div class=\"ace-line\" dir=\"auto\" data-node=\"true\"><span data-leaf=\"true\"><span class=\"lb\">Juste au moment o\u00f9 tu t'es habitu\u00e9 \u00e0 la forte acidit\u00e9, une note douce et sucr\u00e9e fait son apparition. Contrairement aux saveurs de pomme traditionnelles, qui sont souvent trop unilat\u00e9ralement acides ou trop artificiellement sucr\u00e9es, la douceur de Sour Apple apporte un \u00e9quilibre parfait. C'est comme le toucher du miel sur tes l\u00e8vres, alors que tu sens toujours le go\u00fbt frais de la pomme. La douceur subtile renforce les ar\u00f4mes de la pomme et \u00e9vite que le go\u00fbt ne devienne trop unidimensionnel.<\/span><\/span><span data-string=\"true\" data-enter=\"true\" data-leaf=\"true\">\u200b<\/span><\/div>\n<h4 class=\"ace-line heading-h2\" dir=\"auto\" data-node=\"true\"><span data-leaf=\"true\"><span class=\"lb\">\ud83c\udf2c\ufe0f <\/span><\/span><span data-leaf=\"true\"><span class=\"lb\">La fin spectaculaire : la fra\u00eecheur rafra\u00eechissante \u00e0 la fin<\/span><\/span><span data-string=\"true\" data-enter=\"true\" data-leaf=\"true\">\u200b<\/span><\/h4>\n<div class=\"ace-line\" dir=\"auto\" data-node=\"true\"><span data-leaf=\"true\"><span class=\"lb\">La prouesse finale est l'apparition d'une fra\u00eecheur rafra\u00eechissante en arri\u00e8re-go\u00fbt, semblable \u00e0 une brise fra\u00eeche qui souffle sur un champ de pommiers. Cette fra\u00eecheur n'envahit pas seulement ta langue, mais aussi ton palais et ta gorge, comme si tu \u00e9tais au milieu d'une for\u00eat fra\u00eeche. La combinaison de la note acide de la pomme, des nuances sucr\u00e9es et de la fra\u00eecheur rafra\u00eechissante cr\u00e9e une vari\u00e9t\u00e9 impressionnante de saveurs qui se d\u00e9veloppent lentement et qui restent sur ta langue plusieurs minutes apr\u00e8s l'infusion.<\/span><\/span><span data-string=\"true\" data-enter=\"true\" data-leaf=\"true\">\u200b<\/span><\/div>\n<h4 class=\"ace-line heading-h2\" dir=\"auto\" data-node=\"true\"><span data-leaf=\"true\"><span class=\"lb\">\ud83d\udccd <\/span><\/span><span data-leaf=\"true\"><span class=\"lb\">Pour quels moments la pomme acidul\u00e9e est-elle parfaite ?<\/span><\/span><span data-string=\"true\" data-enter=\"true\" data-leaf=\"true\">\u200b<\/span><\/h4>\n<div class=\"ace-line list-div\" dir=\"auto\" data-node=\"true\">\n<ul class=\"list-bullet1 r-list r-list-bullet\">\n<li><span data-leaf=\"true\"><span class=\"lb\">Jours chauds<\/span><\/span><span data-leaf=\"true\"><span class=\"lb\">: Lorsque le soleil est implacable et que tu as besoin d'un rafra\u00eechissement rapide, une bouff\u00e9e de pomme acidul\u00e9e est comme une pluie de bulles glac\u00e9es sur ton palais.<\/span><\/span><span data-string=\"true\" data-enter=\"true\" data-leaf=\"true\">\u200b<\/span><\/li>\n<\/ul>\n<\/div>\n<div class=\"ace-line list-div\" dir=\"auto\" data-node=\"true\">\n<ul class=\"list-bullet1 r-list r-list-bullet\">\n<li><span data-leaf=\"true\"><span class=\"lb\">Pauses de travail<\/span><\/span><span data-leaf=\"true\"><span class=\"lb\">Chaque fois que tu as besoin d'un peu de r\u00e9pit au travail, Sour Apple r\u00e9veille tes sens fatigu\u00e9s et te redonne de l'\u00e9nergie.<\/span><\/span><span data-string=\"true\" data-enter=\"true\" data-leaf=\"true\">\u200b<\/span><\/li>\n<\/ul>\n<\/div>\n<div class=\"ace-line list-div\" dir=\"auto\" data-node=\"true\">\n<ul class=\"list-bullet1 r-list r-list-bullet\">\n<li><span data-leaf=\"true\"><span class=\"lb\">\u00c9v\u00e9nements sociaux<\/span><\/span><span data-leaf=\"true\"><span class=\"lb\">Lors de soir\u00e9es ou de rencontres entre amis, Sour Apple fascine tous les palais avec son go\u00fbt unique.<\/span><\/span><span data-string=\"true\" data-enter=\"true\" data-leaf=\"true\">\u200b<\/span><\/li>\n<\/ul>\n<\/div>\n<h4 class=\"ace-line heading-h2\" dir=\"auto\" data-node=\"true\"><span data-leaf=\"true\"><span class=\"lb\">\ud83c\udf1f <\/span><\/span><span data-leaf=\"true\"><span class=\"lb\">Pourquoi la pomme acidul\u00e9e va devenir ta nouvelle saveur pr\u00e9f\u00e9r\u00e9e<\/span><\/span><span data-string=\"true\" data-enter=\"true\" data-leaf=\"true\">\u200b<\/span><\/h4>\n<div class=\"ace-line list-div\" dir=\"auto\" data-node=\"true\">\n<ul class=\"list-bullet1 r-list r-list-bullet\">\n<li><span data-leaf=\"true\"><span class=\"lb\">Une diversit\u00e9 de go\u00fbts incomparable<\/span><\/span><span data-leaf=\"true\"><span class=\"lb\">: L'\u00e9quilibre entre l'acidit\u00e9, la douceur et la fra\u00eecheur fait de Sour Apple un v\u00e9ritable r\u00e9gal pour le palais.<\/span><\/span><span data-string=\"true\" data-enter=\"true\" data-leaf=\"true\">\u200b<\/span><\/li>\n<\/ul>\n<\/div>\n<div class=\"ace-line list-div\" dir=\"auto\" data-node=\"true\">\n<ul class=\"list-bullet1 r-list r-list-bullet\">\n<li><span data-leaf=\"true\"><span class=\"lb\">Un go\u00fbt constant<\/span><\/span><span data-leaf=\"true\"><span class=\"lb\">: \u00e0 chaque bouff\u00e9e, tu savoures le m\u00eame go\u00fbt intense et frais.<\/span><\/span><span data-string=\"true\" data-enter=\"true\" data-leaf=\"true\">\u200b<\/span><\/li>\n<\/ul>\n<\/div>\n<div class=\"ace-line list-div\" dir=\"auto\" data-node=\"true\">\n<ul class=\"list-bullet1 r-list r-list-bullet\">\n<li><span data-leaf=\"true\"><span class=\"lb\">Conception pratique \u00e0 usage unique<\/span><\/span><span data-leaf=\"true\"><span class=\"lb\">: Il suffit de le jeter quand tu as termin\u00e9 - pas de nettoyage ou de remplissage compliqu\u00e9.<\/span><\/span><\/li>\n<\/ul>\n<\/div>","protected":false},"excerpt":{"rendered":"<p>\u00a0Sour Apple RandM 15000 Vaporisateur jetable \ud83c\udf4f La danse effr\u00e9n\u00e9e entre l'acidit\u00e9 et la douceur : un r\u00e9gal pour les aventuriers Que se passe-t-il lorsqu'on associe une pomme croquante et acidul\u00e9e \u00e0 une note subtilement sucr\u00e9e ? La r\u00e9ponse : Sour Apple - une exp\u00e9rience gustative qui met tes sens en \u00e9moi et te transporte dans un monde de fra\u00eecheur et de surprises. \u00c0 chaque bouff\u00e9e, [...]","protected":false},"featured_media":423,"comment_status":"open","ping_status":"closed","template":"","meta":[],"product_brand":[],"product_cat":[76],"product_tag":[],"class_list":{"0":"post-418","1":"product","2":"type-product","3":"status-publish","4":"has-post-thumbnail","6":"product_cat-randm-tornado-15000","8":"first","9":"instock","10":"shipping-taxable","11":"purchasable","12":"product-type-variable"},"yoast_head":"<!-- This site is optimized with the Yoast SEO Premium plugin v24.4 (Yoast SEO v24.8.1) - https:\/\/yoast.com\/wordpress\/plugins\/seo\/ -->\n<title>Sour Apple RandM 15000 Einweg-vape Wie ein knackiger Biss in eine eiskalte \u00c4pfelschorle - Tornado Puff<\/title>\n<meta name=\"description\" content=\"Entdecke Sour Apple RandM 15000 Einweg-vape Wie ein knackiger Biss in eine eiskalte \u00c4pfelschorle Einweg Vape im Tornado Puff und genie\u00dfe hochwertiges Vape-Erlebnis, eine Auswahl an Nikotin und eine Vielzahl von Geschmacksrichtungen, um deine Vape-Anpassungsreise zu beginnen.\" \/>\n<meta name=\"robots\" content=\"index, follow, max-snippet:-1, max-image-preview:large, max-video-preview:-1\" \/>\n<link rel=\"canonical\" href=\"https:\/\/www.tornadopuff.de\/fr\/product\/randm-tornado-15000-sour-apple\/\" \/>\n<meta property=\"og:locale\" content=\"fr_FR\" \/>\n<meta property=\"og:type\" content=\"article\" \/>\n<meta property=\"og:title\" content=\"Sour Apple RandM 15000 Einweg-vape Wie ein knackiger Biss in eine eiskalte \u00c4pfelschorle\" \/>\n<meta property=\"og:description\" content=\"Entdecke Sour Apple RandM 15000 Einweg-vape Wie ein knackiger Biss in eine eiskalte \u00c4pfelschorle Einweg Vape im Tornado Puff und genie\u00dfe hochwertiges Vape-Erlebnis, eine Auswahl an Nikotin und eine Vielzahl von Geschmacksrichtungen, um deine Vape-Anpassungsreise zu beginnen.\" \/>\n<meta property=\"og:url\" content=\"https:\/\/www.tornadopuff.de\/fr\/product\/randm-tornado-15000-sour-apple\/\" \/>\n<meta property=\"og:site_name\" content=\"Tornado Puff\" \/>\n<meta property=\"article:modified_time\" content=\"2025-05-25T06:31:58+00:00\" \/>\n<meta property=\"og:image\" content=\"https:\/\/www.tornadopuff.de\/wp-content\/uploads\/2025\/04\/RandM-Tornado-vape-15K-Sour-Apple.jpg\" \/>\n\t<meta property=\"og:image:width\" content=\"2000\" \/>\n\t<meta property=\"og:image:height\" content=\"2000\" \/>\n\t<meta property=\"og:image:type\" content=\"image\/jpeg\" \/>\n<meta name=\"twitter:card\" content=\"summary_large_image\" \/>\n<meta name=\"twitter:label1\" content=\"Disponibilit\u00e9\" \/>\n\t<meta name=\"twitter:data1\" content=\"En stock\" \/>\n<script type=\"application\/ld+json\" class=\"yoast-schema-graph\">{\"@context\":\"https:\/\/schema.org\",\"@graph\":[{\"@type\":\"WebPage\",\"@id\":\"https:\/\/www.tornadopuff.de\/product\/randm-tornado-15000-sour-apple\/\",\"url\":\"https:\/\/www.tornadopuff.de\/product\/randm-tornado-15000-sour-apple\/\",\"name\":\"Sour Apple RandM 15000 Einweg-vape Wie ein knackiger Biss in eine eiskalte \u00c4pfelschorle - Tornado Puff\",\"isPartOf\":{\"@id\":\"https:\/\/www.tornadopuff.de\/#website\"},\"primaryImageOfPage\":{\"@id\":\"https:\/\/www.tornadopuff.de\/product\/randm-tornado-15000-sour-apple\/#primaryimage\"},\"image\":{\"@id\":\"https:\/\/www.tornadopuff.de\/product\/randm-tornado-15000-sour-apple\/#primaryimage\"},\"thumbnailUrl\":\"https:\/\/www.tornadopuff.de\/wp-content\/uploads\/2025\/04\/RandM-Tornado-vape-15K-Sour-Apple.jpg\",\"datePublished\":\"2025-04-12T10:21:30+00:00\",\"dateModified\":\"2025-05-25T06:31:58+00:00\",\"description\":\"Entdecke Sour Apple RandM 15000 Einweg-vape Wie ein knackiger Biss in eine eiskalte \u00c4pfelschorle Einweg Vape im Tornado Puff und genie\u00dfe hochwertiges Vape-Erlebnis, eine Auswahl an Nikotin und eine Vielzahl von Geschmacksrichtungen, um deine Vape-Anpassungsreise zu beginnen.\",\"breadcrumb\":{\"@id\":\"https:\/\/www.tornadopuff.de\/product\/randm-tornado-15000-sour-apple\/#breadcrumb\"},\"inLanguage\":\"fr-FR\",\"potentialAction\":[{\"@type\":\"ReadAction\",\"target\":[\"https:\/\/www.tornadopuff.de\/product\/randm-tornado-15000-sour-apple\/\"]}]},{\"@type\":\"ImageObject\",\"inLanguage\":\"fr-FR\",\"@id\":\"https:\/\/www.tornadopuff.de\/product\/randm-tornado-15000-sour-apple\/#primaryimage\",\"url\":\"https:\/\/www.tornadopuff.de\/wp-content\/uploads\/2025\/04\/RandM-Tornado-vape-15K-Sour-Apple.jpg\",\"contentUrl\":\"https:\/\/www.tornadopuff.de\/wp-content\/uploads\/2025\/04\/RandM-Tornado-vape-15K-Sour-Apple.jpg\",\"width\":2000,\"height\":2000,\"caption\":\"Randm Tornado Vape 15k Sour Apple\"},{\"@type\":\"BreadcrumbList\",\"@id\":\"https:\/\/www.tornadopuff.de\/product\/randm-tornado-15000-sour-apple\/#breadcrumb\",\"itemListElement\":[{\"@type\":\"ListItem\",\"position\":1,\"name\":\"\u9996\u9875\",\"item\":\"https:\/\/www.tornadopuff.de\/\"},{\"@type\":\"ListItem\",\"position\":2,\"name\":\"Shop\",\"item\":\"https:\/\/www.tornadopuff.de\/shop\/\"},{\"@type\":\"ListItem\",\"position\":3,\"name\":\"Sour Apple RandM 15000 Einweg-vape Wie ein knackiger Biss in eine eiskalte \u00c4pfelschorle\"}]},{\"@type\":\"WebSite\",\"@id\":\"https:\/\/www.tornadopuff.de\/#website\",\"url\":\"https:\/\/www.tornadopuff.de\/\",\"name\":\"Tornado Puff\",\"description\":\"Tornado Puff\",\"potentialAction\":[{\"@type\":\"SearchAction\",\"target\":{\"@type\":\"EntryPoint\",\"urlTemplate\":\"https:\/\/www.tornadopuff.de\/?s={search_term_string}\"},\"query-input\":{\"@type\":\"PropertyValueSpecification\",\"valueRequired\":true,\"valueName\":\"search_term_string\"}}],\"inLanguage\":\"fr-FR\"}]}<\/script>\n<meta property=\"og:availability\" content=\"instock\" \/>\n<meta property=\"product:availability\" content=\"instock\" \/>\n<meta property=\"product:retailer_item_id\" content=\"RandM Tornado 15000 Sour Apple\" \/>\n<meta property=\"product:condition\" content=\"new\" \/>\n<!-- \/ Yoast SEO Premium plugin. -->","yoast_head_json":{"title":"Sour Apple RandM 15000 Einweg-vape Wie ein knackiger Biss in eine eiskalte \u00c4pfelschorle - Tornado Puff","description":"Entdecke Sour Apple RandM 15000 Einweg-vape Wie ein knackiger Biss in eine eiskalte \u00c4pfelschorle Einweg Vape im Tornado Puff und genie\u00dfe hochwertiges Vape-Erlebnis, eine Auswahl an Nikotin und eine Vielzahl von Geschmacksrichtungen, um deine Vape-Anpassungsreise zu beginnen.","robots":{"index":"index","follow":"follow","max-snippet":"max-snippet:-1","max-image-preview":"max-image-preview:large","max-video-preview":"max-video-preview:-1"},"canonical":"https:\/\/www.tornadopuff.de\/fr\/product\/randm-tornado-15000-sour-apple\/","og_locale":"fr_FR","og_type":"article","og_title":"Sour Apple RandM 15000 Einweg-vape Wie ein knackiger Biss in eine eiskalte \u00c4pfelschorle","og_description":"Entdecke Sour Apple RandM 15000 Einweg-vape Wie ein knackiger Biss in eine eiskalte \u00c4pfelschorle Einweg Vape im Tornado Puff und genie\u00dfe hochwertiges Vape-Erlebnis, eine Auswahl an Nikotin und eine Vielzahl von Geschmacksrichtungen, um deine Vape-Anpassungsreise zu beginnen.","og_url":"https:\/\/www.tornadopuff.de\/fr\/product\/randm-tornado-15000-sour-apple\/","og_site_name":"Tornado Puff","article_modified_time":"2025-05-25T06:31:58+00:00","og_image":[{"width":2000,"height":2000,"url":"https:\/\/www.tornadopuff.de\/wp-content\/uploads\/2025\/04\/RandM-Tornado-vape-15K-Sour-Apple.jpg","type":"image\/jpeg"}],"twitter_card":"summary_large_image","twitter_misc":{"Disponibilit\u00e9":"En stock"},"schema":{"@context":"https:\/\/schema.org","@graph":[{"@type":"WebPage","@id":"https:\/\/www.tornadopuff.de\/product\/randm-tornado-15000-sour-apple\/","url":"https:\/\/www.tornadopuff.de\/product\/randm-tornado-15000-sour-apple\/","name":"Sour Apple RandM 15000 Einweg-vape Wie ein knackiger Biss in eine eiskalte \u00c4pfelschorle - Tornado Puff","isPartOf":{"@id":"https:\/\/www.tornadopuff.de\/#website"},"primaryImageOfPage":{"@id":"https:\/\/www.tornadopuff.de\/product\/randm-tornado-15000-sour-apple\/#primaryimage"},"image":{"@id":"https:\/\/www.tornadopuff.de\/product\/randm-tornado-15000-sour-apple\/#primaryimage"},"thumbnailUrl":"https:\/\/www.tornadopuff.de\/wp-content\/uploads\/2025\/04\/RandM-Tornado-vape-15K-Sour-Apple.jpg","datePublished":"2025-04-12T10:21:30+00:00","dateModified":"2025-05-25T06:31:58+00:00","description":"Entdecke Sour Apple RandM 15000 Einweg-vape Wie ein knackiger Biss in eine eiskalte \u00c4pfelschorle Einweg Vape im Tornado Puff und genie\u00dfe hochwertiges Vape-Erlebnis, eine Auswahl an Nikotin und eine Vielzahl von Geschmacksrichtungen, um deine Vape-Anpassungsreise zu beginnen.","breadcrumb":{"@id":"https:\/\/www.tornadopuff.de\/product\/randm-tornado-15000-sour-apple\/#breadcrumb"},"inLanguage":"fr-FR","potentialAction":[{"@type":"ReadAction","target":["https:\/\/www.tornadopuff.de\/product\/randm-tornado-15000-sour-apple\/"]}]},{"@type":"ImageObject","inLanguage":"fr-FR","@id":"https:\/\/www.tornadopuff.de\/product\/randm-tornado-15000-sour-apple\/#primaryimage","url":"https:\/\/www.tornadopuff.de\/wp-content\/uploads\/2025\/04\/RandM-Tornado-vape-15K-Sour-Apple.jpg","contentUrl":"https:\/\/www.tornadopuff.de\/wp-content\/uploads\/2025\/04\/RandM-Tornado-vape-15K-Sour-Apple.jpg","width":2000,"height":2000,"caption":"Randm Tornado Vape 15k Sour Apple"},{"@type":"BreadcrumbList","@id":"https:\/\/www.tornadopuff.de\/product\/randm-tornado-15000-sour-apple\/#breadcrumb","itemListElement":[{"@type":"ListItem","position":1,"name":"\u9996\u9875","item":"https:\/\/www.tornadopuff.de\/"},{"@type":"ListItem","position":2,"name":"Shop","item":"https:\/\/www.tornadopuff.de\/shop\/"},{"@type":"ListItem","position":3,"name":"Sour Apple RandM 15000 Einweg-vape Wie ein knackiger Biss in eine eiskalte \u00c4pfelschorle"}]},{"@type":"WebSite","@id":"https:\/\/www.tornadopuff.de\/#website","url":"https:\/\/www.tornadopuff.de\/","name":"Tornado Puff","description":"Tornado Puff","potentialAction":[{"@type":"SearchAction","target":{"@type":"EntryPoint","urlTemplate":"https:\/\/www.tornadopuff.de\/?s={search_term_string}"},"query-input":{"@type":"PropertyValueSpecification","valueRequired":true,"valueName":"search_term_string"}}],"inLanguage":"fr-FR"}]},"og_availability":"instock","product_availability":"instock","product_retailer_item_id":"RandM Tornado 15000 Sour Apple","product_condition":"new"},"_links":{"self":[{"href":"https:\/\/www.tornadopuff.de\/fr\/wp-json\/wp\/v2\/product\/418","targetHints":{"allow":["GET"]}}],"collection":[{"href":"https:\/\/www.tornadopuff.de\/fr\/wp-json\/wp\/v2\/product"}],"about":[{"href":"https:\/\/www.tornadopuff.de\/fr\/wp-json\/wp\/v2\/types\/product"}],"replies":[{"embeddable":true,"href":"https:\/\/www.tornadopuff.de\/fr\/wp-json\/wp\/v2\/comments?post=418"}],"wp:featuredmedia":[{"embeddable":true,"href":"https:\/\/www.tornadopuff.de\/fr\/wp-json\/wp\/v2\/media\/423"}],"wp:attachment":[{"href":"https:\/\/www.tornadopuff.de\/fr\/wp-json\/wp\/v2\/media?parent=418"}],"wp:term":[{"taxonomy":"product_brand","embeddable":true,"href":"https:\/\/www.tornadopuff.de\/fr\/wp-json\/wp\/v2\/product_brand?post=418"},{"taxonomy":"product_cat","embeddable":true,"href":"https:\/\/www.tornadopuff.de\/fr\/wp-json\/wp\/v2\/product_cat?post=418"},{"taxonomy":"product_tag","embeddable":true,"href":"https:\/\/www.tornadopuff.de\/fr\/wp-json\/wp\/v2\/product_tag?post=418"}],"curies":[{"name":"wp","href":"https:\/\/api.w.org\/{rel}","templated":true}]}}