{"id":411,"date":"2025-04-12T12:18:54","date_gmt":"2025-04-12T10:18:54","guid":{"rendered":"https:\/\/www.tornadopuff.de\/?post_type=product&#038;p=411"},"modified":"2025-05-25T08:22:23","modified_gmt":"2025-05-25T06:22:23","slug":"randm-tornado-15000-peach-ice","status":"publish","type":"product","link":"https:\/\/www.tornadopuff.de\/fr\/product\/randm-tornado-15000-peach-ice\/","title":{"rendered":"Peach Ice R and M Tornado 15000 jetable Vape \u00c0 chaque bouff\u00e9e, la glace rafra\u00eechissante \u00e0 la p\u00eache craque sur ta langue"},"content":{"rendered":"<h2 class=\"ace-line heading-h3\" dir=\"auto\" data-node=\"true\"><span data-leaf=\"true\"><span class=\"lb\">Glace \u00e0 la p\u00eache <a href=\"https:\/\/www.tornadopuff.de\/fr\/product-category\/randm-tornado-15000\/\">R and M Tornado 15000<\/a> Vape jetable<\/span><\/span><\/h2>\n<div class=\"ace-line heading-h3\" dir=\"auto\" data-node=\"true\">\n<div class=\"ace-line\" dir=\"auto\" data-node=\"true\">\n<h3 class=\"ace-line heading-h2\" dir=\"auto\" data-node=\"true\"><span data-leaf=\"true\"><span class=\"lb\">\ud83c\udf1e <\/span><\/span><span data-leaf=\"true\"><span class=\"lb\">L'\u00e9t\u00e9 en un clin d'\u0153il : l'association incomparable de la p\u00eache et de la menthe<\/span><\/span><span data-string=\"true\" data-enter=\"true\" data-leaf=\"true\">\u200b<\/span><\/h3>\n<div class=\"ace-line\" dir=\"auto\" data-node=\"true\"><span data-leaf=\"true\"><span class=\"lb\">Que se passe-t-il quand on associe la douceur d'une p\u00eache grill\u00e9e au soleil \u00e0 la fra\u00eecheur glac\u00e9e de la menthe ? La r\u00e9ponse : Peach ice - une exp\u00e9rience gustative qui te transporte en \u00e9t\u00e9, quel que soit le temps qu'il fait dehors. Avec 15 000 d\u00e9licieuses bouff\u00e9es, la vape RandM Tornado 15000 jetable t'offre un plaisir durable, sans que tu aies \u00e0 te soucier de la nettoyer ou de la remplir.<\/span><\/span><span data-string=\"true\" data-enter=\"true\" data-leaf=\"true\">\u200b<\/span><\/div>\n<h4 class=\"ace-line heading-h2\" dir=\"auto\" data-node=\"true\"><span data-leaf=\"true\"><span class=\"lb\">\ud83c\udf51 <\/span><\/span><span data-leaf=\"true\"><span class=\"lb\">L'entr\u00e9e en mati\u00e8re : la douceur d\u00e9licate de la p\u00eache<\/span><\/span><span data-string=\"true\" data-enter=\"true\" data-leaf=\"true\">\u200b<\/span><\/h4>\n<div class=\"ace-line\" dir=\"auto\" data-node=\"true\"><span data-leaf=\"true\"><span class=\"lb\">La premi\u00e8re bouff\u00e9e est comme une morsure dans une \ud83c\udf51p\u00eache lyophilis\u00e9e bien m\u00fbre. La chair est si tendre qu'elle se d\u00e9sagr\u00e8ge presque dans la bouche, et juteuse comme du miel fondu. Tu sens les ar\u00f4mes subtils de douceur et une l\u00e9g\u00e8re acidit\u00e9, qui sont encore renforc\u00e9s par les minuscules fibres du fruit. La peau des p\u00eaches apporte une touche de croquant qui compl\u00e8te parfaitement la texture. C'est comme si le liquide juteux des p\u00eaches explosait dans ta bouche et impr\u00e9gnait ton haleine d'un doux ar\u00f4me de p\u00eache.<\/span><\/span><span data-string=\"true\" data-enter=\"true\" data-leaf=\"true\">\u200b<\/span><\/div>\n<h4 class=\"ace-line heading-h2\" dir=\"auto\" data-node=\"true\"><span data-leaf=\"true\"><span class=\"lb\">\u2744\ufe0f <\/span><\/span><span data-leaf=\"true\"><span class=\"lb\">La partie centrale : la fra\u00eecheur rafra\u00eechissante de la menthe<\/span><\/span><span data-string=\"true\" data-enter=\"true\" data-leaf=\"true\">\u200b<\/span><\/h4>\n<div class=\"ace-line\" dir=\"auto\" data-node=\"true\"><span data-leaf=\"true\"><span class=\"lb\">C'est pr\u00e9cis\u00e9ment lorsque tu t'es \u00e9veill\u00e9 au monde sucr\u00e9 des p\u00eaches que la menthe entre en jeu. Contrairement aux notes de menthe traditionnelles, qui ont souvent une odeur trop agressive ou artificielle, la menthe de Peach ice ressemble \u00e0 des feuilles de menthe fra\u00eeches encore recouvertes de ros\u00e9e du matin. Elle envahit non seulement ta langue, mais aussi ton palais et ta gorge, comme si tu \u00e9tais au milieu d'une for\u00eat glac\u00e9e. La fra\u00eecheur est douce mais persistante et chasse imm\u00e9diatement la chaleur. Compar\u00e9e \u00e0 d'autres saveurs de menthe qui sont parfois trop dominantes, la menthe de Peach ice apporte un \u00e9quilibre parfait et \u00e9vite que le go\u00fbt ne soit trop unilat\u00e9ral.<\/span><\/span><span data-string=\"true\" data-enter=\"true\" data-leaf=\"true\">\u200b<\/span><\/div>\n<h4 class=\"ace-line heading-h2\" dir=\"auto\" data-node=\"true\"><span data-leaf=\"true\"><span class=\"lb\">\ud83c\udf66 <\/span><\/span><span data-leaf=\"true\"><span class=\"lb\">La conclusion : la note onctueuse de la post-boucle<\/span><\/span><span data-string=\"true\" data-enter=\"true\" data-leaf=\"true\">\u200b<\/span><\/h4>\n<div class=\"ace-line\" dir=\"auto\" data-node=\"true\"><span data-leaf=\"true\"><span class=\"lb\">Comme la prouesse finale, une subtile note lact\u00e9e appara\u00eet en arri\u00e8re-go\u00fbt, semblable \u00e0 une fine couche de cr\u00e8me sur une \ud83c\udf51p\u00eache glac\u00e9e. Cette note conf\u00e8re \u00e0 la saveur une profondeur douce et cr\u00e9meuse qui rappelle la sensation de d\u00e9guster une confiture de p\u00eache onctueuse. L'association de la fra\u00eecheur de la menthe, de la douceur fruit\u00e9e de la p\u00eache et de la note cr\u00e9meuse cr\u00e9e une vari\u00e9t\u00e9 impressionnante de saveurs qui se d\u00e9veloppent lentement et qui continuent de flotter sur ta langue plusieurs minutes apr\u00e8s l'infusion.<\/span><\/span><span data-string=\"true\" data-enter=\"true\" data-leaf=\"true\">\u200b<\/span><\/div>\n<\/div>\n<\/div>","protected":false},"excerpt":{"rendered":"<p>Peach Ice R and M Tornado 15000 jetable Vape \ud83c\udf1e L'\u00e9t\u00e9 en une seule bouff\u00e9e : la combinaison incomparable de la p\u00eache et de la menthe Que se passe-t-il quand on associe la douceur d'une p\u00eache br\u00fbl\u00e9e par le soleil \u00e0 la fra\u00eecheur glac\u00e9e de la menthe ? La r\u00e9ponse : Peach ice - une exp\u00e9rience gustative qui te transporte en \u00e9t\u00e9, quel que soit le temps qu'il fait dehors [...].","protected":false},"featured_media":416,"comment_status":"open","ping_status":"closed","template":"","meta":[],"product_brand":[],"product_cat":[76],"product_tag":[],"class_list":{"0":"post-411","1":"product","2":"type-product","3":"status-publish","4":"has-post-thumbnail","6":"product_cat-randm-tornado-15000","8":"first","9":"instock","10":"shipping-taxable","11":"purchasable","12":"product-type-variable"},"yoast_head":"<!-- This site is optimized with the Yoast SEO Premium plugin v24.4 (Yoast SEO v24.8.1) - https:\/\/yoast.com\/wordpress\/plugins\/seo\/ -->\n<title>Peach Ice R and M Tornado 15000 Einweg Vape Bei jedem Zug knackt das erfrischende Pfirsich-Eis auf deiner Zunge - Tornado Puff<\/title>\n<meta name=\"description\" content=\"Entdecke Peach Ice R and M Tornado 15000 Einweg Vape Bei jedem Zug knackt das erfrischende Pfirsich-Eis auf deiner Zunge Einweg Vape im Tornado Puff und genie\u00dfe hochwertiges Vape-Erlebnis, eine Auswahl an Nikotin und eine Vielzahl von Geschmacksrichtungen, um deine Vape-Anpassungsreise zu beginnen.\" \/>\n<meta name=\"robots\" content=\"index, follow, max-snippet:-1, max-image-preview:large, max-video-preview:-1\" \/>\n<link rel=\"canonical\" href=\"https:\/\/www.tornadopuff.de\/fr\/product\/randm-tornado-15000-peach-ice\/\" \/>\n<meta property=\"og:locale\" content=\"fr_FR\" \/>\n<meta property=\"og:type\" content=\"article\" \/>\n<meta property=\"og:title\" content=\"Peach Ice R and M Tornado 15000 Einweg Vape Bei jedem Zug knackt das erfrischende Pfirsich-Eis auf deiner Zunge\" \/>\n<meta property=\"og:description\" content=\"Entdecke Peach Ice R and M Tornado 15000 Einweg Vape Bei jedem Zug knackt das erfrischende Pfirsich-Eis auf deiner Zunge Einweg Vape im Tornado Puff und genie\u00dfe hochwertiges Vape-Erlebnis, eine Auswahl an Nikotin und eine Vielzahl von Geschmacksrichtungen, um deine Vape-Anpassungsreise zu beginnen.\" \/>\n<meta property=\"og:url\" content=\"https:\/\/www.tornadopuff.de\/fr\/product\/randm-tornado-15000-peach-ice\/\" \/>\n<meta property=\"og:site_name\" content=\"Tornado Puff\" \/>\n<meta property=\"article:modified_time\" content=\"2025-05-25T06:22:23+00:00\" \/>\n<meta property=\"og:image\" content=\"https:\/\/www.tornadopuff.de\/wp-content\/uploads\/2025\/04\/RandM-Tornado-vape-15K-Peach-Ice.jpg\" \/>\n\t<meta property=\"og:image:width\" content=\"2000\" \/>\n\t<meta property=\"og:image:height\" content=\"2000\" \/>\n\t<meta property=\"og:image:type\" content=\"image\/jpeg\" \/>\n<meta name=\"twitter:card\" content=\"summary_large_image\" \/>\n<meta name=\"twitter:label1\" content=\"Disponibilit\u00e9\" \/>\n\t<meta name=\"twitter:data1\" content=\"En stock\" \/>\n<script type=\"application\/ld+json\" class=\"yoast-schema-graph\">{\"@context\":\"https:\/\/schema.org\",\"@graph\":[{\"@type\":\"WebPage\",\"@id\":\"https:\/\/www.tornadopuff.de\/product\/randm-tornado-15000-peach-ice\/\",\"url\":\"https:\/\/www.tornadopuff.de\/product\/randm-tornado-15000-peach-ice\/\",\"name\":\"Peach Ice R and M Tornado 15000 Einweg Vape Bei jedem Zug knackt das erfrischende Pfirsich-Eis auf deiner Zunge - Tornado Puff\",\"isPartOf\":{\"@id\":\"https:\/\/www.tornadopuff.de\/#website\"},\"primaryImageOfPage\":{\"@id\":\"https:\/\/www.tornadopuff.de\/product\/randm-tornado-15000-peach-ice\/#primaryimage\"},\"image\":{\"@id\":\"https:\/\/www.tornadopuff.de\/product\/randm-tornado-15000-peach-ice\/#primaryimage\"},\"thumbnailUrl\":\"https:\/\/www.tornadopuff.de\/wp-content\/uploads\/2025\/04\/RandM-Tornado-vape-15K-Peach-Ice.jpg\",\"datePublished\":\"2025-04-12T10:18:54+00:00\",\"dateModified\":\"2025-05-25T06:22:23+00:00\",\"description\":\"Entdecke Peach Ice R and M Tornado 15000 Einweg Vape Bei jedem Zug knackt das erfrischende Pfirsich-Eis auf deiner Zunge Einweg Vape im Tornado Puff und genie\u00dfe hochwertiges Vape-Erlebnis, eine Auswahl an Nikotin und eine Vielzahl von Geschmacksrichtungen, um deine Vape-Anpassungsreise zu beginnen.\",\"breadcrumb\":{\"@id\":\"https:\/\/www.tornadopuff.de\/product\/randm-tornado-15000-peach-ice\/#breadcrumb\"},\"inLanguage\":\"fr-FR\",\"potentialAction\":[{\"@type\":\"ReadAction\",\"target\":[\"https:\/\/www.tornadopuff.de\/product\/randm-tornado-15000-peach-ice\/\"]}]},{\"@type\":\"ImageObject\",\"inLanguage\":\"fr-FR\",\"@id\":\"https:\/\/www.tornadopuff.de\/product\/randm-tornado-15000-peach-ice\/#primaryimage\",\"url\":\"https:\/\/www.tornadopuff.de\/wp-content\/uploads\/2025\/04\/RandM-Tornado-vape-15K-Peach-Ice.jpg\",\"contentUrl\":\"https:\/\/www.tornadopuff.de\/wp-content\/uploads\/2025\/04\/RandM-Tornado-vape-15K-Peach-Ice.jpg\",\"width\":2000,\"height\":2000,\"caption\":\"Randm Tornado Vape 15k Peach Ice\"},{\"@type\":\"BreadcrumbList\",\"@id\":\"https:\/\/www.tornadopuff.de\/product\/randm-tornado-15000-peach-ice\/#breadcrumb\",\"itemListElement\":[{\"@type\":\"ListItem\",\"position\":1,\"name\":\"\u9996\u9875\",\"item\":\"https:\/\/www.tornadopuff.de\/\"},{\"@type\":\"ListItem\",\"position\":2,\"name\":\"Shop\",\"item\":\"https:\/\/www.tornadopuff.de\/shop\/\"},{\"@type\":\"ListItem\",\"position\":3,\"name\":\"Peach Ice R and M Tornado 15000 Einweg Vape Bei jedem Zug knackt das erfrischende Pfirsich-Eis auf deiner Zunge\"}]},{\"@type\":\"WebSite\",\"@id\":\"https:\/\/www.tornadopuff.de\/#website\",\"url\":\"https:\/\/www.tornadopuff.de\/\",\"name\":\"Tornado Puff\",\"description\":\"Tornado Puff\",\"potentialAction\":[{\"@type\":\"SearchAction\",\"target\":{\"@type\":\"EntryPoint\",\"urlTemplate\":\"https:\/\/www.tornadopuff.de\/?s={search_term_string}\"},\"query-input\":{\"@type\":\"PropertyValueSpecification\",\"valueRequired\":true,\"valueName\":\"search_term_string\"}}],\"inLanguage\":\"fr-FR\"}]}<\/script>\n<meta property=\"og:availability\" content=\"instock\" \/>\n<meta property=\"product:availability\" content=\"instock\" \/>\n<meta property=\"product:retailer_item_id\" content=\"RandM Tornado 15000 Peach Ice\" \/>\n<meta property=\"product:condition\" content=\"new\" \/>\n<!-- \/ Yoast SEO Premium plugin. -->","yoast_head_json":{"title":"Peach Ice R and M Tornado 15000 Einweg Vape Bei jedem Zug knackt das erfrischende Pfirsich-Eis auf deiner Zunge - Tornado Puff","description":"Entdecke Peach Ice R and M Tornado 15000 Einweg Vape Bei jedem Zug knackt das erfrischende Pfirsich-Eis auf deiner Zunge Einweg Vape im Tornado Puff und genie\u00dfe hochwertiges Vape-Erlebnis, eine Auswahl an Nikotin und eine Vielzahl von Geschmacksrichtungen, um deine Vape-Anpassungsreise zu beginnen.","robots":{"index":"index","follow":"follow","max-snippet":"max-snippet:-1","max-image-preview":"max-image-preview:large","max-video-preview":"max-video-preview:-1"},"canonical":"https:\/\/www.tornadopuff.de\/fr\/product\/randm-tornado-15000-peach-ice\/","og_locale":"fr_FR","og_type":"article","og_title":"Peach Ice R and M Tornado 15000 Einweg Vape Bei jedem Zug knackt das erfrischende Pfirsich-Eis auf deiner Zunge","og_description":"Entdecke Peach Ice R and M Tornado 15000 Einweg Vape Bei jedem Zug knackt das erfrischende Pfirsich-Eis auf deiner Zunge Einweg Vape im Tornado Puff und genie\u00dfe hochwertiges Vape-Erlebnis, eine Auswahl an Nikotin und eine Vielzahl von Geschmacksrichtungen, um deine Vape-Anpassungsreise zu beginnen.","og_url":"https:\/\/www.tornadopuff.de\/fr\/product\/randm-tornado-15000-peach-ice\/","og_site_name":"Tornado Puff","article_modified_time":"2025-05-25T06:22:23+00:00","og_image":[{"width":2000,"height":2000,"url":"https:\/\/www.tornadopuff.de\/wp-content\/uploads\/2025\/04\/RandM-Tornado-vape-15K-Peach-Ice.jpg","type":"image\/jpeg"}],"twitter_card":"summary_large_image","twitter_misc":{"Disponibilit\u00e9":"En stock"},"schema":{"@context":"https:\/\/schema.org","@graph":[{"@type":"WebPage","@id":"https:\/\/www.tornadopuff.de\/product\/randm-tornado-15000-peach-ice\/","url":"https:\/\/www.tornadopuff.de\/product\/randm-tornado-15000-peach-ice\/","name":"Peach Ice R and M Tornado 15000 Einweg Vape Bei jedem Zug knackt das erfrischende Pfirsich-Eis auf deiner Zunge - Tornado Puff","isPartOf":{"@id":"https:\/\/www.tornadopuff.de\/#website"},"primaryImageOfPage":{"@id":"https:\/\/www.tornadopuff.de\/product\/randm-tornado-15000-peach-ice\/#primaryimage"},"image":{"@id":"https:\/\/www.tornadopuff.de\/product\/randm-tornado-15000-peach-ice\/#primaryimage"},"thumbnailUrl":"https:\/\/www.tornadopuff.de\/wp-content\/uploads\/2025\/04\/RandM-Tornado-vape-15K-Peach-Ice.jpg","datePublished":"2025-04-12T10:18:54+00:00","dateModified":"2025-05-25T06:22:23+00:00","description":"Entdecke Peach Ice R and M Tornado 15000 Einweg Vape Bei jedem Zug knackt das erfrischende Pfirsich-Eis auf deiner Zunge Einweg Vape im Tornado Puff und genie\u00dfe hochwertiges Vape-Erlebnis, eine Auswahl an Nikotin und eine Vielzahl von Geschmacksrichtungen, um deine Vape-Anpassungsreise zu beginnen.","breadcrumb":{"@id":"https:\/\/www.tornadopuff.de\/product\/randm-tornado-15000-peach-ice\/#breadcrumb"},"inLanguage":"fr-FR","potentialAction":[{"@type":"ReadAction","target":["https:\/\/www.tornadopuff.de\/product\/randm-tornado-15000-peach-ice\/"]}]},{"@type":"ImageObject","inLanguage":"fr-FR","@id":"https:\/\/www.tornadopuff.de\/product\/randm-tornado-15000-peach-ice\/#primaryimage","url":"https:\/\/www.tornadopuff.de\/wp-content\/uploads\/2025\/04\/RandM-Tornado-vape-15K-Peach-Ice.jpg","contentUrl":"https:\/\/www.tornadopuff.de\/wp-content\/uploads\/2025\/04\/RandM-Tornado-vape-15K-Peach-Ice.jpg","width":2000,"height":2000,"caption":"Randm Tornado Vape 15k Peach Ice"},{"@type":"BreadcrumbList","@id":"https:\/\/www.tornadopuff.de\/product\/randm-tornado-15000-peach-ice\/#breadcrumb","itemListElement":[{"@type":"ListItem","position":1,"name":"\u9996\u9875","item":"https:\/\/www.tornadopuff.de\/"},{"@type":"ListItem","position":2,"name":"Shop","item":"https:\/\/www.tornadopuff.de\/shop\/"},{"@type":"ListItem","position":3,"name":"Peach Ice R and M Tornado 15000 Einweg Vape Bei jedem Zug knackt das erfrischende Pfirsich-Eis auf deiner Zunge"}]},{"@type":"WebSite","@id":"https:\/\/www.tornadopuff.de\/#website","url":"https:\/\/www.tornadopuff.de\/","name":"Tornado Puff","description":"Tornado Puff","potentialAction":[{"@type":"SearchAction","target":{"@type":"EntryPoint","urlTemplate":"https:\/\/www.tornadopuff.de\/?s={search_term_string}"},"query-input":{"@type":"PropertyValueSpecification","valueRequired":true,"valueName":"search_term_string"}}],"inLanguage":"fr-FR"}]},"og_availability":"instock","product_availability":"instock","product_retailer_item_id":"RandM Tornado 15000 Peach Ice","product_condition":"new"},"_links":{"self":[{"href":"https:\/\/www.tornadopuff.de\/fr\/wp-json\/wp\/v2\/product\/411","targetHints":{"allow":["GET"]}}],"collection":[{"href":"https:\/\/www.tornadopuff.de\/fr\/wp-json\/wp\/v2\/product"}],"about":[{"href":"https:\/\/www.tornadopuff.de\/fr\/wp-json\/wp\/v2\/types\/product"}],"replies":[{"embeddable":true,"href":"https:\/\/www.tornadopuff.de\/fr\/wp-json\/wp\/v2\/comments?post=411"}],"wp:featuredmedia":[{"embeddable":true,"href":"https:\/\/www.tornadopuff.de\/fr\/wp-json\/wp\/v2\/media\/416"}],"wp:attachment":[{"href":"https:\/\/www.tornadopuff.de\/fr\/wp-json\/wp\/v2\/media?parent=411"}],"wp:term":[{"taxonomy":"product_brand","embeddable":true,"href":"https:\/\/www.tornadopuff.de\/fr\/wp-json\/wp\/v2\/product_brand?post=411"},{"taxonomy":"product_cat","embeddable":true,"href":"https:\/\/www.tornadopuff.de\/fr\/wp-json\/wp\/v2\/product_cat?post=411"},{"taxonomy":"product_tag","embeddable":true,"href":"https:\/\/www.tornadopuff.de\/fr\/wp-json\/wp\/v2\/product_tag?post=411"}],"curies":[{"name":"wp","href":"https:\/\/api.w.org\/{rel}","templated":true}]}}