{"id":791,"date":"2025-04-13T11:00:44","date_gmt":"2025-04-13T09:00:44","guid":{"rendered":"https:\/\/www.tornadopuff.de\/?post_type=product&#038;p=791"},"modified":"2025-06-22T16:01:13","modified_gmt":"2025-06-22T14:01:13","slug":"fumot-12000-strawberry-donut","status":"publish","type":"product","link":"https:\/\/www.tornadopuff.de\/en\/product\/fumot-12000-strawberry-donut\/","title":{"rendered":"Strawberry Donut Fumot Vape 12000"},"content":{"rendered":"<h2 class=\"ace-line heading-h1\" dir=\"auto\" data-node=\"true\"><span data-leaf=\"true\"><span class=\"lb\">Strawberry donut <a href=\"https:\/\/www.tornadopuff.de\/en\/product-category\/fumot-digital-box-12000\/\">Fumot Vape 12000<\/a>: A heavenly treat for the sweet tooth<\/span><\/span><span data-string=\"true\" data-enter=\"true\" data-leaf=\"true\">\u200b<\/span><\/h2>\n<div class=\"ace-line\" dir=\"auto\" data-node=\"true\"><span data-leaf=\"true\"><span class=\"lb\">If you're looking for a dessert that combines the fruity sweetness of strawberries with the mouth-watering deliciousness of a donut, then the Strawberry Donut is your perfect treat. This delicious snack combines the tenderness of a fluffy donut with the intense flavour of fresh strawberries to create an unforgettable palate experience.<\/span><\/span><span data-string=\"true\" data-enter=\"true\" data-leaf=\"true\">\u200b<\/span><\/div>\n<h3 class=\"ace-line heading-h2\" dir=\"auto\" data-node=\"true\"><span data-leaf=\"true\"><span class=\"lb\">The texture: airy and fluffy<\/span><\/span><span data-string=\"true\" data-enter=\"true\" data-leaf=\"true\">\u200b<\/span><\/h3>\n<div class=\"ace-line\" dir=\"auto\" data-node=\"true\"><span data-leaf=\"true\"><span class=\"lb\">The Strawberry Donut impresses with its perfect texture. It is slightly crispy on the outside and forms a delicate crust that yields when you take a bite. Inside, however, it is incredibly airy and fluffy, almost like a pillow of dough. The texture is reminiscent of the feeling of falling asleep in a soft, warm bed - a real treat for all the senses.<\/span><\/span><span data-string=\"true\" data-enter=\"true\" data-leaf=\"true\">\u200b<\/span><\/div>\n<h4 class=\"ace-line heading-h2\" dir=\"auto\" data-node=\"true\"><span data-leaf=\"true\"><span class=\"lb\">The flavour: a parade of strawberries<\/span><\/span><span data-string=\"true\" data-enter=\"true\" data-leaf=\"true\">\u200b<\/span><\/h4>\n<div class=\"ace-line\" dir=\"auto\" data-node=\"true\"><span data-leaf=\"true\"><span class=\"lb\">As soon as you bite into the Strawberry Donut, your palate is flooded with the intense flavour of fresh strawberries. The juicy sweetness of the strawberries blends with the sweetness of the donut to create a harmonious palate experience. The fine strawberry particles in the ganache or glaze give the donut an authentic fruity flavour, while the subtle acidity of the strawberries perfectly balances the taste and prevents it from becoming too sweet.<\/span><\/span><span data-string=\"true\" data-enter=\"true\" data-leaf=\"true\">\u200b<\/span><\/div>\n<h4 class=\"ace-line heading-h2\" dir=\"auto\" data-node=\"true\"><span data-leaf=\"true\"><span class=\"lb\">A treat for every occasion<\/span><\/span><span data-string=\"true\" data-enter=\"true\" data-leaf=\"true\">\u200b<\/span><\/h4>\n<div class=\"ace-line\" dir=\"auto\" data-node=\"true\"><span data-leaf=\"true\"><span class=\"lb\">The Strawberry Donut is the ideal dessert for all occasions. As a breakfast addition, it provides a good start to the day, while in the afternoon it satisfies hunger as a snack. It is an absolute eye-catcher at a party or a coffee date with friends. Even on a rainy day, it can cheer you up with its warm, fruity flavour and put you in a positive mood.<\/span><\/span><\/div>\n<div dir=\"auto\" data-node=\"true\">\n<div class=\"ace-line heading-h2\" dir=\"auto\" data-node=\"true\"><\/div>\n<div class=\"ace-line\" dir=\"auto\" data-node=\"true\"><span data-leaf=\"true\"><span class=\"lb\">Why are you still waiting? Discover the heavenly combination of strawberry sweetness and donut deliciousness. Try our Strawberry Donut and let yourself be tempted by its delicious flavour and perfect texture. I'm sure it will soon become one of your favourite desserts!<\/span><\/span><\/div>\n<\/div>","protected":false},"excerpt":{"rendered":"<p>Strawberry\u00a0Donut Fumot Vape 12000: Ein himmlischer Genuss f\u00fcr die S\u00fc\u00dfspecht\u200b Wenn du auf der Suche nach einem Dessert bist, das die fruchtige S\u00fc\u00dfe von Erdbeeren mit der leckeren K\u00f6stlichkeit eines Donuts verbindet, dann ist der Strawberry Donut dein perfekter Genuss. Dieser k\u00f6stliche Snack vereint die Zartheit eines luftigen Donuts mit der intensiven Aromatik frischer Erdbeeren, [&#8230;]","protected":false},"featured_media":796,"comment_status":"open","ping_status":"closed","template":"","meta":[],"product_brand":[],"product_cat":[77],"product_tag":[84],"class_list":{"0":"post-791","1":"product","2":"type-product","3":"status-publish","4":"has-post-thumbnail","6":"product_cat-fumot-digital-box-12000","7":"product_tag-puff-12k","9":"first","10":"instock","11":"shipping-taxable","12":"purchasable","13":"product-type-variable"},"yoast_head":"<!-- This site is optimized with the Yoast SEO Premium plugin v24.4 (Yoast SEO v24.8.1) - https:\/\/yoast.com\/wordpress\/plugins\/seo\/ -->\n<title>Strawberry\u00a0Donut Fumot Vape 12000 - Tornado Puff<\/title>\n<meta name=\"description\" content=\"Entdecke Strawberry\u00a0Donut Fumot Vape 12000 Einweg Vape im Tornado Puff und genie\u00dfe hochwertiges Vape-Erlebnis, eine Auswahl an Nikotin und eine Vielzahl von Geschmacksrichtungen, um deine Vape-Anpassungsreise zu beginnen.\" \/>\n<meta name=\"robots\" content=\"index, follow, max-snippet:-1, max-image-preview:large, max-video-preview:-1\" \/>\n<link rel=\"canonical\" href=\"https:\/\/www.tornadopuff.de\/en\/product\/fumot-12000-strawberry-donut\/\" \/>\n<meta property=\"og:locale\" content=\"en_GB\" \/>\n<meta property=\"og:type\" content=\"article\" \/>\n<meta property=\"og:title\" content=\"Strawberry\u00a0Donut Fumot Vape 12000\" \/>\n<meta property=\"og:description\" content=\"Entdecke Strawberry\u00a0Donut Fumot Vape 12000 Einweg Vape im Tornado Puff und genie\u00dfe hochwertiges Vape-Erlebnis, eine Auswahl an Nikotin und eine Vielzahl von Geschmacksrichtungen, um deine Vape-Anpassungsreise zu beginnen.\" \/>\n<meta property=\"og:url\" content=\"https:\/\/www.tornadopuff.de\/en\/product\/fumot-12000-strawberry-donut\/\" \/>\n<meta property=\"og:site_name\" content=\"Tornado Puff\" \/>\n<meta property=\"article:modified_time\" content=\"2025-06-22T14:01:13+00:00\" \/>\n<meta property=\"og:image\" content=\"https:\/\/www.tornadopuff.de\/wp-content\/uploads\/2025\/04\/Fumot-Digital-Box-12000-Strawberry-Donut.jpg\" \/>\n\t<meta property=\"og:image:width\" content=\"2000\" \/>\n\t<meta property=\"og:image:height\" content=\"2000\" \/>\n\t<meta property=\"og:image:type\" content=\"image\/jpeg\" \/>\n<meta name=\"twitter:card\" content=\"summary_large_image\" \/>\n<meta name=\"twitter:label1\" content=\"Availability\" \/>\n\t<meta name=\"twitter:data1\" content=\"In stock\" \/>\n<script type=\"application\/ld+json\" class=\"yoast-schema-graph\">{\"@context\":\"https:\/\/schema.org\",\"@graph\":[{\"@type\":\"WebPage\",\"@id\":\"https:\/\/www.tornadopuff.de\/product\/fumot-12000-strawberry-donut\/\",\"url\":\"https:\/\/www.tornadopuff.de\/product\/fumot-12000-strawberry-donut\/\",\"name\":\"Strawberry\u00a0Donut Fumot Vape 12000 - Tornado Puff\",\"isPartOf\":{\"@id\":\"https:\/\/www.tornadopuff.de\/#website\"},\"primaryImageOfPage\":{\"@id\":\"https:\/\/www.tornadopuff.de\/product\/fumot-12000-strawberry-donut\/#primaryimage\"},\"image\":{\"@id\":\"https:\/\/www.tornadopuff.de\/product\/fumot-12000-strawberry-donut\/#primaryimage\"},\"thumbnailUrl\":\"https:\/\/www.tornadopuff.de\/wp-content\/uploads\/2025\/04\/Fumot-Digital-Box-12000-Strawberry-Donut.jpg\",\"datePublished\":\"2025-04-13T09:00:44+00:00\",\"dateModified\":\"2025-06-22T14:01:13+00:00\",\"description\":\"Entdecke Strawberry\u00a0Donut Fumot Vape 12000 Einweg Vape im Tornado Puff und genie\u00dfe hochwertiges Vape-Erlebnis, eine Auswahl an Nikotin und eine Vielzahl von Geschmacksrichtungen, um deine Vape-Anpassungsreise zu beginnen.\",\"breadcrumb\":{\"@id\":\"https:\/\/www.tornadopuff.de\/product\/fumot-12000-strawberry-donut\/#breadcrumb\"},\"inLanguage\":\"en-GB\",\"potentialAction\":[{\"@type\":\"ReadAction\",\"target\":[\"https:\/\/www.tornadopuff.de\/product\/fumot-12000-strawberry-donut\/\"]}]},{\"@type\":\"ImageObject\",\"inLanguage\":\"en-GB\",\"@id\":\"https:\/\/www.tornadopuff.de\/product\/fumot-12000-strawberry-donut\/#primaryimage\",\"url\":\"https:\/\/www.tornadopuff.de\/wp-content\/uploads\/2025\/04\/Fumot-Digital-Box-12000-Strawberry-Donut.jpg\",\"contentUrl\":\"https:\/\/www.tornadopuff.de\/wp-content\/uploads\/2025\/04\/Fumot-Digital-Box-12000-Strawberry-Donut.jpg\",\"width\":2000,\"height\":2000,\"caption\":\"Fumot Digital Box 12000 Strawberry\u00a0donut\"},{\"@type\":\"BreadcrumbList\",\"@id\":\"https:\/\/www.tornadopuff.de\/product\/fumot-12000-strawberry-donut\/#breadcrumb\",\"itemListElement\":[{\"@type\":\"ListItem\",\"position\":1,\"name\":\"\u9996\u9875\",\"item\":\"https:\/\/www.tornadopuff.de\/\"},{\"@type\":\"ListItem\",\"position\":2,\"name\":\"Shop\",\"item\":\"https:\/\/www.tornadopuff.de\/shop\/\"},{\"@type\":\"ListItem\",\"position\":3,\"name\":\"Strawberry\u00a0Donut Fumot Vape 12000\"}]},{\"@type\":\"WebSite\",\"@id\":\"https:\/\/www.tornadopuff.de\/#website\",\"url\":\"https:\/\/www.tornadopuff.de\/\",\"name\":\"Tornado Puff\",\"description\":\"Tornado Puff\",\"potentialAction\":[{\"@type\":\"SearchAction\",\"target\":{\"@type\":\"EntryPoint\",\"urlTemplate\":\"https:\/\/www.tornadopuff.de\/?s={search_term_string}\"},\"query-input\":{\"@type\":\"PropertyValueSpecification\",\"valueRequired\":true,\"valueName\":\"search_term_string\"}}],\"inLanguage\":\"en-GB\"}]}<\/script>\n<meta property=\"og:availability\" content=\"instock\" \/>\n<meta property=\"product:availability\" content=\"instock\" \/>\n<meta property=\"product:retailer_item_id\" content=\"Fumot 12000 Strawberry\u00a0Donut\" \/>\n<meta property=\"product:condition\" content=\"new\" \/>\n<!-- \/ Yoast SEO Premium plugin. -->","yoast_head_json":{"title":"Strawberry\u00a0Donut Fumot Vape 12000 - Tornado Puff","description":"Entdecke Strawberry\u00a0Donut Fumot Vape 12000 Einweg Vape im Tornado Puff und genie\u00dfe hochwertiges Vape-Erlebnis, eine Auswahl an Nikotin und eine Vielzahl von Geschmacksrichtungen, um deine Vape-Anpassungsreise zu beginnen.","robots":{"index":"index","follow":"follow","max-snippet":"max-snippet:-1","max-image-preview":"max-image-preview:large","max-video-preview":"max-video-preview:-1"},"canonical":"https:\/\/www.tornadopuff.de\/en\/product\/fumot-12000-strawberry-donut\/","og_locale":"en_GB","og_type":"article","og_title":"Strawberry\u00a0Donut Fumot Vape 12000","og_description":"Entdecke Strawberry\u00a0Donut Fumot Vape 12000 Einweg Vape im Tornado Puff und genie\u00dfe hochwertiges Vape-Erlebnis, eine Auswahl an Nikotin und eine Vielzahl von Geschmacksrichtungen, um deine Vape-Anpassungsreise zu beginnen.","og_url":"https:\/\/www.tornadopuff.de\/en\/product\/fumot-12000-strawberry-donut\/","og_site_name":"Tornado Puff","article_modified_time":"2025-06-22T14:01:13+00:00","og_image":[{"width":2000,"height":2000,"url":"https:\/\/www.tornadopuff.de\/wp-content\/uploads\/2025\/04\/Fumot-Digital-Box-12000-Strawberry-Donut.jpg","type":"image\/jpeg"}],"twitter_card":"summary_large_image","twitter_misc":{"Availability":"In stock"},"schema":{"@context":"https:\/\/schema.org","@graph":[{"@type":"WebPage","@id":"https:\/\/www.tornadopuff.de\/product\/fumot-12000-strawberry-donut\/","url":"https:\/\/www.tornadopuff.de\/product\/fumot-12000-strawberry-donut\/","name":"Strawberry\u00a0Donut Fumot Vape 12000 - Tornado Puff","isPartOf":{"@id":"https:\/\/www.tornadopuff.de\/#website"},"primaryImageOfPage":{"@id":"https:\/\/www.tornadopuff.de\/product\/fumot-12000-strawberry-donut\/#primaryimage"},"image":{"@id":"https:\/\/www.tornadopuff.de\/product\/fumot-12000-strawberry-donut\/#primaryimage"},"thumbnailUrl":"https:\/\/www.tornadopuff.de\/wp-content\/uploads\/2025\/04\/Fumot-Digital-Box-12000-Strawberry-Donut.jpg","datePublished":"2025-04-13T09:00:44+00:00","dateModified":"2025-06-22T14:01:13+00:00","description":"Entdecke Strawberry\u00a0Donut Fumot Vape 12000 Einweg Vape im Tornado Puff und genie\u00dfe hochwertiges Vape-Erlebnis, eine Auswahl an Nikotin und eine Vielzahl von Geschmacksrichtungen, um deine Vape-Anpassungsreise zu beginnen.","breadcrumb":{"@id":"https:\/\/www.tornadopuff.de\/product\/fumot-12000-strawberry-donut\/#breadcrumb"},"inLanguage":"en-GB","potentialAction":[{"@type":"ReadAction","target":["https:\/\/www.tornadopuff.de\/product\/fumot-12000-strawberry-donut\/"]}]},{"@type":"ImageObject","inLanguage":"en-GB","@id":"https:\/\/www.tornadopuff.de\/product\/fumot-12000-strawberry-donut\/#primaryimage","url":"https:\/\/www.tornadopuff.de\/wp-content\/uploads\/2025\/04\/Fumot-Digital-Box-12000-Strawberry-Donut.jpg","contentUrl":"https:\/\/www.tornadopuff.de\/wp-content\/uploads\/2025\/04\/Fumot-Digital-Box-12000-Strawberry-Donut.jpg","width":2000,"height":2000,"caption":"Fumot Digital Box 12000 Strawberry\u00a0donut"},{"@type":"BreadcrumbList","@id":"https:\/\/www.tornadopuff.de\/product\/fumot-12000-strawberry-donut\/#breadcrumb","itemListElement":[{"@type":"ListItem","position":1,"name":"\u9996\u9875","item":"https:\/\/www.tornadopuff.de\/"},{"@type":"ListItem","position":2,"name":"Shop","item":"https:\/\/www.tornadopuff.de\/shop\/"},{"@type":"ListItem","position":3,"name":"Strawberry\u00a0Donut Fumot Vape 12000"}]},{"@type":"WebSite","@id":"https:\/\/www.tornadopuff.de\/#website","url":"https:\/\/www.tornadopuff.de\/","name":"Tornado Puff","description":"Tornado Puff","potentialAction":[{"@type":"SearchAction","target":{"@type":"EntryPoint","urlTemplate":"https:\/\/www.tornadopuff.de\/?s={search_term_string}"},"query-input":{"@type":"PropertyValueSpecification","valueRequired":true,"valueName":"search_term_string"}}],"inLanguage":"en-GB"}]},"og_availability":"instock","product_availability":"instock","product_retailer_item_id":"Fumot 12000 Strawberry\u00a0Donut","product_condition":"new"},"_links":{"self":[{"href":"https:\/\/www.tornadopuff.de\/en\/wp-json\/wp\/v2\/product\/791","targetHints":{"allow":["GET"]}}],"collection":[{"href":"https:\/\/www.tornadopuff.de\/en\/wp-json\/wp\/v2\/product"}],"about":[{"href":"https:\/\/www.tornadopuff.de\/en\/wp-json\/wp\/v2\/types\/product"}],"replies":[{"embeddable":true,"href":"https:\/\/www.tornadopuff.de\/en\/wp-json\/wp\/v2\/comments?post=791"}],"wp:featuredmedia":[{"embeddable":true,"href":"https:\/\/www.tornadopuff.de\/en\/wp-json\/wp\/v2\/media\/796"}],"wp:attachment":[{"href":"https:\/\/www.tornadopuff.de\/en\/wp-json\/wp\/v2\/media?parent=791"}],"wp:term":[{"taxonomy":"product_brand","embeddable":true,"href":"https:\/\/www.tornadopuff.de\/en\/wp-json\/wp\/v2\/product_brand?post=791"},{"taxonomy":"product_cat","embeddable":true,"href":"https:\/\/www.tornadopuff.de\/en\/wp-json\/wp\/v2\/product_cat?post=791"},{"taxonomy":"product_tag","embeddable":true,"href":"https:\/\/www.tornadopuff.de\/en\/wp-json\/wp\/v2\/product_tag?post=791"}],"curies":[{"name":"wp","href":"https:\/\/api.w.org\/{rel}","templated":true}]}}