{"id":468,"date":"2025-04-12T12:43:29","date_gmt":"2025-04-12T10:43:29","guid":{"rendered":"https:\/\/www.tornadopuff.de\/?post_type=product&#038;p=468"},"modified":"2025-05-25T09:33:01","modified_gmt":"2025-05-25T07:33:01","slug":"randm-tornado-15000-strawberry-ice","status":"publish","type":"product","link":"https:\/\/www.tornadopuff.de\/en\/product\/randm-tornado-15000-strawberry-ice\/","title":{"rendered":"Strawberry Ice Tornado Vape 15000 disposable vape organic strawberries, natural flavour, ice cold"},"content":{"rendered":"<h2 class=\"ace-line\" dir=\"auto\" data-node=\"true\"><span data-leaf=\"true\"><span class=\"lb\">Strawberry Ice <a href=\"https:\/\/www.tornadopuff.de\/en\/product-category\/randm-tornado-15000\/\">Tornado Vape 15000<\/a> Disposable vape organic strawberries, natural flavour, ice cold<\/span><\/span><\/h2>\n<div class=\"ace-line\" dir=\"auto\" data-node=\"true\"><span data-leaf=\"true\"><span class=\"lb\">Strawberry Ice is one of the most popular vape flavours and is in constant demand on search engines such as Google. The unrivalled combination of the juicy sweetness of strawberries and the refreshing mint ice coolness transports everyone into a world of freshness and enjoyment with one puff. Whether you're a seasoned vape user or looking for your first delicious flavour adventure, Strawberry Ice offers a heavenly experience that won't disappoint.<\/span><\/span><span data-string=\"true\" data-enter=\"true\" data-leaf=\"true\">\u200b<\/span><\/div>\n<h3 class=\"ace-line heading-h2\" dir=\"auto\" data-node=\"true\"><span data-leaf=\"true\"><span class=\"lb\">\ud83c\udf53 The first move: the intense sweetness of strawberries<\/span><\/span><span data-string=\"true\" data-enter=\"true\" data-leaf=\"true\">\u200b<\/span><\/h3>\n<div class=\"ace-line\" dir=\"auto\" data-node=\"true\"><span data-leaf=\"true\"><span class=\"lb\">The first puff of Strawberry Ice is like biting into a ripe, juicy strawberry \ud83c\udf53. The delicate fruit unfolds its intense, natural sweetness on your palate. The fragrant flavours of the strawberry, combined with a subtle acidity, are reminiscent of sunny summer days and full strawberry beds. The subtle flavours of the fruit and the delicate skin blend together to create a complex and intense flavour. It's as if the juicy juice of the strawberry squirts straight into your mouth and fills your breath with a sweet fragrance.<\/span><\/span><span data-string=\"true\" data-enter=\"true\" data-leaf=\"true\">\u200b<\/span><\/div>\n<h3 class=\"ace-line heading-h2\" dir=\"auto\" data-node=\"true\"><span data-leaf=\"true\"><span class=\"lb\">\u2744\ufe0f The second move: the refreshing coolness of mint<\/span><\/span><span data-string=\"true\" data-enter=\"true\" data-leaf=\"true\">\u200b<\/span><\/h3>\n<div class=\"ace-line\" dir=\"auto\" data-node=\"true\"><span data-leaf=\"true\"><span class=\"lb\">Then comes the refreshing mint ice coolness \u2744\ufe0f. Unlike traditional mint flavours, which can be too aggressive, this coolness feels like a gentle, cool breeze blowing over a field of flowers. The mint not only cools the tongue, but also flows through the entire palate and throat without being too sharp. It perfectly balances the intense sweetness of the strawberries and adds a refreshing dimension to the flavour.<\/span><\/span><span data-string=\"true\" data-enter=\"true\" data-leaf=\"true\">\u200b<\/span><\/div>\n<h3 class=\"ace-line heading-h2\" dir=\"auto\" data-node=\"true\"><span data-leaf=\"true\"><span class=\"lb\">\ud83c\udf1f Strawberry Ice The perfect balance: a delicious adventure for the palate<\/span><\/span><span data-string=\"true\" data-enter=\"true\" data-leaf=\"true\">\u200b<\/span><\/h3>\n<div class=\"ace-line\" dir=\"auto\" data-node=\"true\"><span data-leaf=\"true\"><span class=\"lb\">The best thing about Strawberry Ice is the perfect harmony between the juicy strawberry and the icy-cool mint. Both flavours complement each other perfectly: the strawberry brings sweetness and fruitiness, while the mint provides coolness and freshness. The aftertaste is a pleasant, sweet and cool flavour that will enchant you even more with every puff.<\/span><\/span><span data-string=\"true\" data-enter=\"true\" data-leaf=\"true\">\u200b<\/span><\/div>\n<h4 class=\"ace-line heading-h2\" dir=\"auto\" data-node=\"true\"><span data-leaf=\"true\"><span class=\"lb\">\ud83d\udccd Ideal use cases for Strawberry Ice<\/span><\/span><span data-string=\"true\" data-enter=\"true\" data-leaf=\"true\">\u200b<\/span><\/h4>\n<div class=\"ace-line list-div\" dir=\"auto\" data-node=\"true\">\n<ul class=\"list-bullet1 r-list r-list-bullet\">\n<li><span data-leaf=\"true\"><span class=\"lb\">Sunny summer days<\/span><\/span><span data-leaf=\"true\"><span class=\"lb\">Cools you down immediately in the heat and puts you in a cheerful holiday mood.<\/span><\/span><span data-string=\"true\" data-enter=\"true\" data-leaf=\"true\">\u200b<\/span><\/li>\n<\/ul>\n<\/div>\n<div class=\"ace-line list-div\" dir=\"auto\" data-node=\"true\">\n<ul class=\"list-bullet1 r-list r-list-bullet\">\n<li><span data-leaf=\"true\"><span class=\"lb\">Work breaks<\/span><\/span><span data-leaf=\"true\"><span class=\"lb\">Awakens your senses and increases your concentration.<\/span><\/span><span data-string=\"true\" data-enter=\"true\" data-leaf=\"true\">\u200b<\/span><\/li>\n<\/ul>\n<\/div>\n<div class=\"ace-line list-div\" dir=\"auto\" data-node=\"true\">\n<ul class=\"list-bullet1 r-list r-list-bullet\">\n<li><span data-leaf=\"true\"><span class=\"lb\">Social events<\/span><\/span><span data-leaf=\"true\"><span class=\"lb\">A perfect topic of conversation and a delicious recommendation for friends.<\/span><\/span><span data-string=\"true\" data-enter=\"true\" data-leaf=\"true\">\u200b<\/span><\/li>\n<\/ul>\n<\/div>\n<h4 class=\"ace-line heading-h2\" dir=\"auto\" data-node=\"true\"><span data-leaf=\"true\"><span class=\"lb\">\ud83c\udf31 Why Strawberry Ice is your best choice<\/span><\/span><span data-string=\"true\" data-enter=\"true\" data-leaf=\"true\">\u200b<\/span><\/h4>\n<div class=\"ace-line list-div\" dir=\"auto\" data-node=\"true\">\n<ul class=\"list-bullet1 r-list r-list-bullet\">\n<li><span data-leaf=\"true\"><span class=\"lb\">High-quality ingredients<\/span><\/span><span data-leaf=\"true\"><span class=\"lb\">Only natural flavours that reproduce the real taste experience of strawberries and mint.<\/span><\/span><span data-string=\"true\" data-enter=\"true\" data-leaf=\"true\">\u200b<\/span><\/li>\n<\/ul>\n<\/div>\n<div class=\"ace-line list-div\" dir=\"auto\" data-node=\"true\">\n<ul class=\"list-bullet1 r-list r-list-bullet\">\n<li><span data-leaf=\"true\"><span class=\"lb\">Consistent flavour<\/span><\/span><span data-leaf=\"true\"><span class=\"lb\">: With every puff you enjoy the same intense and fruity flavour.<\/span><\/span><span data-string=\"true\" data-enter=\"true\" data-leaf=\"true\">\u200b<\/span><\/li>\n<\/ul>\n<\/div>\n<div class=\"ace-line list-div\" dir=\"auto\" data-node=\"true\">\n<ul class=\"list-bullet1 r-list r-list-bullet\">\n<li><span data-leaf=\"true\"><span class=\"lb\">Allergen-free and safe<\/span><\/span><span data-leaf=\"true\"><span class=\"lb\">A product that you can enjoy with a clear conscience.<\/span><\/span><span data-string=\"true\" data-enter=\"true\" data-leaf=\"true\">\u200b<\/span><\/li>\n<\/ul>\n<\/div>","protected":false},"excerpt":{"rendered":"<p>Strawberry Ice Tornado Vape 15000 disposable vape organic strawberries, natural flavour, ice cold Strawberry Ice is one of the most popular vape flavours and is in constant demand on search engines such as Google. The unrivalled combination of the juicy sweetness of strawberries and the refreshing coolness of mint ice takes everyone into a world of freshness and enjoyment with a single puff. Whether you are an experienced [...]","protected":false},"featured_media":473,"comment_status":"open","ping_status":"closed","template":"","meta":[],"product_brand":[],"product_cat":[76],"product_tag":[],"class_list":{"0":"post-468","1":"product","2":"type-product","3":"status-publish","4":"has-post-thumbnail","6":"product_cat-randm-tornado-15000","8":"first","9":"instock","10":"shipping-taxable","11":"purchasable","12":"product-type-variable"},"yoast_head":"<!-- This site is optimized with the Yoast SEO Premium plugin v24.4 (Yoast SEO v24.8.1) - https:\/\/yoast.com\/wordpress\/plugins\/seo\/ -->\n<title>Strawberry Ice Tornado Vape 15000 Einweg-vape Bio-Erdbeeren, nat\u00fcrlicher Geschmack, eiskalt - Tornado Puff<\/title>\n<meta name=\"description\" content=\"Entdecke Strawberry Ice Tornado Vape 15000 Einweg-vape Bio-Erdbeeren, nat\u00fcrlicher Geschmack, eiskalt Einweg Vape im Tornado Puff und genie\u00dfe hochwertiges Vape-Erlebnis, eine Auswahl an Nikotin und eine Vielzahl von Geschmacksrichtungen, um deine Vape-Anpassungsreise zu beginnen.\" \/>\n<meta name=\"robots\" content=\"index, follow, max-snippet:-1, max-image-preview:large, max-video-preview:-1\" \/>\n<link rel=\"canonical\" href=\"https:\/\/www.tornadopuff.de\/en\/product\/randm-tornado-15000-strawberry-ice\/\" \/>\n<meta property=\"og:locale\" content=\"en_GB\" \/>\n<meta property=\"og:type\" content=\"article\" \/>\n<meta property=\"og:title\" content=\"Strawberry Ice Tornado Vape 15000 Einweg-vape Bio-Erdbeeren, nat\u00fcrlicher Geschmack, eiskalt\" \/>\n<meta property=\"og:description\" content=\"Entdecke Strawberry Ice Tornado Vape 15000 Einweg-vape Bio-Erdbeeren, nat\u00fcrlicher Geschmack, eiskalt Einweg Vape im Tornado Puff und genie\u00dfe hochwertiges Vape-Erlebnis, eine Auswahl an Nikotin und eine Vielzahl von Geschmacksrichtungen, um deine Vape-Anpassungsreise zu beginnen.\" \/>\n<meta property=\"og:url\" content=\"https:\/\/www.tornadopuff.de\/en\/product\/randm-tornado-15000-strawberry-ice\/\" \/>\n<meta property=\"og:site_name\" content=\"Tornado Puff\" \/>\n<meta property=\"article:modified_time\" content=\"2025-05-25T07:33:01+00:00\" \/>\n<meta property=\"og:image\" content=\"https:\/\/www.tornadopuff.de\/wp-content\/uploads\/2025\/04\/RandM-Tornado-vape-15K-Strawberry-Ice-1.jpg\" \/>\n\t<meta property=\"og:image:width\" content=\"2000\" \/>\n\t<meta property=\"og:image:height\" content=\"2000\" \/>\n\t<meta property=\"og:image:type\" content=\"image\/jpeg\" \/>\n<meta name=\"twitter:card\" content=\"summary_large_image\" \/>\n<meta name=\"twitter:label1\" content=\"Availability\" \/>\n\t<meta name=\"twitter:data1\" content=\"In stock\" \/>\n<script type=\"application\/ld+json\" class=\"yoast-schema-graph\">{\"@context\":\"https:\/\/schema.org\",\"@graph\":[{\"@type\":\"WebPage\",\"@id\":\"https:\/\/www.tornadopuff.de\/product\/randm-tornado-15000-strawberry-ice\/\",\"url\":\"https:\/\/www.tornadopuff.de\/product\/randm-tornado-15000-strawberry-ice\/\",\"name\":\"Strawberry Ice Tornado Vape 15000 Einweg-vape Bio-Erdbeeren, nat\u00fcrlicher Geschmack, eiskalt - Tornado Puff\",\"isPartOf\":{\"@id\":\"https:\/\/www.tornadopuff.de\/#website\"},\"primaryImageOfPage\":{\"@id\":\"https:\/\/www.tornadopuff.de\/product\/randm-tornado-15000-strawberry-ice\/#primaryimage\"},\"image\":{\"@id\":\"https:\/\/www.tornadopuff.de\/product\/randm-tornado-15000-strawberry-ice\/#primaryimage\"},\"thumbnailUrl\":\"https:\/\/www.tornadopuff.de\/wp-content\/uploads\/2025\/04\/RandM-Tornado-vape-15K-Strawberry-Ice-1.jpg\",\"datePublished\":\"2025-04-12T10:43:29+00:00\",\"dateModified\":\"2025-05-25T07:33:01+00:00\",\"description\":\"Entdecke Strawberry Ice Tornado Vape 15000 Einweg-vape Bio-Erdbeeren, nat\u00fcrlicher Geschmack, eiskalt Einweg Vape im Tornado Puff und genie\u00dfe hochwertiges Vape-Erlebnis, eine Auswahl an Nikotin und eine Vielzahl von Geschmacksrichtungen, um deine Vape-Anpassungsreise zu beginnen.\",\"breadcrumb\":{\"@id\":\"https:\/\/www.tornadopuff.de\/product\/randm-tornado-15000-strawberry-ice\/#breadcrumb\"},\"inLanguage\":\"en-GB\",\"potentialAction\":[{\"@type\":\"ReadAction\",\"target\":[\"https:\/\/www.tornadopuff.de\/product\/randm-tornado-15000-strawberry-ice\/\"]}]},{\"@type\":\"ImageObject\",\"inLanguage\":\"en-GB\",\"@id\":\"https:\/\/www.tornadopuff.de\/product\/randm-tornado-15000-strawberry-ice\/#primaryimage\",\"url\":\"https:\/\/www.tornadopuff.de\/wp-content\/uploads\/2025\/04\/RandM-Tornado-vape-15K-Strawberry-Ice-1.jpg\",\"contentUrl\":\"https:\/\/www.tornadopuff.de\/wp-content\/uploads\/2025\/04\/RandM-Tornado-vape-15K-Strawberry-Ice-1.jpg\",\"width\":2000,\"height\":2000,\"caption\":\"Randm Tornado Vape 15k Strawberry Ice\"},{\"@type\":\"BreadcrumbList\",\"@id\":\"https:\/\/www.tornadopuff.de\/product\/randm-tornado-15000-strawberry-ice\/#breadcrumb\",\"itemListElement\":[{\"@type\":\"ListItem\",\"position\":1,\"name\":\"\u9996\u9875\",\"item\":\"https:\/\/www.tornadopuff.de\/\"},{\"@type\":\"ListItem\",\"position\":2,\"name\":\"Shop\",\"item\":\"https:\/\/www.tornadopuff.de\/shop\/\"},{\"@type\":\"ListItem\",\"position\":3,\"name\":\"Strawberry Ice Tornado Vape 15000 Einweg-vape Bio-Erdbeeren, nat\u00fcrlicher Geschmack, eiskalt\"}]},{\"@type\":\"WebSite\",\"@id\":\"https:\/\/www.tornadopuff.de\/#website\",\"url\":\"https:\/\/www.tornadopuff.de\/\",\"name\":\"Tornado Puff\",\"description\":\"Tornado Puff\",\"potentialAction\":[{\"@type\":\"SearchAction\",\"target\":{\"@type\":\"EntryPoint\",\"urlTemplate\":\"https:\/\/www.tornadopuff.de\/?s={search_term_string}\"},\"query-input\":{\"@type\":\"PropertyValueSpecification\",\"valueRequired\":true,\"valueName\":\"search_term_string\"}}],\"inLanguage\":\"en-GB\"}]}<\/script>\n<meta property=\"og:availability\" content=\"instock\" \/>\n<meta property=\"product:availability\" content=\"instock\" \/>\n<meta property=\"product:retailer_item_id\" content=\"RandM Tornado 15000 Strawberry Ice\" \/>\n<meta property=\"product:condition\" content=\"new\" \/>\n<!-- \/ Yoast SEO Premium plugin. -->","yoast_head_json":{"title":"Strawberry Ice Tornado Vape 15000 Einweg-vape Bio-Erdbeeren, nat\u00fcrlicher Geschmack, eiskalt - Tornado Puff","description":"Entdecke Strawberry Ice Tornado Vape 15000 Einweg-vape Bio-Erdbeeren, nat\u00fcrlicher Geschmack, eiskalt Einweg Vape im Tornado Puff und genie\u00dfe hochwertiges Vape-Erlebnis, eine Auswahl an Nikotin und eine Vielzahl von Geschmacksrichtungen, um deine Vape-Anpassungsreise zu beginnen.","robots":{"index":"index","follow":"follow","max-snippet":"max-snippet:-1","max-image-preview":"max-image-preview:large","max-video-preview":"max-video-preview:-1"},"canonical":"https:\/\/www.tornadopuff.de\/en\/product\/randm-tornado-15000-strawberry-ice\/","og_locale":"en_GB","og_type":"article","og_title":"Strawberry Ice Tornado Vape 15000 Einweg-vape Bio-Erdbeeren, nat\u00fcrlicher Geschmack, eiskalt","og_description":"Entdecke Strawberry Ice Tornado Vape 15000 Einweg-vape Bio-Erdbeeren, nat\u00fcrlicher Geschmack, eiskalt Einweg Vape im Tornado Puff und genie\u00dfe hochwertiges Vape-Erlebnis, eine Auswahl an Nikotin und eine Vielzahl von Geschmacksrichtungen, um deine Vape-Anpassungsreise zu beginnen.","og_url":"https:\/\/www.tornadopuff.de\/en\/product\/randm-tornado-15000-strawberry-ice\/","og_site_name":"Tornado Puff","article_modified_time":"2025-05-25T07:33:01+00:00","og_image":[{"width":2000,"height":2000,"url":"https:\/\/www.tornadopuff.de\/wp-content\/uploads\/2025\/04\/RandM-Tornado-vape-15K-Strawberry-Ice-1.jpg","type":"image\/jpeg"}],"twitter_card":"summary_large_image","twitter_misc":{"Availability":"In stock"},"schema":{"@context":"https:\/\/schema.org","@graph":[{"@type":"WebPage","@id":"https:\/\/www.tornadopuff.de\/product\/randm-tornado-15000-strawberry-ice\/","url":"https:\/\/www.tornadopuff.de\/product\/randm-tornado-15000-strawberry-ice\/","name":"Strawberry Ice Tornado Vape 15000 Einweg-vape Bio-Erdbeeren, nat\u00fcrlicher Geschmack, eiskalt - Tornado Puff","isPartOf":{"@id":"https:\/\/www.tornadopuff.de\/#website"},"primaryImageOfPage":{"@id":"https:\/\/www.tornadopuff.de\/product\/randm-tornado-15000-strawberry-ice\/#primaryimage"},"image":{"@id":"https:\/\/www.tornadopuff.de\/product\/randm-tornado-15000-strawberry-ice\/#primaryimage"},"thumbnailUrl":"https:\/\/www.tornadopuff.de\/wp-content\/uploads\/2025\/04\/RandM-Tornado-vape-15K-Strawberry-Ice-1.jpg","datePublished":"2025-04-12T10:43:29+00:00","dateModified":"2025-05-25T07:33:01+00:00","description":"Entdecke Strawberry Ice Tornado Vape 15000 Einweg-vape Bio-Erdbeeren, nat\u00fcrlicher Geschmack, eiskalt Einweg Vape im Tornado Puff und genie\u00dfe hochwertiges Vape-Erlebnis, eine Auswahl an Nikotin und eine Vielzahl von Geschmacksrichtungen, um deine Vape-Anpassungsreise zu beginnen.","breadcrumb":{"@id":"https:\/\/www.tornadopuff.de\/product\/randm-tornado-15000-strawberry-ice\/#breadcrumb"},"inLanguage":"en-GB","potentialAction":[{"@type":"ReadAction","target":["https:\/\/www.tornadopuff.de\/product\/randm-tornado-15000-strawberry-ice\/"]}]},{"@type":"ImageObject","inLanguage":"en-GB","@id":"https:\/\/www.tornadopuff.de\/product\/randm-tornado-15000-strawberry-ice\/#primaryimage","url":"https:\/\/www.tornadopuff.de\/wp-content\/uploads\/2025\/04\/RandM-Tornado-vape-15K-Strawberry-Ice-1.jpg","contentUrl":"https:\/\/www.tornadopuff.de\/wp-content\/uploads\/2025\/04\/RandM-Tornado-vape-15K-Strawberry-Ice-1.jpg","width":2000,"height":2000,"caption":"Randm Tornado Vape 15k Strawberry Ice"},{"@type":"BreadcrumbList","@id":"https:\/\/www.tornadopuff.de\/product\/randm-tornado-15000-strawberry-ice\/#breadcrumb","itemListElement":[{"@type":"ListItem","position":1,"name":"\u9996\u9875","item":"https:\/\/www.tornadopuff.de\/"},{"@type":"ListItem","position":2,"name":"Shop","item":"https:\/\/www.tornadopuff.de\/shop\/"},{"@type":"ListItem","position":3,"name":"Strawberry Ice Tornado Vape 15000 Einweg-vape Bio-Erdbeeren, nat\u00fcrlicher Geschmack, eiskalt"}]},{"@type":"WebSite","@id":"https:\/\/www.tornadopuff.de\/#website","url":"https:\/\/www.tornadopuff.de\/","name":"Tornado Puff","description":"Tornado Puff","potentialAction":[{"@type":"SearchAction","target":{"@type":"EntryPoint","urlTemplate":"https:\/\/www.tornadopuff.de\/?s={search_term_string}"},"query-input":{"@type":"PropertyValueSpecification","valueRequired":true,"valueName":"search_term_string"}}],"inLanguage":"en-GB"}]},"og_availability":"instock","product_availability":"instock","product_retailer_item_id":"RandM Tornado 15000 Strawberry Ice","product_condition":"new"},"_links":{"self":[{"href":"https:\/\/www.tornadopuff.de\/en\/wp-json\/wp\/v2\/product\/468","targetHints":{"allow":["GET"]}}],"collection":[{"href":"https:\/\/www.tornadopuff.de\/en\/wp-json\/wp\/v2\/product"}],"about":[{"href":"https:\/\/www.tornadopuff.de\/en\/wp-json\/wp\/v2\/types\/product"}],"replies":[{"embeddable":true,"href":"https:\/\/www.tornadopuff.de\/en\/wp-json\/wp\/v2\/comments?post=468"}],"wp:featuredmedia":[{"embeddable":true,"href":"https:\/\/www.tornadopuff.de\/en\/wp-json\/wp\/v2\/media\/473"}],"wp:attachment":[{"href":"https:\/\/www.tornadopuff.de\/en\/wp-json\/wp\/v2\/media?parent=468"}],"wp:term":[{"taxonomy":"product_brand","embeddable":true,"href":"https:\/\/www.tornadopuff.de\/en\/wp-json\/wp\/v2\/product_brand?post=468"},{"taxonomy":"product_cat","embeddable":true,"href":"https:\/\/www.tornadopuff.de\/en\/wp-json\/wp\/v2\/product_cat?post=468"},{"taxonomy":"product_tag","embeddable":true,"href":"https:\/\/www.tornadopuff.de\/en\/wp-json\/wp\/v2\/product_tag?post=468"}],"curies":[{"name":"wp","href":"https:\/\/api.w.org\/{rel}","templated":true}]}}